{"id":25600,"date":"2022-11-14T15:43:13","date_gmt":"2022-11-14T15:43:13","guid":{"rendered":"https:\/\/lovelycosmetics.eu\/producto\/lovely-lipliner-perfect-line\/"},"modified":"2025-04-15T09:50:12","modified_gmt":"2025-04-15T09:50:12","slug":"lovely-lipliner-perfect-line","status":"publish","type":"product","link":"https:\/\/lovelycosmetics.eu\/en\/producto\/lovely-lipliner-perfect-line\/","title":{"rendered":"Perfilador Perfect Line0"},"content":{"rendered":"","protected":false},"excerpt":{"rendered":"<p>Descubre el secreto de unos labios bien cuidados e hidratados con nuestro s\u00e9rum nutritivo. Su f\u00f3rmula, enriquecida con aceite de almendra, aceite de jojoba y vitamina E, cuida eficazmente la delicada piel de los labios, proporcionando suavidad, elasticidad y protecci\u00f3n contra la sequedad.<br \/>\n Este s\u00e9rum multifuncional puede utilizarse tanto como producto \u00fanico como base para tu cosm\u00e9tico labial favorito, aumentando su comodidad y duraci\u00f3n.<br \/>\n Cuida tus labios cada d\u00eda con nuestro s\u00e9rum, que ofrece la combinaci\u00f3n perfecta de cuidado y belleza. \u00a1Tus labios merecen lo mejor!<\/p>\n","protected":false},"featured_media":29156,"comment_status":"closed","ping_status":"closed","template":"","meta":[],"product_brand":[],"product_cat":[875,1475],"product_tag":[1860,1861,1486],"class_list":{"0":"post-25600","1":"product","2":"type-product","3":"status-publish","4":"has-post-thumbnail","6":"product_cat-lip-gloss","7":"product_cat-new-2-en","8":"product_tag-brillo-de-labios-en","9":"product_tag-labios-en","10":"product_tag-new-en","12":"first","13":"instock","14":"shipping-taxable","15":"purchasable","16":"product-type-variable"},"yoast_head":"<!-- This site is optimized with the Yoast SEO plugin v24.9 - https:\/\/yoast.com\/wordpress\/plugins\/seo\/ -->\n<title>Perfilador Perfect Line0 - Lovely<\/title>\n<meta name=\"robots\" content=\"index, follow, max-snippet:-1, max-image-preview:large, max-video-preview:-1\" \/>\n<link rel=\"canonical\" href=\"https:\/\/lovelycosmetics.eu\/en\/producto\/lovely-lipliner-perfect-line\/\" \/>\n<meta property=\"og:locale\" content=\"en_US\" \/>\n<meta property=\"og:type\" content=\"article\" \/>\n<meta property=\"og:title\" content=\"Perfilador Perfect Line0 - Lovely\" \/>\n<meta property=\"og:description\" content=\"Descubre el secreto de unos labios bien cuidados e hidratados con nuestro s\u00e9rum nutritivo. Su f\u00f3rmula, enriquecida con aceite de almendra, aceite de jojoba y vitamina E, cuida eficazmente la delicada piel de los labios, proporcionando suavidad, elasticidad y protecci\u00f3n contra la sequedad. Este s\u00e9rum multifuncional puede utilizarse tanto como producto \u00fanico como base para tu cosm\u00e9tico labial favorito, aumentando su comodidad y duraci\u00f3n. Cuida tus labios cada d\u00eda con nuestro s\u00e9rum, que ofrece la combinaci\u00f3n perfecta de cuidado y belleza. \u00a1Tus labios merecen lo mejor!\" \/>\n<meta property=\"og:url\" content=\"https:\/\/lovelycosmetics.eu\/en\/producto\/lovely-lipliner-perfect-line\/\" \/>\n<meta property=\"og:site_name\" content=\"Lovely\" \/>\n<meta property=\"article:modified_time\" content=\"2025-04-15T09:50:12+00:00\" \/>\n<meta property=\"og:image\" content=\"https:\/\/lovelycosmetics.eu\/wp-content\/uploads\/2025\/04\/5905309914162_1.jpg\" \/>\n\t<meta property=\"og:image:width\" content=\"800\" \/>\n\t<meta property=\"og:image:height\" content=\"800\" \/>\n\t<meta property=\"og:image:type\" content=\"image\/jpeg\" \/>\n<meta name=\"twitter:card\" content=\"summary_large_image\" \/>\n<script type=\"application\/ld+json\" class=\"yoast-schema-graph\">{\"@context\":\"https:\/\/schema.org\",\"@graph\":[{\"@type\":\"WebPage\",\"@id\":\"https:\/\/lovelycosmetics.eu\/en\/producto\/lovely-lipliner-perfect-line\/\",\"url\":\"https:\/\/lovelycosmetics.eu\/en\/producto\/lovely-lipliner-perfect-line\/\",\"name\":\"Perfilador Perfect Line0 - Lovely\",\"isPartOf\":{\"@id\":\"https:\/\/lovelycosmetics.eu\/en\/#website\"},\"primaryImageOfPage\":{\"@id\":\"https:\/\/lovelycosmetics.eu\/en\/producto\/lovely-lipliner-perfect-line\/#primaryimage\"},\"image\":{\"@id\":\"https:\/\/lovelycosmetics.eu\/en\/producto\/lovely-lipliner-perfect-line\/#primaryimage\"},\"thumbnailUrl\":\"https:\/\/lovelycosmetics.eu\/wp-content\/uploads\/2025\/04\/5905309914162_1.jpg\",\"datePublished\":\"2022-11-14T15:43:13+00:00\",\"dateModified\":\"2025-04-15T09:50:12+00:00\",\"breadcrumb\":{\"@id\":\"https:\/\/lovelycosmetics.eu\/en\/producto\/lovely-lipliner-perfect-line\/#breadcrumb\"},\"inLanguage\":\"en-US\",\"potentialAction\":[{\"@type\":\"ReadAction\",\"target\":[\"https:\/\/lovelycosmetics.eu\/en\/producto\/lovely-lipliner-perfect-line\/\"]}]},{\"@type\":\"ImageObject\",\"inLanguage\":\"en-US\",\"@id\":\"https:\/\/lovelycosmetics.eu\/en\/producto\/lovely-lipliner-perfect-line\/#primaryimage\",\"url\":\"https:\/\/lovelycosmetics.eu\/wp-content\/uploads\/2025\/04\/5905309914162_1.jpg\",\"contentUrl\":\"https:\/\/lovelycosmetics.eu\/wp-content\/uploads\/2025\/04\/5905309914162_1.jpg\",\"width\":800,\"height\":800},{\"@type\":\"BreadcrumbList\",\"@id\":\"https:\/\/lovelycosmetics.eu\/en\/producto\/lovely-lipliner-perfect-line\/#breadcrumb\",\"itemListElement\":[{\"@type\":\"ListItem\",\"position\":1,\"name\":\"Portada\",\"item\":\"https:\/\/lovelycosmetics.eu\/en\/\"},{\"@type\":\"ListItem\",\"position\":2,\"name\":\"P\u00e1gina de inicio\",\"item\":\"https:\/\/lovelycosmetics.eu\/?page_id=16876\"},{\"@type\":\"ListItem\",\"position\":3,\"name\":\"Perfilador Perfect Line0\"}]},{\"@type\":\"WebSite\",\"@id\":\"https:\/\/lovelycosmetics.eu\/en\/#website\",\"url\":\"https:\/\/lovelycosmetics.eu\/en\/\",\"name\":\"Lovely\",\"description\":\"Lovely\",\"potentialAction\":[{\"@type\":\"SearchAction\",\"target\":{\"@type\":\"EntryPoint\",\"urlTemplate\":\"https:\/\/lovelycosmetics.eu\/en\/?s={search_term_string}\"},\"query-input\":{\"@type\":\"PropertyValueSpecification\",\"valueRequired\":true,\"valueName\":\"search_term_string\"}}],\"inLanguage\":\"en-US\"}]}<\/script>\n<!-- \/ Yoast SEO plugin. -->","yoast_head_json":{"title":"Perfilador Perfect Line0 - Lovely","robots":{"index":"index","follow":"follow","max-snippet":"max-snippet:-1","max-image-preview":"max-image-preview:large","max-video-preview":"max-video-preview:-1"},"canonical":"https:\/\/lovelycosmetics.eu\/en\/producto\/lovely-lipliner-perfect-line\/","og_locale":"en_US","og_type":"article","og_title":"Perfilador Perfect Line0 - Lovely","og_description":"Descubre el secreto de unos labios bien cuidados e hidratados con nuestro s\u00e9rum nutritivo. Su f\u00f3rmula, enriquecida con aceite de almendra, aceite de jojoba y vitamina E, cuida eficazmente la delicada piel de los labios, proporcionando suavidad, elasticidad y protecci\u00f3n contra la sequedad. Este s\u00e9rum multifuncional puede utilizarse tanto como producto \u00fanico como base para tu cosm\u00e9tico labial favorito, aumentando su comodidad y duraci\u00f3n. Cuida tus labios cada d\u00eda con nuestro s\u00e9rum, que ofrece la combinaci\u00f3n perfecta de cuidado y belleza. \u00a1Tus labios merecen lo mejor!","og_url":"https:\/\/lovelycosmetics.eu\/en\/producto\/lovely-lipliner-perfect-line\/","og_site_name":"Lovely","article_modified_time":"2025-04-15T09:50:12+00:00","og_image":[{"width":800,"height":800,"url":"https:\/\/lovelycosmetics.eu\/wp-content\/uploads\/2025\/04\/5905309914162_1.jpg","type":"image\/jpeg"}],"twitter_card":"summary_large_image","schema":{"@context":"https:\/\/schema.org","@graph":[{"@type":"WebPage","@id":"https:\/\/lovelycosmetics.eu\/en\/producto\/lovely-lipliner-perfect-line\/","url":"https:\/\/lovelycosmetics.eu\/en\/producto\/lovely-lipliner-perfect-line\/","name":"Perfilador Perfect Line0 - Lovely","isPartOf":{"@id":"https:\/\/lovelycosmetics.eu\/en\/#website"},"primaryImageOfPage":{"@id":"https:\/\/lovelycosmetics.eu\/en\/producto\/lovely-lipliner-perfect-line\/#primaryimage"},"image":{"@id":"https:\/\/lovelycosmetics.eu\/en\/producto\/lovely-lipliner-perfect-line\/#primaryimage"},"thumbnailUrl":"https:\/\/lovelycosmetics.eu\/wp-content\/uploads\/2025\/04\/5905309914162_1.jpg","datePublished":"2022-11-14T15:43:13+00:00","dateModified":"2025-04-15T09:50:12+00:00","breadcrumb":{"@id":"https:\/\/lovelycosmetics.eu\/en\/producto\/lovely-lipliner-perfect-line\/#breadcrumb"},"inLanguage":"en-US","potentialAction":[{"@type":"ReadAction","target":["https:\/\/lovelycosmetics.eu\/en\/producto\/lovely-lipliner-perfect-line\/"]}]},{"@type":"ImageObject","inLanguage":"en-US","@id":"https:\/\/lovelycosmetics.eu\/en\/producto\/lovely-lipliner-perfect-line\/#primaryimage","url":"https:\/\/lovelycosmetics.eu\/wp-content\/uploads\/2025\/04\/5905309914162_1.jpg","contentUrl":"https:\/\/lovelycosmetics.eu\/wp-content\/uploads\/2025\/04\/5905309914162_1.jpg","width":800,"height":800},{"@type":"BreadcrumbList","@id":"https:\/\/lovelycosmetics.eu\/en\/producto\/lovely-lipliner-perfect-line\/#breadcrumb","itemListElement":[{"@type":"ListItem","position":1,"name":"Portada","item":"https:\/\/lovelycosmetics.eu\/en\/"},{"@type":"ListItem","position":2,"name":"P\u00e1gina de inicio","item":"https:\/\/lovelycosmetics.eu\/?page_id=16876"},{"@type":"ListItem","position":3,"name":"Perfilador Perfect Line0"}]},{"@type":"WebSite","@id":"https:\/\/lovelycosmetics.eu\/en\/#website","url":"https:\/\/lovelycosmetics.eu\/en\/","name":"Lovely","description":"Lovely","potentialAction":[{"@type":"SearchAction","target":{"@type":"EntryPoint","urlTemplate":"https:\/\/lovelycosmetics.eu\/en\/?s={search_term_string}"},"query-input":{"@type":"PropertyValueSpecification","valueRequired":true,"valueName":"search_term_string"}}],"inLanguage":"en-US"}]}},"_links":{"self":[{"href":"https:\/\/lovelycosmetics.eu\/en\/wp-json\/wp\/v2\/product\/25600","targetHints":{"allow":["GET"]}}],"collection":[{"href":"https:\/\/lovelycosmetics.eu\/en\/wp-json\/wp\/v2\/product"}],"about":[{"href":"https:\/\/lovelycosmetics.eu\/en\/wp-json\/wp\/v2\/types\/product"}],"replies":[{"embeddable":true,"href":"https:\/\/lovelycosmetics.eu\/en\/wp-json\/wp\/v2\/comments?post=25600"}],"wp:featuredmedia":[{"embeddable":true,"href":"https:\/\/lovelycosmetics.eu\/en\/wp-json\/wp\/v2\/media\/29156"}],"wp:attachment":[{"href":"https:\/\/lovelycosmetics.eu\/en\/wp-json\/wp\/v2\/media?parent=25600"}],"wp:term":[{"taxonomy":"product_brand","embeddable":true,"href":"https:\/\/lovelycosmetics.eu\/en\/wp-json\/wp\/v2\/product_brand?post=25600"},{"taxonomy":"product_cat","embeddable":true,"href":"https:\/\/lovelycosmetics.eu\/en\/wp-json\/wp\/v2\/product_cat?post=25600"},{"taxonomy":"product_tag","embeddable":true,"href":"https:\/\/lovelycosmetics.eu\/en\/wp-json\/wp\/v2\/product_tag?post=25600"}],"curies":[{"name":"wp","href":"https:\/\/api.w.org\/{rel}","templated":true}]}}