{"id":25609,"date":"2022-11-14T15:43:12","date_gmt":"2022-11-14T15:43:12","guid":{"rendered":"https:\/\/lovelycosmetics.eu\/producto\/nail-polish-gloss-like-gel\/"},"modified":"2024-06-27T09:33:05","modified_gmt":"2024-06-27T09:33:05","slug":"nail-polish-gloss-like-gel-2","status":"publish","type":"product","link":"https:\/\/lovelycosmetics.eu\/en\/producto\/nail-polish-gloss-like-gel-2\/","title":{"rendered":"Laca de u\u00f1as Gloss Like Gel"},"content":{"rendered":"<h4>Modo de<br \/>\nuso<\/h4>\n<p>Aplique una capa de laca de manera uniforme sobre la superficie<br \/>\nde la u\u00f1a debidamente preparada, y d\u00e9jela secar completamente. La operaci\u00f3n<br \/>\npuede repetirse para obtener un resultado satisfactorio.<\/p>\n<h4>Ingredientes<\/h4>\n<p>Ingredients: Butyl Acetate, Ethyl Acetate, Nitrocellulose, Acetyl<br \/>\nTributyl Citrate, Adipic Acid\/Neopentyl Glycol\/Trimellitic Anhydride<br \/>\nCopolymer, Isopropyl Alcohol, Acrylates Copolymer, Stearalkonium Bentonite,<br \/>\nN-Butyl Alcohol, Phthalic Anhydride\/Trimellitic Anhydride\/Glycols Copolymer,<br \/>\nStyrene\/Acrylates Copolymer, Benzophenone-1, Silica, Dipropylene Glycol<br \/>\nDibenzoate, Trimethylpentanediyl Dibenzoate, Polyvinyl Butyral, Diacetone<br \/>\nAlcohol, Phosphoric Acid, CI 77891, CI 19140, CI 15850, CI 77499.<\/p>\n","protected":false},"excerpt":{"rendered":"<p>Esmaltes deslumbradores con<br \/>\nf\u00f3rmula que imita esmaltes de gel. La f\u00f3rmula refleja la profundidad del<br \/>\ncolor, confiriendo a la manicura una intensidad extraordinaria. La colecci\u00f3n<br \/>\ncontiene los hits color\u00edsticos m\u00e1s grandes de la temporada \u2013 los tonos jugosos<br \/>\nde verano y primavera cerrados en una botellita elegante.<\/p>\n","protected":false},"featured_media":26175,"comment_status":"closed","ping_status":"closed","template":"","meta":[],"product_brand":[],"product_cat":[880,1116],"product_tag":[],"class_list":{"0":"post-25609","1":"product","2":"type-product","3":"status-publish","4":"has-post-thumbnail","6":"product_cat-nail-lacquers","7":"product_cat-nuevo-2023-en","9":"first","10":"instock","11":"shipping-taxable","12":"purchasable","13":"product-type-variable"},"yoast_head":"<!-- This site is optimized with the Yoast SEO plugin v24.9 - https:\/\/yoast.com\/wordpress\/plugins\/seo\/ -->\n<title>Laca de u\u00f1as Gloss Like Gel - Lovely<\/title>\n<meta name=\"robots\" content=\"index, follow, max-snippet:-1, max-image-preview:large, max-video-preview:-1\" \/>\n<link rel=\"canonical\" href=\"https:\/\/lovelycosmetics.eu\/en\/producto\/nail-polish-gloss-like-gel-2\/\" \/>\n<meta property=\"og:locale\" content=\"en_US\" \/>\n<meta property=\"og:type\" content=\"article\" \/>\n<meta property=\"og:title\" content=\"Laca de u\u00f1as Gloss Like Gel - Lovely\" \/>\n<meta property=\"og:description\" content=\"Esmaltes deslumbradores con f\u00f3rmula que imita esmaltes de gel. La f\u00f3rmula refleja la profundidad del color, confiriendo a la manicura una intensidad extraordinaria. La colecci\u00f3n contiene los hits color\u00edsticos m\u00e1s grandes de la temporada \u2013 los tonos jugosos de verano y primavera cerrados en una botellita elegante.\" \/>\n<meta property=\"og:url\" content=\"https:\/\/lovelycosmetics.eu\/en\/producto\/nail-polish-gloss-like-gel-2\/\" \/>\n<meta property=\"og:site_name\" content=\"Lovely\" \/>\n<meta property=\"article:modified_time\" content=\"2024-06-27T09:33:05+00:00\" \/>\n<meta property=\"og:image\" content=\"https:\/\/lovelycosmetics.eu\/wp-content\/uploads\/2023\/06\/PAT48N@0.jpg\" \/>\n\t<meta property=\"og:image:width\" content=\"800\" \/>\n\t<meta property=\"og:image:height\" content=\"800\" \/>\n\t<meta property=\"og:image:type\" content=\"image\/jpeg\" \/>\n<meta name=\"twitter:card\" content=\"summary_large_image\" \/>\n<meta name=\"twitter:label1\" content=\"Est. reading time\" \/>\n\t<meta name=\"twitter:data1\" content=\"1 minute\" \/>\n<script type=\"application\/ld+json\" class=\"yoast-schema-graph\">{\"@context\":\"https:\/\/schema.org\",\"@graph\":[{\"@type\":\"WebPage\",\"@id\":\"https:\/\/lovelycosmetics.eu\/en\/producto\/nail-polish-gloss-like-gel-2\/\",\"url\":\"https:\/\/lovelycosmetics.eu\/en\/producto\/nail-polish-gloss-like-gel-2\/\",\"name\":\"Laca de u\u00f1as Gloss Like Gel - Lovely\",\"isPartOf\":{\"@id\":\"https:\/\/lovelycosmetics.eu\/en\/#website\"},\"primaryImageOfPage\":{\"@id\":\"https:\/\/lovelycosmetics.eu\/en\/producto\/nail-polish-gloss-like-gel-2\/#primaryimage\"},\"image\":{\"@id\":\"https:\/\/lovelycosmetics.eu\/en\/producto\/nail-polish-gloss-like-gel-2\/#primaryimage\"},\"thumbnailUrl\":\"https:\/\/lovelycosmetics.eu\/wp-content\/uploads\/2023\/06\/PAT48N@0.jpg\",\"datePublished\":\"2022-11-14T15:43:12+00:00\",\"dateModified\":\"2024-06-27T09:33:05+00:00\",\"breadcrumb\":{\"@id\":\"https:\/\/lovelycosmetics.eu\/en\/producto\/nail-polish-gloss-like-gel-2\/#breadcrumb\"},\"inLanguage\":\"en-US\",\"potentialAction\":[{\"@type\":\"ReadAction\",\"target\":[\"https:\/\/lovelycosmetics.eu\/en\/producto\/nail-polish-gloss-like-gel-2\/\"]}]},{\"@type\":\"ImageObject\",\"inLanguage\":\"en-US\",\"@id\":\"https:\/\/lovelycosmetics.eu\/en\/producto\/nail-polish-gloss-like-gel-2\/#primaryimage\",\"url\":\"https:\/\/lovelycosmetics.eu\/wp-content\/uploads\/2023\/06\/PAT48N@0.jpg\",\"contentUrl\":\"https:\/\/lovelycosmetics.eu\/wp-content\/uploads\/2023\/06\/PAT48N@0.jpg\",\"width\":800,\"height\":800},{\"@type\":\"BreadcrumbList\",\"@id\":\"https:\/\/lovelycosmetics.eu\/en\/producto\/nail-polish-gloss-like-gel-2\/#breadcrumb\",\"itemListElement\":[{\"@type\":\"ListItem\",\"position\":1,\"name\":\"Portada\",\"item\":\"https:\/\/lovelycosmetics.eu\/en\/\"},{\"@type\":\"ListItem\",\"position\":2,\"name\":\"P\u00e1gina de inicio\",\"item\":\"https:\/\/lovelycosmetics.eu\/?page_id=16876\"},{\"@type\":\"ListItem\",\"position\":3,\"name\":\"Laca de u\u00f1as Gloss Like Gel\"}]},{\"@type\":\"WebSite\",\"@id\":\"https:\/\/lovelycosmetics.eu\/en\/#website\",\"url\":\"https:\/\/lovelycosmetics.eu\/en\/\",\"name\":\"Lovely\",\"description\":\"Lovely\",\"potentialAction\":[{\"@type\":\"SearchAction\",\"target\":{\"@type\":\"EntryPoint\",\"urlTemplate\":\"https:\/\/lovelycosmetics.eu\/en\/?s={search_term_string}\"},\"query-input\":{\"@type\":\"PropertyValueSpecification\",\"valueRequired\":true,\"valueName\":\"search_term_string\"}}],\"inLanguage\":\"en-US\"}]}<\/script>\n<!-- \/ Yoast SEO plugin. -->","yoast_head_json":{"title":"Laca de u\u00f1as Gloss Like Gel - Lovely","robots":{"index":"index","follow":"follow","max-snippet":"max-snippet:-1","max-image-preview":"max-image-preview:large","max-video-preview":"max-video-preview:-1"},"canonical":"https:\/\/lovelycosmetics.eu\/en\/producto\/nail-polish-gloss-like-gel-2\/","og_locale":"en_US","og_type":"article","og_title":"Laca de u\u00f1as Gloss Like Gel - Lovely","og_description":"Esmaltes deslumbradores con f\u00f3rmula que imita esmaltes de gel. La f\u00f3rmula refleja la profundidad del color, confiriendo a la manicura una intensidad extraordinaria. La colecci\u00f3n contiene los hits color\u00edsticos m\u00e1s grandes de la temporada \u2013 los tonos jugosos de verano y primavera cerrados en una botellita elegante.","og_url":"https:\/\/lovelycosmetics.eu\/en\/producto\/nail-polish-gloss-like-gel-2\/","og_site_name":"Lovely","article_modified_time":"2024-06-27T09:33:05+00:00","og_image":[{"width":800,"height":800,"url":"https:\/\/lovelycosmetics.eu\/wp-content\/uploads\/2023\/06\/PAT48N@0.jpg","type":"image\/jpeg"}],"twitter_card":"summary_large_image","twitter_misc":{"Est. reading time":"1 minute"},"schema":{"@context":"https:\/\/schema.org","@graph":[{"@type":"WebPage","@id":"https:\/\/lovelycosmetics.eu\/en\/producto\/nail-polish-gloss-like-gel-2\/","url":"https:\/\/lovelycosmetics.eu\/en\/producto\/nail-polish-gloss-like-gel-2\/","name":"Laca de u\u00f1as Gloss Like Gel - Lovely","isPartOf":{"@id":"https:\/\/lovelycosmetics.eu\/en\/#website"},"primaryImageOfPage":{"@id":"https:\/\/lovelycosmetics.eu\/en\/producto\/nail-polish-gloss-like-gel-2\/#primaryimage"},"image":{"@id":"https:\/\/lovelycosmetics.eu\/en\/producto\/nail-polish-gloss-like-gel-2\/#primaryimage"},"thumbnailUrl":"https:\/\/lovelycosmetics.eu\/wp-content\/uploads\/2023\/06\/PAT48N@0.jpg","datePublished":"2022-11-14T15:43:12+00:00","dateModified":"2024-06-27T09:33:05+00:00","breadcrumb":{"@id":"https:\/\/lovelycosmetics.eu\/en\/producto\/nail-polish-gloss-like-gel-2\/#breadcrumb"},"inLanguage":"en-US","potentialAction":[{"@type":"ReadAction","target":["https:\/\/lovelycosmetics.eu\/en\/producto\/nail-polish-gloss-like-gel-2\/"]}]},{"@type":"ImageObject","inLanguage":"en-US","@id":"https:\/\/lovelycosmetics.eu\/en\/producto\/nail-polish-gloss-like-gel-2\/#primaryimage","url":"https:\/\/lovelycosmetics.eu\/wp-content\/uploads\/2023\/06\/PAT48N@0.jpg","contentUrl":"https:\/\/lovelycosmetics.eu\/wp-content\/uploads\/2023\/06\/PAT48N@0.jpg","width":800,"height":800},{"@type":"BreadcrumbList","@id":"https:\/\/lovelycosmetics.eu\/en\/producto\/nail-polish-gloss-like-gel-2\/#breadcrumb","itemListElement":[{"@type":"ListItem","position":1,"name":"Portada","item":"https:\/\/lovelycosmetics.eu\/en\/"},{"@type":"ListItem","position":2,"name":"P\u00e1gina de inicio","item":"https:\/\/lovelycosmetics.eu\/?page_id=16876"},{"@type":"ListItem","position":3,"name":"Laca de u\u00f1as Gloss Like Gel"}]},{"@type":"WebSite","@id":"https:\/\/lovelycosmetics.eu\/en\/#website","url":"https:\/\/lovelycosmetics.eu\/en\/","name":"Lovely","description":"Lovely","potentialAction":[{"@type":"SearchAction","target":{"@type":"EntryPoint","urlTemplate":"https:\/\/lovelycosmetics.eu\/en\/?s={search_term_string}"},"query-input":{"@type":"PropertyValueSpecification","valueRequired":true,"valueName":"search_term_string"}}],"inLanguage":"en-US"}]}},"_links":{"self":[{"href":"https:\/\/lovelycosmetics.eu\/en\/wp-json\/wp\/v2\/product\/25609","targetHints":{"allow":["GET"]}}],"collection":[{"href":"https:\/\/lovelycosmetics.eu\/en\/wp-json\/wp\/v2\/product"}],"about":[{"href":"https:\/\/lovelycosmetics.eu\/en\/wp-json\/wp\/v2\/types\/product"}],"replies":[{"embeddable":true,"href":"https:\/\/lovelycosmetics.eu\/en\/wp-json\/wp\/v2\/comments?post=25609"}],"wp:featuredmedia":[{"embeddable":true,"href":"https:\/\/lovelycosmetics.eu\/en\/wp-json\/wp\/v2\/media\/26175"}],"wp:attachment":[{"href":"https:\/\/lovelycosmetics.eu\/en\/wp-json\/wp\/v2\/media?parent=25609"}],"wp:term":[{"taxonomy":"product_brand","embeddable":true,"href":"https:\/\/lovelycosmetics.eu\/en\/wp-json\/wp\/v2\/product_brand?post=25609"},{"taxonomy":"product_cat","embeddable":true,"href":"https:\/\/lovelycosmetics.eu\/en\/wp-json\/wp\/v2\/product_cat?post=25609"},{"taxonomy":"product_tag","embeddable":true,"href":"https:\/\/lovelycosmetics.eu\/en\/wp-json\/wp\/v2\/product_tag?post=25609"}],"curies":[{"name":"wp","href":"https:\/\/api.w.org\/{rel}","templated":true}]}}