{"id":25624,"date":"2022-11-14T15:43:12","date_gmt":"2022-11-14T15:43:12","guid":{"rendered":"https:\/\/lovelycosmetics.eu\/producto\/lovely-nail-polish-classic-nail-polish\/"},"modified":"2024-07-01T07:07:55","modified_gmt":"2024-07-01T07:07:55","slug":"lovely-nail-polish-classic-nail-polish","status":"publish","type":"product","link":"https:\/\/lovelycosmetics.eu\/en\/producto\/lovely-nail-polish-classic-nail-polish\/","title":{"rendered":"Classic Esmalte de u\u00f1as"},"content":{"rendered":"<h4>Modo de<br \/>\nuso<\/h4>\n<p>Aplique una capa de laca de manera uniforme sobre la superficie<br \/>\nde la u\u00f1a debidamente preparada, y d\u00e9jela secar completamente. La operaci\u00f3n<br \/>\npuede repetirse para obtener un resultado satisfactorio.<\/p>\n","protected":false},"excerpt":{"rendered":"<p>Nuevos tonos de la gama de esmaltes Classic que llegan con m\u00e1s durabilidad y brillo. Su pincel extiende el esmalte con perfecci\u00f3n y cubre con exactitud la superficie de la u\u00f1a con s\u00f3lo unos movimientos fluidos.<\/p>\n","protected":false},"featured_media":27221,"comment_status":"closed","ping_status":"closed","template":"","meta":[],"product_brand":[],"product_cat":[15],"product_tag":[],"class_list":{"0":"post-25624","1":"product","2":"type-product","3":"status-publish","4":"has-post-thumbnail","6":"product_cat-sin-categorizar","8":"first","9":"instock","10":"shipping-taxable","11":"purchasable","12":"product-type-variable"},"yoast_head":"<!-- This site is optimized with the Yoast SEO plugin v24.9 - https:\/\/yoast.com\/wordpress\/plugins\/seo\/ -->\n<title>Classic Esmalte de u\u00f1as - Lovely<\/title>\n<meta name=\"robots\" content=\"index, follow, max-snippet:-1, max-image-preview:large, max-video-preview:-1\" \/>\n<link rel=\"canonical\" href=\"https:\/\/lovelycosmetics.eu\/en\/producto\/lovely-nail-polish-classic-nail-polish\/\" \/>\n<meta property=\"og:locale\" content=\"en_US\" \/>\n<meta property=\"og:type\" content=\"article\" \/>\n<meta property=\"og:title\" content=\"Classic Esmalte de u\u00f1as - Lovely\" \/>\n<meta property=\"og:description\" content=\"Nuevos tonos de la gama de esmaltes Classic que llegan con m\u00e1s durabilidad y brillo. Su pincel extiende el esmalte con perfecci\u00f3n y cubre con exactitud la superficie de la u\u00f1a con s\u00f3lo unos movimientos fluidos.\" \/>\n<meta property=\"og:url\" content=\"https:\/\/lovelycosmetics.eu\/en\/producto\/lovely-nail-polish-classic-nail-polish\/\" \/>\n<meta property=\"og:site_name\" content=\"Lovely\" \/>\n<meta property=\"article:modified_time\" content=\"2024-07-01T07:07:55+00:00\" \/>\n<meta property=\"og:image\" content=\"https:\/\/lovelycosmetics.eu\/wp-content\/uploads\/2023\/11\/PAT47N471_5905309903524.jpg\" \/>\n\t<meta property=\"og:image:width\" content=\"800\" \/>\n\t<meta property=\"og:image:height\" content=\"800\" \/>\n\t<meta property=\"og:image:type\" content=\"image\/jpeg\" \/>\n<meta name=\"twitter:card\" content=\"summary_large_image\" \/>\n<script type=\"application\/ld+json\" class=\"yoast-schema-graph\">{\"@context\":\"https:\/\/schema.org\",\"@graph\":[{\"@type\":\"WebPage\",\"@id\":\"https:\/\/lovelycosmetics.eu\/en\/producto\/lovely-nail-polish-classic-nail-polish\/\",\"url\":\"https:\/\/lovelycosmetics.eu\/en\/producto\/lovely-nail-polish-classic-nail-polish\/\",\"name\":\"Classic Esmalte de u\u00f1as - Lovely\",\"isPartOf\":{\"@id\":\"https:\/\/lovelycosmetics.eu\/en\/#website\"},\"primaryImageOfPage\":{\"@id\":\"https:\/\/lovelycosmetics.eu\/en\/producto\/lovely-nail-polish-classic-nail-polish\/#primaryimage\"},\"image\":{\"@id\":\"https:\/\/lovelycosmetics.eu\/en\/producto\/lovely-nail-polish-classic-nail-polish\/#primaryimage\"},\"thumbnailUrl\":\"https:\/\/lovelycosmetics.eu\/wp-content\/uploads\/2023\/11\/PAT47N471_5905309903524.jpg\",\"datePublished\":\"2022-11-14T15:43:12+00:00\",\"dateModified\":\"2024-07-01T07:07:55+00:00\",\"breadcrumb\":{\"@id\":\"https:\/\/lovelycosmetics.eu\/en\/producto\/lovely-nail-polish-classic-nail-polish\/#breadcrumb\"},\"inLanguage\":\"en-US\",\"potentialAction\":[{\"@type\":\"ReadAction\",\"target\":[\"https:\/\/lovelycosmetics.eu\/en\/producto\/lovely-nail-polish-classic-nail-polish\/\"]}]},{\"@type\":\"ImageObject\",\"inLanguage\":\"en-US\",\"@id\":\"https:\/\/lovelycosmetics.eu\/en\/producto\/lovely-nail-polish-classic-nail-polish\/#primaryimage\",\"url\":\"https:\/\/lovelycosmetics.eu\/wp-content\/uploads\/2023\/11\/PAT47N471_5905309903524.jpg\",\"contentUrl\":\"https:\/\/lovelycosmetics.eu\/wp-content\/uploads\/2023\/11\/PAT47N471_5905309903524.jpg\",\"width\":800,\"height\":800},{\"@type\":\"BreadcrumbList\",\"@id\":\"https:\/\/lovelycosmetics.eu\/en\/producto\/lovely-nail-polish-classic-nail-polish\/#breadcrumb\",\"itemListElement\":[{\"@type\":\"ListItem\",\"position\":1,\"name\":\"Portada\",\"item\":\"https:\/\/lovelycosmetics.eu\/en\/\"},{\"@type\":\"ListItem\",\"position\":2,\"name\":\"P\u00e1gina de inicio\",\"item\":\"https:\/\/lovelycosmetics.eu\/?page_id=16876\"},{\"@type\":\"ListItem\",\"position\":3,\"name\":\"Classic Esmalte de u\u00f1as\"}]},{\"@type\":\"WebSite\",\"@id\":\"https:\/\/lovelycosmetics.eu\/en\/#website\",\"url\":\"https:\/\/lovelycosmetics.eu\/en\/\",\"name\":\"Lovely\",\"description\":\"Lovely\",\"potentialAction\":[{\"@type\":\"SearchAction\",\"target\":{\"@type\":\"EntryPoint\",\"urlTemplate\":\"https:\/\/lovelycosmetics.eu\/en\/?s={search_term_string}\"},\"query-input\":{\"@type\":\"PropertyValueSpecification\",\"valueRequired\":true,\"valueName\":\"search_term_string\"}}],\"inLanguage\":\"en-US\"}]}<\/script>\n<!-- \/ Yoast SEO plugin. -->","yoast_head_json":{"title":"Classic Esmalte de u\u00f1as - Lovely","robots":{"index":"index","follow":"follow","max-snippet":"max-snippet:-1","max-image-preview":"max-image-preview:large","max-video-preview":"max-video-preview:-1"},"canonical":"https:\/\/lovelycosmetics.eu\/en\/producto\/lovely-nail-polish-classic-nail-polish\/","og_locale":"en_US","og_type":"article","og_title":"Classic Esmalte de u\u00f1as - Lovely","og_description":"Nuevos tonos de la gama de esmaltes Classic que llegan con m\u00e1s durabilidad y brillo. Su pincel extiende el esmalte con perfecci\u00f3n y cubre con exactitud la superficie de la u\u00f1a con s\u00f3lo unos movimientos fluidos.","og_url":"https:\/\/lovelycosmetics.eu\/en\/producto\/lovely-nail-polish-classic-nail-polish\/","og_site_name":"Lovely","article_modified_time":"2024-07-01T07:07:55+00:00","og_image":[{"width":800,"height":800,"url":"https:\/\/lovelycosmetics.eu\/wp-content\/uploads\/2023\/11\/PAT47N471_5905309903524.jpg","type":"image\/jpeg"}],"twitter_card":"summary_large_image","schema":{"@context":"https:\/\/schema.org","@graph":[{"@type":"WebPage","@id":"https:\/\/lovelycosmetics.eu\/en\/producto\/lovely-nail-polish-classic-nail-polish\/","url":"https:\/\/lovelycosmetics.eu\/en\/producto\/lovely-nail-polish-classic-nail-polish\/","name":"Classic Esmalte de u\u00f1as - Lovely","isPartOf":{"@id":"https:\/\/lovelycosmetics.eu\/en\/#website"},"primaryImageOfPage":{"@id":"https:\/\/lovelycosmetics.eu\/en\/producto\/lovely-nail-polish-classic-nail-polish\/#primaryimage"},"image":{"@id":"https:\/\/lovelycosmetics.eu\/en\/producto\/lovely-nail-polish-classic-nail-polish\/#primaryimage"},"thumbnailUrl":"https:\/\/lovelycosmetics.eu\/wp-content\/uploads\/2023\/11\/PAT47N471_5905309903524.jpg","datePublished":"2022-11-14T15:43:12+00:00","dateModified":"2024-07-01T07:07:55+00:00","breadcrumb":{"@id":"https:\/\/lovelycosmetics.eu\/en\/producto\/lovely-nail-polish-classic-nail-polish\/#breadcrumb"},"inLanguage":"en-US","potentialAction":[{"@type":"ReadAction","target":["https:\/\/lovelycosmetics.eu\/en\/producto\/lovely-nail-polish-classic-nail-polish\/"]}]},{"@type":"ImageObject","inLanguage":"en-US","@id":"https:\/\/lovelycosmetics.eu\/en\/producto\/lovely-nail-polish-classic-nail-polish\/#primaryimage","url":"https:\/\/lovelycosmetics.eu\/wp-content\/uploads\/2023\/11\/PAT47N471_5905309903524.jpg","contentUrl":"https:\/\/lovelycosmetics.eu\/wp-content\/uploads\/2023\/11\/PAT47N471_5905309903524.jpg","width":800,"height":800},{"@type":"BreadcrumbList","@id":"https:\/\/lovelycosmetics.eu\/en\/producto\/lovely-nail-polish-classic-nail-polish\/#breadcrumb","itemListElement":[{"@type":"ListItem","position":1,"name":"Portada","item":"https:\/\/lovelycosmetics.eu\/en\/"},{"@type":"ListItem","position":2,"name":"P\u00e1gina de inicio","item":"https:\/\/lovelycosmetics.eu\/?page_id=16876"},{"@type":"ListItem","position":3,"name":"Classic Esmalte de u\u00f1as"}]},{"@type":"WebSite","@id":"https:\/\/lovelycosmetics.eu\/en\/#website","url":"https:\/\/lovelycosmetics.eu\/en\/","name":"Lovely","description":"Lovely","potentialAction":[{"@type":"SearchAction","target":{"@type":"EntryPoint","urlTemplate":"https:\/\/lovelycosmetics.eu\/en\/?s={search_term_string}"},"query-input":{"@type":"PropertyValueSpecification","valueRequired":true,"valueName":"search_term_string"}}],"inLanguage":"en-US"}]}},"_links":{"self":[{"href":"https:\/\/lovelycosmetics.eu\/en\/wp-json\/wp\/v2\/product\/25624","targetHints":{"allow":["GET"]}}],"collection":[{"href":"https:\/\/lovelycosmetics.eu\/en\/wp-json\/wp\/v2\/product"}],"about":[{"href":"https:\/\/lovelycosmetics.eu\/en\/wp-json\/wp\/v2\/types\/product"}],"replies":[{"embeddable":true,"href":"https:\/\/lovelycosmetics.eu\/en\/wp-json\/wp\/v2\/comments?post=25624"}],"wp:featuredmedia":[{"embeddable":true,"href":"https:\/\/lovelycosmetics.eu\/en\/wp-json\/wp\/v2\/media\/27221"}],"wp:attachment":[{"href":"https:\/\/lovelycosmetics.eu\/en\/wp-json\/wp\/v2\/media?parent=25624"}],"wp:term":[{"taxonomy":"product_brand","embeddable":true,"href":"https:\/\/lovelycosmetics.eu\/en\/wp-json\/wp\/v2\/product_brand?post=25624"},{"taxonomy":"product_cat","embeddable":true,"href":"https:\/\/lovelycosmetics.eu\/en\/wp-json\/wp\/v2\/product_cat?post=25624"},{"taxonomy":"product_tag","embeddable":true,"href":"https:\/\/lovelycosmetics.eu\/en\/wp-json\/wp\/v2\/product_tag?post=25624"}],"curies":[{"name":"wp","href":"https:\/\/api.w.org\/{rel}","templated":true}]}}