{"id":25766,"date":"2022-11-14T15:42:50","date_gmt":"2022-11-14T15:42:50","guid":{"rendered":"https:\/\/lovelycosmetics.eu\/producto\/lovely-liquid-camouflage\/"},"modified":"2025-04-15T09:50:10","modified_gmt":"2025-04-15T09:50:10","slug":"lovely-liquid-camouflage","status":"publish","type":"product","link":"https:\/\/lovelycosmetics.eu\/en\/producto\/lovely-liquid-camouflage\/","title":{"rendered":"Liquid Camouflage Corrector"},"content":{"rendered":"","protected":false},"excerpt":{"rendered":"<p>Un delineador de ojos y l\u00e1piz todo en uno, Oh La La es una manera de expresarte a trav\u00e9s del maquillaje. Este producto vers\u00e1til est\u00e1 inspirado en los delicados macarons pastel de las pasteler\u00edas parisinas, trayendo su encanto a tu mirada.<br \/>\n El aplicador preciso del delineador permite crear l\u00edneas perfectas que duran todo el d\u00eda.<br \/>\n La textura suave y cremosa del l\u00e1piz garantiza una aplicaci\u00f3n c\u00f3moda y f\u00e1cil de difuminar. Su f\u00f3rmula es lo suficientemente delicada para no irritar la piel sensible de los p\u00e1rpados, pero lo suficientemente duradera para permanecer intacta durante horas.<br \/>\n Este producto 2 en 1 est\u00e1 disponible en cuatro tonos pastel que complementan perfectamente tus looks de primavera y verano. Oh La La es el producto que te permite expresarte con un toque de color en tu maquillaje.<\/p>\n","protected":false},"featured_media":29111,"comment_status":"closed","ping_status":"closed","template":"","meta":[],"product_brand":[],"product_cat":[887,1853],"product_tag":[1854,1855,1856],"class_list":{"0":"post-25766","1":"product","2":"type-product","3":"status-publish","4":"has-post-thumbnail","6":"product_cat-eyeliners-and-eye-pencils","7":"product_cat-moda-bonjour-beute-en","8":"product_tag-eyeliners-y-lapices-de-ojos-en","9":"product_tag-moda-bonjour-beute-en","10":"product_tag-ojos-en","12":"first","13":"instock","14":"shipping-taxable","15":"purchasable","16":"product-type-variable"},"yoast_head":"<!-- This site is optimized with the Yoast SEO plugin v24.9 - https:\/\/yoast.com\/wordpress\/plugins\/seo\/ -->\n<title>Liquid Camouflage Corrector - Lovely<\/title>\n<meta name=\"robots\" content=\"index, follow, max-snippet:-1, max-image-preview:large, max-video-preview:-1\" \/>\n<link rel=\"canonical\" href=\"https:\/\/lovelycosmetics.eu\/en\/producto\/lovely-liquid-camouflage\/\" \/>\n<meta property=\"og:locale\" content=\"en_US\" \/>\n<meta property=\"og:type\" content=\"article\" \/>\n<meta property=\"og:title\" content=\"Liquid Camouflage Corrector - Lovely\" \/>\n<meta property=\"og:description\" content=\"Un delineador de ojos y l\u00e1piz todo en uno, Oh La La es una manera de expresarte a trav\u00e9s del maquillaje. Este producto vers\u00e1til est\u00e1 inspirado en los delicados macarons pastel de las pasteler\u00edas parisinas, trayendo su encanto a tu mirada. El aplicador preciso del delineador permite crear l\u00edneas perfectas que duran todo el d\u00eda. La textura suave y cremosa del l\u00e1piz garantiza una aplicaci\u00f3n c\u00f3moda y f\u00e1cil de difuminar. Su f\u00f3rmula es lo suficientemente delicada para no irritar la piel sensible de los p\u00e1rpados, pero lo suficientemente duradera para permanecer intacta durante horas. Este producto 2 en 1 est\u00e1 disponible en cuatro tonos pastel que complementan perfectamente tus looks de primavera y verano. Oh La La es el producto que te permite expresarte con un toque de color en tu maquillaje.\" \/>\n<meta property=\"og:url\" content=\"https:\/\/lovelycosmetics.eu\/en\/producto\/lovely-liquid-camouflage\/\" \/>\n<meta property=\"og:site_name\" content=\"Lovely\" \/>\n<meta property=\"article:modified_time\" content=\"2025-04-15T09:50:10+00:00\" \/>\n<meta property=\"og:image\" content=\"https:\/\/lovelycosmetics.eu\/wp-content\/uploads\/2025\/04\/5905309913257_1.jpg\" \/>\n\t<meta property=\"og:image:width\" content=\"800\" \/>\n\t<meta property=\"og:image:height\" content=\"800\" \/>\n\t<meta property=\"og:image:type\" content=\"image\/jpeg\" \/>\n<meta name=\"twitter:card\" content=\"summary_large_image\" \/>\n<script type=\"application\/ld+json\" class=\"yoast-schema-graph\">{\"@context\":\"https:\/\/schema.org\",\"@graph\":[{\"@type\":\"WebPage\",\"@id\":\"https:\/\/lovelycosmetics.eu\/en\/producto\/lovely-liquid-camouflage\/\",\"url\":\"https:\/\/lovelycosmetics.eu\/en\/producto\/lovely-liquid-camouflage\/\",\"name\":\"Liquid Camouflage Corrector - Lovely\",\"isPartOf\":{\"@id\":\"https:\/\/lovelycosmetics.eu\/en\/#website\"},\"primaryImageOfPage\":{\"@id\":\"https:\/\/lovelycosmetics.eu\/en\/producto\/lovely-liquid-camouflage\/#primaryimage\"},\"image\":{\"@id\":\"https:\/\/lovelycosmetics.eu\/en\/producto\/lovely-liquid-camouflage\/#primaryimage\"},\"thumbnailUrl\":\"https:\/\/lovelycosmetics.eu\/wp-content\/uploads\/2025\/04\/5905309913257_1.jpg\",\"datePublished\":\"2022-11-14T15:42:50+00:00\",\"dateModified\":\"2025-04-15T09:50:10+00:00\",\"breadcrumb\":{\"@id\":\"https:\/\/lovelycosmetics.eu\/en\/producto\/lovely-liquid-camouflage\/#breadcrumb\"},\"inLanguage\":\"en-US\",\"potentialAction\":[{\"@type\":\"ReadAction\",\"target\":[\"https:\/\/lovelycosmetics.eu\/en\/producto\/lovely-liquid-camouflage\/\"]}]},{\"@type\":\"ImageObject\",\"inLanguage\":\"en-US\",\"@id\":\"https:\/\/lovelycosmetics.eu\/en\/producto\/lovely-liquid-camouflage\/#primaryimage\",\"url\":\"https:\/\/lovelycosmetics.eu\/wp-content\/uploads\/2025\/04\/5905309913257_1.jpg\",\"contentUrl\":\"https:\/\/lovelycosmetics.eu\/wp-content\/uploads\/2025\/04\/5905309913257_1.jpg\",\"width\":800,\"height\":800},{\"@type\":\"BreadcrumbList\",\"@id\":\"https:\/\/lovelycosmetics.eu\/en\/producto\/lovely-liquid-camouflage\/#breadcrumb\",\"itemListElement\":[{\"@type\":\"ListItem\",\"position\":1,\"name\":\"Portada\",\"item\":\"https:\/\/lovelycosmetics.eu\/en\/\"},{\"@type\":\"ListItem\",\"position\":2,\"name\":\"P\u00e1gina de inicio\",\"item\":\"https:\/\/lovelycosmetics.eu\/?page_id=16876\"},{\"@type\":\"ListItem\",\"position\":3,\"name\":\"Liquid Camouflage Corrector\"}]},{\"@type\":\"WebSite\",\"@id\":\"https:\/\/lovelycosmetics.eu\/en\/#website\",\"url\":\"https:\/\/lovelycosmetics.eu\/en\/\",\"name\":\"Lovely\",\"description\":\"Lovely\",\"potentialAction\":[{\"@type\":\"SearchAction\",\"target\":{\"@type\":\"EntryPoint\",\"urlTemplate\":\"https:\/\/lovelycosmetics.eu\/en\/?s={search_term_string}\"},\"query-input\":{\"@type\":\"PropertyValueSpecification\",\"valueRequired\":true,\"valueName\":\"search_term_string\"}}],\"inLanguage\":\"en-US\"}]}<\/script>\n<!-- \/ Yoast SEO plugin. -->","yoast_head_json":{"title":"Liquid Camouflage Corrector - Lovely","robots":{"index":"index","follow":"follow","max-snippet":"max-snippet:-1","max-image-preview":"max-image-preview:large","max-video-preview":"max-video-preview:-1"},"canonical":"https:\/\/lovelycosmetics.eu\/en\/producto\/lovely-liquid-camouflage\/","og_locale":"en_US","og_type":"article","og_title":"Liquid Camouflage Corrector - Lovely","og_description":"Un delineador de ojos y l\u00e1piz todo en uno, Oh La La es una manera de expresarte a trav\u00e9s del maquillaje. Este producto vers\u00e1til est\u00e1 inspirado en los delicados macarons pastel de las pasteler\u00edas parisinas, trayendo su encanto a tu mirada. El aplicador preciso del delineador permite crear l\u00edneas perfectas que duran todo el d\u00eda. La textura suave y cremosa del l\u00e1piz garantiza una aplicaci\u00f3n c\u00f3moda y f\u00e1cil de difuminar. Su f\u00f3rmula es lo suficientemente delicada para no irritar la piel sensible de los p\u00e1rpados, pero lo suficientemente duradera para permanecer intacta durante horas. Este producto 2 en 1 est\u00e1 disponible en cuatro tonos pastel que complementan perfectamente tus looks de primavera y verano. Oh La La es el producto que te permite expresarte con un toque de color en tu maquillaje.","og_url":"https:\/\/lovelycosmetics.eu\/en\/producto\/lovely-liquid-camouflage\/","og_site_name":"Lovely","article_modified_time":"2025-04-15T09:50:10+00:00","og_image":[{"width":800,"height":800,"url":"https:\/\/lovelycosmetics.eu\/wp-content\/uploads\/2025\/04\/5905309913257_1.jpg","type":"image\/jpeg"}],"twitter_card":"summary_large_image","schema":{"@context":"https:\/\/schema.org","@graph":[{"@type":"WebPage","@id":"https:\/\/lovelycosmetics.eu\/en\/producto\/lovely-liquid-camouflage\/","url":"https:\/\/lovelycosmetics.eu\/en\/producto\/lovely-liquid-camouflage\/","name":"Liquid Camouflage Corrector - Lovely","isPartOf":{"@id":"https:\/\/lovelycosmetics.eu\/en\/#website"},"primaryImageOfPage":{"@id":"https:\/\/lovelycosmetics.eu\/en\/producto\/lovely-liquid-camouflage\/#primaryimage"},"image":{"@id":"https:\/\/lovelycosmetics.eu\/en\/producto\/lovely-liquid-camouflage\/#primaryimage"},"thumbnailUrl":"https:\/\/lovelycosmetics.eu\/wp-content\/uploads\/2025\/04\/5905309913257_1.jpg","datePublished":"2022-11-14T15:42:50+00:00","dateModified":"2025-04-15T09:50:10+00:00","breadcrumb":{"@id":"https:\/\/lovelycosmetics.eu\/en\/producto\/lovely-liquid-camouflage\/#breadcrumb"},"inLanguage":"en-US","potentialAction":[{"@type":"ReadAction","target":["https:\/\/lovelycosmetics.eu\/en\/producto\/lovely-liquid-camouflage\/"]}]},{"@type":"ImageObject","inLanguage":"en-US","@id":"https:\/\/lovelycosmetics.eu\/en\/producto\/lovely-liquid-camouflage\/#primaryimage","url":"https:\/\/lovelycosmetics.eu\/wp-content\/uploads\/2025\/04\/5905309913257_1.jpg","contentUrl":"https:\/\/lovelycosmetics.eu\/wp-content\/uploads\/2025\/04\/5905309913257_1.jpg","width":800,"height":800},{"@type":"BreadcrumbList","@id":"https:\/\/lovelycosmetics.eu\/en\/producto\/lovely-liquid-camouflage\/#breadcrumb","itemListElement":[{"@type":"ListItem","position":1,"name":"Portada","item":"https:\/\/lovelycosmetics.eu\/en\/"},{"@type":"ListItem","position":2,"name":"P\u00e1gina de inicio","item":"https:\/\/lovelycosmetics.eu\/?page_id=16876"},{"@type":"ListItem","position":3,"name":"Liquid Camouflage Corrector"}]},{"@type":"WebSite","@id":"https:\/\/lovelycosmetics.eu\/en\/#website","url":"https:\/\/lovelycosmetics.eu\/en\/","name":"Lovely","description":"Lovely","potentialAction":[{"@type":"SearchAction","target":{"@type":"EntryPoint","urlTemplate":"https:\/\/lovelycosmetics.eu\/en\/?s={search_term_string}"},"query-input":{"@type":"PropertyValueSpecification","valueRequired":true,"valueName":"search_term_string"}}],"inLanguage":"en-US"}]}},"_links":{"self":[{"href":"https:\/\/lovelycosmetics.eu\/en\/wp-json\/wp\/v2\/product\/25766","targetHints":{"allow":["GET"]}}],"collection":[{"href":"https:\/\/lovelycosmetics.eu\/en\/wp-json\/wp\/v2\/product"}],"about":[{"href":"https:\/\/lovelycosmetics.eu\/en\/wp-json\/wp\/v2\/types\/product"}],"replies":[{"embeddable":true,"href":"https:\/\/lovelycosmetics.eu\/en\/wp-json\/wp\/v2\/comments?post=25766"}],"wp:featuredmedia":[{"embeddable":true,"href":"https:\/\/lovelycosmetics.eu\/en\/wp-json\/wp\/v2\/media\/29111"}],"wp:attachment":[{"href":"https:\/\/lovelycosmetics.eu\/en\/wp-json\/wp\/v2\/media?parent=25766"}],"wp:term":[{"taxonomy":"product_brand","embeddable":true,"href":"https:\/\/lovelycosmetics.eu\/en\/wp-json\/wp\/v2\/product_brand?post=25766"},{"taxonomy":"product_cat","embeddable":true,"href":"https:\/\/lovelycosmetics.eu\/en\/wp-json\/wp\/v2\/product_cat?post=25766"},{"taxonomy":"product_tag","embeddable":true,"href":"https:\/\/lovelycosmetics.eu\/en\/wp-json\/wp\/v2\/product_tag?post=25766"}],"curies":[{"name":"wp","href":"https:\/\/api.w.org\/{rel}","templated":true}]}}