{"id":31313,"date":"2025-04-15T08:40:37","date_gmt":"2025-04-15T08:40:37","guid":{"rendered":"https:\/\/lovelycosmetics.eu\/producto\/le-petit-eye-topper-de-ojos\/"},"modified":"2025-04-16T11:59:35","modified_gmt":"2025-04-16T11:59:35","slug":"le-petit-eye-topper-de-ojos","status":"publish","type":"product","link":"https:\/\/lovelycosmetics.eu\/en\/producto\/le-petit-eye-topper-de-ojos\/","title":{"rendered":"Le Petit Eye Topper de ojos"},"content":{"rendered":"<h4>How to use<\/h4>\n<p>One side is perfect for applying loose and pressed products, providing a silky finish, while the smooth side is ideal for applying and blending creamy products.<\/p>\n<p><\/p>\n<h4>Ingredients<\/h4>\n<p>Dimethicone, Calcium Aluminum Borosilicate, Talc, Silica, Caprylic\/Capric Triglyceride, Hydrogenated Polyisobutene, Zea Mays Starch, Mica, Ethylhexyl Palmitate, Dimethicone Crosspolymer, Hydrogenated Styrene\/Isoprene Copolymer, Caprylyl Glycol, Hydroxyacetophenone, Tin Oxide, Phenoxyethanol, Triethoxycaprylylsilane, Chlorphenesin, Hexylene Glycol, CI 77891, CI 45410, CI 16035.<\/p>\n","protected":false},"excerpt":{"rendered":"<p>Un set de dos esponjas de maquillaje inspiradas en la forma de los macarons franceses. Su dise\u00f1o \u00fanico, ligeramente plano, est\u00e1 pensado para alcanzar con precisi\u00f3n las zonas m\u00e1s dif\u00edciles, como alrededor de los ojos o la nariz.<br \/>\nEstas esponjas vers\u00e1tiles son perfectas para aplicar base, corrector o productos cremosos de contorno. Solo necesitas humedecer la esponja y exprimir el exceso de agua para obtener una textura suave que garantiza una distribuci\u00f3n uniforme del producto sin absorber demasiado y evitando el efecto de m\u00e1scara.<br \/>\nUn beneficio adicional es su dulce aroma a caramelo, que hace que tu rutina de maquillaje diaria sea a\u00fan m\u00e1s placentera.<\/p>\n","protected":false},"featured_media":31268,"comment_status":"closed","ping_status":"closed","template":"","meta":[],"product_brand":[],"product_cat":[870,1853],"product_tag":[1895,1896,1855],"class_list":{"0":"post-31313","1":"product","2":"type-product","3":"status-publish","4":"has-post-thumbnail","6":"product_cat-brushes-and-sponges","7":"product_cat-moda-bonjour-beute-en","8":"product_tag-accesorios-en","9":"product_tag-brochas-y-esponjas-en","10":"product_tag-moda-bonjour-beute-en","12":"first","13":"instock","14":"shipping-taxable","15":"purchasable","16":"product-type-variable"},"yoast_head":"<!-- This site is optimized with the Yoast SEO plugin v24.9 - https:\/\/yoast.com\/wordpress\/plugins\/seo\/ -->\n<title>Le Petit Eye Topper de ojos - Lovely<\/title>\n<meta name=\"robots\" content=\"index, follow, max-snippet:-1, max-image-preview:large, max-video-preview:-1\" \/>\n<link rel=\"canonical\" href=\"https:\/\/lovelycosmetics.eu\/en\/producto\/le-petit-eye-topper-de-ojos\/\" \/>\n<meta property=\"og:locale\" content=\"en_US\" \/>\n<meta property=\"og:type\" content=\"article\" \/>\n<meta property=\"og:title\" content=\"Le Petit Eye Topper de ojos - Lovely\" \/>\n<meta property=\"og:description\" content=\"Un set de dos esponjas de maquillaje inspiradas en la forma de los macarons franceses. Su dise\u00f1o \u00fanico, ligeramente plano, est\u00e1 pensado para alcanzar con precisi\u00f3n las zonas m\u00e1s dif\u00edciles, como alrededor de los ojos o la nariz. Estas esponjas vers\u00e1tiles son perfectas para aplicar base, corrector o productos cremosos de contorno. Solo necesitas humedecer la esponja y exprimir el exceso de agua para obtener una textura suave que garantiza una distribuci\u00f3n uniforme del producto sin absorber demasiado y evitando el efecto de m\u00e1scara. Un beneficio adicional es su dulce aroma a caramelo, que hace que tu rutina de maquillaje diaria sea a\u00fan m\u00e1s placentera.\" \/>\n<meta property=\"og:url\" content=\"https:\/\/lovelycosmetics.eu\/en\/producto\/le-petit-eye-topper-de-ojos\/\" \/>\n<meta property=\"og:site_name\" content=\"Lovely\" \/>\n<meta property=\"article:modified_time\" content=\"2025-04-16T11:59:35+00:00\" \/>\n<meta property=\"og:image\" content=\"https:\/\/lovelycosmetics.eu\/wp-content\/uploads\/2025\/04\/5905309913103_1b.jpg\" \/>\n\t<meta property=\"og:image:width\" content=\"800\" \/>\n\t<meta property=\"og:image:height\" content=\"800\" \/>\n\t<meta property=\"og:image:type\" content=\"image\/jpeg\" \/>\n<meta name=\"twitter:card\" content=\"summary_large_image\" \/>\n<script type=\"application\/ld+json\" class=\"yoast-schema-graph\">{\"@context\":\"https:\/\/schema.org\",\"@graph\":[{\"@type\":\"WebPage\",\"@id\":\"https:\/\/lovelycosmetics.eu\/en\/producto\/le-petit-eye-topper-de-ojos\/\",\"url\":\"https:\/\/lovelycosmetics.eu\/en\/producto\/le-petit-eye-topper-de-ojos\/\",\"name\":\"Le Petit Eye Topper de ojos - Lovely\",\"isPartOf\":{\"@id\":\"https:\/\/lovelycosmetics.eu\/en\/#website\"},\"primaryImageOfPage\":{\"@id\":\"https:\/\/lovelycosmetics.eu\/en\/producto\/le-petit-eye-topper-de-ojos\/#primaryimage\"},\"image\":{\"@id\":\"https:\/\/lovelycosmetics.eu\/en\/producto\/le-petit-eye-topper-de-ojos\/#primaryimage\"},\"thumbnailUrl\":\"https:\/\/lovelycosmetics.eu\/wp-content\/uploads\/2025\/04\/5905309913103_1b.jpg\",\"datePublished\":\"2025-04-15T08:40:37+00:00\",\"dateModified\":\"2025-04-16T11:59:35+00:00\",\"breadcrumb\":{\"@id\":\"https:\/\/lovelycosmetics.eu\/en\/producto\/le-petit-eye-topper-de-ojos\/#breadcrumb\"},\"inLanguage\":\"en-US\",\"potentialAction\":[{\"@type\":\"ReadAction\",\"target\":[\"https:\/\/lovelycosmetics.eu\/en\/producto\/le-petit-eye-topper-de-ojos\/\"]}]},{\"@type\":\"ImageObject\",\"inLanguage\":\"en-US\",\"@id\":\"https:\/\/lovelycosmetics.eu\/en\/producto\/le-petit-eye-topper-de-ojos\/#primaryimage\",\"url\":\"https:\/\/lovelycosmetics.eu\/wp-content\/uploads\/2025\/04\/5905309913103_1b.jpg\",\"contentUrl\":\"https:\/\/lovelycosmetics.eu\/wp-content\/uploads\/2025\/04\/5905309913103_1b.jpg\",\"width\":800,\"height\":800,\"caption\":\"le petit\"},{\"@type\":\"BreadcrumbList\",\"@id\":\"https:\/\/lovelycosmetics.eu\/en\/producto\/le-petit-eye-topper-de-ojos\/#breadcrumb\",\"itemListElement\":[{\"@type\":\"ListItem\",\"position\":1,\"name\":\"Portada\",\"item\":\"https:\/\/lovelycosmetics.eu\/en\/\"},{\"@type\":\"ListItem\",\"position\":2,\"name\":\"P\u00e1gina de inicio\",\"item\":\"https:\/\/lovelycosmetics.eu\/?page_id=16876\"},{\"@type\":\"ListItem\",\"position\":3,\"name\":\"Le Petit Eye Topper de ojos\"}]},{\"@type\":\"WebSite\",\"@id\":\"https:\/\/lovelycosmetics.eu\/en\/#website\",\"url\":\"https:\/\/lovelycosmetics.eu\/en\/\",\"name\":\"Lovely\",\"description\":\"Lovely\",\"potentialAction\":[{\"@type\":\"SearchAction\",\"target\":{\"@type\":\"EntryPoint\",\"urlTemplate\":\"https:\/\/lovelycosmetics.eu\/en\/?s={search_term_string}\"},\"query-input\":{\"@type\":\"PropertyValueSpecification\",\"valueRequired\":true,\"valueName\":\"search_term_string\"}}],\"inLanguage\":\"en-US\"}]}<\/script>\n<!-- \/ Yoast SEO plugin. -->","yoast_head_json":{"title":"Le Petit Eye Topper de ojos - Lovely","robots":{"index":"index","follow":"follow","max-snippet":"max-snippet:-1","max-image-preview":"max-image-preview:large","max-video-preview":"max-video-preview:-1"},"canonical":"https:\/\/lovelycosmetics.eu\/en\/producto\/le-petit-eye-topper-de-ojos\/","og_locale":"en_US","og_type":"article","og_title":"Le Petit Eye Topper de ojos - Lovely","og_description":"Un set de dos esponjas de maquillaje inspiradas en la forma de los macarons franceses. Su dise\u00f1o \u00fanico, ligeramente plano, est\u00e1 pensado para alcanzar con precisi\u00f3n las zonas m\u00e1s dif\u00edciles, como alrededor de los ojos o la nariz. Estas esponjas vers\u00e1tiles son perfectas para aplicar base, corrector o productos cremosos de contorno. Solo necesitas humedecer la esponja y exprimir el exceso de agua para obtener una textura suave que garantiza una distribuci\u00f3n uniforme del producto sin absorber demasiado y evitando el efecto de m\u00e1scara. Un beneficio adicional es su dulce aroma a caramelo, que hace que tu rutina de maquillaje diaria sea a\u00fan m\u00e1s placentera.","og_url":"https:\/\/lovelycosmetics.eu\/en\/producto\/le-petit-eye-topper-de-ojos\/","og_site_name":"Lovely","article_modified_time":"2025-04-16T11:59:35+00:00","og_image":[{"width":800,"height":800,"url":"https:\/\/lovelycosmetics.eu\/wp-content\/uploads\/2025\/04\/5905309913103_1b.jpg","type":"image\/jpeg"}],"twitter_card":"summary_large_image","schema":{"@context":"https:\/\/schema.org","@graph":[{"@type":"WebPage","@id":"https:\/\/lovelycosmetics.eu\/en\/producto\/le-petit-eye-topper-de-ojos\/","url":"https:\/\/lovelycosmetics.eu\/en\/producto\/le-petit-eye-topper-de-ojos\/","name":"Le Petit Eye Topper de ojos - Lovely","isPartOf":{"@id":"https:\/\/lovelycosmetics.eu\/en\/#website"},"primaryImageOfPage":{"@id":"https:\/\/lovelycosmetics.eu\/en\/producto\/le-petit-eye-topper-de-ojos\/#primaryimage"},"image":{"@id":"https:\/\/lovelycosmetics.eu\/en\/producto\/le-petit-eye-topper-de-ojos\/#primaryimage"},"thumbnailUrl":"https:\/\/lovelycosmetics.eu\/wp-content\/uploads\/2025\/04\/5905309913103_1b.jpg","datePublished":"2025-04-15T08:40:37+00:00","dateModified":"2025-04-16T11:59:35+00:00","breadcrumb":{"@id":"https:\/\/lovelycosmetics.eu\/en\/producto\/le-petit-eye-topper-de-ojos\/#breadcrumb"},"inLanguage":"en-US","potentialAction":[{"@type":"ReadAction","target":["https:\/\/lovelycosmetics.eu\/en\/producto\/le-petit-eye-topper-de-ojos\/"]}]},{"@type":"ImageObject","inLanguage":"en-US","@id":"https:\/\/lovelycosmetics.eu\/en\/producto\/le-petit-eye-topper-de-ojos\/#primaryimage","url":"https:\/\/lovelycosmetics.eu\/wp-content\/uploads\/2025\/04\/5905309913103_1b.jpg","contentUrl":"https:\/\/lovelycosmetics.eu\/wp-content\/uploads\/2025\/04\/5905309913103_1b.jpg","width":800,"height":800,"caption":"le petit"},{"@type":"BreadcrumbList","@id":"https:\/\/lovelycosmetics.eu\/en\/producto\/le-petit-eye-topper-de-ojos\/#breadcrumb","itemListElement":[{"@type":"ListItem","position":1,"name":"Portada","item":"https:\/\/lovelycosmetics.eu\/en\/"},{"@type":"ListItem","position":2,"name":"P\u00e1gina de inicio","item":"https:\/\/lovelycosmetics.eu\/?page_id=16876"},{"@type":"ListItem","position":3,"name":"Le Petit Eye Topper de ojos"}]},{"@type":"WebSite","@id":"https:\/\/lovelycosmetics.eu\/en\/#website","url":"https:\/\/lovelycosmetics.eu\/en\/","name":"Lovely","description":"Lovely","potentialAction":[{"@type":"SearchAction","target":{"@type":"EntryPoint","urlTemplate":"https:\/\/lovelycosmetics.eu\/en\/?s={search_term_string}"},"query-input":{"@type":"PropertyValueSpecification","valueRequired":true,"valueName":"search_term_string"}}],"inLanguage":"en-US"}]}},"_links":{"self":[{"href":"https:\/\/lovelycosmetics.eu\/en\/wp-json\/wp\/v2\/product\/31313","targetHints":{"allow":["GET"]}}],"collection":[{"href":"https:\/\/lovelycosmetics.eu\/en\/wp-json\/wp\/v2\/product"}],"about":[{"href":"https:\/\/lovelycosmetics.eu\/en\/wp-json\/wp\/v2\/types\/product"}],"replies":[{"embeddable":true,"href":"https:\/\/lovelycosmetics.eu\/en\/wp-json\/wp\/v2\/comments?post=31313"}],"wp:featuredmedia":[{"embeddable":true,"href":"https:\/\/lovelycosmetics.eu\/en\/wp-json\/wp\/v2\/media\/31268"}],"wp:attachment":[{"href":"https:\/\/lovelycosmetics.eu\/en\/wp-json\/wp\/v2\/media?parent=31313"}],"wp:term":[{"taxonomy":"product_brand","embeddable":true,"href":"https:\/\/lovelycosmetics.eu\/en\/wp-json\/wp\/v2\/product_brand?post=31313"},{"taxonomy":"product_cat","embeddable":true,"href":"https:\/\/lovelycosmetics.eu\/en\/wp-json\/wp\/v2\/product_cat?post=31313"},{"taxonomy":"product_tag","embeddable":true,"href":"https:\/\/lovelycosmetics.eu\/en\/wp-json\/wp\/v2\/product_tag?post=31313"}],"curies":[{"name":"wp","href":"https:\/\/api.w.org\/{rel}","templated":true}]}}