{"id":31317,"date":"2025-04-15T08:20:44","date_gmt":"2025-04-15T08:20:44","guid":{"rendered":"https:\/\/lovelycosmetics.eu\/producto\/eyeliner-matte\/"},"modified":"2025-04-16T11:59:35","modified_gmt":"2025-04-16T11:59:35","slug":"eyeliner-matte","status":"publish","type":"product","link":"https:\/\/lovelycosmetics.eu\/en\/producto\/eyeliner-matte\/","title":{"rendered":"Eyeliner Matte Rosa"},"content":{"rendered":"<h4>How to use<\/h4>\n<p>Apply evenly on dry and chapped lips. Repeat the process as often as needed.<\/p>\n<\/p>\n<h4>Ingredients<\/h4>\n<p>Isododecane, Trimethylsiloxysilicate, Ethylene\/Propylene\/Styrene Copolymer, Butylene\/Ethylene\/Styrene Copolymer, Disteardimonium Hectorite, Silica Dimethyl Silylate, Propylene Carbonate, Lauryl PEG\/PPG-18\/18 Methicone, Alumina, Caprylyl Glycol, Glycerin, Isostearyl Alcohol, Pentaerythrityl Tetra-di-t-butyl Hydroxyhydrocinnamate, Caprylh<\/p>\n","protected":false},"excerpt":{"rendered":"<p>Un b\u00e1lsamo con una f\u00f3rmula \u00fanica inspirada en la riqueza y suavidad del n\u00e9ctar, enriquecido con aceite de semillas de albaricoque y aceite de aguacate. Gracias a su textura, el b\u00e1lsamo se adhiere delicadamente a los labios, creando una capa protectora que los nutre intensamente.<br \/>\n Su dulce y c\u00edtrica fragancia a pomelo aporta ligereza a cada aplicaci\u00f3n, convirtiendo cada momento en una peque\u00f1a delicia.<br \/>\n Nectar Novel no solo ofrece protecci\u00f3n y cuidado, sino tambi\u00e9n un confort duradero que te acompa\u00f1ar\u00e1 durante todo el d\u00eda. Es un b\u00e1lsamo que amar\u00e1s por su efectividad y su delicadeza.<\/p>\n","protected":false},"featured_media":29093,"comment_status":"closed","ping_status":"closed","template":"","meta":[],"product_brand":[],"product_cat":[876,1475],"product_tag":[1878,1861,1486],"class_list":{"0":"post-31317","1":"product","2":"type-product","3":"status-publish","4":"has-post-thumbnail","6":"product_cat-lip-balm","7":"product_cat-new-2-en","8":"product_tag-balsamo-de-labios-en","9":"product_tag-labios-en","10":"product_tag-new-en","12":"first","13":"instock","14":"shipping-taxable","15":"purchasable","16":"product-type-variable"},"yoast_head":"<!-- This site is optimized with the Yoast SEO plugin v24.9 - https:\/\/yoast.com\/wordpress\/plugins\/seo\/ -->\n<title>Eyeliner Matte Rosa - Lovely<\/title>\n<meta name=\"robots\" content=\"index, follow, max-snippet:-1, max-image-preview:large, max-video-preview:-1\" \/>\n<link rel=\"canonical\" href=\"https:\/\/lovelycosmetics.eu\/en\/producto\/eyeliner-matte\/\" \/>\n<meta property=\"og:locale\" content=\"en_US\" \/>\n<meta property=\"og:type\" content=\"article\" \/>\n<meta property=\"og:title\" content=\"Eyeliner Matte Rosa - Lovely\" \/>\n<meta property=\"og:description\" content=\"Un b\u00e1lsamo con una f\u00f3rmula \u00fanica inspirada en la riqueza y suavidad del n\u00e9ctar, enriquecido con aceite de semillas de albaricoque y aceite de aguacate. Gracias a su textura, el b\u00e1lsamo se adhiere delicadamente a los labios, creando una capa protectora que los nutre intensamente. Su dulce y c\u00edtrica fragancia a pomelo aporta ligereza a cada aplicaci\u00f3n, convirtiendo cada momento en una peque\u00f1a delicia. Nectar Novel no solo ofrece protecci\u00f3n y cuidado, sino tambi\u00e9n un confort duradero que te acompa\u00f1ar\u00e1 durante todo el d\u00eda. Es un b\u00e1lsamo que amar\u00e1s por su efectividad y su delicadeza.\" \/>\n<meta property=\"og:url\" content=\"https:\/\/lovelycosmetics.eu\/en\/producto\/eyeliner-matte\/\" \/>\n<meta property=\"og:site_name\" content=\"Lovely\" \/>\n<meta property=\"article:modified_time\" content=\"2025-04-16T11:59:35+00:00\" \/>\n<meta property=\"og:image\" content=\"https:\/\/lovelycosmetics.eu\/wp-content\/uploads\/2025\/04\/5905309913196_1.jpg\" \/>\n\t<meta property=\"og:image:width\" content=\"800\" \/>\n\t<meta property=\"og:image:height\" content=\"800\" \/>\n\t<meta property=\"og:image:type\" content=\"image\/jpeg\" \/>\n<meta name=\"twitter:card\" content=\"summary_large_image\" \/>\n<script type=\"application\/ld+json\" class=\"yoast-schema-graph\">{\"@context\":\"https:\/\/schema.org\",\"@graph\":[{\"@type\":\"WebPage\",\"@id\":\"https:\/\/lovelycosmetics.eu\/en\/producto\/eyeliner-matte\/\",\"url\":\"https:\/\/lovelycosmetics.eu\/en\/producto\/eyeliner-matte\/\",\"name\":\"Eyeliner Matte Rosa - Lovely\",\"isPartOf\":{\"@id\":\"https:\/\/lovelycosmetics.eu\/en\/#website\"},\"primaryImageOfPage\":{\"@id\":\"https:\/\/lovelycosmetics.eu\/en\/producto\/eyeliner-matte\/#primaryimage\"},\"image\":{\"@id\":\"https:\/\/lovelycosmetics.eu\/en\/producto\/eyeliner-matte\/#primaryimage\"},\"thumbnailUrl\":\"https:\/\/lovelycosmetics.eu\/wp-content\/uploads\/2025\/04\/5905309913196_1.jpg\",\"datePublished\":\"2025-04-15T08:20:44+00:00\",\"dateModified\":\"2025-04-16T11:59:35+00:00\",\"breadcrumb\":{\"@id\":\"https:\/\/lovelycosmetics.eu\/en\/producto\/eyeliner-matte\/#breadcrumb\"},\"inLanguage\":\"en-US\",\"potentialAction\":[{\"@type\":\"ReadAction\",\"target\":[\"https:\/\/lovelycosmetics.eu\/en\/producto\/eyeliner-matte\/\"]}]},{\"@type\":\"ImageObject\",\"inLanguage\":\"en-US\",\"@id\":\"https:\/\/lovelycosmetics.eu\/en\/producto\/eyeliner-matte\/#primaryimage\",\"url\":\"https:\/\/lovelycosmetics.eu\/wp-content\/uploads\/2025\/04\/5905309913196_1.jpg\",\"contentUrl\":\"https:\/\/lovelycosmetics.eu\/wp-content\/uploads\/2025\/04\/5905309913196_1.jpg\",\"width\":800,\"height\":800},{\"@type\":\"BreadcrumbList\",\"@id\":\"https:\/\/lovelycosmetics.eu\/en\/producto\/eyeliner-matte\/#breadcrumb\",\"itemListElement\":[{\"@type\":\"ListItem\",\"position\":1,\"name\":\"Portada\",\"item\":\"https:\/\/lovelycosmetics.eu\/en\/\"},{\"@type\":\"ListItem\",\"position\":2,\"name\":\"P\u00e1gina de inicio\",\"item\":\"https:\/\/lovelycosmetics.eu\/?page_id=16876\"},{\"@type\":\"ListItem\",\"position\":3,\"name\":\"Eyeliner Matte Rosa\"}]},{\"@type\":\"WebSite\",\"@id\":\"https:\/\/lovelycosmetics.eu\/en\/#website\",\"url\":\"https:\/\/lovelycosmetics.eu\/en\/\",\"name\":\"Lovely\",\"description\":\"Lovely\",\"potentialAction\":[{\"@type\":\"SearchAction\",\"target\":{\"@type\":\"EntryPoint\",\"urlTemplate\":\"https:\/\/lovelycosmetics.eu\/en\/?s={search_term_string}\"},\"query-input\":{\"@type\":\"PropertyValueSpecification\",\"valueRequired\":true,\"valueName\":\"search_term_string\"}}],\"inLanguage\":\"en-US\"}]}<\/script>\n<!-- \/ Yoast SEO plugin. -->","yoast_head_json":{"title":"Eyeliner Matte Rosa - Lovely","robots":{"index":"index","follow":"follow","max-snippet":"max-snippet:-1","max-image-preview":"max-image-preview:large","max-video-preview":"max-video-preview:-1"},"canonical":"https:\/\/lovelycosmetics.eu\/en\/producto\/eyeliner-matte\/","og_locale":"en_US","og_type":"article","og_title":"Eyeliner Matte Rosa - Lovely","og_description":"Un b\u00e1lsamo con una f\u00f3rmula \u00fanica inspirada en la riqueza y suavidad del n\u00e9ctar, enriquecido con aceite de semillas de albaricoque y aceite de aguacate. Gracias a su textura, el b\u00e1lsamo se adhiere delicadamente a los labios, creando una capa protectora que los nutre intensamente. Su dulce y c\u00edtrica fragancia a pomelo aporta ligereza a cada aplicaci\u00f3n, convirtiendo cada momento en una peque\u00f1a delicia. Nectar Novel no solo ofrece protecci\u00f3n y cuidado, sino tambi\u00e9n un confort duradero que te acompa\u00f1ar\u00e1 durante todo el d\u00eda. Es un b\u00e1lsamo que amar\u00e1s por su efectividad y su delicadeza.","og_url":"https:\/\/lovelycosmetics.eu\/en\/producto\/eyeliner-matte\/","og_site_name":"Lovely","article_modified_time":"2025-04-16T11:59:35+00:00","og_image":[{"width":800,"height":800,"url":"https:\/\/lovelycosmetics.eu\/wp-content\/uploads\/2025\/04\/5905309913196_1.jpg","type":"image\/jpeg"}],"twitter_card":"summary_large_image","schema":{"@context":"https:\/\/schema.org","@graph":[{"@type":"WebPage","@id":"https:\/\/lovelycosmetics.eu\/en\/producto\/eyeliner-matte\/","url":"https:\/\/lovelycosmetics.eu\/en\/producto\/eyeliner-matte\/","name":"Eyeliner Matte Rosa - Lovely","isPartOf":{"@id":"https:\/\/lovelycosmetics.eu\/en\/#website"},"primaryImageOfPage":{"@id":"https:\/\/lovelycosmetics.eu\/en\/producto\/eyeliner-matte\/#primaryimage"},"image":{"@id":"https:\/\/lovelycosmetics.eu\/en\/producto\/eyeliner-matte\/#primaryimage"},"thumbnailUrl":"https:\/\/lovelycosmetics.eu\/wp-content\/uploads\/2025\/04\/5905309913196_1.jpg","datePublished":"2025-04-15T08:20:44+00:00","dateModified":"2025-04-16T11:59:35+00:00","breadcrumb":{"@id":"https:\/\/lovelycosmetics.eu\/en\/producto\/eyeliner-matte\/#breadcrumb"},"inLanguage":"en-US","potentialAction":[{"@type":"ReadAction","target":["https:\/\/lovelycosmetics.eu\/en\/producto\/eyeliner-matte\/"]}]},{"@type":"ImageObject","inLanguage":"en-US","@id":"https:\/\/lovelycosmetics.eu\/en\/producto\/eyeliner-matte\/#primaryimage","url":"https:\/\/lovelycosmetics.eu\/wp-content\/uploads\/2025\/04\/5905309913196_1.jpg","contentUrl":"https:\/\/lovelycosmetics.eu\/wp-content\/uploads\/2025\/04\/5905309913196_1.jpg","width":800,"height":800},{"@type":"BreadcrumbList","@id":"https:\/\/lovelycosmetics.eu\/en\/producto\/eyeliner-matte\/#breadcrumb","itemListElement":[{"@type":"ListItem","position":1,"name":"Portada","item":"https:\/\/lovelycosmetics.eu\/en\/"},{"@type":"ListItem","position":2,"name":"P\u00e1gina de inicio","item":"https:\/\/lovelycosmetics.eu\/?page_id=16876"},{"@type":"ListItem","position":3,"name":"Eyeliner Matte Rosa"}]},{"@type":"WebSite","@id":"https:\/\/lovelycosmetics.eu\/en\/#website","url":"https:\/\/lovelycosmetics.eu\/en\/","name":"Lovely","description":"Lovely","potentialAction":[{"@type":"SearchAction","target":{"@type":"EntryPoint","urlTemplate":"https:\/\/lovelycosmetics.eu\/en\/?s={search_term_string}"},"query-input":{"@type":"PropertyValueSpecification","valueRequired":true,"valueName":"search_term_string"}}],"inLanguage":"en-US"}]}},"_links":{"self":[{"href":"https:\/\/lovelycosmetics.eu\/en\/wp-json\/wp\/v2\/product\/31317","targetHints":{"allow":["GET"]}}],"collection":[{"href":"https:\/\/lovelycosmetics.eu\/en\/wp-json\/wp\/v2\/product"}],"about":[{"href":"https:\/\/lovelycosmetics.eu\/en\/wp-json\/wp\/v2\/types\/product"}],"replies":[{"embeddable":true,"href":"https:\/\/lovelycosmetics.eu\/en\/wp-json\/wp\/v2\/comments?post=31317"}],"wp:featuredmedia":[{"embeddable":true,"href":"https:\/\/lovelycosmetics.eu\/en\/wp-json\/wp\/v2\/media\/29093"}],"wp:attachment":[{"href":"https:\/\/lovelycosmetics.eu\/en\/wp-json\/wp\/v2\/media?parent=31317"}],"wp:term":[{"taxonomy":"product_brand","embeddable":true,"href":"https:\/\/lovelycosmetics.eu\/en\/wp-json\/wp\/v2\/product_brand?post=31317"},{"taxonomy":"product_cat","embeddable":true,"href":"https:\/\/lovelycosmetics.eu\/en\/wp-json\/wp\/v2\/product_cat?post=31317"},{"taxonomy":"product_tag","embeddable":true,"href":"https:\/\/lovelycosmetics.eu\/en\/wp-json\/wp\/v2\/product_tag?post=31317"}],"curies":[{"name":"wp","href":"https:\/\/api.w.org\/{rel}","templated":true}]}}