{"id":31319,"date":"2025-04-15T08:20:44","date_gmt":"2025-04-15T08:20:44","guid":{"rendered":"https:\/\/lovelycosmetics.eu\/producto\/aceite-labial-floral-fantasy\/"},"modified":"2025-04-16T11:59:35","modified_gmt":"2025-04-16T11:59:35","slug":"aceite-labial-floral-fantasy","status":"publish","type":"product","link":"https:\/\/lovelycosmetics.eu\/en\/producto\/aceite-labial-floral-fantasy\/","title":{"rendered":"Aceite labial Floral Fantasy"},"content":{"rendered":"<h4>How to use<\/h4>\n<p>Apply the bronzing powders to the areas of your face where the sun hits most strongly: along the hairline, on the cheekbone, nose, and chin. After applying, clean the brush and blend the powders well to achieve the perfect effect and make it melt into your skin.<\/p>\n<p><\/p>\n<h4>Ingredients<\/h4>\n<p>Ethylhexyl Stearate, Polybutene, Tridecyl Trimellitate, Hydrogenated Polyisobutene, Silica Dimethyl Silylate, Parfum, Ethylene\/Propylene\/Styrene Copolymer, Tocopheryl Acetate, Butylene\/Ethylene\/Styrene Copolymer, Caprylyl Glycol, Glycine Soja Oil, Phenoxyethanol, Hexylene Glycol, Calcium Sodium Borosilicate, Silica, BHT, Jasminum Officinale Flower Extract, Paeonia Officinalis Flower Extract, Prunus Serrulata Flower Extract, Citrus Aurantium Amara Flower Extract, Lavandula Angustifolia Flower Extract, Sambucus Nigra Flower Extract, Tin Oxide, Tocopherol, Rosa Damascena Flower Oil, Helianthus Annuus Seed Oil, Limonene, Linalool, Carvone, Pinene, Terpineol, Beta-Caryophyllene, CI 77891.<\/p>\n","protected":false},"excerpt":{"rendered":"<p>Las parisinas adoran las soluciones multifuncionales que combinan simplicidad, efectividad y elegancia. Mademoiselle es un producto iluminador 3 en 1 que cumple con todas estas expectativas. Este producto \u00fanico funciona como bronceador, rubor y topper para ojos, ofreci\u00e9ndote todo lo que necesitas para resaltar tu brillo natural.<br \/>\n Su f\u00f3rmula aterciopelada con part\u00edculas plateadas brillantes esculpe el rostro, da un rubor saludable a las mejillas y proporciona un elegante brillo a los p\u00e1rpados.<br \/>\n Es el producto ideal para las mujeres que valoran la funcionalidad sin compromisos. Para un efecto a\u00fan m\u00e1s duradero, finaliza tu maquillaje con un spray fijador.<\/p>\n","protected":false},"featured_media":28940,"comment_status":"closed","ping_status":"closed","template":"","meta":[],"product_brand":[],"product_cat":[894,1853],"product_tag":[1915,1855,1916],"class_list":{"0":"post-31319","1":"product","2":"type-product","3":"status-publish","4":"has-post-thumbnail","6":"product_cat-blusher","7":"product_cat-moda-bonjour-beute-en","8":"product_tag-coloretes-iluminadores-bronceadores-en","9":"product_tag-moda-bonjour-beute-en","10":"product_tag-rostro-en","12":"first","13":"instock","14":"shipping-taxable","15":"purchasable","16":"product-type-variable"},"yoast_head":"<!-- This site is optimized with the Yoast SEO plugin v24.9 - https:\/\/yoast.com\/wordpress\/plugins\/seo\/ -->\n<title>Aceite labial Floral Fantasy - Lovely<\/title>\n<meta name=\"robots\" content=\"index, follow, max-snippet:-1, max-image-preview:large, max-video-preview:-1\" \/>\n<link rel=\"canonical\" href=\"https:\/\/lovelycosmetics.eu\/en\/producto\/aceite-labial-floral-fantasy\/\" \/>\n<meta property=\"og:locale\" content=\"en_US\" \/>\n<meta property=\"og:type\" content=\"article\" \/>\n<meta property=\"og:title\" content=\"Aceite labial Floral Fantasy - Lovely\" \/>\n<meta property=\"og:description\" content=\"Las parisinas adoran las soluciones multifuncionales que combinan simplicidad, efectividad y elegancia. Mademoiselle es un producto iluminador 3 en 1 que cumple con todas estas expectativas. Este producto \u00fanico funciona como bronceador, rubor y topper para ojos, ofreci\u00e9ndote todo lo que necesitas para resaltar tu brillo natural. Su f\u00f3rmula aterciopelada con part\u00edculas plateadas brillantes esculpe el rostro, da un rubor saludable a las mejillas y proporciona un elegante brillo a los p\u00e1rpados. Es el producto ideal para las mujeres que valoran la funcionalidad sin compromisos. Para un efecto a\u00fan m\u00e1s duradero, finaliza tu maquillaje con un spray fijador.\" \/>\n<meta property=\"og:url\" content=\"https:\/\/lovelycosmetics.eu\/en\/producto\/aceite-labial-floral-fantasy\/\" \/>\n<meta property=\"og:site_name\" content=\"Lovely\" \/>\n<meta property=\"article:modified_time\" content=\"2025-04-16T11:59:35+00:00\" \/>\n<meta property=\"og:image\" content=\"https:\/\/lovelycosmetics.eu\/wp-content\/uploads\/2025\/04\/5905309907294_1.jpg\" \/>\n\t<meta property=\"og:image:width\" content=\"800\" \/>\n\t<meta property=\"og:image:height\" content=\"800\" \/>\n\t<meta property=\"og:image:type\" content=\"image\/jpeg\" \/>\n<meta name=\"twitter:card\" content=\"summary_large_image\" \/>\n<meta name=\"twitter:label1\" content=\"Est. reading time\" \/>\n\t<meta name=\"twitter:data1\" content=\"1 minute\" \/>\n<script type=\"application\/ld+json\" class=\"yoast-schema-graph\">{\"@context\":\"https:\/\/schema.org\",\"@graph\":[{\"@type\":\"WebPage\",\"@id\":\"https:\/\/lovelycosmetics.eu\/en\/producto\/aceite-labial-floral-fantasy\/\",\"url\":\"https:\/\/lovelycosmetics.eu\/en\/producto\/aceite-labial-floral-fantasy\/\",\"name\":\"Aceite labial Floral Fantasy - Lovely\",\"isPartOf\":{\"@id\":\"https:\/\/lovelycosmetics.eu\/en\/#website\"},\"primaryImageOfPage\":{\"@id\":\"https:\/\/lovelycosmetics.eu\/en\/producto\/aceite-labial-floral-fantasy\/#primaryimage\"},\"image\":{\"@id\":\"https:\/\/lovelycosmetics.eu\/en\/producto\/aceite-labial-floral-fantasy\/#primaryimage\"},\"thumbnailUrl\":\"https:\/\/lovelycosmetics.eu\/wp-content\/uploads\/2025\/04\/5905309907294_1.jpg\",\"datePublished\":\"2025-04-15T08:20:44+00:00\",\"dateModified\":\"2025-04-16T11:59:35+00:00\",\"breadcrumb\":{\"@id\":\"https:\/\/lovelycosmetics.eu\/en\/producto\/aceite-labial-floral-fantasy\/#breadcrumb\"},\"inLanguage\":\"en-US\",\"potentialAction\":[{\"@type\":\"ReadAction\",\"target\":[\"https:\/\/lovelycosmetics.eu\/en\/producto\/aceite-labial-floral-fantasy\/\"]}]},{\"@type\":\"ImageObject\",\"inLanguage\":\"en-US\",\"@id\":\"https:\/\/lovelycosmetics.eu\/en\/producto\/aceite-labial-floral-fantasy\/#primaryimage\",\"url\":\"https:\/\/lovelycosmetics.eu\/wp-content\/uploads\/2025\/04\/5905309907294_1.jpg\",\"contentUrl\":\"https:\/\/lovelycosmetics.eu\/wp-content\/uploads\/2025\/04\/5905309907294_1.jpg\",\"width\":800,\"height\":800},{\"@type\":\"BreadcrumbList\",\"@id\":\"https:\/\/lovelycosmetics.eu\/en\/producto\/aceite-labial-floral-fantasy\/#breadcrumb\",\"itemListElement\":[{\"@type\":\"ListItem\",\"position\":1,\"name\":\"Portada\",\"item\":\"https:\/\/lovelycosmetics.eu\/en\/\"},{\"@type\":\"ListItem\",\"position\":2,\"name\":\"P\u00e1gina de inicio\",\"item\":\"https:\/\/lovelycosmetics.eu\/?page_id=16876\"},{\"@type\":\"ListItem\",\"position\":3,\"name\":\"Aceite labial Floral Fantasy\"}]},{\"@type\":\"WebSite\",\"@id\":\"https:\/\/lovelycosmetics.eu\/en\/#website\",\"url\":\"https:\/\/lovelycosmetics.eu\/en\/\",\"name\":\"Lovely\",\"description\":\"Lovely\",\"potentialAction\":[{\"@type\":\"SearchAction\",\"target\":{\"@type\":\"EntryPoint\",\"urlTemplate\":\"https:\/\/lovelycosmetics.eu\/en\/?s={search_term_string}\"},\"query-input\":{\"@type\":\"PropertyValueSpecification\",\"valueRequired\":true,\"valueName\":\"search_term_string\"}}],\"inLanguage\":\"en-US\"}]}<\/script>\n<!-- \/ Yoast SEO plugin. -->","yoast_head_json":{"title":"Aceite labial Floral Fantasy - Lovely","robots":{"index":"index","follow":"follow","max-snippet":"max-snippet:-1","max-image-preview":"max-image-preview:large","max-video-preview":"max-video-preview:-1"},"canonical":"https:\/\/lovelycosmetics.eu\/en\/producto\/aceite-labial-floral-fantasy\/","og_locale":"en_US","og_type":"article","og_title":"Aceite labial Floral Fantasy - Lovely","og_description":"Las parisinas adoran las soluciones multifuncionales que combinan simplicidad, efectividad y elegancia. Mademoiselle es un producto iluminador 3 en 1 que cumple con todas estas expectativas. Este producto \u00fanico funciona como bronceador, rubor y topper para ojos, ofreci\u00e9ndote todo lo que necesitas para resaltar tu brillo natural. Su f\u00f3rmula aterciopelada con part\u00edculas plateadas brillantes esculpe el rostro, da un rubor saludable a las mejillas y proporciona un elegante brillo a los p\u00e1rpados. Es el producto ideal para las mujeres que valoran la funcionalidad sin compromisos. Para un efecto a\u00fan m\u00e1s duradero, finaliza tu maquillaje con un spray fijador.","og_url":"https:\/\/lovelycosmetics.eu\/en\/producto\/aceite-labial-floral-fantasy\/","og_site_name":"Lovely","article_modified_time":"2025-04-16T11:59:35+00:00","og_image":[{"width":800,"height":800,"url":"https:\/\/lovelycosmetics.eu\/wp-content\/uploads\/2025\/04\/5905309907294_1.jpg","type":"image\/jpeg"}],"twitter_card":"summary_large_image","twitter_misc":{"Est. reading time":"1 minute"},"schema":{"@context":"https:\/\/schema.org","@graph":[{"@type":"WebPage","@id":"https:\/\/lovelycosmetics.eu\/en\/producto\/aceite-labial-floral-fantasy\/","url":"https:\/\/lovelycosmetics.eu\/en\/producto\/aceite-labial-floral-fantasy\/","name":"Aceite labial Floral Fantasy - Lovely","isPartOf":{"@id":"https:\/\/lovelycosmetics.eu\/en\/#website"},"primaryImageOfPage":{"@id":"https:\/\/lovelycosmetics.eu\/en\/producto\/aceite-labial-floral-fantasy\/#primaryimage"},"image":{"@id":"https:\/\/lovelycosmetics.eu\/en\/producto\/aceite-labial-floral-fantasy\/#primaryimage"},"thumbnailUrl":"https:\/\/lovelycosmetics.eu\/wp-content\/uploads\/2025\/04\/5905309907294_1.jpg","datePublished":"2025-04-15T08:20:44+00:00","dateModified":"2025-04-16T11:59:35+00:00","breadcrumb":{"@id":"https:\/\/lovelycosmetics.eu\/en\/producto\/aceite-labial-floral-fantasy\/#breadcrumb"},"inLanguage":"en-US","potentialAction":[{"@type":"ReadAction","target":["https:\/\/lovelycosmetics.eu\/en\/producto\/aceite-labial-floral-fantasy\/"]}]},{"@type":"ImageObject","inLanguage":"en-US","@id":"https:\/\/lovelycosmetics.eu\/en\/producto\/aceite-labial-floral-fantasy\/#primaryimage","url":"https:\/\/lovelycosmetics.eu\/wp-content\/uploads\/2025\/04\/5905309907294_1.jpg","contentUrl":"https:\/\/lovelycosmetics.eu\/wp-content\/uploads\/2025\/04\/5905309907294_1.jpg","width":800,"height":800},{"@type":"BreadcrumbList","@id":"https:\/\/lovelycosmetics.eu\/en\/producto\/aceite-labial-floral-fantasy\/#breadcrumb","itemListElement":[{"@type":"ListItem","position":1,"name":"Portada","item":"https:\/\/lovelycosmetics.eu\/en\/"},{"@type":"ListItem","position":2,"name":"P\u00e1gina de inicio","item":"https:\/\/lovelycosmetics.eu\/?page_id=16876"},{"@type":"ListItem","position":3,"name":"Aceite labial Floral Fantasy"}]},{"@type":"WebSite","@id":"https:\/\/lovelycosmetics.eu\/en\/#website","url":"https:\/\/lovelycosmetics.eu\/en\/","name":"Lovely","description":"Lovely","potentialAction":[{"@type":"SearchAction","target":{"@type":"EntryPoint","urlTemplate":"https:\/\/lovelycosmetics.eu\/en\/?s={search_term_string}"},"query-input":{"@type":"PropertyValueSpecification","valueRequired":true,"valueName":"search_term_string"}}],"inLanguage":"en-US"}]}},"_links":{"self":[{"href":"https:\/\/lovelycosmetics.eu\/en\/wp-json\/wp\/v2\/product\/31319","targetHints":{"allow":["GET"]}}],"collection":[{"href":"https:\/\/lovelycosmetics.eu\/en\/wp-json\/wp\/v2\/product"}],"about":[{"href":"https:\/\/lovelycosmetics.eu\/en\/wp-json\/wp\/v2\/types\/product"}],"replies":[{"embeddable":true,"href":"https:\/\/lovelycosmetics.eu\/en\/wp-json\/wp\/v2\/comments?post=31319"}],"wp:featuredmedia":[{"embeddable":true,"href":"https:\/\/lovelycosmetics.eu\/en\/wp-json\/wp\/v2\/media\/28940"}],"wp:attachment":[{"href":"https:\/\/lovelycosmetics.eu\/en\/wp-json\/wp\/v2\/media?parent=31319"}],"wp:term":[{"taxonomy":"product_brand","embeddable":true,"href":"https:\/\/lovelycosmetics.eu\/en\/wp-json\/wp\/v2\/product_brand?post=31319"},{"taxonomy":"product_cat","embeddable":true,"href":"https:\/\/lovelycosmetics.eu\/en\/wp-json\/wp\/v2\/product_cat?post=31319"},{"taxonomy":"product_tag","embeddable":true,"href":"https:\/\/lovelycosmetics.eu\/en\/wp-json\/wp\/v2\/product_tag?post=31319"}],"curies":[{"name":"wp","href":"https:\/\/api.w.org\/{rel}","templated":true}]}}