{"id":31325,"date":"2025-04-15T08:20:43","date_gmt":"2025-04-15T08:20:43","guid":{"rendered":"https:\/\/lovelycosmetics.eu\/producto\/cherie-perfilador-de-labios\/"},"modified":"2025-04-16T11:59:43","modified_gmt":"2025-04-16T11:59:43","slug":"cherie-perfilador-de-labios","status":"publish","type":"product","link":"https:\/\/lovelycosmetics.eu\/en\/producto\/cherie-perfilador-de-labios\/","title":{"rendered":"Ch\u00e9rie Perfilador de labios"},"content":{"rendered":"<h4>How to use<\/h4>\n<p>Apply the eyeshadow on the eyelid and blend it with a brush or your finger. For longer wear, use an eyeshadow primer before applying. You can intensify the color by layering a powder shadow on top.<\/p>\n<\/p>\n<h4>Ingredients<\/h4>\n<p>Ricinus Communis Seed Oil, Hydrogenated Vegetable Oil, Copernicia Cerifera Cera, Candelilla Cera, Caprylic\/Capric Triglyceride, Cera Alba, C10-18 Triglycerides, Mica, Isopropyl Myristate, Ceresin, Talc, Tocopheryl Acetate, Propylene Gly<\/p>\n","protected":false},"excerpt":{"rendered":"<p>\u00a1Una peque\u00f1a dulzura que deleita no solo los sentidos, sino tambi\u00e9n la mirada! Le Petit es un topper brillante para ojos con part\u00edculas relucientes que destellan como cristales de az\u00facar. Perfecto para usar solo, para lograr un brillo inigualable, o combinado con sombras mate, a\u00f1adiendo dimensi\u00f3n y un efecto impresionante a cualquier maquillaje.<br \/>\n Disponible en tres encantadores tonos inspirados en dulces parisinos:<br \/>\n 1. Un brillo rosado azucarado que recuerda a los macarons de rosa.<br \/>\n 2. Centelleos plateados y dorados como el az\u00facar caramelizado en la cima de un cr\u00e8me br\u00fbl\u00e9e.<br \/>\n 3. Un tono c\u00e1lido de cereza con chocolate con destellos rosados y dorados, creando una armon\u00eda perfecta entre lo jugoso y lo dulce.<br \/>\n El topper Le Petit es un verdadero placer para cualquier amante del brillo sin compromisos.<\/p>\n","protected":false},"featured_media":29066,"comment_status":"closed","ping_status":"closed","template":"","meta":[],"product_brand":[],"product_cat":[886,1853],"product_tag":[1855,1856,1889],"class_list":{"0":"post-31325","1":"product","2":"type-product","3":"status-publish","4":"has-post-thumbnail","6":"product_cat-eyeshadows","7":"product_cat-moda-bonjour-beute-en","8":"product_tag-moda-bonjour-beute-en","9":"product_tag-ojos-en","10":"product_tag-sombras-en","12":"first","13":"instock","14":"shipping-taxable","15":"purchasable","16":"product-type-variable"},"yoast_head":"<!-- This site is optimized with the Yoast SEO plugin v24.9 - https:\/\/yoast.com\/wordpress\/plugins\/seo\/ -->\n<title>Ch\u00e9rie Perfilador de labios - Lovely<\/title>\n<meta name=\"robots\" content=\"index, follow, max-snippet:-1, max-image-preview:large, max-video-preview:-1\" \/>\n<link rel=\"canonical\" href=\"https:\/\/lovelycosmetics.eu\/en\/producto\/cherie-perfilador-de-labios\/\" \/>\n<meta property=\"og:locale\" content=\"en_US\" \/>\n<meta property=\"og:type\" content=\"article\" \/>\n<meta property=\"og:title\" content=\"Ch\u00e9rie Perfilador de labios - Lovely\" \/>\n<meta property=\"og:description\" content=\"\u00a1Una peque\u00f1a dulzura que deleita no solo los sentidos, sino tambi\u00e9n la mirada! Le Petit es un topper brillante para ojos con part\u00edculas relucientes que destellan como cristales de az\u00facar. Perfecto para usar solo, para lograr un brillo inigualable, o combinado con sombras mate, a\u00f1adiendo dimensi\u00f3n y un efecto impresionante a cualquier maquillaje. Disponible en tres encantadores tonos inspirados en dulces parisinos: 1. Un brillo rosado azucarado que recuerda a los macarons de rosa. 2. Centelleos plateados y dorados como el az\u00facar caramelizado en la cima de un cr\u00e8me br\u00fbl\u00e9e. 3. Un tono c\u00e1lido de cereza con chocolate con destellos rosados y dorados, creando una armon\u00eda perfecta entre lo jugoso y lo dulce. El topper Le Petit es un verdadero placer para cualquier amante del brillo sin compromisos.\" \/>\n<meta property=\"og:url\" content=\"https:\/\/lovelycosmetics.eu\/en\/producto\/cherie-perfilador-de-labios\/\" \/>\n<meta property=\"og:site_name\" content=\"Lovely\" \/>\n<meta property=\"article:modified_time\" content=\"2025-04-16T11:59:43+00:00\" \/>\n<meta property=\"og:image\" content=\"https:\/\/lovelycosmetics.eu\/wp-content\/uploads\/2025\/04\/5905309913073_1.jpg\" \/>\n\t<meta property=\"og:image:width\" content=\"800\" \/>\n\t<meta property=\"og:image:height\" content=\"800\" \/>\n\t<meta property=\"og:image:type\" content=\"image\/jpeg\" \/>\n<meta name=\"twitter:card\" content=\"summary_large_image\" \/>\n<script type=\"application\/ld+json\" class=\"yoast-schema-graph\">{\"@context\":\"https:\/\/schema.org\",\"@graph\":[{\"@type\":\"WebPage\",\"@id\":\"https:\/\/lovelycosmetics.eu\/en\/producto\/cherie-perfilador-de-labios\/\",\"url\":\"https:\/\/lovelycosmetics.eu\/en\/producto\/cherie-perfilador-de-labios\/\",\"name\":\"Ch\u00e9rie Perfilador de labios - Lovely\",\"isPartOf\":{\"@id\":\"https:\/\/lovelycosmetics.eu\/en\/#website\"},\"primaryImageOfPage\":{\"@id\":\"https:\/\/lovelycosmetics.eu\/en\/producto\/cherie-perfilador-de-labios\/#primaryimage\"},\"image\":{\"@id\":\"https:\/\/lovelycosmetics.eu\/en\/producto\/cherie-perfilador-de-labios\/#primaryimage\"},\"thumbnailUrl\":\"https:\/\/lovelycosmetics.eu\/wp-content\/uploads\/2025\/04\/5905309913073_1.jpg\",\"datePublished\":\"2025-04-15T08:20:43+00:00\",\"dateModified\":\"2025-04-16T11:59:43+00:00\",\"breadcrumb\":{\"@id\":\"https:\/\/lovelycosmetics.eu\/en\/producto\/cherie-perfilador-de-labios\/#breadcrumb\"},\"inLanguage\":\"en-US\",\"potentialAction\":[{\"@type\":\"ReadAction\",\"target\":[\"https:\/\/lovelycosmetics.eu\/en\/producto\/cherie-perfilador-de-labios\/\"]}]},{\"@type\":\"ImageObject\",\"inLanguage\":\"en-US\",\"@id\":\"https:\/\/lovelycosmetics.eu\/en\/producto\/cherie-perfilador-de-labios\/#primaryimage\",\"url\":\"https:\/\/lovelycosmetics.eu\/wp-content\/uploads\/2025\/04\/5905309913073_1.jpg\",\"contentUrl\":\"https:\/\/lovelycosmetics.eu\/wp-content\/uploads\/2025\/04\/5905309913073_1.jpg\",\"width\":800,\"height\":800},{\"@type\":\"BreadcrumbList\",\"@id\":\"https:\/\/lovelycosmetics.eu\/en\/producto\/cherie-perfilador-de-labios\/#breadcrumb\",\"itemListElement\":[{\"@type\":\"ListItem\",\"position\":1,\"name\":\"Portada\",\"item\":\"https:\/\/lovelycosmetics.eu\/en\/\"},{\"@type\":\"ListItem\",\"position\":2,\"name\":\"P\u00e1gina de inicio\",\"item\":\"https:\/\/lovelycosmetics.eu\/?page_id=16876\"},{\"@type\":\"ListItem\",\"position\":3,\"name\":\"Ch\u00e9rie Perfilador de labios\"}]},{\"@type\":\"WebSite\",\"@id\":\"https:\/\/lovelycosmetics.eu\/en\/#website\",\"url\":\"https:\/\/lovelycosmetics.eu\/en\/\",\"name\":\"Lovely\",\"description\":\"Lovely\",\"potentialAction\":[{\"@type\":\"SearchAction\",\"target\":{\"@type\":\"EntryPoint\",\"urlTemplate\":\"https:\/\/lovelycosmetics.eu\/en\/?s={search_term_string}\"},\"query-input\":{\"@type\":\"PropertyValueSpecification\",\"valueRequired\":true,\"valueName\":\"search_term_string\"}}],\"inLanguage\":\"en-US\"}]}<\/script>\n<!-- \/ Yoast SEO plugin. -->","yoast_head_json":{"title":"Ch\u00e9rie Perfilador de labios - Lovely","robots":{"index":"index","follow":"follow","max-snippet":"max-snippet:-1","max-image-preview":"max-image-preview:large","max-video-preview":"max-video-preview:-1"},"canonical":"https:\/\/lovelycosmetics.eu\/en\/producto\/cherie-perfilador-de-labios\/","og_locale":"en_US","og_type":"article","og_title":"Ch\u00e9rie Perfilador de labios - Lovely","og_description":"\u00a1Una peque\u00f1a dulzura que deleita no solo los sentidos, sino tambi\u00e9n la mirada! Le Petit es un topper brillante para ojos con part\u00edculas relucientes que destellan como cristales de az\u00facar. Perfecto para usar solo, para lograr un brillo inigualable, o combinado con sombras mate, a\u00f1adiendo dimensi\u00f3n y un efecto impresionante a cualquier maquillaje. Disponible en tres encantadores tonos inspirados en dulces parisinos: 1. Un brillo rosado azucarado que recuerda a los macarons de rosa. 2. Centelleos plateados y dorados como el az\u00facar caramelizado en la cima de un cr\u00e8me br\u00fbl\u00e9e. 3. Un tono c\u00e1lido de cereza con chocolate con destellos rosados y dorados, creando una armon\u00eda perfecta entre lo jugoso y lo dulce. El topper Le Petit es un verdadero placer para cualquier amante del brillo sin compromisos.","og_url":"https:\/\/lovelycosmetics.eu\/en\/producto\/cherie-perfilador-de-labios\/","og_site_name":"Lovely","article_modified_time":"2025-04-16T11:59:43+00:00","og_image":[{"width":800,"height":800,"url":"https:\/\/lovelycosmetics.eu\/wp-content\/uploads\/2025\/04\/5905309913073_1.jpg","type":"image\/jpeg"}],"twitter_card":"summary_large_image","schema":{"@context":"https:\/\/schema.org","@graph":[{"@type":"WebPage","@id":"https:\/\/lovelycosmetics.eu\/en\/producto\/cherie-perfilador-de-labios\/","url":"https:\/\/lovelycosmetics.eu\/en\/producto\/cherie-perfilador-de-labios\/","name":"Ch\u00e9rie Perfilador de labios - Lovely","isPartOf":{"@id":"https:\/\/lovelycosmetics.eu\/en\/#website"},"primaryImageOfPage":{"@id":"https:\/\/lovelycosmetics.eu\/en\/producto\/cherie-perfilador-de-labios\/#primaryimage"},"image":{"@id":"https:\/\/lovelycosmetics.eu\/en\/producto\/cherie-perfilador-de-labios\/#primaryimage"},"thumbnailUrl":"https:\/\/lovelycosmetics.eu\/wp-content\/uploads\/2025\/04\/5905309913073_1.jpg","datePublished":"2025-04-15T08:20:43+00:00","dateModified":"2025-04-16T11:59:43+00:00","breadcrumb":{"@id":"https:\/\/lovelycosmetics.eu\/en\/producto\/cherie-perfilador-de-labios\/#breadcrumb"},"inLanguage":"en-US","potentialAction":[{"@type":"ReadAction","target":["https:\/\/lovelycosmetics.eu\/en\/producto\/cherie-perfilador-de-labios\/"]}]},{"@type":"ImageObject","inLanguage":"en-US","@id":"https:\/\/lovelycosmetics.eu\/en\/producto\/cherie-perfilador-de-labios\/#primaryimage","url":"https:\/\/lovelycosmetics.eu\/wp-content\/uploads\/2025\/04\/5905309913073_1.jpg","contentUrl":"https:\/\/lovelycosmetics.eu\/wp-content\/uploads\/2025\/04\/5905309913073_1.jpg","width":800,"height":800},{"@type":"BreadcrumbList","@id":"https:\/\/lovelycosmetics.eu\/en\/producto\/cherie-perfilador-de-labios\/#breadcrumb","itemListElement":[{"@type":"ListItem","position":1,"name":"Portada","item":"https:\/\/lovelycosmetics.eu\/en\/"},{"@type":"ListItem","position":2,"name":"P\u00e1gina de inicio","item":"https:\/\/lovelycosmetics.eu\/?page_id=16876"},{"@type":"ListItem","position":3,"name":"Ch\u00e9rie Perfilador de labios"}]},{"@type":"WebSite","@id":"https:\/\/lovelycosmetics.eu\/en\/#website","url":"https:\/\/lovelycosmetics.eu\/en\/","name":"Lovely","description":"Lovely","potentialAction":[{"@type":"SearchAction","target":{"@type":"EntryPoint","urlTemplate":"https:\/\/lovelycosmetics.eu\/en\/?s={search_term_string}"},"query-input":{"@type":"PropertyValueSpecification","valueRequired":true,"valueName":"search_term_string"}}],"inLanguage":"en-US"}]}},"_links":{"self":[{"href":"https:\/\/lovelycosmetics.eu\/en\/wp-json\/wp\/v2\/product\/31325","targetHints":{"allow":["GET"]}}],"collection":[{"href":"https:\/\/lovelycosmetics.eu\/en\/wp-json\/wp\/v2\/product"}],"about":[{"href":"https:\/\/lovelycosmetics.eu\/en\/wp-json\/wp\/v2\/types\/product"}],"replies":[{"embeddable":true,"href":"https:\/\/lovelycosmetics.eu\/en\/wp-json\/wp\/v2\/comments?post=31325"}],"wp:featuredmedia":[{"embeddable":true,"href":"https:\/\/lovelycosmetics.eu\/en\/wp-json\/wp\/v2\/media\/29066"}],"wp:attachment":[{"href":"https:\/\/lovelycosmetics.eu\/en\/wp-json\/wp\/v2\/media?parent=31325"}],"wp:term":[{"taxonomy":"product_brand","embeddable":true,"href":"https:\/\/lovelycosmetics.eu\/en\/wp-json\/wp\/v2\/product_brand?post=31325"},{"taxonomy":"product_cat","embeddable":true,"href":"https:\/\/lovelycosmetics.eu\/en\/wp-json\/wp\/v2\/product_cat?post=31325"},{"taxonomy":"product_tag","embeddable":true,"href":"https:\/\/lovelycosmetics.eu\/en\/wp-json\/wp\/v2\/product_tag?post=31325"}],"curies":[{"name":"wp","href":"https:\/\/api.w.org\/{rel}","templated":true}]}}