{"id":31328,"date":"2025-04-15T08:20:41","date_gmt":"2025-04-15T08:20:41","guid":{"rendered":"https:\/\/lovelycosmetics.eu\/producto\/la-vie-en-rose-colorete-cocido\/"},"modified":"2025-04-16T11:59:43","modified_gmt":"2025-04-16T11:59:43","slug":"la-vie-en-rose-colorete-cocido","status":"publish","type":"product","link":"https:\/\/lovelycosmetics.eu\/en\/producto\/la-vie-en-rose-colorete-cocido\/","title":{"rendered":"La Vie En Rose Colorete cocido"},"content":{"rendered":"<h4>How to use<\/h4>\n<p>To properly apply blush, pick up some product with a brush and apply it to your cheeks or cheekbones. Gradually build up the color to achieve a more natural effect.<\/p>\n<\/p>\n<h4>Ingredients<\/h4>\n<p>Mica, Synthetic Fluorphlogopite, Boron Nitride, Dimethicone, Hydrogenated Polyisobutene, Magnesium Aluminum Silicate, Silica, Aluminum Hydroxide, Oryza Sativa Starch, Pentaerythrityl Tetraisostearate, Phenoxyethanol, Caprylyl Glycol, Diethylhexyl Syringylidenemalonate, Parfum, Triethoxycaprylylsilane, Cap<\/p>\n","protected":false},"excerpt":{"rendered":"<p>Mira el mundo a trav\u00e9s de lentes color rosa con La Vie En Rose. Este rubor horneado no solo acent\u00faa las mejillas con un color natural, sino que tambi\u00e9n les aporta un brillo radiante. Sus part\u00edculas iluminadoras reflejan suavemente la luz, dejando el rostro fresco y luminoso.<br \/>\nDisponible en tres tonos deslumbrantes y vers\u00e1tiles. Gracias a su f\u00f3rmula aterciopelada y horneada, el producto no se desmorona, haciendo que la aplicaci\u00f3n sea un verdadero placer. Ajusta la intensidad del color seg\u00fan tu estado de \u00e1nimo.<\/p>\n","protected":false},"featured_media":31277,"comment_status":"closed","ping_status":"closed","template":"","meta":[],"product_brand":[],"product_cat":[894,1853],"product_tag":[1915,1855,1916],"class_list":{"0":"post-31328","1":"product","2":"type-product","3":"status-publish","4":"has-post-thumbnail","6":"product_cat-blusher","7":"product_cat-moda-bonjour-beute-en","8":"product_tag-coloretes-iluminadores-bronceadores-en","9":"product_tag-moda-bonjour-beute-en","10":"product_tag-rostro-en","12":"first","13":"instock","14":"shipping-taxable","15":"purchasable","16":"product-type-variable"},"yoast_head":"<!-- This site is optimized with the Yoast SEO plugin v24.9 - https:\/\/yoast.com\/wordpress\/plugins\/seo\/ -->\n<title>La Vie En Rose Colorete cocido - Lovely<\/title>\n<meta name=\"robots\" content=\"index, follow, max-snippet:-1, max-image-preview:large, max-video-preview:-1\" \/>\n<link rel=\"canonical\" href=\"https:\/\/lovelycosmetics.eu\/en\/producto\/la-vie-en-rose-colorete-cocido\/\" \/>\n<meta property=\"og:locale\" content=\"en_US\" \/>\n<meta property=\"og:type\" content=\"article\" \/>\n<meta property=\"og:title\" content=\"La Vie En Rose Colorete cocido - Lovely\" \/>\n<meta property=\"og:description\" content=\"Mira el mundo a trav\u00e9s de lentes color rosa con La Vie En Rose. Este rubor horneado no solo acent\u00faa las mejillas con un color natural, sino que tambi\u00e9n les aporta un brillo radiante. Sus part\u00edculas iluminadoras reflejan suavemente la luz, dejando el rostro fresco y luminoso. Disponible en tres tonos deslumbrantes y vers\u00e1tiles. Gracias a su f\u00f3rmula aterciopelada y horneada, el producto no se desmorona, haciendo que la aplicaci\u00f3n sea un verdadero placer. Ajusta la intensidad del color seg\u00fan tu estado de \u00e1nimo.\" \/>\n<meta property=\"og:url\" content=\"https:\/\/lovelycosmetics.eu\/en\/producto\/la-vie-en-rose-colorete-cocido\/\" \/>\n<meta property=\"og:site_name\" content=\"Lovely\" \/>\n<meta property=\"article:modified_time\" content=\"2025-04-16T11:59:43+00:00\" \/>\n<meta property=\"og:image\" content=\"https:\/\/lovelycosmetics.eu\/wp-content\/uploads\/2025\/04\/5905309913011_1b.jpg\" \/>\n\t<meta property=\"og:image:width\" content=\"800\" \/>\n\t<meta property=\"og:image:height\" content=\"800\" \/>\n\t<meta property=\"og:image:type\" content=\"image\/jpeg\" \/>\n<meta name=\"twitter:card\" content=\"summary_large_image\" \/>\n<meta name=\"twitter:label1\" content=\"Est. reading time\" \/>\n\t<meta name=\"twitter:data1\" content=\"1 minute\" \/>\n<script type=\"application\/ld+json\" class=\"yoast-schema-graph\">{\"@context\":\"https:\/\/schema.org\",\"@graph\":[{\"@type\":\"WebPage\",\"@id\":\"https:\/\/lovelycosmetics.eu\/en\/producto\/la-vie-en-rose-colorete-cocido\/\",\"url\":\"https:\/\/lovelycosmetics.eu\/en\/producto\/la-vie-en-rose-colorete-cocido\/\",\"name\":\"La Vie En Rose Colorete cocido - Lovely\",\"isPartOf\":{\"@id\":\"https:\/\/lovelycosmetics.eu\/en\/#website\"},\"primaryImageOfPage\":{\"@id\":\"https:\/\/lovelycosmetics.eu\/en\/producto\/la-vie-en-rose-colorete-cocido\/#primaryimage\"},\"image\":{\"@id\":\"https:\/\/lovelycosmetics.eu\/en\/producto\/la-vie-en-rose-colorete-cocido\/#primaryimage\"},\"thumbnailUrl\":\"https:\/\/lovelycosmetics.eu\/wp-content\/uploads\/2025\/04\/5905309913011_1b.jpg\",\"datePublished\":\"2025-04-15T08:20:41+00:00\",\"dateModified\":\"2025-04-16T11:59:43+00:00\",\"breadcrumb\":{\"@id\":\"https:\/\/lovelycosmetics.eu\/en\/producto\/la-vie-en-rose-colorete-cocido\/#breadcrumb\"},\"inLanguage\":\"en-US\",\"potentialAction\":[{\"@type\":\"ReadAction\",\"target\":[\"https:\/\/lovelycosmetics.eu\/en\/producto\/la-vie-en-rose-colorete-cocido\/\"]}]},{\"@type\":\"ImageObject\",\"inLanguage\":\"en-US\",\"@id\":\"https:\/\/lovelycosmetics.eu\/en\/producto\/la-vie-en-rose-colorete-cocido\/#primaryimage\",\"url\":\"https:\/\/lovelycosmetics.eu\/wp-content\/uploads\/2025\/04\/5905309913011_1b.jpg\",\"contentUrl\":\"https:\/\/lovelycosmetics.eu\/wp-content\/uploads\/2025\/04\/5905309913011_1b.jpg\",\"width\":800,\"height\":800,\"caption\":\"la vie en rose\"},{\"@type\":\"BreadcrumbList\",\"@id\":\"https:\/\/lovelycosmetics.eu\/en\/producto\/la-vie-en-rose-colorete-cocido\/#breadcrumb\",\"itemListElement\":[{\"@type\":\"ListItem\",\"position\":1,\"name\":\"Portada\",\"item\":\"https:\/\/lovelycosmetics.eu\/en\/\"},{\"@type\":\"ListItem\",\"position\":2,\"name\":\"P\u00e1gina de inicio\",\"item\":\"https:\/\/lovelycosmetics.eu\/?page_id=16876\"},{\"@type\":\"ListItem\",\"position\":3,\"name\":\"La Vie En Rose Colorete cocido\"}]},{\"@type\":\"WebSite\",\"@id\":\"https:\/\/lovelycosmetics.eu\/en\/#website\",\"url\":\"https:\/\/lovelycosmetics.eu\/en\/\",\"name\":\"Lovely\",\"description\":\"Lovely\",\"potentialAction\":[{\"@type\":\"SearchAction\",\"target\":{\"@type\":\"EntryPoint\",\"urlTemplate\":\"https:\/\/lovelycosmetics.eu\/en\/?s={search_term_string}\"},\"query-input\":{\"@type\":\"PropertyValueSpecification\",\"valueRequired\":true,\"valueName\":\"search_term_string\"}}],\"inLanguage\":\"en-US\"}]}<\/script>\n<!-- \/ Yoast SEO plugin. -->","yoast_head_json":{"title":"La Vie En Rose Colorete cocido - Lovely","robots":{"index":"index","follow":"follow","max-snippet":"max-snippet:-1","max-image-preview":"max-image-preview:large","max-video-preview":"max-video-preview:-1"},"canonical":"https:\/\/lovelycosmetics.eu\/en\/producto\/la-vie-en-rose-colorete-cocido\/","og_locale":"en_US","og_type":"article","og_title":"La Vie En Rose Colorete cocido - Lovely","og_description":"Mira el mundo a trav\u00e9s de lentes color rosa con La Vie En Rose. Este rubor horneado no solo acent\u00faa las mejillas con un color natural, sino que tambi\u00e9n les aporta un brillo radiante. Sus part\u00edculas iluminadoras reflejan suavemente la luz, dejando el rostro fresco y luminoso. Disponible en tres tonos deslumbrantes y vers\u00e1tiles. Gracias a su f\u00f3rmula aterciopelada y horneada, el producto no se desmorona, haciendo que la aplicaci\u00f3n sea un verdadero placer. Ajusta la intensidad del color seg\u00fan tu estado de \u00e1nimo.","og_url":"https:\/\/lovelycosmetics.eu\/en\/producto\/la-vie-en-rose-colorete-cocido\/","og_site_name":"Lovely","article_modified_time":"2025-04-16T11:59:43+00:00","og_image":[{"width":800,"height":800,"url":"https:\/\/lovelycosmetics.eu\/wp-content\/uploads\/2025\/04\/5905309913011_1b.jpg","type":"image\/jpeg"}],"twitter_card":"summary_large_image","twitter_misc":{"Est. reading time":"1 minute"},"schema":{"@context":"https:\/\/schema.org","@graph":[{"@type":"WebPage","@id":"https:\/\/lovelycosmetics.eu\/en\/producto\/la-vie-en-rose-colorete-cocido\/","url":"https:\/\/lovelycosmetics.eu\/en\/producto\/la-vie-en-rose-colorete-cocido\/","name":"La Vie En Rose Colorete cocido - Lovely","isPartOf":{"@id":"https:\/\/lovelycosmetics.eu\/en\/#website"},"primaryImageOfPage":{"@id":"https:\/\/lovelycosmetics.eu\/en\/producto\/la-vie-en-rose-colorete-cocido\/#primaryimage"},"image":{"@id":"https:\/\/lovelycosmetics.eu\/en\/producto\/la-vie-en-rose-colorete-cocido\/#primaryimage"},"thumbnailUrl":"https:\/\/lovelycosmetics.eu\/wp-content\/uploads\/2025\/04\/5905309913011_1b.jpg","datePublished":"2025-04-15T08:20:41+00:00","dateModified":"2025-04-16T11:59:43+00:00","breadcrumb":{"@id":"https:\/\/lovelycosmetics.eu\/en\/producto\/la-vie-en-rose-colorete-cocido\/#breadcrumb"},"inLanguage":"en-US","potentialAction":[{"@type":"ReadAction","target":["https:\/\/lovelycosmetics.eu\/en\/producto\/la-vie-en-rose-colorete-cocido\/"]}]},{"@type":"ImageObject","inLanguage":"en-US","@id":"https:\/\/lovelycosmetics.eu\/en\/producto\/la-vie-en-rose-colorete-cocido\/#primaryimage","url":"https:\/\/lovelycosmetics.eu\/wp-content\/uploads\/2025\/04\/5905309913011_1b.jpg","contentUrl":"https:\/\/lovelycosmetics.eu\/wp-content\/uploads\/2025\/04\/5905309913011_1b.jpg","width":800,"height":800,"caption":"la vie en rose"},{"@type":"BreadcrumbList","@id":"https:\/\/lovelycosmetics.eu\/en\/producto\/la-vie-en-rose-colorete-cocido\/#breadcrumb","itemListElement":[{"@type":"ListItem","position":1,"name":"Portada","item":"https:\/\/lovelycosmetics.eu\/en\/"},{"@type":"ListItem","position":2,"name":"P\u00e1gina de inicio","item":"https:\/\/lovelycosmetics.eu\/?page_id=16876"},{"@type":"ListItem","position":3,"name":"La Vie En Rose Colorete cocido"}]},{"@type":"WebSite","@id":"https:\/\/lovelycosmetics.eu\/en\/#website","url":"https:\/\/lovelycosmetics.eu\/en\/","name":"Lovely","description":"Lovely","potentialAction":[{"@type":"SearchAction","target":{"@type":"EntryPoint","urlTemplate":"https:\/\/lovelycosmetics.eu\/en\/?s={search_term_string}"},"query-input":{"@type":"PropertyValueSpecification","valueRequired":true,"valueName":"search_term_string"}}],"inLanguage":"en-US"}]}},"_links":{"self":[{"href":"https:\/\/lovelycosmetics.eu\/en\/wp-json\/wp\/v2\/product\/31328","targetHints":{"allow":["GET"]}}],"collection":[{"href":"https:\/\/lovelycosmetics.eu\/en\/wp-json\/wp\/v2\/product"}],"about":[{"href":"https:\/\/lovelycosmetics.eu\/en\/wp-json\/wp\/v2\/types\/product"}],"replies":[{"embeddable":true,"href":"https:\/\/lovelycosmetics.eu\/en\/wp-json\/wp\/v2\/comments?post=31328"}],"wp:featuredmedia":[{"embeddable":true,"href":"https:\/\/lovelycosmetics.eu\/en\/wp-json\/wp\/v2\/media\/31277"}],"wp:attachment":[{"href":"https:\/\/lovelycosmetics.eu\/en\/wp-json\/wp\/v2\/media?parent=31328"}],"wp:term":[{"taxonomy":"product_brand","embeddable":true,"href":"https:\/\/lovelycosmetics.eu\/en\/wp-json\/wp\/v2\/product_brand?post=31328"},{"taxonomy":"product_cat","embeddable":true,"href":"https:\/\/lovelycosmetics.eu\/en\/wp-json\/wp\/v2\/product_cat?post=31328"},{"taxonomy":"product_tag","embeddable":true,"href":"https:\/\/lovelycosmetics.eu\/en\/wp-json\/wp\/v2\/product_tag?post=31328"}],"curies":[{"name":"wp","href":"https:\/\/api.w.org\/{rel}","templated":true}]}}