{"id":31332,"date":"2025-04-15T08:20:41","date_gmt":"2025-04-15T08:20:41","guid":{"rendered":"https:\/\/lovelycosmetics.eu\/producto\/bisou-jelly-cooling-lipgloss\/"},"modified":"2025-04-16T11:59:43","modified_gmt":"2025-04-16T11:59:43","slug":"bisou-jelly-cooling-lipgloss","status":"publish","type":"product","link":"https:\/\/lovelycosmetics.eu\/en\/producto\/bisou-jelly-cooling-lipgloss\/","title":{"rendered":"Bisou Jelly Cooling Lipgloss"},"content":{"rendered":"<h4>How to use<\/h4>\n<p>Prepare your lips by removing any impurities with an exfoliation if needed. Apply the lip gloss to the center of the lower lip and across the entire upper lip. This will help avoid unsightly smudges at the corners of your mouth. Gently rub your lips together to naturally blend the gloss. Another way to use it is by applying the gloss only in the center of both the upper and lower lips to create a fuller, plumper effect.<\/p>\n<\/p>\n<h4>Ingredients<\/h4>\n<p>Hydrogenated Polyisobutene, Prunus Armeniaca Kernel Oil, Polybutene, Coco-Caprylate\/Caprate, Tridecyl Trimellitate, Silica, Ethylene\/Propylene\/Styrene Copolymer, Paraffin, Cera Microcristallina, Tocopheryl Acetate, Parfum, Lauryl PEG\/PPG-18\/18 Methicone, Butylene\/Ethylene\/Styrene Copolymer, Calcium Sodium Borosilicate, Ethylhexyl Methoxycinnamate, Menthol, Glycerin, Ethylhexyl Salicylate, Butyl Methoxydibenzoylmethane, Caprylyl Glycol, Phenoxyethanol, Isostearyl Alcohol, Sodium Saccharin, Hexylene Glycol, Mica, Octyldodecanol, Tin Oxide, Sorbitan Oleate, Stearic Acid, Magnesium Hydroxide, Aluminum Hydroxide, BHT, Aqua, Hexyl Cinnamal, Benzyl Alcohol, CI 77891, CI 45410, CI 75470.<\/p>\n","protected":false},"excerpt":{"rendered":"<p>Conoce Bisou, un brillo de labios inspirado en la elegancia parisina. Su exclusiva f\u00f3rmula gelatinosa y part\u00edculas brillantes otorgan a los labios un efecto 3D, haci\u00e9ndolos lucir m\u00e1s voluminosos y radiantes. El efecto refrescante adicional proporciona una sensaci\u00f3n de frescura ideal para los d\u00edas m\u00e1s c\u00e1lidos que se avecinan.<br \/>\nEl encantador envase con un aplicador grande hace que la aplicaci\u00f3n sea r\u00e1pida y sencilla, asegur\u00e1ndote de que tu brillo favorito siempre est\u00e9 a la mano.<br \/>\nDisponible en tres colores que combinan un brillo impactante con el chic franc\u00e9s. El complemento perfecto tanto para tus estilismos diarios como para ocasiones especiales.<\/p>\n","protected":false},"featured_media":28967,"comment_status":"closed","ping_status":"closed","template":"","meta":[],"product_brand":[],"product_cat":[875,1853],"product_tag":[1860,1861,1855],"class_list":{"0":"post-31332","1":"product","2":"type-product","3":"status-publish","4":"has-post-thumbnail","6":"product_cat-lip-gloss","7":"product_cat-moda-bonjour-beute-en","8":"product_tag-brillo-de-labios-en","9":"product_tag-labios-en","10":"product_tag-moda-bonjour-beute-en","12":"first","13":"instock","14":"shipping-taxable","15":"purchasable","16":"product-type-variable"},"yoast_head":"<!-- This site is optimized with the Yoast SEO plugin v24.9 - https:\/\/yoast.com\/wordpress\/plugins\/seo\/ -->\n<title>Bisou Jelly Cooling Lipgloss - Lovely<\/title>\n<meta name=\"robots\" content=\"index, follow, max-snippet:-1, max-image-preview:large, max-video-preview:-1\" \/>\n<link rel=\"canonical\" href=\"https:\/\/lovelycosmetics.eu\/en\/producto\/bisou-jelly-cooling-lipgloss\/\" \/>\n<meta property=\"og:locale\" content=\"en_US\" \/>\n<meta property=\"og:type\" content=\"article\" \/>\n<meta property=\"og:title\" content=\"Bisou Jelly Cooling Lipgloss - Lovely\" \/>\n<meta property=\"og:description\" content=\"Conoce Bisou, un brillo de labios inspirado en la elegancia parisina. Su exclusiva f\u00f3rmula gelatinosa y part\u00edculas brillantes otorgan a los labios un efecto 3D, haci\u00e9ndolos lucir m\u00e1s voluminosos y radiantes. El efecto refrescante adicional proporciona una sensaci\u00f3n de frescura ideal para los d\u00edas m\u00e1s c\u00e1lidos que se avecinan. El encantador envase con un aplicador grande hace que la aplicaci\u00f3n sea r\u00e1pida y sencilla, asegur\u00e1ndote de que tu brillo favorito siempre est\u00e9 a la mano. Disponible en tres colores que combinan un brillo impactante con el chic franc\u00e9s. El complemento perfecto tanto para tus estilismos diarios como para ocasiones especiales.\" \/>\n<meta property=\"og:url\" content=\"https:\/\/lovelycosmetics.eu\/en\/producto\/bisou-jelly-cooling-lipgloss\/\" \/>\n<meta property=\"og:site_name\" content=\"Lovely\" \/>\n<meta property=\"article:modified_time\" content=\"2025-04-16T11:59:43+00:00\" \/>\n<meta property=\"og:image\" content=\"https:\/\/lovelycosmetics.eu\/wp-content\/uploads\/2025\/04\/5905309912960_1.jpg\" \/>\n\t<meta property=\"og:image:width\" content=\"800\" \/>\n\t<meta property=\"og:image:height\" content=\"800\" \/>\n\t<meta property=\"og:image:type\" content=\"image\/jpeg\" \/>\n<meta name=\"twitter:card\" content=\"summary_large_image\" \/>\n<meta name=\"twitter:label1\" content=\"Est. reading time\" \/>\n\t<meta name=\"twitter:data1\" content=\"1 minute\" \/>\n<script type=\"application\/ld+json\" class=\"yoast-schema-graph\">{\"@context\":\"https:\/\/schema.org\",\"@graph\":[{\"@type\":\"WebPage\",\"@id\":\"https:\/\/lovelycosmetics.eu\/en\/producto\/bisou-jelly-cooling-lipgloss\/\",\"url\":\"https:\/\/lovelycosmetics.eu\/en\/producto\/bisou-jelly-cooling-lipgloss\/\",\"name\":\"Bisou Jelly Cooling Lipgloss - Lovely\",\"isPartOf\":{\"@id\":\"https:\/\/lovelycosmetics.eu\/en\/#website\"},\"primaryImageOfPage\":{\"@id\":\"https:\/\/lovelycosmetics.eu\/en\/producto\/bisou-jelly-cooling-lipgloss\/#primaryimage\"},\"image\":{\"@id\":\"https:\/\/lovelycosmetics.eu\/en\/producto\/bisou-jelly-cooling-lipgloss\/#primaryimage\"},\"thumbnailUrl\":\"https:\/\/lovelycosmetics.eu\/wp-content\/uploads\/2025\/04\/5905309912960_1.jpg\",\"datePublished\":\"2025-04-15T08:20:41+00:00\",\"dateModified\":\"2025-04-16T11:59:43+00:00\",\"breadcrumb\":{\"@id\":\"https:\/\/lovelycosmetics.eu\/en\/producto\/bisou-jelly-cooling-lipgloss\/#breadcrumb\"},\"inLanguage\":\"en-US\",\"potentialAction\":[{\"@type\":\"ReadAction\",\"target\":[\"https:\/\/lovelycosmetics.eu\/en\/producto\/bisou-jelly-cooling-lipgloss\/\"]}]},{\"@type\":\"ImageObject\",\"inLanguage\":\"en-US\",\"@id\":\"https:\/\/lovelycosmetics.eu\/en\/producto\/bisou-jelly-cooling-lipgloss\/#primaryimage\",\"url\":\"https:\/\/lovelycosmetics.eu\/wp-content\/uploads\/2025\/04\/5905309912960_1.jpg\",\"contentUrl\":\"https:\/\/lovelycosmetics.eu\/wp-content\/uploads\/2025\/04\/5905309912960_1.jpg\",\"width\":800,\"height\":800},{\"@type\":\"BreadcrumbList\",\"@id\":\"https:\/\/lovelycosmetics.eu\/en\/producto\/bisou-jelly-cooling-lipgloss\/#breadcrumb\",\"itemListElement\":[{\"@type\":\"ListItem\",\"position\":1,\"name\":\"Portada\",\"item\":\"https:\/\/lovelycosmetics.eu\/en\/\"},{\"@type\":\"ListItem\",\"position\":2,\"name\":\"P\u00e1gina de inicio\",\"item\":\"https:\/\/lovelycosmetics.eu\/?page_id=16876\"},{\"@type\":\"ListItem\",\"position\":3,\"name\":\"Bisou Jelly Cooling Lipgloss\"}]},{\"@type\":\"WebSite\",\"@id\":\"https:\/\/lovelycosmetics.eu\/en\/#website\",\"url\":\"https:\/\/lovelycosmetics.eu\/en\/\",\"name\":\"Lovely\",\"description\":\"Lovely\",\"potentialAction\":[{\"@type\":\"SearchAction\",\"target\":{\"@type\":\"EntryPoint\",\"urlTemplate\":\"https:\/\/lovelycosmetics.eu\/en\/?s={search_term_string}\"},\"query-input\":{\"@type\":\"PropertyValueSpecification\",\"valueRequired\":true,\"valueName\":\"search_term_string\"}}],\"inLanguage\":\"en-US\"}]}<\/script>\n<!-- \/ Yoast SEO plugin. -->","yoast_head_json":{"title":"Bisou Jelly Cooling Lipgloss - Lovely","robots":{"index":"index","follow":"follow","max-snippet":"max-snippet:-1","max-image-preview":"max-image-preview:large","max-video-preview":"max-video-preview:-1"},"canonical":"https:\/\/lovelycosmetics.eu\/en\/producto\/bisou-jelly-cooling-lipgloss\/","og_locale":"en_US","og_type":"article","og_title":"Bisou Jelly Cooling Lipgloss - Lovely","og_description":"Conoce Bisou, un brillo de labios inspirado en la elegancia parisina. Su exclusiva f\u00f3rmula gelatinosa y part\u00edculas brillantes otorgan a los labios un efecto 3D, haci\u00e9ndolos lucir m\u00e1s voluminosos y radiantes. El efecto refrescante adicional proporciona una sensaci\u00f3n de frescura ideal para los d\u00edas m\u00e1s c\u00e1lidos que se avecinan. El encantador envase con un aplicador grande hace que la aplicaci\u00f3n sea r\u00e1pida y sencilla, asegur\u00e1ndote de que tu brillo favorito siempre est\u00e9 a la mano. Disponible en tres colores que combinan un brillo impactante con el chic franc\u00e9s. El complemento perfecto tanto para tus estilismos diarios como para ocasiones especiales.","og_url":"https:\/\/lovelycosmetics.eu\/en\/producto\/bisou-jelly-cooling-lipgloss\/","og_site_name":"Lovely","article_modified_time":"2025-04-16T11:59:43+00:00","og_image":[{"width":800,"height":800,"url":"https:\/\/lovelycosmetics.eu\/wp-content\/uploads\/2025\/04\/5905309912960_1.jpg","type":"image\/jpeg"}],"twitter_card":"summary_large_image","twitter_misc":{"Est. reading time":"1 minute"},"schema":{"@context":"https:\/\/schema.org","@graph":[{"@type":"WebPage","@id":"https:\/\/lovelycosmetics.eu\/en\/producto\/bisou-jelly-cooling-lipgloss\/","url":"https:\/\/lovelycosmetics.eu\/en\/producto\/bisou-jelly-cooling-lipgloss\/","name":"Bisou Jelly Cooling Lipgloss - Lovely","isPartOf":{"@id":"https:\/\/lovelycosmetics.eu\/en\/#website"},"primaryImageOfPage":{"@id":"https:\/\/lovelycosmetics.eu\/en\/producto\/bisou-jelly-cooling-lipgloss\/#primaryimage"},"image":{"@id":"https:\/\/lovelycosmetics.eu\/en\/producto\/bisou-jelly-cooling-lipgloss\/#primaryimage"},"thumbnailUrl":"https:\/\/lovelycosmetics.eu\/wp-content\/uploads\/2025\/04\/5905309912960_1.jpg","datePublished":"2025-04-15T08:20:41+00:00","dateModified":"2025-04-16T11:59:43+00:00","breadcrumb":{"@id":"https:\/\/lovelycosmetics.eu\/en\/producto\/bisou-jelly-cooling-lipgloss\/#breadcrumb"},"inLanguage":"en-US","potentialAction":[{"@type":"ReadAction","target":["https:\/\/lovelycosmetics.eu\/en\/producto\/bisou-jelly-cooling-lipgloss\/"]}]},{"@type":"ImageObject","inLanguage":"en-US","@id":"https:\/\/lovelycosmetics.eu\/en\/producto\/bisou-jelly-cooling-lipgloss\/#primaryimage","url":"https:\/\/lovelycosmetics.eu\/wp-content\/uploads\/2025\/04\/5905309912960_1.jpg","contentUrl":"https:\/\/lovelycosmetics.eu\/wp-content\/uploads\/2025\/04\/5905309912960_1.jpg","width":800,"height":800},{"@type":"BreadcrumbList","@id":"https:\/\/lovelycosmetics.eu\/en\/producto\/bisou-jelly-cooling-lipgloss\/#breadcrumb","itemListElement":[{"@type":"ListItem","position":1,"name":"Portada","item":"https:\/\/lovelycosmetics.eu\/en\/"},{"@type":"ListItem","position":2,"name":"P\u00e1gina de inicio","item":"https:\/\/lovelycosmetics.eu\/?page_id=16876"},{"@type":"ListItem","position":3,"name":"Bisou Jelly Cooling Lipgloss"}]},{"@type":"WebSite","@id":"https:\/\/lovelycosmetics.eu\/en\/#website","url":"https:\/\/lovelycosmetics.eu\/en\/","name":"Lovely","description":"Lovely","potentialAction":[{"@type":"SearchAction","target":{"@type":"EntryPoint","urlTemplate":"https:\/\/lovelycosmetics.eu\/en\/?s={search_term_string}"},"query-input":{"@type":"PropertyValueSpecification","valueRequired":true,"valueName":"search_term_string"}}],"inLanguage":"en-US"}]}},"_links":{"self":[{"href":"https:\/\/lovelycosmetics.eu\/en\/wp-json\/wp\/v2\/product\/31332","targetHints":{"allow":["GET"]}}],"collection":[{"href":"https:\/\/lovelycosmetics.eu\/en\/wp-json\/wp\/v2\/product"}],"about":[{"href":"https:\/\/lovelycosmetics.eu\/en\/wp-json\/wp\/v2\/types\/product"}],"replies":[{"embeddable":true,"href":"https:\/\/lovelycosmetics.eu\/en\/wp-json\/wp\/v2\/comments?post=31332"}],"wp:featuredmedia":[{"embeddable":true,"href":"https:\/\/lovelycosmetics.eu\/en\/wp-json\/wp\/v2\/media\/28967"}],"wp:attachment":[{"href":"https:\/\/lovelycosmetics.eu\/en\/wp-json\/wp\/v2\/media?parent=31332"}],"wp:term":[{"taxonomy":"product_brand","embeddable":true,"href":"https:\/\/lovelycosmetics.eu\/en\/wp-json\/wp\/v2\/product_brand?post=31332"},{"taxonomy":"product_cat","embeddable":true,"href":"https:\/\/lovelycosmetics.eu\/en\/wp-json\/wp\/v2\/product_cat?post=31332"},{"taxonomy":"product_tag","embeddable":true,"href":"https:\/\/lovelycosmetics.eu\/en\/wp-json\/wp\/v2\/product_tag?post=31332"}],"curies":[{"name":"wp","href":"https:\/\/api.w.org\/{rel}","templated":true}]}}