{"id":26714,"date":"2023-06-08T10:50:58","date_gmt":"2023-06-08T10:50:58","guid":{"rendered":"https:\/\/lovelycosmetics.eu\/?post_type=product&#038;p=26714"},"modified":"2024-01-17T08:22:06","modified_gmt":"2024-01-17T08:22:06","slug":"iluminador-en-gelatina-silver","status":"publish","type":"product","link":"https:\/\/lovelycosmetics.eu\/pt-pt\/producto\/iluminador-en-gelatina-silver\/","title":{"rendered":"Iluminador\n  Jelly\n    Silver"},"content":{"rendered":"<h4>Modo<br \/>\nde uso<\/h4>\n<p>Quando tiver a sua pele maquilhada e pronta, pegue numa pincelada do iluminador e aplique-a logo acima das bochechas para real\u00e7ar as ma\u00e7\u00e3s do rosto, debaixo do arco da sobrancelha para levantar a p\u00e1lpebra e no canal da l\u00e1grima do olho para abrir o olhar. Tamb\u00e9m se pode pincelar no arco do cupido para ampliar visualmente os l\u00e1bios e no septo do nariz para o afiar.<\/p>\n","protected":false},"excerpt":{"rendered":"<p>Um<br \/>\n  iluminador facial<br \/>\n    com uma f\u00f3rmula parecida com um gel e um tom fresco. Cria um efeito<br \/>\n  espelhado<br \/>\n    maravilhoso ap\u00f3s a primeira aplica\u00e7\u00e3o, dando \u00e0 pele um brilho saud\u00e1vel<br \/>\n  e<br \/>\n    refrescante. A f\u00f3rmula invulgar do gel permite que o produto seja<br \/>\n  aplicado<br \/>\n    r\u00e1pida e facilmente com o dedo, ao mesmo tempo que aumenta a ader\u00eancia<br \/>\n  \u00e0<br \/>\n    pele. A pele n\u00e3o \u00e9 exposta \u00e0 sensa\u00e7\u00e3o de secagem que os p\u00f3s podem causar.<\/p>\n","protected":false},"featured_media":26574,"comment_status":"closed","ping_status":"closed","template":"","meta":[],"product_brand":[],"product_cat":[1168,1183],"product_tag":[],"class_list":{"0":"post-26714","1":"product","2":"type-product","3":"status-publish","4":"has-post-thumbnail","6":"product_cat-blusher-iluminador-bronzeador","7":"product_cat-novo-2023","9":"first","10":"instock","11":"shipping-taxable","12":"purchasable","13":"product-type-variable"},"yoast_head":"<!-- This site is optimized with the Yoast SEO plugin v24.9 - https:\/\/yoast.com\/wordpress\/plugins\/seo\/ -->\n<title>Iluminador  Jelly   Silver - Lovely<\/title>\n<meta name=\"robots\" content=\"index, follow, max-snippet:-1, max-image-preview:large, max-video-preview:-1\" \/>\n<link rel=\"canonical\" href=\"https:\/\/lovelycosmetics.eu\/pt-pt\/producto\/iluminador-en-gelatina-silver\/\" \/>\n<meta property=\"og:locale\" content=\"pt_PT\" \/>\n<meta property=\"og:type\" content=\"article\" \/>\n<meta property=\"og:title\" content=\"Iluminador  Jelly   Silver - Lovely\" \/>\n<meta property=\"og:description\" content=\"Um  iluminador facial   com uma f\u00f3rmula parecida com um gel e um tom fresco. Cria um efeito  espelhado   maravilhoso ap\u00f3s a primeira aplica\u00e7\u00e3o, dando \u00e0 pele um brilho saud\u00e1vel  e   refrescante. A f\u00f3rmula invulgar do gel permite que o produto seja  aplicado   r\u00e1pida e facilmente com o dedo, ao mesmo tempo que aumenta a ader\u00eancia  \u00e0   pele. A pele n\u00e3o \u00e9 exposta \u00e0 sensa\u00e7\u00e3o de secagem que os p\u00f3s podem causar.\" \/>\n<meta property=\"og:url\" content=\"https:\/\/lovelycosmetics.eu\/pt-pt\/producto\/iluminador-en-gelatina-silver\/\" \/>\n<meta property=\"og:site_name\" content=\"Lovely\" \/>\n<meta property=\"article:modified_time\" content=\"2024-01-17T08:22:06+00:00\" \/>\n<meta property=\"og:image\" content=\"https:\/\/lovelycosmetics.eu\/wp-content\/uploads\/2023\/06\/lce716@50.jpg\" \/>\n\t<meta property=\"og:image:width\" content=\"800\" \/>\n\t<meta property=\"og:image:height\" content=\"800\" \/>\n\t<meta property=\"og:image:type\" content=\"image\/jpeg\" \/>\n<meta name=\"twitter:card\" content=\"summary_large_image\" \/>\n<script type=\"application\/ld+json\" class=\"yoast-schema-graph\">{\"@context\":\"https:\/\/schema.org\",\"@graph\":[{\"@type\":\"WebPage\",\"@id\":\"https:\/\/lovelycosmetics.eu\/pt-pt\/producto\/iluminador-en-gelatina-silver\/\",\"url\":\"https:\/\/lovelycosmetics.eu\/pt-pt\/producto\/iluminador-en-gelatina-silver\/\",\"name\":\"Iluminador Jelly Silver - Lovely\",\"isPartOf\":{\"@id\":\"https:\/\/lovelycosmetics.eu\/pt-pt\/#website\"},\"primaryImageOfPage\":{\"@id\":\"https:\/\/lovelycosmetics.eu\/pt-pt\/producto\/iluminador-en-gelatina-silver\/#primaryimage\"},\"image\":{\"@id\":\"https:\/\/lovelycosmetics.eu\/pt-pt\/producto\/iluminador-en-gelatina-silver\/#primaryimage\"},\"thumbnailUrl\":\"https:\/\/lovelycosmetics.eu\/wp-content\/uploads\/2023\/06\/lce716@50.jpg\",\"datePublished\":\"2023-06-08T10:50:58+00:00\",\"dateModified\":\"2024-01-17T08:22:06+00:00\",\"breadcrumb\":{\"@id\":\"https:\/\/lovelycosmetics.eu\/pt-pt\/producto\/iluminador-en-gelatina-silver\/#breadcrumb\"},\"inLanguage\":\"pt-PT\",\"potentialAction\":[{\"@type\":\"ReadAction\",\"target\":[\"https:\/\/lovelycosmetics.eu\/pt-pt\/producto\/iluminador-en-gelatina-silver\/\"]}]},{\"@type\":\"ImageObject\",\"inLanguage\":\"pt-PT\",\"@id\":\"https:\/\/lovelycosmetics.eu\/pt-pt\/producto\/iluminador-en-gelatina-silver\/#primaryimage\",\"url\":\"https:\/\/lovelycosmetics.eu\/wp-content\/uploads\/2023\/06\/lce716@50.jpg\",\"contentUrl\":\"https:\/\/lovelycosmetics.eu\/wp-content\/uploads\/2023\/06\/lce716@50.jpg\",\"width\":800,\"height\":800},{\"@type\":\"BreadcrumbList\",\"@id\":\"https:\/\/lovelycosmetics.eu\/pt-pt\/producto\/iluminador-en-gelatina-silver\/#breadcrumb\",\"itemListElement\":[{\"@type\":\"ListItem\",\"position\":1,\"name\":\"Portada\",\"item\":\"https:\/\/lovelycosmetics.eu\/pt-pt\/\"},{\"@type\":\"ListItem\",\"position\":2,\"name\":\"P\u00e1gina de inicio\",\"item\":\"https:\/\/lovelycosmetics.eu\/?page_id=16876\"},{\"@type\":\"ListItem\",\"position\":3,\"name\":\"Iluminador Jelly Silver\"}]},{\"@type\":\"WebSite\",\"@id\":\"https:\/\/lovelycosmetics.eu\/pt-pt\/#website\",\"url\":\"https:\/\/lovelycosmetics.eu\/pt-pt\/\",\"name\":\"Lovely\",\"description\":\"Lovely\",\"potentialAction\":[{\"@type\":\"SearchAction\",\"target\":{\"@type\":\"EntryPoint\",\"urlTemplate\":\"https:\/\/lovelycosmetics.eu\/pt-pt\/?s={search_term_string}\"},\"query-input\":{\"@type\":\"PropertyValueSpecification\",\"valueRequired\":true,\"valueName\":\"search_term_string\"}}],\"inLanguage\":\"pt-PT\"}]}<\/script>\n<!-- \/ Yoast SEO plugin. -->","yoast_head_json":{"title":"Iluminador  Jelly   Silver - Lovely","robots":{"index":"index","follow":"follow","max-snippet":"max-snippet:-1","max-image-preview":"max-image-preview:large","max-video-preview":"max-video-preview:-1"},"canonical":"https:\/\/lovelycosmetics.eu\/pt-pt\/producto\/iluminador-en-gelatina-silver\/","og_locale":"pt_PT","og_type":"article","og_title":"Iluminador  Jelly   Silver - Lovely","og_description":"Um  iluminador facial   com uma f\u00f3rmula parecida com um gel e um tom fresco. Cria um efeito  espelhado   maravilhoso ap\u00f3s a primeira aplica\u00e7\u00e3o, dando \u00e0 pele um brilho saud\u00e1vel  e   refrescante. A f\u00f3rmula invulgar do gel permite que o produto seja  aplicado   r\u00e1pida e facilmente com o dedo, ao mesmo tempo que aumenta a ader\u00eancia  \u00e0   pele. A pele n\u00e3o \u00e9 exposta \u00e0 sensa\u00e7\u00e3o de secagem que os p\u00f3s podem causar.","og_url":"https:\/\/lovelycosmetics.eu\/pt-pt\/producto\/iluminador-en-gelatina-silver\/","og_site_name":"Lovely","article_modified_time":"2024-01-17T08:22:06+00:00","og_image":[{"width":800,"height":800,"url":"https:\/\/lovelycosmetics.eu\/wp-content\/uploads\/2023\/06\/lce716@50.jpg","type":"image\/jpeg"}],"twitter_card":"summary_large_image","schema":{"@context":"https:\/\/schema.org","@graph":[{"@type":"WebPage","@id":"https:\/\/lovelycosmetics.eu\/pt-pt\/producto\/iluminador-en-gelatina-silver\/","url":"https:\/\/lovelycosmetics.eu\/pt-pt\/producto\/iluminador-en-gelatina-silver\/","name":"Iluminador Jelly Silver - Lovely","isPartOf":{"@id":"https:\/\/lovelycosmetics.eu\/pt-pt\/#website"},"primaryImageOfPage":{"@id":"https:\/\/lovelycosmetics.eu\/pt-pt\/producto\/iluminador-en-gelatina-silver\/#primaryimage"},"image":{"@id":"https:\/\/lovelycosmetics.eu\/pt-pt\/producto\/iluminador-en-gelatina-silver\/#primaryimage"},"thumbnailUrl":"https:\/\/lovelycosmetics.eu\/wp-content\/uploads\/2023\/06\/lce716@50.jpg","datePublished":"2023-06-08T10:50:58+00:00","dateModified":"2024-01-17T08:22:06+00:00","breadcrumb":{"@id":"https:\/\/lovelycosmetics.eu\/pt-pt\/producto\/iluminador-en-gelatina-silver\/#breadcrumb"},"inLanguage":"pt-PT","potentialAction":[{"@type":"ReadAction","target":["https:\/\/lovelycosmetics.eu\/pt-pt\/producto\/iluminador-en-gelatina-silver\/"]}]},{"@type":"ImageObject","inLanguage":"pt-PT","@id":"https:\/\/lovelycosmetics.eu\/pt-pt\/producto\/iluminador-en-gelatina-silver\/#primaryimage","url":"https:\/\/lovelycosmetics.eu\/wp-content\/uploads\/2023\/06\/lce716@50.jpg","contentUrl":"https:\/\/lovelycosmetics.eu\/wp-content\/uploads\/2023\/06\/lce716@50.jpg","width":800,"height":800},{"@type":"BreadcrumbList","@id":"https:\/\/lovelycosmetics.eu\/pt-pt\/producto\/iluminador-en-gelatina-silver\/#breadcrumb","itemListElement":[{"@type":"ListItem","position":1,"name":"Portada","item":"https:\/\/lovelycosmetics.eu\/pt-pt\/"},{"@type":"ListItem","position":2,"name":"P\u00e1gina de inicio","item":"https:\/\/lovelycosmetics.eu\/?page_id=16876"},{"@type":"ListItem","position":3,"name":"Iluminador Jelly Silver"}]},{"@type":"WebSite","@id":"https:\/\/lovelycosmetics.eu\/pt-pt\/#website","url":"https:\/\/lovelycosmetics.eu\/pt-pt\/","name":"Lovely","description":"Lovely","potentialAction":[{"@type":"SearchAction","target":{"@type":"EntryPoint","urlTemplate":"https:\/\/lovelycosmetics.eu\/pt-pt\/?s={search_term_string}"},"query-input":{"@type":"PropertyValueSpecification","valueRequired":true,"valueName":"search_term_string"}}],"inLanguage":"pt-PT"}]}},"_links":{"self":[{"href":"https:\/\/lovelycosmetics.eu\/pt-pt\/wp-json\/wp\/v2\/product\/26714","targetHints":{"allow":["GET"]}}],"collection":[{"href":"https:\/\/lovelycosmetics.eu\/pt-pt\/wp-json\/wp\/v2\/product"}],"about":[{"href":"https:\/\/lovelycosmetics.eu\/pt-pt\/wp-json\/wp\/v2\/types\/product"}],"replies":[{"embeddable":true,"href":"https:\/\/lovelycosmetics.eu\/pt-pt\/wp-json\/wp\/v2\/comments?post=26714"}],"wp:featuredmedia":[{"embeddable":true,"href":"https:\/\/lovelycosmetics.eu\/pt-pt\/wp-json\/wp\/v2\/media\/26574"}],"wp:attachment":[{"href":"https:\/\/lovelycosmetics.eu\/pt-pt\/wp-json\/wp\/v2\/media?parent=26714"}],"wp:term":[{"taxonomy":"product_brand","embeddable":true,"href":"https:\/\/lovelycosmetics.eu\/pt-pt\/wp-json\/wp\/v2\/product_brand?post=26714"},{"taxonomy":"product_cat","embeddable":true,"href":"https:\/\/lovelycosmetics.eu\/pt-pt\/wp-json\/wp\/v2\/product_cat?post=26714"},{"taxonomy":"product_tag","embeddable":true,"href":"https:\/\/lovelycosmetics.eu\/pt-pt\/wp-json\/wp\/v2\/product_tag?post=26714"}],"curies":[{"name":"wp","href":"https:\/\/api.w.org\/{rel}","templated":true}]}}