{"id":26721,"date":"2023-06-08T10:50:57","date_gmt":"2023-06-08T10:50:57","guid":{"rendered":"https:\/\/lovelycosmetics.eu\/?post_type=product&#038;p=26721"},"modified":"2025-04-15T09:50:09","modified_gmt":"2025-04-15T09:50:09","slug":"serum-de-labios-lip-pillow","status":"publish","type":"product","link":"https:\/\/lovelycosmetics.eu\/pt-pt\/producto\/serum-de-labios-lip-pillow\/","title":{"rendered":"Lip Pillow Serum"},"content":{"rendered":"","protected":false},"excerpt":{"rendered":"<p>Un delineador de ojos y l\u00e1piz todo en uno, Oh La La es una manera de expresarte a trav\u00e9s del maquillaje. Este producto vers\u00e1til est\u00e1 inspirado en los delicados macarons pastel de las pasteler\u00edas parisinas, trayendo su encanto a tu mirada.<br \/>\n El aplicador preciso del delineador permite crear l\u00edneas perfectas que duran todo el d\u00eda.<br \/>\n La textura suave y cremosa del l\u00e1piz garantiza una aplicaci\u00f3n c\u00f3moda y f\u00e1cil de difuminar. Su f\u00f3rmula es lo suficientemente delicada para no irritar la piel sensible de los p\u00e1rpados, pero lo suficientemente duradera para permanecer intacta durante horas.<br \/>\n Este producto 2 en 1 est\u00e1 disponible en cuatro tonos pastel que complementan perfectamente tus looks de primavera y verano. Oh La La es el producto que te permite expresarte con un toque de color en tu maquillaje.<\/p>\n","protected":false},"featured_media":28959,"comment_status":"closed","ping_status":"closed","template":"","meta":[],"product_brand":[],"product_cat":[1182,1848],"product_tag":[1849,1850,1851],"class_list":{"0":"post-26721","1":"product","2":"type-product","3":"status-publish","4":"has-post-thumbnail","6":"product_cat-deliniador","7":"product_cat-moda-bonjour-beute-pt-pt","8":"product_tag-eyeliners-y-lapices-de-ojos-pt-pt","9":"product_tag-moda-bonjour-beute-pt-pt","10":"product_tag-ojos-pt-pt","12":"first","13":"instock","14":"shipping-taxable","15":"purchasable","16":"product-type-variable"},"yoast_head":"<!-- This site is optimized with the Yoast SEO plugin v24.9 - https:\/\/yoast.com\/wordpress\/plugins\/seo\/ -->\n<title>Lip Pillow Serum - Lovely<\/title>\n<meta name=\"robots\" content=\"index, follow, max-snippet:-1, max-image-preview:large, max-video-preview:-1\" \/>\n<link rel=\"canonical\" href=\"https:\/\/lovelycosmetics.eu\/pt-pt\/producto\/serum-de-labios-lip-pillow\/\" \/>\n<meta property=\"og:locale\" content=\"pt_PT\" \/>\n<meta property=\"og:type\" content=\"article\" \/>\n<meta property=\"og:title\" content=\"Lip Pillow Serum - Lovely\" \/>\n<meta property=\"og:description\" content=\"Un delineador de ojos y l\u00e1piz todo en uno, Oh La La es una manera de expresarte a trav\u00e9s del maquillaje. Este producto vers\u00e1til est\u00e1 inspirado en los delicados macarons pastel de las pasteler\u00edas parisinas, trayendo su encanto a tu mirada. El aplicador preciso del delineador permite crear l\u00edneas perfectas que duran todo el d\u00eda. La textura suave y cremosa del l\u00e1piz garantiza una aplicaci\u00f3n c\u00f3moda y f\u00e1cil de difuminar. Su f\u00f3rmula es lo suficientemente delicada para no irritar la piel sensible de los p\u00e1rpados, pero lo suficientemente duradera para permanecer intacta durante horas. Este producto 2 en 1 est\u00e1 disponible en cuatro tonos pastel que complementan perfectamente tus looks de primavera y verano. Oh La La es el producto que te permite expresarte con un toque de color en tu maquillaje.\" \/>\n<meta property=\"og:url\" content=\"https:\/\/lovelycosmetics.eu\/pt-pt\/producto\/serum-de-labios-lip-pillow\/\" \/>\n<meta property=\"og:site_name\" content=\"Lovely\" \/>\n<meta property=\"article:modified_time\" content=\"2025-04-15T09:50:09+00:00\" \/>\n<meta property=\"og:image\" content=\"https:\/\/lovelycosmetics.eu\/wp-content\/uploads\/2025\/04\/5905309911222_1.jpg\" \/>\n\t<meta property=\"og:image:width\" content=\"800\" \/>\n\t<meta property=\"og:image:height\" content=\"800\" \/>\n\t<meta property=\"og:image:type\" content=\"image\/jpeg\" \/>\n<meta name=\"twitter:card\" content=\"summary_large_image\" \/>\n<script type=\"application\/ld+json\" class=\"yoast-schema-graph\">{\"@context\":\"https:\/\/schema.org\",\"@graph\":[{\"@type\":\"WebPage\",\"@id\":\"https:\/\/lovelycosmetics.eu\/pt-pt\/producto\/serum-de-labios-lip-pillow\/\",\"url\":\"https:\/\/lovelycosmetics.eu\/pt-pt\/producto\/serum-de-labios-lip-pillow\/\",\"name\":\"Lip Pillow Serum - Lovely\",\"isPartOf\":{\"@id\":\"https:\/\/lovelycosmetics.eu\/pt-pt\/#website\"},\"primaryImageOfPage\":{\"@id\":\"https:\/\/lovelycosmetics.eu\/pt-pt\/producto\/serum-de-labios-lip-pillow\/#primaryimage\"},\"image\":{\"@id\":\"https:\/\/lovelycosmetics.eu\/pt-pt\/producto\/serum-de-labios-lip-pillow\/#primaryimage\"},\"thumbnailUrl\":\"https:\/\/lovelycosmetics.eu\/wp-content\/uploads\/2025\/04\/5905309911222_1.jpg\",\"datePublished\":\"2023-06-08T10:50:57+00:00\",\"dateModified\":\"2025-04-15T09:50:09+00:00\",\"breadcrumb\":{\"@id\":\"https:\/\/lovelycosmetics.eu\/pt-pt\/producto\/serum-de-labios-lip-pillow\/#breadcrumb\"},\"inLanguage\":\"pt-PT\",\"potentialAction\":[{\"@type\":\"ReadAction\",\"target\":[\"https:\/\/lovelycosmetics.eu\/pt-pt\/producto\/serum-de-labios-lip-pillow\/\"]}]},{\"@type\":\"ImageObject\",\"inLanguage\":\"pt-PT\",\"@id\":\"https:\/\/lovelycosmetics.eu\/pt-pt\/producto\/serum-de-labios-lip-pillow\/#primaryimage\",\"url\":\"https:\/\/lovelycosmetics.eu\/wp-content\/uploads\/2025\/04\/5905309911222_1.jpg\",\"contentUrl\":\"https:\/\/lovelycosmetics.eu\/wp-content\/uploads\/2025\/04\/5905309911222_1.jpg\",\"width\":800,\"height\":800},{\"@type\":\"BreadcrumbList\",\"@id\":\"https:\/\/lovelycosmetics.eu\/pt-pt\/producto\/serum-de-labios-lip-pillow\/#breadcrumb\",\"itemListElement\":[{\"@type\":\"ListItem\",\"position\":1,\"name\":\"Portada\",\"item\":\"https:\/\/lovelycosmetics.eu\/pt-pt\/\"},{\"@type\":\"ListItem\",\"position\":2,\"name\":\"P\u00e1gina de inicio\",\"item\":\"https:\/\/lovelycosmetics.eu\/?page_id=16876\"},{\"@type\":\"ListItem\",\"position\":3,\"name\":\"Lip Pillow Serum\"}]},{\"@type\":\"WebSite\",\"@id\":\"https:\/\/lovelycosmetics.eu\/pt-pt\/#website\",\"url\":\"https:\/\/lovelycosmetics.eu\/pt-pt\/\",\"name\":\"Lovely\",\"description\":\"Lovely\",\"potentialAction\":[{\"@type\":\"SearchAction\",\"target\":{\"@type\":\"EntryPoint\",\"urlTemplate\":\"https:\/\/lovelycosmetics.eu\/pt-pt\/?s={search_term_string}\"},\"query-input\":{\"@type\":\"PropertyValueSpecification\",\"valueRequired\":true,\"valueName\":\"search_term_string\"}}],\"inLanguage\":\"pt-PT\"}]}<\/script>\n<!-- \/ Yoast SEO plugin. -->","yoast_head_json":{"title":"Lip Pillow Serum - Lovely","robots":{"index":"index","follow":"follow","max-snippet":"max-snippet:-1","max-image-preview":"max-image-preview:large","max-video-preview":"max-video-preview:-1"},"canonical":"https:\/\/lovelycosmetics.eu\/pt-pt\/producto\/serum-de-labios-lip-pillow\/","og_locale":"pt_PT","og_type":"article","og_title":"Lip Pillow Serum - Lovely","og_description":"Un delineador de ojos y l\u00e1piz todo en uno, Oh La La es una manera de expresarte a trav\u00e9s del maquillaje. Este producto vers\u00e1til est\u00e1 inspirado en los delicados macarons pastel de las pasteler\u00edas parisinas, trayendo su encanto a tu mirada. El aplicador preciso del delineador permite crear l\u00edneas perfectas que duran todo el d\u00eda. La textura suave y cremosa del l\u00e1piz garantiza una aplicaci\u00f3n c\u00f3moda y f\u00e1cil de difuminar. Su f\u00f3rmula es lo suficientemente delicada para no irritar la piel sensible de los p\u00e1rpados, pero lo suficientemente duradera para permanecer intacta durante horas. Este producto 2 en 1 est\u00e1 disponible en cuatro tonos pastel que complementan perfectamente tus looks de primavera y verano. Oh La La es el producto que te permite expresarte con un toque de color en tu maquillaje.","og_url":"https:\/\/lovelycosmetics.eu\/pt-pt\/producto\/serum-de-labios-lip-pillow\/","og_site_name":"Lovely","article_modified_time":"2025-04-15T09:50:09+00:00","og_image":[{"width":800,"height":800,"url":"https:\/\/lovelycosmetics.eu\/wp-content\/uploads\/2025\/04\/5905309911222_1.jpg","type":"image\/jpeg"}],"twitter_card":"summary_large_image","schema":{"@context":"https:\/\/schema.org","@graph":[{"@type":"WebPage","@id":"https:\/\/lovelycosmetics.eu\/pt-pt\/producto\/serum-de-labios-lip-pillow\/","url":"https:\/\/lovelycosmetics.eu\/pt-pt\/producto\/serum-de-labios-lip-pillow\/","name":"Lip Pillow Serum - Lovely","isPartOf":{"@id":"https:\/\/lovelycosmetics.eu\/pt-pt\/#website"},"primaryImageOfPage":{"@id":"https:\/\/lovelycosmetics.eu\/pt-pt\/producto\/serum-de-labios-lip-pillow\/#primaryimage"},"image":{"@id":"https:\/\/lovelycosmetics.eu\/pt-pt\/producto\/serum-de-labios-lip-pillow\/#primaryimage"},"thumbnailUrl":"https:\/\/lovelycosmetics.eu\/wp-content\/uploads\/2025\/04\/5905309911222_1.jpg","datePublished":"2023-06-08T10:50:57+00:00","dateModified":"2025-04-15T09:50:09+00:00","breadcrumb":{"@id":"https:\/\/lovelycosmetics.eu\/pt-pt\/producto\/serum-de-labios-lip-pillow\/#breadcrumb"},"inLanguage":"pt-PT","potentialAction":[{"@type":"ReadAction","target":["https:\/\/lovelycosmetics.eu\/pt-pt\/producto\/serum-de-labios-lip-pillow\/"]}]},{"@type":"ImageObject","inLanguage":"pt-PT","@id":"https:\/\/lovelycosmetics.eu\/pt-pt\/producto\/serum-de-labios-lip-pillow\/#primaryimage","url":"https:\/\/lovelycosmetics.eu\/wp-content\/uploads\/2025\/04\/5905309911222_1.jpg","contentUrl":"https:\/\/lovelycosmetics.eu\/wp-content\/uploads\/2025\/04\/5905309911222_1.jpg","width":800,"height":800},{"@type":"BreadcrumbList","@id":"https:\/\/lovelycosmetics.eu\/pt-pt\/producto\/serum-de-labios-lip-pillow\/#breadcrumb","itemListElement":[{"@type":"ListItem","position":1,"name":"Portada","item":"https:\/\/lovelycosmetics.eu\/pt-pt\/"},{"@type":"ListItem","position":2,"name":"P\u00e1gina de inicio","item":"https:\/\/lovelycosmetics.eu\/?page_id=16876"},{"@type":"ListItem","position":3,"name":"Lip Pillow Serum"}]},{"@type":"WebSite","@id":"https:\/\/lovelycosmetics.eu\/pt-pt\/#website","url":"https:\/\/lovelycosmetics.eu\/pt-pt\/","name":"Lovely","description":"Lovely","potentialAction":[{"@type":"SearchAction","target":{"@type":"EntryPoint","urlTemplate":"https:\/\/lovelycosmetics.eu\/pt-pt\/?s={search_term_string}"},"query-input":{"@type":"PropertyValueSpecification","valueRequired":true,"valueName":"search_term_string"}}],"inLanguage":"pt-PT"}]}},"_links":{"self":[{"href":"https:\/\/lovelycosmetics.eu\/pt-pt\/wp-json\/wp\/v2\/product\/26721","targetHints":{"allow":["GET"]}}],"collection":[{"href":"https:\/\/lovelycosmetics.eu\/pt-pt\/wp-json\/wp\/v2\/product"}],"about":[{"href":"https:\/\/lovelycosmetics.eu\/pt-pt\/wp-json\/wp\/v2\/types\/product"}],"replies":[{"embeddable":true,"href":"https:\/\/lovelycosmetics.eu\/pt-pt\/wp-json\/wp\/v2\/comments?post=26721"}],"wp:featuredmedia":[{"embeddable":true,"href":"https:\/\/lovelycosmetics.eu\/pt-pt\/wp-json\/wp\/v2\/media\/28959"}],"wp:attachment":[{"href":"https:\/\/lovelycosmetics.eu\/pt-pt\/wp-json\/wp\/v2\/media?parent=26721"}],"wp:term":[{"taxonomy":"product_brand","embeddable":true,"href":"https:\/\/lovelycosmetics.eu\/pt-pt\/wp-json\/wp\/v2\/product_brand?post=26721"},{"taxonomy":"product_cat","embeddable":true,"href":"https:\/\/lovelycosmetics.eu\/pt-pt\/wp-json\/wp\/v2\/product_cat?post=26721"},{"taxonomy":"product_tag","embeddable":true,"href":"https:\/\/lovelycosmetics.eu\/pt-pt\/wp-json\/wp\/v2\/product_tag?post=26721"}],"curies":[{"name":"wp","href":"https:\/\/api.w.org\/{rel}","templated":true}]}}