{"id":26725,"date":"2023-06-08T10:50:56","date_gmt":"2023-06-08T10:50:56","guid":{"rendered":"https:\/\/lovelycosmetics.eu\/?post_type=product&#038;p=26725"},"modified":"2024-01-17T08:22:06","modified_gmt":"2024-01-17T08:22:06","slug":"serum-de-labios-full-lips","status":"publish","type":"product","link":"https:\/\/lovelycosmetics.eu\/pt-pt\/producto\/serum-de-labios-full-lips\/","title":{"rendered":"Serum de L\u00e1bios Full Lip N1"},"content":{"rendered":"<h4>Modo de uso<\/h4>\n<p>Come\u00e7ar no centro do l\u00e1bio superior e trabalhar em<br \/>\ndirec\u00e7\u00e3o aos contornos. Percorrer o batom sobre todo o l\u00e1bio inferior e<\/p>\n<p>esperar que ele seque. Finalmente, deslizar o aplicador de batom l\u00edquido<\/p>\n<p>sobre todo o l\u00e1bio<br \/>\ninferior.<\/p>\n","protected":false},"excerpt":{"rendered":"<p>S\u00e9rum<br \/>\n  regenerador que plumula os l\u00e1bios.<br \/>\n    Cont\u00e9m vitamina E e \u00f3leos de r\u00edcino e am\u00eandoas. Nutre os l\u00e1bios e melhora<br \/>\n  a<br \/>\n    sua forma natural. Combina o cuidado dos l\u00e1bios com um agrad\u00e1vel<br \/>\n  efeito<br \/>\n    &#8220;plumping&#8221;. Dispon\u00edvel em tr\u00eas cores. Nota: O produto pode<br \/>\n  causar<br \/>\n    uma sensa\u00e7\u00e3o de ardor.<\/p>\n","protected":false},"featured_media":26572,"comment_status":"closed","ping_status":"closed","template":"","meta":[],"product_brand":[],"product_cat":[1156,1183],"product_tag":[],"class_list":{"0":"post-26725","1":"product","2":"type-product","3":"status-publish","4":"has-post-thumbnail","6":"product_cat-brilho-de-labios","7":"product_cat-novo-2023","9":"first","10":"instock","11":"shipping-taxable","12":"purchasable","13":"product-type-variable"},"yoast_head":"<!-- This site is optimized with the Yoast SEO plugin v24.9 - https:\/\/yoast.com\/wordpress\/plugins\/seo\/ -->\n<title>Serum de L\u00e1bios Full Lip N1 - Lovely<\/title>\n<meta name=\"robots\" content=\"index, follow, max-snippet:-1, max-image-preview:large, max-video-preview:-1\" \/>\n<link rel=\"canonical\" href=\"https:\/\/lovelycosmetics.eu\/pt-pt\/producto\/serum-de-labios-full-lips\/\" \/>\n<meta property=\"og:locale\" content=\"pt_PT\" \/>\n<meta property=\"og:type\" content=\"article\" \/>\n<meta property=\"og:title\" content=\"Serum de L\u00e1bios Full Lip N1 - Lovely\" \/>\n<meta property=\"og:description\" content=\"S\u00e9rum  regenerador que plumula os l\u00e1bios.   Cont\u00e9m vitamina E e \u00f3leos de r\u00edcino e am\u00eandoas. Nutre os l\u00e1bios e melhora  a   sua forma natural. Combina o cuidado dos l\u00e1bios com um agrad\u00e1vel  efeito   &quot;plumping&quot;. Dispon\u00edvel em tr\u00eas cores. Nota: O produto pode  causar   uma sensa\u00e7\u00e3o de ardor.\" \/>\n<meta property=\"og:url\" content=\"https:\/\/lovelycosmetics.eu\/pt-pt\/producto\/serum-de-labios-full-lips\/\" \/>\n<meta property=\"og:site_name\" content=\"Lovely\" \/>\n<meta property=\"article:modified_time\" content=\"2024-01-17T08:22:06+00:00\" \/>\n<meta property=\"og:image\" content=\"https:\/\/lovelycosmetics.eu\/wp-content\/uploads\/2023\/06\/lus368@91.jpg\" \/>\n\t<meta property=\"og:image:width\" content=\"800\" \/>\n\t<meta property=\"og:image:height\" content=\"800\" \/>\n\t<meta property=\"og:image:type\" content=\"image\/jpeg\" \/>\n<meta name=\"twitter:card\" content=\"summary_large_image\" \/>\n<script type=\"application\/ld+json\" class=\"yoast-schema-graph\">{\"@context\":\"https:\/\/schema.org\",\"@graph\":[{\"@type\":\"WebPage\",\"@id\":\"https:\/\/lovelycosmetics.eu\/pt-pt\/producto\/serum-de-labios-full-lips\/\",\"url\":\"https:\/\/lovelycosmetics.eu\/pt-pt\/producto\/serum-de-labios-full-lips\/\",\"name\":\"Serum de L\u00e1bios Full Lip N1 - Lovely\",\"isPartOf\":{\"@id\":\"https:\/\/lovelycosmetics.eu\/pt-pt\/#website\"},\"primaryImageOfPage\":{\"@id\":\"https:\/\/lovelycosmetics.eu\/pt-pt\/producto\/serum-de-labios-full-lips\/#primaryimage\"},\"image\":{\"@id\":\"https:\/\/lovelycosmetics.eu\/pt-pt\/producto\/serum-de-labios-full-lips\/#primaryimage\"},\"thumbnailUrl\":\"https:\/\/lovelycosmetics.eu\/wp-content\/uploads\/2023\/06\/lus368@91.jpg\",\"datePublished\":\"2023-06-08T10:50:56+00:00\",\"dateModified\":\"2024-01-17T08:22:06+00:00\",\"breadcrumb\":{\"@id\":\"https:\/\/lovelycosmetics.eu\/pt-pt\/producto\/serum-de-labios-full-lips\/#breadcrumb\"},\"inLanguage\":\"pt-PT\",\"potentialAction\":[{\"@type\":\"ReadAction\",\"target\":[\"https:\/\/lovelycosmetics.eu\/pt-pt\/producto\/serum-de-labios-full-lips\/\"]}]},{\"@type\":\"ImageObject\",\"inLanguage\":\"pt-PT\",\"@id\":\"https:\/\/lovelycosmetics.eu\/pt-pt\/producto\/serum-de-labios-full-lips\/#primaryimage\",\"url\":\"https:\/\/lovelycosmetics.eu\/wp-content\/uploads\/2023\/06\/lus368@91.jpg\",\"contentUrl\":\"https:\/\/lovelycosmetics.eu\/wp-content\/uploads\/2023\/06\/lus368@91.jpg\",\"width\":800,\"height\":800},{\"@type\":\"BreadcrumbList\",\"@id\":\"https:\/\/lovelycosmetics.eu\/pt-pt\/producto\/serum-de-labios-full-lips\/#breadcrumb\",\"itemListElement\":[{\"@type\":\"ListItem\",\"position\":1,\"name\":\"Portada\",\"item\":\"https:\/\/lovelycosmetics.eu\/pt-pt\/\"},{\"@type\":\"ListItem\",\"position\":2,\"name\":\"P\u00e1gina de inicio\",\"item\":\"https:\/\/lovelycosmetics.eu\/?page_id=16876\"},{\"@type\":\"ListItem\",\"position\":3,\"name\":\"Serum de L\u00e1bios Full Lip N1\"}]},{\"@type\":\"WebSite\",\"@id\":\"https:\/\/lovelycosmetics.eu\/pt-pt\/#website\",\"url\":\"https:\/\/lovelycosmetics.eu\/pt-pt\/\",\"name\":\"Lovely\",\"description\":\"Lovely\",\"potentialAction\":[{\"@type\":\"SearchAction\",\"target\":{\"@type\":\"EntryPoint\",\"urlTemplate\":\"https:\/\/lovelycosmetics.eu\/pt-pt\/?s={search_term_string}\"},\"query-input\":{\"@type\":\"PropertyValueSpecification\",\"valueRequired\":true,\"valueName\":\"search_term_string\"}}],\"inLanguage\":\"pt-PT\"}]}<\/script>\n<!-- \/ Yoast SEO plugin. -->","yoast_head_json":{"title":"Serum de L\u00e1bios Full Lip N1 - Lovely","robots":{"index":"index","follow":"follow","max-snippet":"max-snippet:-1","max-image-preview":"max-image-preview:large","max-video-preview":"max-video-preview:-1"},"canonical":"https:\/\/lovelycosmetics.eu\/pt-pt\/producto\/serum-de-labios-full-lips\/","og_locale":"pt_PT","og_type":"article","og_title":"Serum de L\u00e1bios Full Lip N1 - Lovely","og_description":"S\u00e9rum  regenerador que plumula os l\u00e1bios.   Cont\u00e9m vitamina E e \u00f3leos de r\u00edcino e am\u00eandoas. Nutre os l\u00e1bios e melhora  a   sua forma natural. Combina o cuidado dos l\u00e1bios com um agrad\u00e1vel  efeito   \"plumping\". Dispon\u00edvel em tr\u00eas cores. Nota: O produto pode  causar   uma sensa\u00e7\u00e3o de ardor.","og_url":"https:\/\/lovelycosmetics.eu\/pt-pt\/producto\/serum-de-labios-full-lips\/","og_site_name":"Lovely","article_modified_time":"2024-01-17T08:22:06+00:00","og_image":[{"width":800,"height":800,"url":"https:\/\/lovelycosmetics.eu\/wp-content\/uploads\/2023\/06\/lus368@91.jpg","type":"image\/jpeg"}],"twitter_card":"summary_large_image","schema":{"@context":"https:\/\/schema.org","@graph":[{"@type":"WebPage","@id":"https:\/\/lovelycosmetics.eu\/pt-pt\/producto\/serum-de-labios-full-lips\/","url":"https:\/\/lovelycosmetics.eu\/pt-pt\/producto\/serum-de-labios-full-lips\/","name":"Serum de L\u00e1bios Full Lip N1 - Lovely","isPartOf":{"@id":"https:\/\/lovelycosmetics.eu\/pt-pt\/#website"},"primaryImageOfPage":{"@id":"https:\/\/lovelycosmetics.eu\/pt-pt\/producto\/serum-de-labios-full-lips\/#primaryimage"},"image":{"@id":"https:\/\/lovelycosmetics.eu\/pt-pt\/producto\/serum-de-labios-full-lips\/#primaryimage"},"thumbnailUrl":"https:\/\/lovelycosmetics.eu\/wp-content\/uploads\/2023\/06\/lus368@91.jpg","datePublished":"2023-06-08T10:50:56+00:00","dateModified":"2024-01-17T08:22:06+00:00","breadcrumb":{"@id":"https:\/\/lovelycosmetics.eu\/pt-pt\/producto\/serum-de-labios-full-lips\/#breadcrumb"},"inLanguage":"pt-PT","potentialAction":[{"@type":"ReadAction","target":["https:\/\/lovelycosmetics.eu\/pt-pt\/producto\/serum-de-labios-full-lips\/"]}]},{"@type":"ImageObject","inLanguage":"pt-PT","@id":"https:\/\/lovelycosmetics.eu\/pt-pt\/producto\/serum-de-labios-full-lips\/#primaryimage","url":"https:\/\/lovelycosmetics.eu\/wp-content\/uploads\/2023\/06\/lus368@91.jpg","contentUrl":"https:\/\/lovelycosmetics.eu\/wp-content\/uploads\/2023\/06\/lus368@91.jpg","width":800,"height":800},{"@type":"BreadcrumbList","@id":"https:\/\/lovelycosmetics.eu\/pt-pt\/producto\/serum-de-labios-full-lips\/#breadcrumb","itemListElement":[{"@type":"ListItem","position":1,"name":"Portada","item":"https:\/\/lovelycosmetics.eu\/pt-pt\/"},{"@type":"ListItem","position":2,"name":"P\u00e1gina de inicio","item":"https:\/\/lovelycosmetics.eu\/?page_id=16876"},{"@type":"ListItem","position":3,"name":"Serum de L\u00e1bios Full Lip N1"}]},{"@type":"WebSite","@id":"https:\/\/lovelycosmetics.eu\/pt-pt\/#website","url":"https:\/\/lovelycosmetics.eu\/pt-pt\/","name":"Lovely","description":"Lovely","potentialAction":[{"@type":"SearchAction","target":{"@type":"EntryPoint","urlTemplate":"https:\/\/lovelycosmetics.eu\/pt-pt\/?s={search_term_string}"},"query-input":{"@type":"PropertyValueSpecification","valueRequired":true,"valueName":"search_term_string"}}],"inLanguage":"pt-PT"}]}},"_links":{"self":[{"href":"https:\/\/lovelycosmetics.eu\/pt-pt\/wp-json\/wp\/v2\/product\/26725","targetHints":{"allow":["GET"]}}],"collection":[{"href":"https:\/\/lovelycosmetics.eu\/pt-pt\/wp-json\/wp\/v2\/product"}],"about":[{"href":"https:\/\/lovelycosmetics.eu\/pt-pt\/wp-json\/wp\/v2\/types\/product"}],"replies":[{"embeddable":true,"href":"https:\/\/lovelycosmetics.eu\/pt-pt\/wp-json\/wp\/v2\/comments?post=26725"}],"wp:featuredmedia":[{"embeddable":true,"href":"https:\/\/lovelycosmetics.eu\/pt-pt\/wp-json\/wp\/v2\/media\/26572"}],"wp:attachment":[{"href":"https:\/\/lovelycosmetics.eu\/pt-pt\/wp-json\/wp\/v2\/media?parent=26725"}],"wp:term":[{"taxonomy":"product_brand","embeddable":true,"href":"https:\/\/lovelycosmetics.eu\/pt-pt\/wp-json\/wp\/v2\/product_brand?post=26725"},{"taxonomy":"product_cat","embeddable":true,"href":"https:\/\/lovelycosmetics.eu\/pt-pt\/wp-json\/wp\/v2\/product_cat?post=26725"},{"taxonomy":"product_tag","embeddable":true,"href":"https:\/\/lovelycosmetics.eu\/pt-pt\/wp-json\/wp\/v2\/product_tag?post=26725"}],"curies":[{"name":"wp","href":"https:\/\/api.w.org\/{rel}","templated":true}]}}