{"id":26744,"date":"2023-06-08T10:21:53","date_gmt":"2023-06-08T10:21:53","guid":{"rendered":"https:\/\/lovelycosmetics.eu\/?post_type=product&#038;p=26744"},"modified":"2024-01-16T12:15:28","modified_gmt":"2024-01-16T12:15:28","slug":"base-de-mascara-pump-up-white","status":"publish","type":"product","link":"https:\/\/lovelycosmetics.eu\/pt-pt\/producto\/base-de-mascara-pump-up-white\/","title":{"rendered":"M\u00e1scara de pestanas Pump Up\n  White Base"},"content":{"rendered":"<h4>Modo<br \/>\n  de<br \/>\n    uso<\/h4>\n<p>Colocar a escova na base das pestanas superiores e<br \/>\n    mov\u00ea-la para tr\u00e1s e para a frente, cobrindo a base das pestanas. Pentear a<\/p>\n<p>    escova atrav\u00e9s das pestanas para evitar os tufos. Aplicar duas dem\u00e3os se se<\/p>\n<p>    pretender um efeito mais<br \/>\n    dram\u00e1tico.<\/p>\n<\/p>\n<h4>Ingredientes<\/h4>\n<p>\n    Aqua, Propanediol, Glyceryl Stearate, Polyisobutene, Palmitic Acid, Stearic<\/p>\n<p>    Acid, Cellulose, Hydrogenated Castor Oil, Ricinus Communis Seed Oil, PVP,<\/p>\n<p>    Xanthan Gum, Glycerin, Rayon, Tilia Tomentosa Extract, Alumina, Potassium<\/p>\n<p>    Hydroxide, Ethylhexylglycerin, Phenoxyethanol, Citric Acid, Sodium<br \/>\n  Benzoate,<br \/>\n    Potassium Sorbate, Silica, CI 77891, CI 77266 (nano). <\/p>\n","protected":false},"excerpt":{"rendered":"<p>Uma base<br \/>\n  de pestanas com efeito de volume<br \/>\n    3D. Gra\u00e7as \u00e0s microfibras, o produto proporciona um efeito imediato<br \/>\n  de<br \/>\n    espessamento e subtil alongamento das pestanas, preparando-as para a<br \/>\n    aplica\u00e7\u00e3o da m\u00e1scara de pestanas. Cont\u00e9m extracto de flor de linho e \u00f3leo<br \/>\n  de<br \/>\n    r\u00edcino. O produto cont\u00e9m *90% de ingredientes de origem natural.<br \/>\n  Aplicar<br \/>\n    antes da mascara, aguardar que o produto seque.<\/p>\n","protected":false},"featured_media":26560,"comment_status":"closed","ping_status":"closed","template":"","meta":[],"product_brand":[],"product_cat":[1160,1183],"product_tag":[],"class_list":{"0":"post-26744","1":"product","2":"type-product","3":"status-publish","4":"has-post-thumbnail","6":"product_cat-mascara-de-pestanas-pt-pt","7":"product_cat-novo-2023","9":"first","10":"instock","11":"shipping-taxable","12":"purchasable","13":"product-type-simple"},"yoast_head":"<!-- This site is optimized with the Yoast SEO plugin v24.9 - https:\/\/yoast.com\/wordpress\/plugins\/seo\/ -->\n<title>M\u00e1scara de pestanas Pump Up  White Base - Lovely<\/title>\n<meta name=\"robots\" content=\"index, follow, max-snippet:-1, max-image-preview:large, max-video-preview:-1\" \/>\n<link rel=\"canonical\" href=\"https:\/\/lovelycosmetics.eu\/pt-pt\/producto\/base-de-mascara-pump-up-white\/\" \/>\n<meta property=\"og:locale\" content=\"pt_PT\" \/>\n<meta property=\"og:type\" content=\"article\" \/>\n<meta property=\"og:title\" content=\"M\u00e1scara de pestanas Pump Up  White Base - Lovely\" \/>\n<meta property=\"og:description\" content=\"Uma base  de pestanas com efeito de volume   3D. Gra\u00e7as \u00e0s microfibras, o produto proporciona um efeito imediato  de   espessamento e subtil alongamento das pestanas, preparando-as para a   aplica\u00e7\u00e3o da m\u00e1scara de pestanas. Cont\u00e9m extracto de flor de linho e \u00f3leo  de   r\u00edcino. O produto cont\u00e9m *90% de ingredientes de origem natural.  Aplicar   antes da mascara, aguardar que o produto seque.\" \/>\n<meta property=\"og:url\" content=\"https:\/\/lovelycosmetics.eu\/pt-pt\/producto\/base-de-mascara-pump-up-white\/\" \/>\n<meta property=\"og:site_name\" content=\"Lovely\" \/>\n<meta property=\"article:modified_time\" content=\"2024-01-16T12:15:28+00:00\" \/>\n<meta property=\"og:image\" content=\"https:\/\/lovelycosmetics.eu\/wp-content\/uploads\/2023\/06\/oc711@14.jpg\" \/>\n\t<meta property=\"og:image:width\" content=\"800\" \/>\n\t<meta property=\"og:image:height\" content=\"800\" \/>\n\t<meta property=\"og:image:type\" content=\"image\/jpeg\" \/>\n<meta name=\"twitter:card\" content=\"summary_large_image\" \/>\n<script type=\"application\/ld+json\" class=\"yoast-schema-graph\">{\"@context\":\"https:\/\/schema.org\",\"@graph\":[{\"@type\":\"WebPage\",\"@id\":\"https:\/\/lovelycosmetics.eu\/pt-pt\/producto\/base-de-mascara-pump-up-white\/\",\"url\":\"https:\/\/lovelycosmetics.eu\/pt-pt\/producto\/base-de-mascara-pump-up-white\/\",\"name\":\"M\u00e1scara de pestanas Pump Up White Base - Lovely\",\"isPartOf\":{\"@id\":\"https:\/\/lovelycosmetics.eu\/pt-pt\/#website\"},\"primaryImageOfPage\":{\"@id\":\"https:\/\/lovelycosmetics.eu\/pt-pt\/producto\/base-de-mascara-pump-up-white\/#primaryimage\"},\"image\":{\"@id\":\"https:\/\/lovelycosmetics.eu\/pt-pt\/producto\/base-de-mascara-pump-up-white\/#primaryimage\"},\"thumbnailUrl\":\"https:\/\/lovelycosmetics.eu\/wp-content\/uploads\/2023\/06\/oc711@14.jpg\",\"datePublished\":\"2023-06-08T10:21:53+00:00\",\"dateModified\":\"2024-01-16T12:15:28+00:00\",\"breadcrumb\":{\"@id\":\"https:\/\/lovelycosmetics.eu\/pt-pt\/producto\/base-de-mascara-pump-up-white\/#breadcrumb\"},\"inLanguage\":\"pt-PT\",\"potentialAction\":[{\"@type\":\"ReadAction\",\"target\":[\"https:\/\/lovelycosmetics.eu\/pt-pt\/producto\/base-de-mascara-pump-up-white\/\"]}]},{\"@type\":\"ImageObject\",\"inLanguage\":\"pt-PT\",\"@id\":\"https:\/\/lovelycosmetics.eu\/pt-pt\/producto\/base-de-mascara-pump-up-white\/#primaryimage\",\"url\":\"https:\/\/lovelycosmetics.eu\/wp-content\/uploads\/2023\/06\/oc711@14.jpg\",\"contentUrl\":\"https:\/\/lovelycosmetics.eu\/wp-content\/uploads\/2023\/06\/oc711@14.jpg\",\"width\":800,\"height\":800},{\"@type\":\"BreadcrumbList\",\"@id\":\"https:\/\/lovelycosmetics.eu\/pt-pt\/producto\/base-de-mascara-pump-up-white\/#breadcrumb\",\"itemListElement\":[{\"@type\":\"ListItem\",\"position\":1,\"name\":\"Portada\",\"item\":\"https:\/\/lovelycosmetics.eu\/pt-pt\/\"},{\"@type\":\"ListItem\",\"position\":2,\"name\":\"P\u00e1gina de inicio\",\"item\":\"https:\/\/lovelycosmetics.eu\/?page_id=16876\"},{\"@type\":\"ListItem\",\"position\":3,\"name\":\"M\u00e1scara de pestanas Pump Up White Base\"}]},{\"@type\":\"WebSite\",\"@id\":\"https:\/\/lovelycosmetics.eu\/pt-pt\/#website\",\"url\":\"https:\/\/lovelycosmetics.eu\/pt-pt\/\",\"name\":\"Lovely\",\"description\":\"Lovely\",\"potentialAction\":[{\"@type\":\"SearchAction\",\"target\":{\"@type\":\"EntryPoint\",\"urlTemplate\":\"https:\/\/lovelycosmetics.eu\/pt-pt\/?s={search_term_string}\"},\"query-input\":{\"@type\":\"PropertyValueSpecification\",\"valueRequired\":true,\"valueName\":\"search_term_string\"}}],\"inLanguage\":\"pt-PT\"}]}<\/script>\n<!-- \/ Yoast SEO plugin. -->","yoast_head_json":{"title":"M\u00e1scara de pestanas Pump Up  White Base - Lovely","robots":{"index":"index","follow":"follow","max-snippet":"max-snippet:-1","max-image-preview":"max-image-preview:large","max-video-preview":"max-video-preview:-1"},"canonical":"https:\/\/lovelycosmetics.eu\/pt-pt\/producto\/base-de-mascara-pump-up-white\/","og_locale":"pt_PT","og_type":"article","og_title":"M\u00e1scara de pestanas Pump Up  White Base - Lovely","og_description":"Uma base  de pestanas com efeito de volume   3D. Gra\u00e7as \u00e0s microfibras, o produto proporciona um efeito imediato  de   espessamento e subtil alongamento das pestanas, preparando-as para a   aplica\u00e7\u00e3o da m\u00e1scara de pestanas. Cont\u00e9m extracto de flor de linho e \u00f3leo  de   r\u00edcino. O produto cont\u00e9m *90% de ingredientes de origem natural.  Aplicar   antes da mascara, aguardar que o produto seque.","og_url":"https:\/\/lovelycosmetics.eu\/pt-pt\/producto\/base-de-mascara-pump-up-white\/","og_site_name":"Lovely","article_modified_time":"2024-01-16T12:15:28+00:00","og_image":[{"width":800,"height":800,"url":"https:\/\/lovelycosmetics.eu\/wp-content\/uploads\/2023\/06\/oc711@14.jpg","type":"image\/jpeg"}],"twitter_card":"summary_large_image","schema":{"@context":"https:\/\/schema.org","@graph":[{"@type":"WebPage","@id":"https:\/\/lovelycosmetics.eu\/pt-pt\/producto\/base-de-mascara-pump-up-white\/","url":"https:\/\/lovelycosmetics.eu\/pt-pt\/producto\/base-de-mascara-pump-up-white\/","name":"M\u00e1scara de pestanas Pump Up White Base - Lovely","isPartOf":{"@id":"https:\/\/lovelycosmetics.eu\/pt-pt\/#website"},"primaryImageOfPage":{"@id":"https:\/\/lovelycosmetics.eu\/pt-pt\/producto\/base-de-mascara-pump-up-white\/#primaryimage"},"image":{"@id":"https:\/\/lovelycosmetics.eu\/pt-pt\/producto\/base-de-mascara-pump-up-white\/#primaryimage"},"thumbnailUrl":"https:\/\/lovelycosmetics.eu\/wp-content\/uploads\/2023\/06\/oc711@14.jpg","datePublished":"2023-06-08T10:21:53+00:00","dateModified":"2024-01-16T12:15:28+00:00","breadcrumb":{"@id":"https:\/\/lovelycosmetics.eu\/pt-pt\/producto\/base-de-mascara-pump-up-white\/#breadcrumb"},"inLanguage":"pt-PT","potentialAction":[{"@type":"ReadAction","target":["https:\/\/lovelycosmetics.eu\/pt-pt\/producto\/base-de-mascara-pump-up-white\/"]}]},{"@type":"ImageObject","inLanguage":"pt-PT","@id":"https:\/\/lovelycosmetics.eu\/pt-pt\/producto\/base-de-mascara-pump-up-white\/#primaryimage","url":"https:\/\/lovelycosmetics.eu\/wp-content\/uploads\/2023\/06\/oc711@14.jpg","contentUrl":"https:\/\/lovelycosmetics.eu\/wp-content\/uploads\/2023\/06\/oc711@14.jpg","width":800,"height":800},{"@type":"BreadcrumbList","@id":"https:\/\/lovelycosmetics.eu\/pt-pt\/producto\/base-de-mascara-pump-up-white\/#breadcrumb","itemListElement":[{"@type":"ListItem","position":1,"name":"Portada","item":"https:\/\/lovelycosmetics.eu\/pt-pt\/"},{"@type":"ListItem","position":2,"name":"P\u00e1gina de inicio","item":"https:\/\/lovelycosmetics.eu\/?page_id=16876"},{"@type":"ListItem","position":3,"name":"M\u00e1scara de pestanas Pump Up White Base"}]},{"@type":"WebSite","@id":"https:\/\/lovelycosmetics.eu\/pt-pt\/#website","url":"https:\/\/lovelycosmetics.eu\/pt-pt\/","name":"Lovely","description":"Lovely","potentialAction":[{"@type":"SearchAction","target":{"@type":"EntryPoint","urlTemplate":"https:\/\/lovelycosmetics.eu\/pt-pt\/?s={search_term_string}"},"query-input":{"@type":"PropertyValueSpecification","valueRequired":true,"valueName":"search_term_string"}}],"inLanguage":"pt-PT"}]}},"_links":{"self":[{"href":"https:\/\/lovelycosmetics.eu\/pt-pt\/wp-json\/wp\/v2\/product\/26744","targetHints":{"allow":["GET"]}}],"collection":[{"href":"https:\/\/lovelycosmetics.eu\/pt-pt\/wp-json\/wp\/v2\/product"}],"about":[{"href":"https:\/\/lovelycosmetics.eu\/pt-pt\/wp-json\/wp\/v2\/types\/product"}],"replies":[{"embeddable":true,"href":"https:\/\/lovelycosmetics.eu\/pt-pt\/wp-json\/wp\/v2\/comments?post=26744"}],"wp:featuredmedia":[{"embeddable":true,"href":"https:\/\/lovelycosmetics.eu\/pt-pt\/wp-json\/wp\/v2\/media\/26560"}],"wp:attachment":[{"href":"https:\/\/lovelycosmetics.eu\/pt-pt\/wp-json\/wp\/v2\/media?parent=26744"}],"wp:term":[{"taxonomy":"product_brand","embeddable":true,"href":"https:\/\/lovelycosmetics.eu\/pt-pt\/wp-json\/wp\/v2\/product_brand?post=26744"},{"taxonomy":"product_cat","embeddable":true,"href":"https:\/\/lovelycosmetics.eu\/pt-pt\/wp-json\/wp\/v2\/product_cat?post=26744"},{"taxonomy":"product_tag","embeddable":true,"href":"https:\/\/lovelycosmetics.eu\/pt-pt\/wp-json\/wp\/v2\/product_tag?post=26744"}],"curies":[{"name":"wp","href":"https:\/\/api.w.org\/{rel}","templated":true}]}}