{"id":26745,"date":"2023-06-08T10:21:52","date_gmt":"2023-06-08T10:21:52","guid":{"rendered":"https:\/\/lovelycosmetics.eu\/?post_type=product&#038;p=26745"},"modified":"2024-01-16T12:15:28","modified_gmt":"2024-01-16T12:15:28","slug":"mascara-de-pestanas-pump-up-sensitive","status":"publish","type":"product","link":"https:\/\/lovelycosmetics.eu\/pt-pt\/producto\/mascara-de-pestanas-pump-up-sensitive\/","title":{"rendered":"M\u00e1scara de pestanas Pump Up\n  Sensitive"},"content":{"rendered":"<h4>Modo<br \/>\n  de<br \/>\n    uso<\/h4>\n<p>Colocar a escova na base das pestanas superiores e<br \/>\n    mov\u00ea-la para tr\u00e1s e para a frente, cobrindo a base das pestanas. Pentear a<\/p>\n<p>    escova atrav\u00e9s das pestanas para evitar os tufos. Aplicar duas dem\u00e3os se se<\/p>\n<p>    pretender um efeito mais<br \/>\n    dram\u00e1tico.<\/p>\n<\/p>\n<h4>Ingredientes<\/h4>\n<p>\n    Aqua, Paraffin, Glyceryl Stearate, Synthetic Wax, Stearic Acid, Acacia<br \/>\n    Senegal Gum, Butylene Glycol, Palmitic Acid, Oryza Sativa Cera, Polybutene,<\/p>\n<p>    VP\/Eicosene Copolymer, Ozokerite, Aminomethyl Propanol, Hydrogenated<br \/>\n    Vegetable Oil, Phenoxyethanol, Stearyl Stearate, Hydroxyethylcellulose,<\/p>\n<p>    Tropolone, Disodium Phosphate, Polysorbate 60, Sodium Phosphate, CI<br \/>\n    77499.<\/p>\n","protected":false},"excerpt":{"rendered":"<p>Uma<br \/>\n  m\u00e1scara de pestanas rosa. Desfrute de<br \/>\n    uma cor rosa intensa e v\u00edvida desde a primeira camada. O seu pinc\u00e9l<br \/>\n    confort\u00e1vel e eficaz permite que cada pestana seja revestida<br \/>\n  individualmente<br \/>\n    sem um efeito de aglutinante. Desfrute de uma cor chamativa quando o rosa<br \/>\n  se<br \/>\n    torna o novo preto.<\/p>\n","protected":false},"featured_media":26559,"comment_status":"closed","ping_status":"closed","template":"","meta":[],"product_brand":[],"product_cat":[1160,1183],"product_tag":[],"class_list":{"0":"post-26745","1":"product","2":"type-product","3":"status-publish","4":"has-post-thumbnail","6":"product_cat-mascara-de-pestanas-pt-pt","7":"product_cat-novo-2023","9":"first","10":"instock","11":"shipping-taxable","12":"purchasable","13":"product-type-simple"},"yoast_head":"<!-- This site is optimized with the Yoast SEO plugin v24.9 - https:\/\/yoast.com\/wordpress\/plugins\/seo\/ -->\n<title>M\u00e1scara de pestanas Pump Up  Sensitive - Lovely<\/title>\n<meta name=\"robots\" content=\"index, follow, max-snippet:-1, max-image-preview:large, max-video-preview:-1\" \/>\n<link rel=\"canonical\" href=\"https:\/\/lovelycosmetics.eu\/pt-pt\/producto\/mascara-de-pestanas-pump-up-sensitive\/\" \/>\n<meta property=\"og:locale\" content=\"pt_PT\" \/>\n<meta property=\"og:type\" content=\"article\" \/>\n<meta property=\"og:title\" content=\"M\u00e1scara de pestanas Pump Up  Sensitive - Lovely\" \/>\n<meta property=\"og:description\" content=\"Uma  m\u00e1scara de pestanas rosa. Desfrute de   uma cor rosa intensa e v\u00edvida desde a primeira camada. O seu pinc\u00e9l   confort\u00e1vel e eficaz permite que cada pestana seja revestida  individualmente   sem um efeito de aglutinante. Desfrute de uma cor chamativa quando o rosa  se   torna o novo preto.\" \/>\n<meta property=\"og:url\" content=\"https:\/\/lovelycosmetics.eu\/pt-pt\/producto\/mascara-de-pestanas-pump-up-sensitive\/\" \/>\n<meta property=\"og:site_name\" content=\"Lovely\" \/>\n<meta property=\"article:modified_time\" content=\"2024-01-16T12:15:28+00:00\" \/>\n<meta property=\"og:image\" content=\"https:\/\/lovelycosmetics.eu\/wp-content\/uploads\/2023\/06\/oc710@84.jpg\" \/>\n\t<meta property=\"og:image:width\" content=\"800\" \/>\n\t<meta property=\"og:image:height\" content=\"800\" \/>\n\t<meta property=\"og:image:type\" content=\"image\/jpeg\" \/>\n<meta name=\"twitter:card\" content=\"summary_large_image\" \/>\n<script type=\"application\/ld+json\" class=\"yoast-schema-graph\">{\"@context\":\"https:\/\/schema.org\",\"@graph\":[{\"@type\":\"WebPage\",\"@id\":\"https:\/\/lovelycosmetics.eu\/pt-pt\/producto\/mascara-de-pestanas-pump-up-sensitive\/\",\"url\":\"https:\/\/lovelycosmetics.eu\/pt-pt\/producto\/mascara-de-pestanas-pump-up-sensitive\/\",\"name\":\"M\u00e1scara de pestanas Pump Up Sensitive - Lovely\",\"isPartOf\":{\"@id\":\"https:\/\/lovelycosmetics.eu\/pt-pt\/#website\"},\"primaryImageOfPage\":{\"@id\":\"https:\/\/lovelycosmetics.eu\/pt-pt\/producto\/mascara-de-pestanas-pump-up-sensitive\/#primaryimage\"},\"image\":{\"@id\":\"https:\/\/lovelycosmetics.eu\/pt-pt\/producto\/mascara-de-pestanas-pump-up-sensitive\/#primaryimage\"},\"thumbnailUrl\":\"https:\/\/lovelycosmetics.eu\/wp-content\/uploads\/2023\/06\/oc710@84.jpg\",\"datePublished\":\"2023-06-08T10:21:52+00:00\",\"dateModified\":\"2024-01-16T12:15:28+00:00\",\"breadcrumb\":{\"@id\":\"https:\/\/lovelycosmetics.eu\/pt-pt\/producto\/mascara-de-pestanas-pump-up-sensitive\/#breadcrumb\"},\"inLanguage\":\"pt-PT\",\"potentialAction\":[{\"@type\":\"ReadAction\",\"target\":[\"https:\/\/lovelycosmetics.eu\/pt-pt\/producto\/mascara-de-pestanas-pump-up-sensitive\/\"]}]},{\"@type\":\"ImageObject\",\"inLanguage\":\"pt-PT\",\"@id\":\"https:\/\/lovelycosmetics.eu\/pt-pt\/producto\/mascara-de-pestanas-pump-up-sensitive\/#primaryimage\",\"url\":\"https:\/\/lovelycosmetics.eu\/wp-content\/uploads\/2023\/06\/oc710@84.jpg\",\"contentUrl\":\"https:\/\/lovelycosmetics.eu\/wp-content\/uploads\/2023\/06\/oc710@84.jpg\",\"width\":800,\"height\":800},{\"@type\":\"BreadcrumbList\",\"@id\":\"https:\/\/lovelycosmetics.eu\/pt-pt\/producto\/mascara-de-pestanas-pump-up-sensitive\/#breadcrumb\",\"itemListElement\":[{\"@type\":\"ListItem\",\"position\":1,\"name\":\"Portada\",\"item\":\"https:\/\/lovelycosmetics.eu\/pt-pt\/\"},{\"@type\":\"ListItem\",\"position\":2,\"name\":\"P\u00e1gina de inicio\",\"item\":\"https:\/\/lovelycosmetics.eu\/?page_id=16876\"},{\"@type\":\"ListItem\",\"position\":3,\"name\":\"M\u00e1scara de pestanas Pump Up Sensitive\"}]},{\"@type\":\"WebSite\",\"@id\":\"https:\/\/lovelycosmetics.eu\/pt-pt\/#website\",\"url\":\"https:\/\/lovelycosmetics.eu\/pt-pt\/\",\"name\":\"Lovely\",\"description\":\"Lovely\",\"potentialAction\":[{\"@type\":\"SearchAction\",\"target\":{\"@type\":\"EntryPoint\",\"urlTemplate\":\"https:\/\/lovelycosmetics.eu\/pt-pt\/?s={search_term_string}\"},\"query-input\":{\"@type\":\"PropertyValueSpecification\",\"valueRequired\":true,\"valueName\":\"search_term_string\"}}],\"inLanguage\":\"pt-PT\"}]}<\/script>\n<!-- \/ Yoast SEO plugin. -->","yoast_head_json":{"title":"M\u00e1scara de pestanas Pump Up  Sensitive - Lovely","robots":{"index":"index","follow":"follow","max-snippet":"max-snippet:-1","max-image-preview":"max-image-preview:large","max-video-preview":"max-video-preview:-1"},"canonical":"https:\/\/lovelycosmetics.eu\/pt-pt\/producto\/mascara-de-pestanas-pump-up-sensitive\/","og_locale":"pt_PT","og_type":"article","og_title":"M\u00e1scara de pestanas Pump Up  Sensitive - Lovely","og_description":"Uma  m\u00e1scara de pestanas rosa. Desfrute de   uma cor rosa intensa e v\u00edvida desde a primeira camada. O seu pinc\u00e9l   confort\u00e1vel e eficaz permite que cada pestana seja revestida  individualmente   sem um efeito de aglutinante. Desfrute de uma cor chamativa quando o rosa  se   torna o novo preto.","og_url":"https:\/\/lovelycosmetics.eu\/pt-pt\/producto\/mascara-de-pestanas-pump-up-sensitive\/","og_site_name":"Lovely","article_modified_time":"2024-01-16T12:15:28+00:00","og_image":[{"width":800,"height":800,"url":"https:\/\/lovelycosmetics.eu\/wp-content\/uploads\/2023\/06\/oc710@84.jpg","type":"image\/jpeg"}],"twitter_card":"summary_large_image","schema":{"@context":"https:\/\/schema.org","@graph":[{"@type":"WebPage","@id":"https:\/\/lovelycosmetics.eu\/pt-pt\/producto\/mascara-de-pestanas-pump-up-sensitive\/","url":"https:\/\/lovelycosmetics.eu\/pt-pt\/producto\/mascara-de-pestanas-pump-up-sensitive\/","name":"M\u00e1scara de pestanas Pump Up Sensitive - Lovely","isPartOf":{"@id":"https:\/\/lovelycosmetics.eu\/pt-pt\/#website"},"primaryImageOfPage":{"@id":"https:\/\/lovelycosmetics.eu\/pt-pt\/producto\/mascara-de-pestanas-pump-up-sensitive\/#primaryimage"},"image":{"@id":"https:\/\/lovelycosmetics.eu\/pt-pt\/producto\/mascara-de-pestanas-pump-up-sensitive\/#primaryimage"},"thumbnailUrl":"https:\/\/lovelycosmetics.eu\/wp-content\/uploads\/2023\/06\/oc710@84.jpg","datePublished":"2023-06-08T10:21:52+00:00","dateModified":"2024-01-16T12:15:28+00:00","breadcrumb":{"@id":"https:\/\/lovelycosmetics.eu\/pt-pt\/producto\/mascara-de-pestanas-pump-up-sensitive\/#breadcrumb"},"inLanguage":"pt-PT","potentialAction":[{"@type":"ReadAction","target":["https:\/\/lovelycosmetics.eu\/pt-pt\/producto\/mascara-de-pestanas-pump-up-sensitive\/"]}]},{"@type":"ImageObject","inLanguage":"pt-PT","@id":"https:\/\/lovelycosmetics.eu\/pt-pt\/producto\/mascara-de-pestanas-pump-up-sensitive\/#primaryimage","url":"https:\/\/lovelycosmetics.eu\/wp-content\/uploads\/2023\/06\/oc710@84.jpg","contentUrl":"https:\/\/lovelycosmetics.eu\/wp-content\/uploads\/2023\/06\/oc710@84.jpg","width":800,"height":800},{"@type":"BreadcrumbList","@id":"https:\/\/lovelycosmetics.eu\/pt-pt\/producto\/mascara-de-pestanas-pump-up-sensitive\/#breadcrumb","itemListElement":[{"@type":"ListItem","position":1,"name":"Portada","item":"https:\/\/lovelycosmetics.eu\/pt-pt\/"},{"@type":"ListItem","position":2,"name":"P\u00e1gina de inicio","item":"https:\/\/lovelycosmetics.eu\/?page_id=16876"},{"@type":"ListItem","position":3,"name":"M\u00e1scara de pestanas Pump Up Sensitive"}]},{"@type":"WebSite","@id":"https:\/\/lovelycosmetics.eu\/pt-pt\/#website","url":"https:\/\/lovelycosmetics.eu\/pt-pt\/","name":"Lovely","description":"Lovely","potentialAction":[{"@type":"SearchAction","target":{"@type":"EntryPoint","urlTemplate":"https:\/\/lovelycosmetics.eu\/pt-pt\/?s={search_term_string}"},"query-input":{"@type":"PropertyValueSpecification","valueRequired":true,"valueName":"search_term_string"}}],"inLanguage":"pt-PT"}]}},"_links":{"self":[{"href":"https:\/\/lovelycosmetics.eu\/pt-pt\/wp-json\/wp\/v2\/product\/26745","targetHints":{"allow":["GET"]}}],"collection":[{"href":"https:\/\/lovelycosmetics.eu\/pt-pt\/wp-json\/wp\/v2\/product"}],"about":[{"href":"https:\/\/lovelycosmetics.eu\/pt-pt\/wp-json\/wp\/v2\/types\/product"}],"replies":[{"embeddable":true,"href":"https:\/\/lovelycosmetics.eu\/pt-pt\/wp-json\/wp\/v2\/comments?post=26745"}],"wp:featuredmedia":[{"embeddable":true,"href":"https:\/\/lovelycosmetics.eu\/pt-pt\/wp-json\/wp\/v2\/media\/26559"}],"wp:attachment":[{"href":"https:\/\/lovelycosmetics.eu\/pt-pt\/wp-json\/wp\/v2\/media?parent=26745"}],"wp:term":[{"taxonomy":"product_brand","embeddable":true,"href":"https:\/\/lovelycosmetics.eu\/pt-pt\/wp-json\/wp\/v2\/product_brand?post=26745"},{"taxonomy":"product_cat","embeddable":true,"href":"https:\/\/lovelycosmetics.eu\/pt-pt\/wp-json\/wp\/v2\/product_cat?post=26745"},{"taxonomy":"product_tag","embeddable":true,"href":"https:\/\/lovelycosmetics.eu\/pt-pt\/wp-json\/wp\/v2\/product_tag?post=26745"}],"curies":[{"name":"wp","href":"https:\/\/api.w.org\/{rel}","templated":true}]}}