{"id":26747,"date":"2023-06-08T10:21:51","date_gmt":"2023-06-08T10:21:51","guid":{"rendered":"https:\/\/lovelycosmetics.eu\/?post_type=product&#038;p=26747"},"modified":"2024-01-16T12:15:35","modified_gmt":"2024-01-16T12:15:35","slug":"paleta-de-sombras-sensual-make-up-kit","status":"publish","type":"product","link":"https:\/\/lovelycosmetics.eu\/pt-pt\/producto\/paleta-de-sombras-sensual-make-up-kit\/","title":{"rendered":"Sensual Make Up Kit Paleta de\n  sombras"},"content":{"rendered":"<h4>Modo<br \/>\n  de<br \/>\n    uso<\/h4>\n<p>Use cores \u00e0 sua vontade. Recomendamos a utiliza\u00e7\u00e3o de<br \/>\n    uma tonalidade clara em toda a p\u00e1lpebra como base. Utilizar uma cor neutra<\/p>\n<p>    como sombra de transi\u00e7\u00e3o e uma sombra mais escura para a parte m\u00f3vel da<\/p>\n<p>    p\u00e1lpebra. Para definir o efeito, utilizar um prim\u00e1rio antes de aplicar a<\/p>\n<p>    sombra de<br \/>\n    p\u00e1lpebra.<\/p>\n<\/p>\n<h4>Ingredientes<\/h4>\n<p>1-2<br \/>\n    Talc, Mica, Silica, Bis-Diglyceryl Polyacyladipate-1, Ethylhexyl Stearate,<\/p>\n<p>    Magnesium Stearate, Caprylic\/Capric Triglyceride, Caprylyl Glycol,<br \/>\n    Phenoxyethanol, Hexylene Glycol, Tocopheryl Acetate, [+\/-]: CI 77491, CI<\/p>\n<p>    77499, CI 77492, CI 77891.#3\u00a0 Mica,<br \/>\n  Talc, Bis-Diglyceryl<br \/>\n    Polyacyladipate-1, Ethylhexyl Stearate, Caprylic\/Capric Triglyceride,<\/p>\n<p>    Magnesium Stearate, Synthetic Fluorphlogopite, Caprylyl Glycol,<br \/>\n    Phenoxyethanol, Hexylene Glycol, Tocopheryl Acetate, Tin Oxide, CI 77491,<br \/>\n  CI<br \/>\n    77891, CI 77492, CI 77163, CI 77499. #4\u00a0<br \/>\n  Talc, Mica,<br \/>\n    Bis-Diglyceryl Polyacyladipate-1, Ethylhexyl Stearate, Caprylic\/Capric<\/p>\n<p>    Triglyceride, Caprylyl Glycol, Phenoxyethanol, Hexylene Glycol, Tocopheryl<\/p>\n<p>    Acetate, Tin Oxide, CI 77491, CI 77499, CI 77891, CI 77492. #5\u00a0<br \/>\n    Talc, Mica, Bis-Diglyceryl Polyacyladipate-1, Caprylic\/Capric Triglyceride,<br \/>\n  Ethylhexyl<br \/>\n    Stearate, Magnesium Stearate, Caprylyl Glycol, Phenoxyethanol, Hexylene<\/p>\n<p>    Glycol, Tocopheryl Acetate, Tin Oxide, Hydrolyzed Collagen, Hydrolyzed<br \/>\n  Silk,<br \/>\n    CI 77491, CI 77891, CI 77492, CI 77499.#6\u00a0<br \/>\n  Talc, Mica,<br \/>\n    Bis-Diglyceryl Polyacyladipate-1, Ethylhexyl Stearate, Caprylic\/Capric<\/p>\n<p>    Triglyceride, Synthetic Fluorphlogopite, Magnesium Stearate, Caprylyl<br \/>\n  Glycol,<br \/>\n    Phenoxyethanol, Hexylene Glycol, Tocopheryl Acetate, CI 77499, CI 77891, CI<\/p>\n<p>    77492.#7\u00a0 Talc, Mica, Synthetic<br \/>\n  Fluorphlogopite, Bis-Diglyceryl<br \/>\n    Polyacyladipate-1, Ethylhexyl Stearate, Caprylic\/Capric Triglyceride,<\/p>\n<p>    Magnesium Stearate, Caprylyl Glycol, Phenoxyethanol, Calcium Aluminum<\/p>\n<p>    Borosilicate, Hexylene Glycol, Tocopheryl Acetate, Silica, Tin Oxide,<\/p>\n<p>    Hydrolyzed Collagen, Hydrolyzed Silk, CI 77288, CI 77891, CI 77266 (nano),<br \/>\n  CI<br \/>\n    77491, CI 77510. #8\u00a0 Talc, Mica,<br \/>\n  Bis-Diglyceryl<br \/>\n    Polyacyladipate-1, Magnesium Stearate, Ethylhexyl Stearate, Caprylic\/Capric<\/p>\n<p>    Triglyceride, Caprylyl Glycol, Phenoxyethanol, Hexylene Glycol, Tocopheryl<\/p>\n<p>    Acetate, CI 77499, CI 77891, CI 77491, CI 77492.#9\u00a0 Talc, Mica,<br \/>\n    Bis-Diglyceryl Polyacyladipate-1, Ethylhexyl Stearate, Caprylic\/Capric<\/p>\n<p>    Triglyceride, Magnesium Stearate, Caprylyl Glycol, Phenoxyethanol, Hexylene<\/p>\n<p>    Glycol, Tocopheryl Acetate, Tin Oxide, Hydrolyzed Collagen, Hydrolyzed<br \/>\n  Silk,<br \/>\n    CI 77491, CI 77499, CI 77891, CI 77510.#10\u00a0<br \/>\n  Talc, Mica, Magnesium<br \/>\n    Stearate, Bis-Diglyceryl Polyacyladipate-1, Caprylic\/Capric Triglyceride,<\/p>\n<p>    Ethylhexyl Stearate, Diethylhexyl Syringylidenemalonate, Caprylyl Glycol,<\/p>\n<p>    Phenoxyethanol, Hexylene Glycol, Tocopheryl Acetate, CI 77499, CI 15850, CI<\/p>\n<p>    77891, CI 77266 (nano).#11\u00a0 Talc,<br \/>\n  Mica, Bis-Diglyceryl<br \/>\n    Polyacyladipate-1, Magnesium Stearate, Ethylhexyl Stearate, Caprylic\/Capric<\/p>\n<p>    Triglyceride, Caprylyl Glycol, Phenoxyethanol, Hexylene Glycol, Tocopheryl<\/p>\n<p>    Acetate, Tin Oxide, Hydrolyzed Collagen, Hydrolyzed Silk, CI 77891, CI 77491,<\/p>\n<p>    CI 77499, CI 77492.#12\u00a0 Talc, Mica,<br \/>\n  Magnesium Stearate,<br \/>\n    Bis-Diglyceryl Polyacyladipate-1, Ethylhexyl Stearate, Caprylic\/Capric<\/p>\n<p>    Triglyceride, Caprylyl Glycol, Phenoxyethanol, Hexylene Glycol, Tocopheryl<\/p>\n<p>    Acetate, CI 77499, CI 77492, CI 77491, CI 77891.<\/p>\n","protected":false},"excerpt":{"rendered":"<p>Uma<br \/>\n  paleta de 12 sombras cuidadosamente<br \/>\n    seleccionadas com uma f\u00f3rmula que lhe permite misturar o produto na<br \/>\n  p\u00e1lpebra<br \/>\n    de forma r\u00e1pida e f\u00e1cil.<\/p>\n","protected":false},"featured_media":26557,"comment_status":"closed","ping_status":"closed","template":"","meta":[],"product_brand":[],"product_cat":[1183,1162],"product_tag":[],"class_list":{"0":"post-26747","1":"product","2":"type-product","3":"status-publish","4":"has-post-thumbnail","6":"product_cat-novo-2023","7":"product_cat-sombra-dos-olhos","9":"first","10":"instock","11":"shipping-taxable","12":"purchasable","13":"product-type-simple"},"yoast_head":"<!-- This site is optimized with the Yoast SEO plugin v24.9 - https:\/\/yoast.com\/wordpress\/plugins\/seo\/ -->\n<title>Sensual Make Up Kit Paleta de  sombras - Lovely<\/title>\n<meta name=\"robots\" content=\"index, follow, max-snippet:-1, max-image-preview:large, max-video-preview:-1\" \/>\n<link rel=\"canonical\" href=\"https:\/\/lovelycosmetics.eu\/pt-pt\/producto\/paleta-de-sombras-sensual-make-up-kit\/\" \/>\n<meta property=\"og:locale\" content=\"pt_PT\" \/>\n<meta property=\"og:type\" content=\"article\" \/>\n<meta property=\"og:title\" content=\"Sensual Make Up Kit Paleta de  sombras - Lovely\" \/>\n<meta property=\"og:description\" content=\"Uma  paleta de 12 sombras cuidadosamente   seleccionadas com uma f\u00f3rmula que lhe permite misturar o produto na  p\u00e1lpebra   de forma r\u00e1pida e f\u00e1cil.\" \/>\n<meta property=\"og:url\" content=\"https:\/\/lovelycosmetics.eu\/pt-pt\/producto\/paleta-de-sombras-sensual-make-up-kit\/\" \/>\n<meta property=\"og:site_name\" content=\"Lovely\" \/>\n<meta property=\"article:modified_time\" content=\"2024-01-16T12:15:35+00:00\" \/>\n<meta property=\"og:image\" content=\"https:\/\/lovelycosmetics.eu\/wp-content\/uploads\/2023\/06\/oc708@1.jpg\" \/>\n\t<meta property=\"og:image:width\" content=\"800\" \/>\n\t<meta property=\"og:image:height\" content=\"800\" \/>\n\t<meta property=\"og:image:type\" content=\"image\/jpeg\" \/>\n<meta name=\"twitter:card\" content=\"summary_large_image\" \/>\n<meta name=\"twitter:label1\" content=\"Tempo estimado de leitura\" \/>\n\t<meta name=\"twitter:data1\" content=\"2 minutos\" \/>\n<script type=\"application\/ld+json\" class=\"yoast-schema-graph\">{\"@context\":\"https:\/\/schema.org\",\"@graph\":[{\"@type\":\"WebPage\",\"@id\":\"https:\/\/lovelycosmetics.eu\/pt-pt\/producto\/paleta-de-sombras-sensual-make-up-kit\/\",\"url\":\"https:\/\/lovelycosmetics.eu\/pt-pt\/producto\/paleta-de-sombras-sensual-make-up-kit\/\",\"name\":\"Sensual Make Up Kit Paleta de sombras - Lovely\",\"isPartOf\":{\"@id\":\"https:\/\/lovelycosmetics.eu\/pt-pt\/#website\"},\"primaryImageOfPage\":{\"@id\":\"https:\/\/lovelycosmetics.eu\/pt-pt\/producto\/paleta-de-sombras-sensual-make-up-kit\/#primaryimage\"},\"image\":{\"@id\":\"https:\/\/lovelycosmetics.eu\/pt-pt\/producto\/paleta-de-sombras-sensual-make-up-kit\/#primaryimage\"},\"thumbnailUrl\":\"https:\/\/lovelycosmetics.eu\/wp-content\/uploads\/2023\/06\/oc708@1.jpg\",\"datePublished\":\"2023-06-08T10:21:51+00:00\",\"dateModified\":\"2024-01-16T12:15:35+00:00\",\"breadcrumb\":{\"@id\":\"https:\/\/lovelycosmetics.eu\/pt-pt\/producto\/paleta-de-sombras-sensual-make-up-kit\/#breadcrumb\"},\"inLanguage\":\"pt-PT\",\"potentialAction\":[{\"@type\":\"ReadAction\",\"target\":[\"https:\/\/lovelycosmetics.eu\/pt-pt\/producto\/paleta-de-sombras-sensual-make-up-kit\/\"]}]},{\"@type\":\"ImageObject\",\"inLanguage\":\"pt-PT\",\"@id\":\"https:\/\/lovelycosmetics.eu\/pt-pt\/producto\/paleta-de-sombras-sensual-make-up-kit\/#primaryimage\",\"url\":\"https:\/\/lovelycosmetics.eu\/wp-content\/uploads\/2023\/06\/oc708@1.jpg\",\"contentUrl\":\"https:\/\/lovelycosmetics.eu\/wp-content\/uploads\/2023\/06\/oc708@1.jpg\",\"width\":800,\"height\":800},{\"@type\":\"BreadcrumbList\",\"@id\":\"https:\/\/lovelycosmetics.eu\/pt-pt\/producto\/paleta-de-sombras-sensual-make-up-kit\/#breadcrumb\",\"itemListElement\":[{\"@type\":\"ListItem\",\"position\":1,\"name\":\"Portada\",\"item\":\"https:\/\/lovelycosmetics.eu\/pt-pt\/\"},{\"@type\":\"ListItem\",\"position\":2,\"name\":\"P\u00e1gina de inicio\",\"item\":\"https:\/\/lovelycosmetics.eu\/?page_id=16876\"},{\"@type\":\"ListItem\",\"position\":3,\"name\":\"Sensual Make Up Kit Paleta de sombras\"}]},{\"@type\":\"WebSite\",\"@id\":\"https:\/\/lovelycosmetics.eu\/pt-pt\/#website\",\"url\":\"https:\/\/lovelycosmetics.eu\/pt-pt\/\",\"name\":\"Lovely\",\"description\":\"Lovely\",\"potentialAction\":[{\"@type\":\"SearchAction\",\"target\":{\"@type\":\"EntryPoint\",\"urlTemplate\":\"https:\/\/lovelycosmetics.eu\/pt-pt\/?s={search_term_string}\"},\"query-input\":{\"@type\":\"PropertyValueSpecification\",\"valueRequired\":true,\"valueName\":\"search_term_string\"}}],\"inLanguage\":\"pt-PT\"}]}<\/script>\n<!-- \/ Yoast SEO plugin. -->","yoast_head_json":{"title":"Sensual Make Up Kit Paleta de  sombras - Lovely","robots":{"index":"index","follow":"follow","max-snippet":"max-snippet:-1","max-image-preview":"max-image-preview:large","max-video-preview":"max-video-preview:-1"},"canonical":"https:\/\/lovelycosmetics.eu\/pt-pt\/producto\/paleta-de-sombras-sensual-make-up-kit\/","og_locale":"pt_PT","og_type":"article","og_title":"Sensual Make Up Kit Paleta de  sombras - Lovely","og_description":"Uma  paleta de 12 sombras cuidadosamente   seleccionadas com uma f\u00f3rmula que lhe permite misturar o produto na  p\u00e1lpebra   de forma r\u00e1pida e f\u00e1cil.","og_url":"https:\/\/lovelycosmetics.eu\/pt-pt\/producto\/paleta-de-sombras-sensual-make-up-kit\/","og_site_name":"Lovely","article_modified_time":"2024-01-16T12:15:35+00:00","og_image":[{"width":800,"height":800,"url":"https:\/\/lovelycosmetics.eu\/wp-content\/uploads\/2023\/06\/oc708@1.jpg","type":"image\/jpeg"}],"twitter_card":"summary_large_image","twitter_misc":{"Tempo estimado de leitura":"2 minutos"},"schema":{"@context":"https:\/\/schema.org","@graph":[{"@type":"WebPage","@id":"https:\/\/lovelycosmetics.eu\/pt-pt\/producto\/paleta-de-sombras-sensual-make-up-kit\/","url":"https:\/\/lovelycosmetics.eu\/pt-pt\/producto\/paleta-de-sombras-sensual-make-up-kit\/","name":"Sensual Make Up Kit Paleta de sombras - Lovely","isPartOf":{"@id":"https:\/\/lovelycosmetics.eu\/pt-pt\/#website"},"primaryImageOfPage":{"@id":"https:\/\/lovelycosmetics.eu\/pt-pt\/producto\/paleta-de-sombras-sensual-make-up-kit\/#primaryimage"},"image":{"@id":"https:\/\/lovelycosmetics.eu\/pt-pt\/producto\/paleta-de-sombras-sensual-make-up-kit\/#primaryimage"},"thumbnailUrl":"https:\/\/lovelycosmetics.eu\/wp-content\/uploads\/2023\/06\/oc708@1.jpg","datePublished":"2023-06-08T10:21:51+00:00","dateModified":"2024-01-16T12:15:35+00:00","breadcrumb":{"@id":"https:\/\/lovelycosmetics.eu\/pt-pt\/producto\/paleta-de-sombras-sensual-make-up-kit\/#breadcrumb"},"inLanguage":"pt-PT","potentialAction":[{"@type":"ReadAction","target":["https:\/\/lovelycosmetics.eu\/pt-pt\/producto\/paleta-de-sombras-sensual-make-up-kit\/"]}]},{"@type":"ImageObject","inLanguage":"pt-PT","@id":"https:\/\/lovelycosmetics.eu\/pt-pt\/producto\/paleta-de-sombras-sensual-make-up-kit\/#primaryimage","url":"https:\/\/lovelycosmetics.eu\/wp-content\/uploads\/2023\/06\/oc708@1.jpg","contentUrl":"https:\/\/lovelycosmetics.eu\/wp-content\/uploads\/2023\/06\/oc708@1.jpg","width":800,"height":800},{"@type":"BreadcrumbList","@id":"https:\/\/lovelycosmetics.eu\/pt-pt\/producto\/paleta-de-sombras-sensual-make-up-kit\/#breadcrumb","itemListElement":[{"@type":"ListItem","position":1,"name":"Portada","item":"https:\/\/lovelycosmetics.eu\/pt-pt\/"},{"@type":"ListItem","position":2,"name":"P\u00e1gina de inicio","item":"https:\/\/lovelycosmetics.eu\/?page_id=16876"},{"@type":"ListItem","position":3,"name":"Sensual Make Up Kit Paleta de sombras"}]},{"@type":"WebSite","@id":"https:\/\/lovelycosmetics.eu\/pt-pt\/#website","url":"https:\/\/lovelycosmetics.eu\/pt-pt\/","name":"Lovely","description":"Lovely","potentialAction":[{"@type":"SearchAction","target":{"@type":"EntryPoint","urlTemplate":"https:\/\/lovelycosmetics.eu\/pt-pt\/?s={search_term_string}"},"query-input":{"@type":"PropertyValueSpecification","valueRequired":true,"valueName":"search_term_string"}}],"inLanguage":"pt-PT"}]}},"_links":{"self":[{"href":"https:\/\/lovelycosmetics.eu\/pt-pt\/wp-json\/wp\/v2\/product\/26747","targetHints":{"allow":["GET"]}}],"collection":[{"href":"https:\/\/lovelycosmetics.eu\/pt-pt\/wp-json\/wp\/v2\/product"}],"about":[{"href":"https:\/\/lovelycosmetics.eu\/pt-pt\/wp-json\/wp\/v2\/types\/product"}],"replies":[{"embeddable":true,"href":"https:\/\/lovelycosmetics.eu\/pt-pt\/wp-json\/wp\/v2\/comments?post=26747"}],"wp:featuredmedia":[{"embeddable":true,"href":"https:\/\/lovelycosmetics.eu\/pt-pt\/wp-json\/wp\/v2\/media\/26557"}],"wp:attachment":[{"href":"https:\/\/lovelycosmetics.eu\/pt-pt\/wp-json\/wp\/v2\/media?parent=26747"}],"wp:term":[{"taxonomy":"product_brand","embeddable":true,"href":"https:\/\/lovelycosmetics.eu\/pt-pt\/wp-json\/wp\/v2\/product_brand?post=26747"},{"taxonomy":"product_cat","embeddable":true,"href":"https:\/\/lovelycosmetics.eu\/pt-pt\/wp-json\/wp\/v2\/product_cat?post=26747"},{"taxonomy":"product_tag","embeddable":true,"href":"https:\/\/lovelycosmetics.eu\/pt-pt\/wp-json\/wp\/v2\/product_tag?post=26747"}],"curies":[{"name":"wp","href":"https:\/\/api.w.org\/{rel}","templated":true}]}}