{"id":26749,"date":"2023-06-08T10:21:49","date_gmt":"2023-06-08T10:21:49","guid":{"rendered":"https:\/\/lovelycosmetics.eu\/?post_type=product&#038;p=26749"},"modified":"2024-01-16T12:15:35","modified_gmt":"2024-01-16T12:15:35","slug":"pestanas-postizas-friday-night","status":"publish","type":"product","link":"https:\/\/lovelycosmetics.eu\/pt-pt\/producto\/pestanas-postizas-friday-night\/","title":{"rendered":"Pestanas posti\u00e7as Friday Night"},"content":{"rendered":"<h4>Modo<br \/>\n  de<br \/>\n    uso<\/h4>\n<p>1. Retire delicadamente as pestanas do recipiente, com<br \/>\n    uma pin\u00e7a ou com os dedos, segurando-as pelo canto exterior. Mantendo as<\/p>\n<p>    pestanas no centro, experimente-as na p\u00e1lpebra. Se precisar de encurtar as<\/p>\n<p>    pestanas para as ajustar ao olho, apare-as no canto exterior. Aplique uma<\/p>\n<p>    camada fina de cola na extremidade superior das pestanas. Aguarde cerca de<br \/>\n  30<br \/>\n    segundos at\u00e9 engrossar. 3) Coloque as pestanas falsas o mais pr\u00f3ximo<br \/>\n  poss\u00edvel<br \/>\n    da raiz das pestanas naturais e pressione-as ligeiramente contra a<br \/>\n  p\u00e1lpebra.<br \/>\n    Nota: as pestanas, apesar de parecerem semelhantes, t\u00eam duas formas. \u00c9<\/p>\n<p>    necess\u00e1rio escolher a forma correcta para o olho esquerdo e para o olho<\/p>\n<p>    direito.<\/p>\n<\/p>\n<h4>Ingredientes<\/h4>\n<p>\n    Acrylates\/Ethylhexyl Acrylate Copolymer, Propylene Glycol, Phenoxyethanol,<\/p>\n<p>    Ethylhexylglycerin, CI 77499.<\/p>\n","protected":false},"excerpt":{"rendered":"<p>Pestanas<br \/>\n  sint\u00e9ticas em tiras cujas pontas<br \/>\n    s\u00e3o macias, grossas e compridas, de modo que d\u00e3o aos olhos mais<br \/>\n  profundidade<br \/>\n    e car\u00e1cter. O kit inclui cola.<\/p>\n","protected":false},"featured_media":26555,"comment_status":"closed","ping_status":"closed","template":"","meta":[],"product_brand":[],"product_cat":[1183,1153],"product_tag":[],"class_list":{"0":"post-26749","1":"product","2":"type-product","3":"status-publish","4":"has-post-thumbnail","6":"product_cat-novo-2023","7":"product_cat-pestanas-falsas","9":"first","10":"instock","11":"shipping-taxable","12":"purchasable","13":"product-type-simple"},"yoast_head":"<!-- This site is optimized with the Yoast SEO plugin v24.9 - https:\/\/yoast.com\/wordpress\/plugins\/seo\/ -->\n<title>Pestanas posti\u00e7as Friday Night - Lovely<\/title>\n<meta name=\"robots\" content=\"index, follow, max-snippet:-1, max-image-preview:large, max-video-preview:-1\" \/>\n<link rel=\"canonical\" href=\"https:\/\/lovelycosmetics.eu\/pt-pt\/producto\/pestanas-postizas-friday-night\/\" \/>\n<meta property=\"og:locale\" content=\"pt_PT\" \/>\n<meta property=\"og:type\" content=\"article\" \/>\n<meta property=\"og:title\" content=\"Pestanas posti\u00e7as Friday Night - Lovely\" \/>\n<meta property=\"og:description\" content=\"Pestanas  sint\u00e9ticas em tiras cujas pontas   s\u00e3o macias, grossas e compridas, de modo que d\u00e3o aos olhos mais  profundidade   e car\u00e1cter. O kit inclui cola.\" \/>\n<meta property=\"og:url\" content=\"https:\/\/lovelycosmetics.eu\/pt-pt\/producto\/pestanas-postizas-friday-night\/\" \/>\n<meta property=\"og:site_name\" content=\"Lovely\" \/>\n<meta property=\"article:modified_time\" content=\"2024-01-16T12:15:35+00:00\" \/>\n<meta property=\"og:image\" content=\"https:\/\/lovelycosmetics.eu\/wp-content\/uploads\/2023\/06\/oc706@77.jpg\" \/>\n\t<meta property=\"og:image:width\" content=\"800\" \/>\n\t<meta property=\"og:image:height\" content=\"800\" \/>\n\t<meta property=\"og:image:type\" content=\"image\/jpeg\" \/>\n<meta name=\"twitter:card\" content=\"summary_large_image\" \/>\n<meta name=\"twitter:label1\" content=\"Tempo estimado de leitura\" \/>\n\t<meta name=\"twitter:data1\" content=\"1 minuto\" \/>\n<script type=\"application\/ld+json\" class=\"yoast-schema-graph\">{\"@context\":\"https:\/\/schema.org\",\"@graph\":[{\"@type\":\"WebPage\",\"@id\":\"https:\/\/lovelycosmetics.eu\/pt-pt\/producto\/pestanas-postizas-friday-night\/\",\"url\":\"https:\/\/lovelycosmetics.eu\/pt-pt\/producto\/pestanas-postizas-friday-night\/\",\"name\":\"Pestanas posti\u00e7as Friday Night - Lovely\",\"isPartOf\":{\"@id\":\"https:\/\/lovelycosmetics.eu\/pt-pt\/#website\"},\"primaryImageOfPage\":{\"@id\":\"https:\/\/lovelycosmetics.eu\/pt-pt\/producto\/pestanas-postizas-friday-night\/#primaryimage\"},\"image\":{\"@id\":\"https:\/\/lovelycosmetics.eu\/pt-pt\/producto\/pestanas-postizas-friday-night\/#primaryimage\"},\"thumbnailUrl\":\"https:\/\/lovelycosmetics.eu\/wp-content\/uploads\/2023\/06\/oc706@77.jpg\",\"datePublished\":\"2023-06-08T10:21:49+00:00\",\"dateModified\":\"2024-01-16T12:15:35+00:00\",\"breadcrumb\":{\"@id\":\"https:\/\/lovelycosmetics.eu\/pt-pt\/producto\/pestanas-postizas-friday-night\/#breadcrumb\"},\"inLanguage\":\"pt-PT\",\"potentialAction\":[{\"@type\":\"ReadAction\",\"target\":[\"https:\/\/lovelycosmetics.eu\/pt-pt\/producto\/pestanas-postizas-friday-night\/\"]}]},{\"@type\":\"ImageObject\",\"inLanguage\":\"pt-PT\",\"@id\":\"https:\/\/lovelycosmetics.eu\/pt-pt\/producto\/pestanas-postizas-friday-night\/#primaryimage\",\"url\":\"https:\/\/lovelycosmetics.eu\/wp-content\/uploads\/2023\/06\/oc706@77.jpg\",\"contentUrl\":\"https:\/\/lovelycosmetics.eu\/wp-content\/uploads\/2023\/06\/oc706@77.jpg\",\"width\":800,\"height\":800},{\"@type\":\"BreadcrumbList\",\"@id\":\"https:\/\/lovelycosmetics.eu\/pt-pt\/producto\/pestanas-postizas-friday-night\/#breadcrumb\",\"itemListElement\":[{\"@type\":\"ListItem\",\"position\":1,\"name\":\"Portada\",\"item\":\"https:\/\/lovelycosmetics.eu\/pt-pt\/\"},{\"@type\":\"ListItem\",\"position\":2,\"name\":\"P\u00e1gina de inicio\",\"item\":\"https:\/\/lovelycosmetics.eu\/?page_id=16876\"},{\"@type\":\"ListItem\",\"position\":3,\"name\":\"Pestanas posti\u00e7as Friday Night\"}]},{\"@type\":\"WebSite\",\"@id\":\"https:\/\/lovelycosmetics.eu\/pt-pt\/#website\",\"url\":\"https:\/\/lovelycosmetics.eu\/pt-pt\/\",\"name\":\"Lovely\",\"description\":\"Lovely\",\"potentialAction\":[{\"@type\":\"SearchAction\",\"target\":{\"@type\":\"EntryPoint\",\"urlTemplate\":\"https:\/\/lovelycosmetics.eu\/pt-pt\/?s={search_term_string}\"},\"query-input\":{\"@type\":\"PropertyValueSpecification\",\"valueRequired\":true,\"valueName\":\"search_term_string\"}}],\"inLanguage\":\"pt-PT\"}]}<\/script>\n<!-- \/ Yoast SEO plugin. -->","yoast_head_json":{"title":"Pestanas posti\u00e7as Friday Night - Lovely","robots":{"index":"index","follow":"follow","max-snippet":"max-snippet:-1","max-image-preview":"max-image-preview:large","max-video-preview":"max-video-preview:-1"},"canonical":"https:\/\/lovelycosmetics.eu\/pt-pt\/producto\/pestanas-postizas-friday-night\/","og_locale":"pt_PT","og_type":"article","og_title":"Pestanas posti\u00e7as Friday Night - Lovely","og_description":"Pestanas  sint\u00e9ticas em tiras cujas pontas   s\u00e3o macias, grossas e compridas, de modo que d\u00e3o aos olhos mais  profundidade   e car\u00e1cter. O kit inclui cola.","og_url":"https:\/\/lovelycosmetics.eu\/pt-pt\/producto\/pestanas-postizas-friday-night\/","og_site_name":"Lovely","article_modified_time":"2024-01-16T12:15:35+00:00","og_image":[{"width":800,"height":800,"url":"https:\/\/lovelycosmetics.eu\/wp-content\/uploads\/2023\/06\/oc706@77.jpg","type":"image\/jpeg"}],"twitter_card":"summary_large_image","twitter_misc":{"Tempo estimado de leitura":"1 minuto"},"schema":{"@context":"https:\/\/schema.org","@graph":[{"@type":"WebPage","@id":"https:\/\/lovelycosmetics.eu\/pt-pt\/producto\/pestanas-postizas-friday-night\/","url":"https:\/\/lovelycosmetics.eu\/pt-pt\/producto\/pestanas-postizas-friday-night\/","name":"Pestanas posti\u00e7as Friday Night - Lovely","isPartOf":{"@id":"https:\/\/lovelycosmetics.eu\/pt-pt\/#website"},"primaryImageOfPage":{"@id":"https:\/\/lovelycosmetics.eu\/pt-pt\/producto\/pestanas-postizas-friday-night\/#primaryimage"},"image":{"@id":"https:\/\/lovelycosmetics.eu\/pt-pt\/producto\/pestanas-postizas-friday-night\/#primaryimage"},"thumbnailUrl":"https:\/\/lovelycosmetics.eu\/wp-content\/uploads\/2023\/06\/oc706@77.jpg","datePublished":"2023-06-08T10:21:49+00:00","dateModified":"2024-01-16T12:15:35+00:00","breadcrumb":{"@id":"https:\/\/lovelycosmetics.eu\/pt-pt\/producto\/pestanas-postizas-friday-night\/#breadcrumb"},"inLanguage":"pt-PT","potentialAction":[{"@type":"ReadAction","target":["https:\/\/lovelycosmetics.eu\/pt-pt\/producto\/pestanas-postizas-friday-night\/"]}]},{"@type":"ImageObject","inLanguage":"pt-PT","@id":"https:\/\/lovelycosmetics.eu\/pt-pt\/producto\/pestanas-postizas-friday-night\/#primaryimage","url":"https:\/\/lovelycosmetics.eu\/wp-content\/uploads\/2023\/06\/oc706@77.jpg","contentUrl":"https:\/\/lovelycosmetics.eu\/wp-content\/uploads\/2023\/06\/oc706@77.jpg","width":800,"height":800},{"@type":"BreadcrumbList","@id":"https:\/\/lovelycosmetics.eu\/pt-pt\/producto\/pestanas-postizas-friday-night\/#breadcrumb","itemListElement":[{"@type":"ListItem","position":1,"name":"Portada","item":"https:\/\/lovelycosmetics.eu\/pt-pt\/"},{"@type":"ListItem","position":2,"name":"P\u00e1gina de inicio","item":"https:\/\/lovelycosmetics.eu\/?page_id=16876"},{"@type":"ListItem","position":3,"name":"Pestanas posti\u00e7as Friday Night"}]},{"@type":"WebSite","@id":"https:\/\/lovelycosmetics.eu\/pt-pt\/#website","url":"https:\/\/lovelycosmetics.eu\/pt-pt\/","name":"Lovely","description":"Lovely","potentialAction":[{"@type":"SearchAction","target":{"@type":"EntryPoint","urlTemplate":"https:\/\/lovelycosmetics.eu\/pt-pt\/?s={search_term_string}"},"query-input":{"@type":"PropertyValueSpecification","valueRequired":true,"valueName":"search_term_string"}}],"inLanguage":"pt-PT"}]}},"_links":{"self":[{"href":"https:\/\/lovelycosmetics.eu\/pt-pt\/wp-json\/wp\/v2\/product\/26749","targetHints":{"allow":["GET"]}}],"collection":[{"href":"https:\/\/lovelycosmetics.eu\/pt-pt\/wp-json\/wp\/v2\/product"}],"about":[{"href":"https:\/\/lovelycosmetics.eu\/pt-pt\/wp-json\/wp\/v2\/types\/product"}],"replies":[{"embeddable":true,"href":"https:\/\/lovelycosmetics.eu\/pt-pt\/wp-json\/wp\/v2\/comments?post=26749"}],"wp:featuredmedia":[{"embeddable":true,"href":"https:\/\/lovelycosmetics.eu\/pt-pt\/wp-json\/wp\/v2\/media\/26555"}],"wp:attachment":[{"href":"https:\/\/lovelycosmetics.eu\/pt-pt\/wp-json\/wp\/v2\/media?parent=26749"}],"wp:term":[{"taxonomy":"product_brand","embeddable":true,"href":"https:\/\/lovelycosmetics.eu\/pt-pt\/wp-json\/wp\/v2\/product_brand?post=26749"},{"taxonomy":"product_cat","embeddable":true,"href":"https:\/\/lovelycosmetics.eu\/pt-pt\/wp-json\/wp\/v2\/product_cat?post=26749"},{"taxonomy":"product_tag","embeddable":true,"href":"https:\/\/lovelycosmetics.eu\/pt-pt\/wp-json\/wp\/v2\/product_tag?post=26749"}],"curies":[{"name":"wp","href":"https:\/\/api.w.org\/{rel}","templated":true}]}}