{"id":26778,"date":"2022-11-14T15:43:16","date_gmt":"2022-11-14T15:43:16","guid":{"rendered":"https:\/\/lovelycosmetics.eu\/producto\/lovely-lip-gloss-extra-lasting\/"},"modified":"2024-01-16T12:16:25","modified_gmt":"2024-01-16T12:16:25","slug":"lovely-lip-gloss-extra-lasting","status":"publish","type":"product","link":"https:\/\/lovelycosmetics.eu\/pt-pt\/producto\/lovely-lip-gloss-extra-lasting\/","title":{"rendered":"Long-lasting lipstick"},"content":{"rendered":"<h4>Modo de<br \/>\n  uso<\/h4>\n<p>Come\u00e7ar no centro do l\u00e1bio superior e trabalhar em direc\u00e7\u00e3o aos<br \/>\n  contornos. Percorrer o batom sobre todo o l\u00e1bio inferior e esperar que ele<br \/>\n  seque. Finalmente, deslizar o aplicador de batom l\u00edquido sobre todo o l\u00e1bio<br \/>\n  inferior.<\/p><\/p>\n","protected":false},"excerpt":{"rendered":"<p>Brilho labial cheio de cor com<br \/>\n  efeito muito duradouro e um acabamento mate original. Dispon\u00edvel em cores de<br \/>\n  rosa claro a vermelho escuro, tamb\u00e9m tons castanhos e estilo nude. Seu<br \/>\n  aplicador de esponja permite uma distribui\u00e7\u00e3o precisa do produto, enquanto sua<br \/>\n  f\u00f3rmula moderna e dur\u00e1vel garante uma maquiagem intacta ao longo do dia.<\/p>\n","protected":false},"featured_media":21507,"comment_status":"closed","ping_status":"closed","template":"","meta":[],"product_brand":[],"product_cat":[1156],"product_tag":[],"class_list":{"0":"post-26778","1":"product","2":"type-product","3":"status-publish","4":"has-post-thumbnail","6":"product_cat-brilho-de-labios","8":"first","9":"instock","10":"shipping-taxable","11":"purchasable","12":"product-type-variable"},"yoast_head":"<!-- This site is optimized with the Yoast SEO plugin v24.9 - https:\/\/yoast.com\/wordpress\/plugins\/seo\/ -->\n<title>Long-lasting lipstick - Lovely<\/title>\n<meta name=\"robots\" content=\"index, follow, max-snippet:-1, max-image-preview:large, max-video-preview:-1\" \/>\n<link rel=\"canonical\" href=\"https:\/\/lovelycosmetics.eu\/pt-pt\/producto\/lovely-lip-gloss-extra-lasting\/\" \/>\n<meta property=\"og:locale\" content=\"pt_PT\" \/>\n<meta property=\"og:type\" content=\"article\" \/>\n<meta property=\"og:title\" content=\"Long-lasting lipstick - Lovely\" \/>\n<meta property=\"og:description\" content=\"Brilho labial cheio de cor com  efeito muito duradouro e um acabamento mate original. Dispon\u00edvel em cores de  rosa claro a vermelho escuro, tamb\u00e9m tons castanhos e estilo nude. Seu  aplicador de esponja permite uma distribui\u00e7\u00e3o precisa do produto, enquanto sua  f\u00f3rmula moderna e dur\u00e1vel garante uma maquiagem intacta ao longo do dia.\" \/>\n<meta property=\"og:url\" content=\"https:\/\/lovelycosmetics.eu\/pt-pt\/producto\/lovely-lip-gloss-extra-lasting\/\" \/>\n<meta property=\"og:site_name\" content=\"Lovely\" \/>\n<meta property=\"article:modified_time\" content=\"2024-01-16T12:16:25+00:00\" \/>\n<meta property=\"og:image\" content=\"https:\/\/lovelycosmetics.eu\/wp-content\/uploads\/2022\/11\/USL83TC@0.jpg\" \/>\n\t<meta property=\"og:image:width\" content=\"800\" \/>\n\t<meta property=\"og:image:height\" content=\"800\" \/>\n\t<meta property=\"og:image:type\" content=\"image\/jpeg\" \/>\n<meta name=\"twitter:card\" content=\"summary_large_image\" \/>\n<script type=\"application\/ld+json\" class=\"yoast-schema-graph\">{\"@context\":\"https:\/\/schema.org\",\"@graph\":[{\"@type\":\"WebPage\",\"@id\":\"https:\/\/lovelycosmetics.eu\/pt-pt\/producto\/lovely-lip-gloss-extra-lasting\/\",\"url\":\"https:\/\/lovelycosmetics.eu\/pt-pt\/producto\/lovely-lip-gloss-extra-lasting\/\",\"name\":\"Long-lasting lipstick - Lovely\",\"isPartOf\":{\"@id\":\"https:\/\/lovelycosmetics.eu\/pt-pt\/#website\"},\"primaryImageOfPage\":{\"@id\":\"https:\/\/lovelycosmetics.eu\/pt-pt\/producto\/lovely-lip-gloss-extra-lasting\/#primaryimage\"},\"image\":{\"@id\":\"https:\/\/lovelycosmetics.eu\/pt-pt\/producto\/lovely-lip-gloss-extra-lasting\/#primaryimage\"},\"thumbnailUrl\":\"https:\/\/lovelycosmetics.eu\/wp-content\/uploads\/2022\/11\/USL83TC@0.jpg\",\"datePublished\":\"2022-11-14T15:43:16+00:00\",\"dateModified\":\"2024-01-16T12:16:25+00:00\",\"breadcrumb\":{\"@id\":\"https:\/\/lovelycosmetics.eu\/pt-pt\/producto\/lovely-lip-gloss-extra-lasting\/#breadcrumb\"},\"inLanguage\":\"pt-PT\",\"potentialAction\":[{\"@type\":\"ReadAction\",\"target\":[\"https:\/\/lovelycosmetics.eu\/pt-pt\/producto\/lovely-lip-gloss-extra-lasting\/\"]}]},{\"@type\":\"ImageObject\",\"inLanguage\":\"pt-PT\",\"@id\":\"https:\/\/lovelycosmetics.eu\/pt-pt\/producto\/lovely-lip-gloss-extra-lasting\/#primaryimage\",\"url\":\"https:\/\/lovelycosmetics.eu\/wp-content\/uploads\/2022\/11\/USL83TC@0.jpg\",\"contentUrl\":\"https:\/\/lovelycosmetics.eu\/wp-content\/uploads\/2022\/11\/USL83TC@0.jpg\",\"width\":800,\"height\":800},{\"@type\":\"BreadcrumbList\",\"@id\":\"https:\/\/lovelycosmetics.eu\/pt-pt\/producto\/lovely-lip-gloss-extra-lasting\/#breadcrumb\",\"itemListElement\":[{\"@type\":\"ListItem\",\"position\":1,\"name\":\"Portada\",\"item\":\"https:\/\/lovelycosmetics.eu\/pt-pt\/\"},{\"@type\":\"ListItem\",\"position\":2,\"name\":\"P\u00e1gina de inicio\",\"item\":\"https:\/\/lovelycosmetics.eu\/?page_id=16876\"},{\"@type\":\"ListItem\",\"position\":3,\"name\":\"Long-lasting lipstick\"}]},{\"@type\":\"WebSite\",\"@id\":\"https:\/\/lovelycosmetics.eu\/pt-pt\/#website\",\"url\":\"https:\/\/lovelycosmetics.eu\/pt-pt\/\",\"name\":\"Lovely\",\"description\":\"Lovely\",\"potentialAction\":[{\"@type\":\"SearchAction\",\"target\":{\"@type\":\"EntryPoint\",\"urlTemplate\":\"https:\/\/lovelycosmetics.eu\/pt-pt\/?s={search_term_string}\"},\"query-input\":{\"@type\":\"PropertyValueSpecification\",\"valueRequired\":true,\"valueName\":\"search_term_string\"}}],\"inLanguage\":\"pt-PT\"}]}<\/script>\n<!-- \/ Yoast SEO plugin. -->","yoast_head_json":{"title":"Long-lasting lipstick - Lovely","robots":{"index":"index","follow":"follow","max-snippet":"max-snippet:-1","max-image-preview":"max-image-preview:large","max-video-preview":"max-video-preview:-1"},"canonical":"https:\/\/lovelycosmetics.eu\/pt-pt\/producto\/lovely-lip-gloss-extra-lasting\/","og_locale":"pt_PT","og_type":"article","og_title":"Long-lasting lipstick - Lovely","og_description":"Brilho labial cheio de cor com  efeito muito duradouro e um acabamento mate original. Dispon\u00edvel em cores de  rosa claro a vermelho escuro, tamb\u00e9m tons castanhos e estilo nude. Seu  aplicador de esponja permite uma distribui\u00e7\u00e3o precisa do produto, enquanto sua  f\u00f3rmula moderna e dur\u00e1vel garante uma maquiagem intacta ao longo do dia.","og_url":"https:\/\/lovelycosmetics.eu\/pt-pt\/producto\/lovely-lip-gloss-extra-lasting\/","og_site_name":"Lovely","article_modified_time":"2024-01-16T12:16:25+00:00","og_image":[{"width":800,"height":800,"url":"https:\/\/lovelycosmetics.eu\/wp-content\/uploads\/2022\/11\/USL83TC@0.jpg","type":"image\/jpeg"}],"twitter_card":"summary_large_image","schema":{"@context":"https:\/\/schema.org","@graph":[{"@type":"WebPage","@id":"https:\/\/lovelycosmetics.eu\/pt-pt\/producto\/lovely-lip-gloss-extra-lasting\/","url":"https:\/\/lovelycosmetics.eu\/pt-pt\/producto\/lovely-lip-gloss-extra-lasting\/","name":"Long-lasting lipstick - Lovely","isPartOf":{"@id":"https:\/\/lovelycosmetics.eu\/pt-pt\/#website"},"primaryImageOfPage":{"@id":"https:\/\/lovelycosmetics.eu\/pt-pt\/producto\/lovely-lip-gloss-extra-lasting\/#primaryimage"},"image":{"@id":"https:\/\/lovelycosmetics.eu\/pt-pt\/producto\/lovely-lip-gloss-extra-lasting\/#primaryimage"},"thumbnailUrl":"https:\/\/lovelycosmetics.eu\/wp-content\/uploads\/2022\/11\/USL83TC@0.jpg","datePublished":"2022-11-14T15:43:16+00:00","dateModified":"2024-01-16T12:16:25+00:00","breadcrumb":{"@id":"https:\/\/lovelycosmetics.eu\/pt-pt\/producto\/lovely-lip-gloss-extra-lasting\/#breadcrumb"},"inLanguage":"pt-PT","potentialAction":[{"@type":"ReadAction","target":["https:\/\/lovelycosmetics.eu\/pt-pt\/producto\/lovely-lip-gloss-extra-lasting\/"]}]},{"@type":"ImageObject","inLanguage":"pt-PT","@id":"https:\/\/lovelycosmetics.eu\/pt-pt\/producto\/lovely-lip-gloss-extra-lasting\/#primaryimage","url":"https:\/\/lovelycosmetics.eu\/wp-content\/uploads\/2022\/11\/USL83TC@0.jpg","contentUrl":"https:\/\/lovelycosmetics.eu\/wp-content\/uploads\/2022\/11\/USL83TC@0.jpg","width":800,"height":800},{"@type":"BreadcrumbList","@id":"https:\/\/lovelycosmetics.eu\/pt-pt\/producto\/lovely-lip-gloss-extra-lasting\/#breadcrumb","itemListElement":[{"@type":"ListItem","position":1,"name":"Portada","item":"https:\/\/lovelycosmetics.eu\/pt-pt\/"},{"@type":"ListItem","position":2,"name":"P\u00e1gina de inicio","item":"https:\/\/lovelycosmetics.eu\/?page_id=16876"},{"@type":"ListItem","position":3,"name":"Long-lasting lipstick"}]},{"@type":"WebSite","@id":"https:\/\/lovelycosmetics.eu\/pt-pt\/#website","url":"https:\/\/lovelycosmetics.eu\/pt-pt\/","name":"Lovely","description":"Lovely","potentialAction":[{"@type":"SearchAction","target":{"@type":"EntryPoint","urlTemplate":"https:\/\/lovelycosmetics.eu\/pt-pt\/?s={search_term_string}"},"query-input":{"@type":"PropertyValueSpecification","valueRequired":true,"valueName":"search_term_string"}}],"inLanguage":"pt-PT"}]}},"_links":{"self":[{"href":"https:\/\/lovelycosmetics.eu\/pt-pt\/wp-json\/wp\/v2\/product\/26778","targetHints":{"allow":["GET"]}}],"collection":[{"href":"https:\/\/lovelycosmetics.eu\/pt-pt\/wp-json\/wp\/v2\/product"}],"about":[{"href":"https:\/\/lovelycosmetics.eu\/pt-pt\/wp-json\/wp\/v2\/types\/product"}],"replies":[{"embeddable":true,"href":"https:\/\/lovelycosmetics.eu\/pt-pt\/wp-json\/wp\/v2\/comments?post=26778"}],"wp:featuredmedia":[{"embeddable":true,"href":"https:\/\/lovelycosmetics.eu\/pt-pt\/wp-json\/wp\/v2\/media\/21507"}],"wp:attachment":[{"href":"https:\/\/lovelycosmetics.eu\/pt-pt\/wp-json\/wp\/v2\/media?parent=26778"}],"wp:term":[{"taxonomy":"product_brand","embeddable":true,"href":"https:\/\/lovelycosmetics.eu\/pt-pt\/wp-json\/wp\/v2\/product_brand?post=26778"},{"taxonomy":"product_cat","embeddable":true,"href":"https:\/\/lovelycosmetics.eu\/pt-pt\/wp-json\/wp\/v2\/product_cat?post=26778"},{"taxonomy":"product_tag","embeddable":true,"href":"https:\/\/lovelycosmetics.eu\/pt-pt\/wp-json\/wp\/v2\/product_tag?post=26778"}],"curies":[{"name":"wp","href":"https:\/\/api.w.org\/{rel}","templated":true}]}}