{"id":26956,"date":"2022-11-14T15:42:54","date_gmt":"2022-11-14T15:42:54","guid":{"rendered":"https:\/\/lovelycosmetics.eu\/producto\/lovely-fluid-fresh-and-juicy-foundation-nr1-25g\/"},"modified":"2024-01-16T12:19:39","modified_gmt":"2024-01-16T12:19:39","slug":"lovely-fluid-fresh-and-juicy-foundation-nr1-25g","status":"publish","type":"product","link":"https:\/\/lovelycosmetics.eu\/pt-pt\/producto\/lovely-fluid-fresh-and-juicy-foundation-nr1-25g\/","title":{"rendered":"Base\n  de\n    maquilhagem Fluid Fresh and Juicy"},"content":{"rendered":"<h4>Modo de<br \/>\n  uso<\/h4>\n<p>Hidratar e preparar a sua pele. Recomenda-se a utiliza\u00e7\u00e3o de um<br \/>\n  prim\u00e1rio para melhorar a ader\u00eancia e a durabilidade da maquilhagem. Em<br \/>\n  seguida, aplicar a base em todo o rosto com um pincel ou esponja.<\/p><\/p>\n","protected":false},"excerpt":{"rendered":"<p>Base de maquilhagem<br \/>\n  iluminadora para o rosto com extrato de pepino fresco, de cobertura mediana.<br \/>\n  Cont\u00e9m \u00e1cido hialur\u00f4nico e vitamina E. Deixa a pele naturalmente radiante,<br \/>\n  sem efeito de m\u00e1scara, ao mesmo tempo em que proporciona um efeito duradouro.<\/p>\n","protected":false},"featured_media":20250,"comment_status":"closed","ping_status":"closed","template":"","meta":[],"product_brand":[],"product_cat":[1165],"product_tag":[],"class_list":{"0":"post-26956","1":"product","2":"type-product","3":"status-publish","4":"has-post-thumbnail","6":"product_cat-base","8":"first","9":"instock","10":"shipping-taxable","11":"purchasable","12":"product-type-variable"},"yoast_head":"<!-- This site is optimized with the Yoast SEO plugin v24.9 - https:\/\/yoast.com\/wordpress\/plugins\/seo\/ -->\n<title>Base  de   maquilhagem Fluid Fresh and Juicy - Lovely<\/title>\n<meta name=\"robots\" content=\"index, follow, max-snippet:-1, max-image-preview:large, max-video-preview:-1\" \/>\n<link rel=\"canonical\" href=\"https:\/\/lovelycosmetics.eu\/pt-pt\/producto\/lovely-fluid-fresh-and-juicy-foundation-nr1-25g\/\" \/>\n<meta property=\"og:locale\" content=\"pt_PT\" \/>\n<meta property=\"og:type\" content=\"article\" \/>\n<meta property=\"og:title\" content=\"Base  de   maquilhagem Fluid Fresh and Juicy - Lovely\" \/>\n<meta property=\"og:description\" content=\"Base de maquilhagem  iluminadora para o rosto com extrato de pepino fresco, de cobertura mediana.  Cont\u00e9m \u00e1cido hialur\u00f4nico e vitamina E. Deixa a pele naturalmente radiante,  sem efeito de m\u00e1scara, ao mesmo tempo em que proporciona um efeito duradouro.\" \/>\n<meta property=\"og:url\" content=\"https:\/\/lovelycosmetics.eu\/pt-pt\/producto\/lovely-fluid-fresh-and-juicy-foundation-nr1-25g\/\" \/>\n<meta property=\"og:site_name\" content=\"Lovely\" \/>\n<meta property=\"article:modified_time\" content=\"2024-01-16T12:19:39+00:00\" \/>\n<meta property=\"og:image\" content=\"https:\/\/lovelycosmetics.eu\/wp-content\/uploads\/2022\/11\/CE473N1_5901801697244.jpg\" \/>\n\t<meta property=\"og:image:width\" content=\"800\" \/>\n\t<meta property=\"og:image:height\" content=\"800\" \/>\n\t<meta property=\"og:image:type\" content=\"image\/jpeg\" \/>\n<meta name=\"twitter:card\" content=\"summary_large_image\" \/>\n<script type=\"application\/ld+json\" class=\"yoast-schema-graph\">{\"@context\":\"https:\/\/schema.org\",\"@graph\":[{\"@type\":\"WebPage\",\"@id\":\"https:\/\/lovelycosmetics.eu\/pt-pt\/producto\/lovely-fluid-fresh-and-juicy-foundation-nr1-25g\/\",\"url\":\"https:\/\/lovelycosmetics.eu\/pt-pt\/producto\/lovely-fluid-fresh-and-juicy-foundation-nr1-25g\/\",\"name\":\"Base de maquilhagem Fluid Fresh and Juicy - Lovely\",\"isPartOf\":{\"@id\":\"https:\/\/lovelycosmetics.eu\/pt-pt\/#website\"},\"primaryImageOfPage\":{\"@id\":\"https:\/\/lovelycosmetics.eu\/pt-pt\/producto\/lovely-fluid-fresh-and-juicy-foundation-nr1-25g\/#primaryimage\"},\"image\":{\"@id\":\"https:\/\/lovelycosmetics.eu\/pt-pt\/producto\/lovely-fluid-fresh-and-juicy-foundation-nr1-25g\/#primaryimage\"},\"thumbnailUrl\":\"https:\/\/lovelycosmetics.eu\/wp-content\/uploads\/2022\/11\/CE473N1_5901801697244.jpg\",\"datePublished\":\"2022-11-14T15:42:54+00:00\",\"dateModified\":\"2024-01-16T12:19:39+00:00\",\"breadcrumb\":{\"@id\":\"https:\/\/lovelycosmetics.eu\/pt-pt\/producto\/lovely-fluid-fresh-and-juicy-foundation-nr1-25g\/#breadcrumb\"},\"inLanguage\":\"pt-PT\",\"potentialAction\":[{\"@type\":\"ReadAction\",\"target\":[\"https:\/\/lovelycosmetics.eu\/pt-pt\/producto\/lovely-fluid-fresh-and-juicy-foundation-nr1-25g\/\"]}]},{\"@type\":\"ImageObject\",\"inLanguage\":\"pt-PT\",\"@id\":\"https:\/\/lovelycosmetics.eu\/pt-pt\/producto\/lovely-fluid-fresh-and-juicy-foundation-nr1-25g\/#primaryimage\",\"url\":\"https:\/\/lovelycosmetics.eu\/wp-content\/uploads\/2022\/11\/CE473N1_5901801697244.jpg\",\"contentUrl\":\"https:\/\/lovelycosmetics.eu\/wp-content\/uploads\/2022\/11\/CE473N1_5901801697244.jpg\",\"width\":800,\"height\":800},{\"@type\":\"BreadcrumbList\",\"@id\":\"https:\/\/lovelycosmetics.eu\/pt-pt\/producto\/lovely-fluid-fresh-and-juicy-foundation-nr1-25g\/#breadcrumb\",\"itemListElement\":[{\"@type\":\"ListItem\",\"position\":1,\"name\":\"Portada\",\"item\":\"https:\/\/lovelycosmetics.eu\/pt-pt\/\"},{\"@type\":\"ListItem\",\"position\":2,\"name\":\"P\u00e1gina de inicio\",\"item\":\"https:\/\/lovelycosmetics.eu\/?page_id=16876\"},{\"@type\":\"ListItem\",\"position\":3,\"name\":\"Base de maquilhagem Fluid Fresh and Juicy\"}]},{\"@type\":\"WebSite\",\"@id\":\"https:\/\/lovelycosmetics.eu\/pt-pt\/#website\",\"url\":\"https:\/\/lovelycosmetics.eu\/pt-pt\/\",\"name\":\"Lovely\",\"description\":\"Lovely\",\"potentialAction\":[{\"@type\":\"SearchAction\",\"target\":{\"@type\":\"EntryPoint\",\"urlTemplate\":\"https:\/\/lovelycosmetics.eu\/pt-pt\/?s={search_term_string}\"},\"query-input\":{\"@type\":\"PropertyValueSpecification\",\"valueRequired\":true,\"valueName\":\"search_term_string\"}}],\"inLanguage\":\"pt-PT\"}]}<\/script>\n<!-- \/ Yoast SEO plugin. -->","yoast_head_json":{"title":"Base  de   maquilhagem Fluid Fresh and Juicy - Lovely","robots":{"index":"index","follow":"follow","max-snippet":"max-snippet:-1","max-image-preview":"max-image-preview:large","max-video-preview":"max-video-preview:-1"},"canonical":"https:\/\/lovelycosmetics.eu\/pt-pt\/producto\/lovely-fluid-fresh-and-juicy-foundation-nr1-25g\/","og_locale":"pt_PT","og_type":"article","og_title":"Base  de   maquilhagem Fluid Fresh and Juicy - Lovely","og_description":"Base de maquilhagem  iluminadora para o rosto com extrato de pepino fresco, de cobertura mediana.  Cont\u00e9m \u00e1cido hialur\u00f4nico e vitamina E. Deixa a pele naturalmente radiante,  sem efeito de m\u00e1scara, ao mesmo tempo em que proporciona um efeito duradouro.","og_url":"https:\/\/lovelycosmetics.eu\/pt-pt\/producto\/lovely-fluid-fresh-and-juicy-foundation-nr1-25g\/","og_site_name":"Lovely","article_modified_time":"2024-01-16T12:19:39+00:00","og_image":[{"width":800,"height":800,"url":"https:\/\/lovelycosmetics.eu\/wp-content\/uploads\/2022\/11\/CE473N1_5901801697244.jpg","type":"image\/jpeg"}],"twitter_card":"summary_large_image","schema":{"@context":"https:\/\/schema.org","@graph":[{"@type":"WebPage","@id":"https:\/\/lovelycosmetics.eu\/pt-pt\/producto\/lovely-fluid-fresh-and-juicy-foundation-nr1-25g\/","url":"https:\/\/lovelycosmetics.eu\/pt-pt\/producto\/lovely-fluid-fresh-and-juicy-foundation-nr1-25g\/","name":"Base de maquilhagem Fluid Fresh and Juicy - Lovely","isPartOf":{"@id":"https:\/\/lovelycosmetics.eu\/pt-pt\/#website"},"primaryImageOfPage":{"@id":"https:\/\/lovelycosmetics.eu\/pt-pt\/producto\/lovely-fluid-fresh-and-juicy-foundation-nr1-25g\/#primaryimage"},"image":{"@id":"https:\/\/lovelycosmetics.eu\/pt-pt\/producto\/lovely-fluid-fresh-and-juicy-foundation-nr1-25g\/#primaryimage"},"thumbnailUrl":"https:\/\/lovelycosmetics.eu\/wp-content\/uploads\/2022\/11\/CE473N1_5901801697244.jpg","datePublished":"2022-11-14T15:42:54+00:00","dateModified":"2024-01-16T12:19:39+00:00","breadcrumb":{"@id":"https:\/\/lovelycosmetics.eu\/pt-pt\/producto\/lovely-fluid-fresh-and-juicy-foundation-nr1-25g\/#breadcrumb"},"inLanguage":"pt-PT","potentialAction":[{"@type":"ReadAction","target":["https:\/\/lovelycosmetics.eu\/pt-pt\/producto\/lovely-fluid-fresh-and-juicy-foundation-nr1-25g\/"]}]},{"@type":"ImageObject","inLanguage":"pt-PT","@id":"https:\/\/lovelycosmetics.eu\/pt-pt\/producto\/lovely-fluid-fresh-and-juicy-foundation-nr1-25g\/#primaryimage","url":"https:\/\/lovelycosmetics.eu\/wp-content\/uploads\/2022\/11\/CE473N1_5901801697244.jpg","contentUrl":"https:\/\/lovelycosmetics.eu\/wp-content\/uploads\/2022\/11\/CE473N1_5901801697244.jpg","width":800,"height":800},{"@type":"BreadcrumbList","@id":"https:\/\/lovelycosmetics.eu\/pt-pt\/producto\/lovely-fluid-fresh-and-juicy-foundation-nr1-25g\/#breadcrumb","itemListElement":[{"@type":"ListItem","position":1,"name":"Portada","item":"https:\/\/lovelycosmetics.eu\/pt-pt\/"},{"@type":"ListItem","position":2,"name":"P\u00e1gina de inicio","item":"https:\/\/lovelycosmetics.eu\/?page_id=16876"},{"@type":"ListItem","position":3,"name":"Base de maquilhagem Fluid Fresh and Juicy"}]},{"@type":"WebSite","@id":"https:\/\/lovelycosmetics.eu\/pt-pt\/#website","url":"https:\/\/lovelycosmetics.eu\/pt-pt\/","name":"Lovely","description":"Lovely","potentialAction":[{"@type":"SearchAction","target":{"@type":"EntryPoint","urlTemplate":"https:\/\/lovelycosmetics.eu\/pt-pt\/?s={search_term_string}"},"query-input":{"@type":"PropertyValueSpecification","valueRequired":true,"valueName":"search_term_string"}}],"inLanguage":"pt-PT"}]}},"_links":{"self":[{"href":"https:\/\/lovelycosmetics.eu\/pt-pt\/wp-json\/wp\/v2\/product\/26956","targetHints":{"allow":["GET"]}}],"collection":[{"href":"https:\/\/lovelycosmetics.eu\/pt-pt\/wp-json\/wp\/v2\/product"}],"about":[{"href":"https:\/\/lovelycosmetics.eu\/pt-pt\/wp-json\/wp\/v2\/types\/product"}],"replies":[{"embeddable":true,"href":"https:\/\/lovelycosmetics.eu\/pt-pt\/wp-json\/wp\/v2\/comments?post=26956"}],"wp:featuredmedia":[{"embeddable":true,"href":"https:\/\/lovelycosmetics.eu\/pt-pt\/wp-json\/wp\/v2\/media\/20250"}],"wp:attachment":[{"href":"https:\/\/lovelycosmetics.eu\/pt-pt\/wp-json\/wp\/v2\/media?parent=26956"}],"wp:term":[{"taxonomy":"product_brand","embeddable":true,"href":"https:\/\/lovelycosmetics.eu\/pt-pt\/wp-json\/wp\/v2\/product_brand?post=26956"},{"taxonomy":"product_cat","embeddable":true,"href":"https:\/\/lovelycosmetics.eu\/pt-pt\/wp-json\/wp\/v2\/product_cat?post=26956"},{"taxonomy":"product_tag","embeddable":true,"href":"https:\/\/lovelycosmetics.eu\/pt-pt\/wp-json\/wp\/v2\/product_tag?post=26956"}],"curies":[{"name":"wp","href":"https:\/\/api.w.org\/{rel}","templated":true}]}}