{"id":26967,"date":"2022-11-14T15:42:53","date_gmt":"2022-11-14T15:42:53","guid":{"rendered":"https:\/\/lovelycosmetics.eu\/producto\/lovely-powder-sculpting\/"},"modified":"2024-01-16T12:19:54","modified_gmt":"2024-01-16T12:19:54","slug":"lovely-powder-sculpting","status":"publish","type":"product","link":"https:\/\/lovelycosmetics.eu\/pt-pt\/producto\/lovely-powder-sculpting\/","title":{"rendered":"Paleta\n  de\n    Contorno SCULPTING"},"content":{"rendered":"<h4>Modo de<br \/>\n  uso<\/h4>\n<p>Ap\u00f3s a base, come\u00e7ar por aplicar o cosm\u00e9tico com um pincel<br \/>\n  especial, removendo sempre o produto em excesso antes de o aplicar no rosto.<br \/>\n  Utilizar o marcador nas ma\u00e7\u00e3s do rosto e no arco da sobrancelha. Aplicar o<br \/>\n  bronzeador sob as ma\u00e7\u00e3s do rosto e o blusher sobre as<br \/>\n  bochechas.<\/p><\/p>\n","protected":false},"excerpt":{"rendered":"<p>Paleta<br \/>\n  de tr\u00eas tons de p\u00f3 compacto para moldar o rosto:<br \/>\n    P\u00f3s de sol:Para acentuar as caracter\u00edsticas e destacar o bronzeado. P\u00f3s<br \/>\n  Matte: Para matificar e suavizar as imperfei\u00e7\u00f5es. P\u00f3 de brilho: Para dar<br \/>\n  brilho e deixar a pele radiante. F\u00f3rmula dur\u00e1vel que deixa uma maquiagem<br \/>\n  perfeita ao longo do dia.<\/p>\n","protected":false},"featured_media":20957,"comment_status":"closed","ping_status":"closed","template":"","meta":[],"product_brand":[],"product_cat":[1168],"product_tag":[],"class_list":{"0":"post-26967","1":"product","2":"type-product","3":"status-publish","4":"has-post-thumbnail","6":"product_cat-blusher-iluminador-bronzeador","8":"first","9":"instock","10":"shipping-taxable","11":"purchasable","12":"product-type-variable"},"yoast_head":"<!-- This site is optimized with the Yoast SEO plugin v24.9 - https:\/\/yoast.com\/wordpress\/plugins\/seo\/ -->\n<title>Paleta  de   Contorno SCULPTING - Lovely<\/title>\n<meta name=\"robots\" content=\"index, follow, max-snippet:-1, max-image-preview:large, max-video-preview:-1\" \/>\n<link rel=\"canonical\" href=\"https:\/\/lovelycosmetics.eu\/pt-pt\/producto\/lovely-powder-sculpting\/\" \/>\n<meta property=\"og:locale\" content=\"pt_PT\" \/>\n<meta property=\"og:type\" content=\"article\" \/>\n<meta property=\"og:title\" content=\"Paleta  de   Contorno SCULPTING - Lovely\" \/>\n<meta property=\"og:description\" content=\"Paleta  de tr\u00eas tons de p\u00f3 compacto para moldar o rosto:   P\u00f3s de sol:Para acentuar as caracter\u00edsticas e destacar o bronzeado. P\u00f3s  Matte: Para matificar e suavizar as imperfei\u00e7\u00f5es. P\u00f3 de brilho: Para dar  brilho e deixar a pele radiante. F\u00f3rmula dur\u00e1vel que deixa uma maquiagem  perfeita ao longo do dia.\" \/>\n<meta property=\"og:url\" content=\"https:\/\/lovelycosmetics.eu\/pt-pt\/producto\/lovely-powder-sculpting\/\" \/>\n<meta property=\"og:site_name\" content=\"Lovely\" \/>\n<meta property=\"article:modified_time\" content=\"2024-01-16T12:19:54+00:00\" \/>\n<meta property=\"og:image\" content=\"https:\/\/lovelycosmetics.eu\/wp-content\/uploads\/2022\/11\/CEL47@0.jpg\" \/>\n\t<meta property=\"og:image:width\" content=\"800\" \/>\n\t<meta property=\"og:image:height\" content=\"800\" \/>\n\t<meta property=\"og:image:type\" content=\"image\/jpeg\" \/>\n<meta name=\"twitter:card\" content=\"summary_large_image\" \/>\n<script type=\"application\/ld+json\" class=\"yoast-schema-graph\">{\"@context\":\"https:\/\/schema.org\",\"@graph\":[{\"@type\":\"WebPage\",\"@id\":\"https:\/\/lovelycosmetics.eu\/pt-pt\/producto\/lovely-powder-sculpting\/\",\"url\":\"https:\/\/lovelycosmetics.eu\/pt-pt\/producto\/lovely-powder-sculpting\/\",\"name\":\"Paleta de Contorno SCULPTING - Lovely\",\"isPartOf\":{\"@id\":\"https:\/\/lovelycosmetics.eu\/pt-pt\/#website\"},\"primaryImageOfPage\":{\"@id\":\"https:\/\/lovelycosmetics.eu\/pt-pt\/producto\/lovely-powder-sculpting\/#primaryimage\"},\"image\":{\"@id\":\"https:\/\/lovelycosmetics.eu\/pt-pt\/producto\/lovely-powder-sculpting\/#primaryimage\"},\"thumbnailUrl\":\"https:\/\/lovelycosmetics.eu\/wp-content\/uploads\/2022\/11\/CEL47@0.jpg\",\"datePublished\":\"2022-11-14T15:42:53+00:00\",\"dateModified\":\"2024-01-16T12:19:54+00:00\",\"breadcrumb\":{\"@id\":\"https:\/\/lovelycosmetics.eu\/pt-pt\/producto\/lovely-powder-sculpting\/#breadcrumb\"},\"inLanguage\":\"pt-PT\",\"potentialAction\":[{\"@type\":\"ReadAction\",\"target\":[\"https:\/\/lovelycosmetics.eu\/pt-pt\/producto\/lovely-powder-sculpting\/\"]}]},{\"@type\":\"ImageObject\",\"inLanguage\":\"pt-PT\",\"@id\":\"https:\/\/lovelycosmetics.eu\/pt-pt\/producto\/lovely-powder-sculpting\/#primaryimage\",\"url\":\"https:\/\/lovelycosmetics.eu\/wp-content\/uploads\/2022\/11\/CEL47@0.jpg\",\"contentUrl\":\"https:\/\/lovelycosmetics.eu\/wp-content\/uploads\/2022\/11\/CEL47@0.jpg\",\"width\":800,\"height\":800},{\"@type\":\"BreadcrumbList\",\"@id\":\"https:\/\/lovelycosmetics.eu\/pt-pt\/producto\/lovely-powder-sculpting\/#breadcrumb\",\"itemListElement\":[{\"@type\":\"ListItem\",\"position\":1,\"name\":\"Portada\",\"item\":\"https:\/\/lovelycosmetics.eu\/pt-pt\/\"},{\"@type\":\"ListItem\",\"position\":2,\"name\":\"P\u00e1gina de inicio\",\"item\":\"https:\/\/lovelycosmetics.eu\/?page_id=16876\"},{\"@type\":\"ListItem\",\"position\":3,\"name\":\"Paleta de Contorno SCULPTING\"}]},{\"@type\":\"WebSite\",\"@id\":\"https:\/\/lovelycosmetics.eu\/pt-pt\/#website\",\"url\":\"https:\/\/lovelycosmetics.eu\/pt-pt\/\",\"name\":\"Lovely\",\"description\":\"Lovely\",\"potentialAction\":[{\"@type\":\"SearchAction\",\"target\":{\"@type\":\"EntryPoint\",\"urlTemplate\":\"https:\/\/lovelycosmetics.eu\/pt-pt\/?s={search_term_string}\"},\"query-input\":{\"@type\":\"PropertyValueSpecification\",\"valueRequired\":true,\"valueName\":\"search_term_string\"}}],\"inLanguage\":\"pt-PT\"}]}<\/script>\n<!-- \/ Yoast SEO plugin. -->","yoast_head_json":{"title":"Paleta  de   Contorno SCULPTING - Lovely","robots":{"index":"index","follow":"follow","max-snippet":"max-snippet:-1","max-image-preview":"max-image-preview:large","max-video-preview":"max-video-preview:-1"},"canonical":"https:\/\/lovelycosmetics.eu\/pt-pt\/producto\/lovely-powder-sculpting\/","og_locale":"pt_PT","og_type":"article","og_title":"Paleta  de   Contorno SCULPTING - Lovely","og_description":"Paleta  de tr\u00eas tons de p\u00f3 compacto para moldar o rosto:   P\u00f3s de sol:Para acentuar as caracter\u00edsticas e destacar o bronzeado. P\u00f3s  Matte: Para matificar e suavizar as imperfei\u00e7\u00f5es. P\u00f3 de brilho: Para dar  brilho e deixar a pele radiante. F\u00f3rmula dur\u00e1vel que deixa uma maquiagem  perfeita ao longo do dia.","og_url":"https:\/\/lovelycosmetics.eu\/pt-pt\/producto\/lovely-powder-sculpting\/","og_site_name":"Lovely","article_modified_time":"2024-01-16T12:19:54+00:00","og_image":[{"width":800,"height":800,"url":"https:\/\/lovelycosmetics.eu\/wp-content\/uploads\/2022\/11\/CEL47@0.jpg","type":"image\/jpeg"}],"twitter_card":"summary_large_image","schema":{"@context":"https:\/\/schema.org","@graph":[{"@type":"WebPage","@id":"https:\/\/lovelycosmetics.eu\/pt-pt\/producto\/lovely-powder-sculpting\/","url":"https:\/\/lovelycosmetics.eu\/pt-pt\/producto\/lovely-powder-sculpting\/","name":"Paleta de Contorno SCULPTING - Lovely","isPartOf":{"@id":"https:\/\/lovelycosmetics.eu\/pt-pt\/#website"},"primaryImageOfPage":{"@id":"https:\/\/lovelycosmetics.eu\/pt-pt\/producto\/lovely-powder-sculpting\/#primaryimage"},"image":{"@id":"https:\/\/lovelycosmetics.eu\/pt-pt\/producto\/lovely-powder-sculpting\/#primaryimage"},"thumbnailUrl":"https:\/\/lovelycosmetics.eu\/wp-content\/uploads\/2022\/11\/CEL47@0.jpg","datePublished":"2022-11-14T15:42:53+00:00","dateModified":"2024-01-16T12:19:54+00:00","breadcrumb":{"@id":"https:\/\/lovelycosmetics.eu\/pt-pt\/producto\/lovely-powder-sculpting\/#breadcrumb"},"inLanguage":"pt-PT","potentialAction":[{"@type":"ReadAction","target":["https:\/\/lovelycosmetics.eu\/pt-pt\/producto\/lovely-powder-sculpting\/"]}]},{"@type":"ImageObject","inLanguage":"pt-PT","@id":"https:\/\/lovelycosmetics.eu\/pt-pt\/producto\/lovely-powder-sculpting\/#primaryimage","url":"https:\/\/lovelycosmetics.eu\/wp-content\/uploads\/2022\/11\/CEL47@0.jpg","contentUrl":"https:\/\/lovelycosmetics.eu\/wp-content\/uploads\/2022\/11\/CEL47@0.jpg","width":800,"height":800},{"@type":"BreadcrumbList","@id":"https:\/\/lovelycosmetics.eu\/pt-pt\/producto\/lovely-powder-sculpting\/#breadcrumb","itemListElement":[{"@type":"ListItem","position":1,"name":"Portada","item":"https:\/\/lovelycosmetics.eu\/pt-pt\/"},{"@type":"ListItem","position":2,"name":"P\u00e1gina de inicio","item":"https:\/\/lovelycosmetics.eu\/?page_id=16876"},{"@type":"ListItem","position":3,"name":"Paleta de Contorno SCULPTING"}]},{"@type":"WebSite","@id":"https:\/\/lovelycosmetics.eu\/pt-pt\/#website","url":"https:\/\/lovelycosmetics.eu\/pt-pt\/","name":"Lovely","description":"Lovely","potentialAction":[{"@type":"SearchAction","target":{"@type":"EntryPoint","urlTemplate":"https:\/\/lovelycosmetics.eu\/pt-pt\/?s={search_term_string}"},"query-input":{"@type":"PropertyValueSpecification","valueRequired":true,"valueName":"search_term_string"}}],"inLanguage":"pt-PT"}]}},"_links":{"self":[{"href":"https:\/\/lovelycosmetics.eu\/pt-pt\/wp-json\/wp\/v2\/product\/26967","targetHints":{"allow":["GET"]}}],"collection":[{"href":"https:\/\/lovelycosmetics.eu\/pt-pt\/wp-json\/wp\/v2\/product"}],"about":[{"href":"https:\/\/lovelycosmetics.eu\/pt-pt\/wp-json\/wp\/v2\/types\/product"}],"replies":[{"embeddable":true,"href":"https:\/\/lovelycosmetics.eu\/pt-pt\/wp-json\/wp\/v2\/comments?post=26967"}],"wp:featuredmedia":[{"embeddable":true,"href":"https:\/\/lovelycosmetics.eu\/pt-pt\/wp-json\/wp\/v2\/media\/20957"}],"wp:attachment":[{"href":"https:\/\/lovelycosmetics.eu\/pt-pt\/wp-json\/wp\/v2\/media?parent=26967"}],"wp:term":[{"taxonomy":"product_brand","embeddable":true,"href":"https:\/\/lovelycosmetics.eu\/pt-pt\/wp-json\/wp\/v2\/product_brand?post=26967"},{"taxonomy":"product_cat","embeddable":true,"href":"https:\/\/lovelycosmetics.eu\/pt-pt\/wp-json\/wp\/v2\/product_cat?post=26967"},{"taxonomy":"product_tag","embeddable":true,"href":"https:\/\/lovelycosmetics.eu\/pt-pt\/wp-json\/wp\/v2\/product_tag?post=26967"}],"curies":[{"name":"wp","href":"https:\/\/api.w.org\/{rel}","templated":true}]}}