{"id":26971,"date":"2022-11-14T15:42:53","date_gmt":"2022-11-14T15:42:53","guid":{"rendered":"https:\/\/lovelycosmetics.eu\/producto\/lovely-blusher-natural-beauty\/"},"modified":"2025-04-16T13:19:01","modified_gmt":"2025-04-16T13:19:01","slug":"lovely-blusher-natural-beauty","status":"publish","type":"product","link":"https:\/\/lovelycosmetics.eu\/pt-pt\/producto\/lovely-blusher-natural-beauty\/","title":{"rendered":"Blusher Natural Beauty"},"content":{"rendered":"<h4>Ingredients<\/h4>\n<p>1: Talc, Mica, Magnesium Stearate, Bis-Diglyceryl Polyacyladipate-1, Caprylic\/Capric Triglyceride, Ethylhexyl Stearate, Diethylhexyl Syringylidenemalonate, Caprylyl Glycol, Phenoxyethanol, Silica, Hexylene Glycol, Hydrogenated Polyisobutene, Tocopheryl Acetate, Hydrolyzed Collagen, Palmitic Acid, Benzoic Acid, Tin Oxide, Hydrolyzed Silk, Maltodextrin, CI 77891, CI 77491, CI 77163, CI 15850, CI 77499, CI 16035, CI 75470.<\/p>\n","protected":false},"excerpt":{"rendered":"<p>Um top coat que d\u00e1 aos l\u00e1bios um brilho e uma profundidade excepcionais, aumentando subtilmente o seu volume e real\u00e7ando a sua beleza natural.<br \/>\n A sua f\u00f3rmula em gel leve cria um efeito \u201cwet look\u201d, garantindo uma sensa\u00e7\u00e3o de conforto sem colar. \u00c9 perfeito para aplicar sobre o seu batom mate preferido, intensificando a sua cor e adicionando um brilho apelativo, ou para usar sozinho para iluminar suavemente e aumentar visualmente o volume dos l\u00e1bios.<br \/>\n Dispon\u00edvel em tons intemporais para se adequar a qualquer ocasi\u00e3o, independentemente das tend\u00eancias actuais. Com o seu brilho inigual\u00e1vel, efeito volumizador e propriedades hidratantes, Top Coat POUT \u00e9 um produto indispens\u00e1vel na sua bolsa de maquilhagem, ao qual querer\u00e1 sempre voltar.<\/p>\n","protected":false},"featured_media":28932,"comment_status":"open","ping_status":"closed","template":"","meta":[],"product_brand":[],"product_cat":[1156,1478],"product_tag":[1864,1865,1493],"class_list":{"0":"post-26971","1":"product","2":"type-product","3":"status-publish","4":"has-post-thumbnail","6":"product_cat-brilho-de-labios","7":"product_cat-new-2-pt-pt","8":"product_tag-brillo-de-labios-pt-pt","9":"product_tag-labios-pt-pt","10":"product_tag-new-pt-pt","12":"first","13":"instock","14":"shipping-taxable","15":"purchasable","16":"product-type-variable"},"yoast_head":"<!-- This site is optimized with the Yoast SEO plugin v24.9 - https:\/\/yoast.com\/wordpress\/plugins\/seo\/ -->\n<title>Blusher Natural Beauty - Lovely<\/title>\n<meta name=\"robots\" content=\"index, follow, max-snippet:-1, max-image-preview:large, max-video-preview:-1\" \/>\n<link rel=\"canonical\" href=\"https:\/\/lovelycosmetics.eu\/pt-pt\/producto\/lovely-blusher-natural-beauty\/\" \/>\n<meta property=\"og:locale\" content=\"pt_PT\" \/>\n<meta property=\"og:type\" content=\"article\" \/>\n<meta property=\"og:title\" content=\"Blusher Natural Beauty - Lovely\" \/>\n<meta property=\"og:description\" content=\"Um top coat que d\u00e1 aos l\u00e1bios um brilho e uma profundidade excepcionais, aumentando subtilmente o seu volume e real\u00e7ando a sua beleza natural. A sua f\u00f3rmula em gel leve cria um efeito \u201cwet look\u201d, garantindo uma sensa\u00e7\u00e3o de conforto sem colar. \u00c9 perfeito para aplicar sobre o seu batom mate preferido, intensificando a sua cor e adicionando um brilho apelativo, ou para usar sozinho para iluminar suavemente e aumentar visualmente o volume dos l\u00e1bios. Dispon\u00edvel em tons intemporais para se adequar a qualquer ocasi\u00e3o, independentemente das tend\u00eancias actuais. Com o seu brilho inigual\u00e1vel, efeito volumizador e propriedades hidratantes, Top Coat POUT \u00e9 um produto indispens\u00e1vel na sua bolsa de maquilhagem, ao qual querer\u00e1 sempre voltar.\" \/>\n<meta property=\"og:url\" content=\"https:\/\/lovelycosmetics.eu\/pt-pt\/producto\/lovely-blusher-natural-beauty\/\" \/>\n<meta property=\"og:site_name\" content=\"Lovely\" \/>\n<meta property=\"article:modified_time\" content=\"2025-04-16T13:19:01+00:00\" \/>\n<meta property=\"og:image\" content=\"https:\/\/lovelycosmetics.eu\/wp-content\/uploads\/2025\/04\/5905309907287_1.jpg\" \/>\n\t<meta property=\"og:image:width\" content=\"800\" \/>\n\t<meta property=\"og:image:height\" content=\"800\" \/>\n\t<meta property=\"og:image:type\" content=\"image\/jpeg\" \/>\n<meta name=\"twitter:card\" content=\"summary_large_image\" \/>\n<script type=\"application\/ld+json\" class=\"yoast-schema-graph\">{\"@context\":\"https:\/\/schema.org\",\"@graph\":[{\"@type\":\"WebPage\",\"@id\":\"https:\/\/lovelycosmetics.eu\/pt-pt\/producto\/lovely-blusher-natural-beauty\/\",\"url\":\"https:\/\/lovelycosmetics.eu\/pt-pt\/producto\/lovely-blusher-natural-beauty\/\",\"name\":\"Blusher Natural Beauty - Lovely\",\"isPartOf\":{\"@id\":\"https:\/\/lovelycosmetics.eu\/pt-pt\/#website\"},\"primaryImageOfPage\":{\"@id\":\"https:\/\/lovelycosmetics.eu\/pt-pt\/producto\/lovely-blusher-natural-beauty\/#primaryimage\"},\"image\":{\"@id\":\"https:\/\/lovelycosmetics.eu\/pt-pt\/producto\/lovely-blusher-natural-beauty\/#primaryimage\"},\"thumbnailUrl\":\"https:\/\/lovelycosmetics.eu\/wp-content\/uploads\/2025\/04\/5905309907287_1.jpg\",\"datePublished\":\"2022-11-14T15:42:53+00:00\",\"dateModified\":\"2025-04-16T13:19:01+00:00\",\"breadcrumb\":{\"@id\":\"https:\/\/lovelycosmetics.eu\/pt-pt\/producto\/lovely-blusher-natural-beauty\/#breadcrumb\"},\"inLanguage\":\"pt-PT\",\"potentialAction\":[{\"@type\":\"ReadAction\",\"target\":[\"https:\/\/lovelycosmetics.eu\/pt-pt\/producto\/lovely-blusher-natural-beauty\/\"]}]},{\"@type\":\"ImageObject\",\"inLanguage\":\"pt-PT\",\"@id\":\"https:\/\/lovelycosmetics.eu\/pt-pt\/producto\/lovely-blusher-natural-beauty\/#primaryimage\",\"url\":\"https:\/\/lovelycosmetics.eu\/wp-content\/uploads\/2025\/04\/5905309907287_1.jpg\",\"contentUrl\":\"https:\/\/lovelycosmetics.eu\/wp-content\/uploads\/2025\/04\/5905309907287_1.jpg\",\"width\":800,\"height\":800},{\"@type\":\"BreadcrumbList\",\"@id\":\"https:\/\/lovelycosmetics.eu\/pt-pt\/producto\/lovely-blusher-natural-beauty\/#breadcrumb\",\"itemListElement\":[{\"@type\":\"ListItem\",\"position\":1,\"name\":\"Portada\",\"item\":\"https:\/\/lovelycosmetics.eu\/pt-pt\/\"},{\"@type\":\"ListItem\",\"position\":2,\"name\":\"P\u00e1gina de inicio\",\"item\":\"https:\/\/lovelycosmetics.eu\/?page_id=16876\"},{\"@type\":\"ListItem\",\"position\":3,\"name\":\"Blusher Natural Beauty\"}]},{\"@type\":\"WebSite\",\"@id\":\"https:\/\/lovelycosmetics.eu\/pt-pt\/#website\",\"url\":\"https:\/\/lovelycosmetics.eu\/pt-pt\/\",\"name\":\"Lovely\",\"description\":\"Lovely\",\"potentialAction\":[{\"@type\":\"SearchAction\",\"target\":{\"@type\":\"EntryPoint\",\"urlTemplate\":\"https:\/\/lovelycosmetics.eu\/pt-pt\/?s={search_term_string}\"},\"query-input\":{\"@type\":\"PropertyValueSpecification\",\"valueRequired\":true,\"valueName\":\"search_term_string\"}}],\"inLanguage\":\"pt-PT\"}]}<\/script>\n<!-- \/ Yoast SEO plugin. -->","yoast_head_json":{"title":"Blusher Natural Beauty - Lovely","robots":{"index":"index","follow":"follow","max-snippet":"max-snippet:-1","max-image-preview":"max-image-preview:large","max-video-preview":"max-video-preview:-1"},"canonical":"https:\/\/lovelycosmetics.eu\/pt-pt\/producto\/lovely-blusher-natural-beauty\/","og_locale":"pt_PT","og_type":"article","og_title":"Blusher Natural Beauty - Lovely","og_description":"Um top coat que d\u00e1 aos l\u00e1bios um brilho e uma profundidade excepcionais, aumentando subtilmente o seu volume e real\u00e7ando a sua beleza natural. A sua f\u00f3rmula em gel leve cria um efeito \u201cwet look\u201d, garantindo uma sensa\u00e7\u00e3o de conforto sem colar. \u00c9 perfeito para aplicar sobre o seu batom mate preferido, intensificando a sua cor e adicionando um brilho apelativo, ou para usar sozinho para iluminar suavemente e aumentar visualmente o volume dos l\u00e1bios. Dispon\u00edvel em tons intemporais para se adequar a qualquer ocasi\u00e3o, independentemente das tend\u00eancias actuais. Com o seu brilho inigual\u00e1vel, efeito volumizador e propriedades hidratantes, Top Coat POUT \u00e9 um produto indispens\u00e1vel na sua bolsa de maquilhagem, ao qual querer\u00e1 sempre voltar.","og_url":"https:\/\/lovelycosmetics.eu\/pt-pt\/producto\/lovely-blusher-natural-beauty\/","og_site_name":"Lovely","article_modified_time":"2025-04-16T13:19:01+00:00","og_image":[{"width":800,"height":800,"url":"https:\/\/lovelycosmetics.eu\/wp-content\/uploads\/2025\/04\/5905309907287_1.jpg","type":"image\/jpeg"}],"twitter_card":"summary_large_image","schema":{"@context":"https:\/\/schema.org","@graph":[{"@type":"WebPage","@id":"https:\/\/lovelycosmetics.eu\/pt-pt\/producto\/lovely-blusher-natural-beauty\/","url":"https:\/\/lovelycosmetics.eu\/pt-pt\/producto\/lovely-blusher-natural-beauty\/","name":"Blusher Natural Beauty - Lovely","isPartOf":{"@id":"https:\/\/lovelycosmetics.eu\/pt-pt\/#website"},"primaryImageOfPage":{"@id":"https:\/\/lovelycosmetics.eu\/pt-pt\/producto\/lovely-blusher-natural-beauty\/#primaryimage"},"image":{"@id":"https:\/\/lovelycosmetics.eu\/pt-pt\/producto\/lovely-blusher-natural-beauty\/#primaryimage"},"thumbnailUrl":"https:\/\/lovelycosmetics.eu\/wp-content\/uploads\/2025\/04\/5905309907287_1.jpg","datePublished":"2022-11-14T15:42:53+00:00","dateModified":"2025-04-16T13:19:01+00:00","breadcrumb":{"@id":"https:\/\/lovelycosmetics.eu\/pt-pt\/producto\/lovely-blusher-natural-beauty\/#breadcrumb"},"inLanguage":"pt-PT","potentialAction":[{"@type":"ReadAction","target":["https:\/\/lovelycosmetics.eu\/pt-pt\/producto\/lovely-blusher-natural-beauty\/"]}]},{"@type":"ImageObject","inLanguage":"pt-PT","@id":"https:\/\/lovelycosmetics.eu\/pt-pt\/producto\/lovely-blusher-natural-beauty\/#primaryimage","url":"https:\/\/lovelycosmetics.eu\/wp-content\/uploads\/2025\/04\/5905309907287_1.jpg","contentUrl":"https:\/\/lovelycosmetics.eu\/wp-content\/uploads\/2025\/04\/5905309907287_1.jpg","width":800,"height":800},{"@type":"BreadcrumbList","@id":"https:\/\/lovelycosmetics.eu\/pt-pt\/producto\/lovely-blusher-natural-beauty\/#breadcrumb","itemListElement":[{"@type":"ListItem","position":1,"name":"Portada","item":"https:\/\/lovelycosmetics.eu\/pt-pt\/"},{"@type":"ListItem","position":2,"name":"P\u00e1gina de inicio","item":"https:\/\/lovelycosmetics.eu\/?page_id=16876"},{"@type":"ListItem","position":3,"name":"Blusher Natural Beauty"}]},{"@type":"WebSite","@id":"https:\/\/lovelycosmetics.eu\/pt-pt\/#website","url":"https:\/\/lovelycosmetics.eu\/pt-pt\/","name":"Lovely","description":"Lovely","potentialAction":[{"@type":"SearchAction","target":{"@type":"EntryPoint","urlTemplate":"https:\/\/lovelycosmetics.eu\/pt-pt\/?s={search_term_string}"},"query-input":{"@type":"PropertyValueSpecification","valueRequired":true,"valueName":"search_term_string"}}],"inLanguage":"pt-PT"}]}},"_links":{"self":[{"href":"https:\/\/lovelycosmetics.eu\/pt-pt\/wp-json\/wp\/v2\/product\/26971","targetHints":{"allow":["GET"]}}],"collection":[{"href":"https:\/\/lovelycosmetics.eu\/pt-pt\/wp-json\/wp\/v2\/product"}],"about":[{"href":"https:\/\/lovelycosmetics.eu\/pt-pt\/wp-json\/wp\/v2\/types\/product"}],"replies":[{"embeddable":true,"href":"https:\/\/lovelycosmetics.eu\/pt-pt\/wp-json\/wp\/v2\/comments?post=26971"}],"wp:featuredmedia":[{"embeddable":true,"href":"https:\/\/lovelycosmetics.eu\/pt-pt\/wp-json\/wp\/v2\/media\/28932"}],"wp:attachment":[{"href":"https:\/\/lovelycosmetics.eu\/pt-pt\/wp-json\/wp\/v2\/media?parent=26971"}],"wp:term":[{"taxonomy":"product_brand","embeddable":true,"href":"https:\/\/lovelycosmetics.eu\/pt-pt\/wp-json\/wp\/v2\/product_brand?post=26971"},{"taxonomy":"product_cat","embeddable":true,"href":"https:\/\/lovelycosmetics.eu\/pt-pt\/wp-json\/wp\/v2\/product_cat?post=26971"},{"taxonomy":"product_tag","embeddable":true,"href":"https:\/\/lovelycosmetics.eu\/pt-pt\/wp-json\/wp\/v2\/product_tag?post=26971"}],"curies":[{"name":"wp","href":"https:\/\/api.w.org\/{rel}","templated":true}]}}