{"id":26989,"date":"2022-11-14T15:42:52","date_gmt":"2022-11-14T15:42:52","guid":{"rendered":"https:\/\/lovelycosmetics.eu\/producto\/highlighter-make-me-highlight\/"},"modified":"2024-01-16T12:20:29","modified_gmt":"2024-01-16T12:20:29","slug":"highlighter-make-me-highlight","status":"publish","type":"product","link":"https:\/\/lovelycosmetics.eu\/pt-pt\/producto\/highlighter-make-me-highlight\/","title":{"rendered":"Iluminador L\u00edquido Make Me"},"content":{"rendered":"<h4>Modo de<br \/>\n  uso<\/h4>\n<p>Quando tiver a sua pele maquilhada e pronta, pegue numa pincelada<br \/>\n  de marcador e aplique-a logo acima das bochechas para real\u00e7ar as ma\u00e7\u00e3s do<br \/>\n  rosto, debaixo do arco da sobrancelha para levantar a p\u00e1lpebra e no canal da<br \/>\n  l\u00e1grima do olho para abrir o olhar. Tamb\u00e9m se pode pincelar no arco do cupido<br \/>\n  para ampliar visualmente os l\u00e1bios e no septo do nariz para o<br \/>\n  afiar.<\/p><\/p>\n","protected":false},"excerpt":{"rendered":"<p>Iluminador facial l\u00edquido que<br \/>\n  se adapta a todos os tipos de pele. Sua f\u00f3rmula l\u00edquida oferece durabilidade<br \/>\n  e uma aplica\u00e7\u00e3o duradoura sem deixar uma sensa\u00e7\u00e3o gordurosa. Pele com um<br \/>\n  acabamento suculento e brilhante, que d\u00e1 a sensa\u00e7\u00e3o de efeito molhado.<\/p>\n","protected":false},"featured_media":20881,"comment_status":"closed","ping_status":"closed","template":"","meta":[],"product_brand":[],"product_cat":[1168],"product_tag":[],"class_list":{"0":"post-26989","1":"product","2":"type-product","3":"status-publish","4":"has-post-thumbnail","6":"product_cat-blusher-iluminador-bronzeador","8":"first","9":"instock","10":"shipping-taxable","11":"purchasable","12":"product-type-variable"},"yoast_head":"<!-- This site is optimized with the Yoast SEO plugin v24.9 - https:\/\/yoast.com\/wordpress\/plugins\/seo\/ -->\n<title>Iluminador L\u00edquido Make Me - Lovely<\/title>\n<meta name=\"robots\" content=\"index, follow, max-snippet:-1, max-image-preview:large, max-video-preview:-1\" \/>\n<link rel=\"canonical\" href=\"https:\/\/lovelycosmetics.eu\/pt-pt\/producto\/highlighter-make-me-highlight\/\" \/>\n<meta property=\"og:locale\" content=\"pt_PT\" \/>\n<meta property=\"og:type\" content=\"article\" \/>\n<meta property=\"og:title\" content=\"Iluminador L\u00edquido Make Me - Lovely\" \/>\n<meta property=\"og:description\" content=\"Iluminador facial l\u00edquido que  se adapta a todos os tipos de pele. Sua f\u00f3rmula l\u00edquida oferece durabilidade  e uma aplica\u00e7\u00e3o duradoura sem deixar uma sensa\u00e7\u00e3o gordurosa. Pele com um  acabamento suculento e brilhante, que d\u00e1 a sensa\u00e7\u00e3o de efeito molhado.\" \/>\n<meta property=\"og:url\" content=\"https:\/\/lovelycosmetics.eu\/pt-pt\/producto\/highlighter-make-me-highlight\/\" \/>\n<meta property=\"og:site_name\" content=\"Lovely\" \/>\n<meta property=\"article:modified_time\" content=\"2024-01-16T12:20:29+00:00\" \/>\n<meta property=\"og:image\" content=\"https:\/\/lovelycosmetics.eu\/wp-content\/uploads\/2022\/11\/CE78N1@0.jpg\" \/>\n\t<meta property=\"og:image:width\" content=\"800\" \/>\n\t<meta property=\"og:image:height\" content=\"800\" \/>\n\t<meta property=\"og:image:type\" content=\"image\/jpeg\" \/>\n<meta name=\"twitter:card\" content=\"summary_large_image\" \/>\n<script type=\"application\/ld+json\" class=\"yoast-schema-graph\">{\"@context\":\"https:\/\/schema.org\",\"@graph\":[{\"@type\":\"WebPage\",\"@id\":\"https:\/\/lovelycosmetics.eu\/pt-pt\/producto\/highlighter-make-me-highlight\/\",\"url\":\"https:\/\/lovelycosmetics.eu\/pt-pt\/producto\/highlighter-make-me-highlight\/\",\"name\":\"Iluminador L\u00edquido Make Me - Lovely\",\"isPartOf\":{\"@id\":\"https:\/\/lovelycosmetics.eu\/pt-pt\/#website\"},\"primaryImageOfPage\":{\"@id\":\"https:\/\/lovelycosmetics.eu\/pt-pt\/producto\/highlighter-make-me-highlight\/#primaryimage\"},\"image\":{\"@id\":\"https:\/\/lovelycosmetics.eu\/pt-pt\/producto\/highlighter-make-me-highlight\/#primaryimage\"},\"thumbnailUrl\":\"https:\/\/lovelycosmetics.eu\/wp-content\/uploads\/2022\/11\/CE78N1@0.jpg\",\"datePublished\":\"2022-11-14T15:42:52+00:00\",\"dateModified\":\"2024-01-16T12:20:29+00:00\",\"breadcrumb\":{\"@id\":\"https:\/\/lovelycosmetics.eu\/pt-pt\/producto\/highlighter-make-me-highlight\/#breadcrumb\"},\"inLanguage\":\"pt-PT\",\"potentialAction\":[{\"@type\":\"ReadAction\",\"target\":[\"https:\/\/lovelycosmetics.eu\/pt-pt\/producto\/highlighter-make-me-highlight\/\"]}]},{\"@type\":\"ImageObject\",\"inLanguage\":\"pt-PT\",\"@id\":\"https:\/\/lovelycosmetics.eu\/pt-pt\/producto\/highlighter-make-me-highlight\/#primaryimage\",\"url\":\"https:\/\/lovelycosmetics.eu\/wp-content\/uploads\/2022\/11\/CE78N1@0.jpg\",\"contentUrl\":\"https:\/\/lovelycosmetics.eu\/wp-content\/uploads\/2022\/11\/CE78N1@0.jpg\",\"width\":800,\"height\":800},{\"@type\":\"BreadcrumbList\",\"@id\":\"https:\/\/lovelycosmetics.eu\/pt-pt\/producto\/highlighter-make-me-highlight\/#breadcrumb\",\"itemListElement\":[{\"@type\":\"ListItem\",\"position\":1,\"name\":\"Portada\",\"item\":\"https:\/\/lovelycosmetics.eu\/pt-pt\/\"},{\"@type\":\"ListItem\",\"position\":2,\"name\":\"P\u00e1gina de inicio\",\"item\":\"https:\/\/lovelycosmetics.eu\/?page_id=16876\"},{\"@type\":\"ListItem\",\"position\":3,\"name\":\"Iluminador L\u00edquido Make Me\"}]},{\"@type\":\"WebSite\",\"@id\":\"https:\/\/lovelycosmetics.eu\/pt-pt\/#website\",\"url\":\"https:\/\/lovelycosmetics.eu\/pt-pt\/\",\"name\":\"Lovely\",\"description\":\"Lovely\",\"potentialAction\":[{\"@type\":\"SearchAction\",\"target\":{\"@type\":\"EntryPoint\",\"urlTemplate\":\"https:\/\/lovelycosmetics.eu\/pt-pt\/?s={search_term_string}\"},\"query-input\":{\"@type\":\"PropertyValueSpecification\",\"valueRequired\":true,\"valueName\":\"search_term_string\"}}],\"inLanguage\":\"pt-PT\"}]}<\/script>\n<!-- \/ Yoast SEO plugin. -->","yoast_head_json":{"title":"Iluminador L\u00edquido Make Me - Lovely","robots":{"index":"index","follow":"follow","max-snippet":"max-snippet:-1","max-image-preview":"max-image-preview:large","max-video-preview":"max-video-preview:-1"},"canonical":"https:\/\/lovelycosmetics.eu\/pt-pt\/producto\/highlighter-make-me-highlight\/","og_locale":"pt_PT","og_type":"article","og_title":"Iluminador L\u00edquido Make Me - Lovely","og_description":"Iluminador facial l\u00edquido que  se adapta a todos os tipos de pele. Sua f\u00f3rmula l\u00edquida oferece durabilidade  e uma aplica\u00e7\u00e3o duradoura sem deixar uma sensa\u00e7\u00e3o gordurosa. Pele com um  acabamento suculento e brilhante, que d\u00e1 a sensa\u00e7\u00e3o de efeito molhado.","og_url":"https:\/\/lovelycosmetics.eu\/pt-pt\/producto\/highlighter-make-me-highlight\/","og_site_name":"Lovely","article_modified_time":"2024-01-16T12:20:29+00:00","og_image":[{"width":800,"height":800,"url":"https:\/\/lovelycosmetics.eu\/wp-content\/uploads\/2022\/11\/CE78N1@0.jpg","type":"image\/jpeg"}],"twitter_card":"summary_large_image","schema":{"@context":"https:\/\/schema.org","@graph":[{"@type":"WebPage","@id":"https:\/\/lovelycosmetics.eu\/pt-pt\/producto\/highlighter-make-me-highlight\/","url":"https:\/\/lovelycosmetics.eu\/pt-pt\/producto\/highlighter-make-me-highlight\/","name":"Iluminador L\u00edquido Make Me - Lovely","isPartOf":{"@id":"https:\/\/lovelycosmetics.eu\/pt-pt\/#website"},"primaryImageOfPage":{"@id":"https:\/\/lovelycosmetics.eu\/pt-pt\/producto\/highlighter-make-me-highlight\/#primaryimage"},"image":{"@id":"https:\/\/lovelycosmetics.eu\/pt-pt\/producto\/highlighter-make-me-highlight\/#primaryimage"},"thumbnailUrl":"https:\/\/lovelycosmetics.eu\/wp-content\/uploads\/2022\/11\/CE78N1@0.jpg","datePublished":"2022-11-14T15:42:52+00:00","dateModified":"2024-01-16T12:20:29+00:00","breadcrumb":{"@id":"https:\/\/lovelycosmetics.eu\/pt-pt\/producto\/highlighter-make-me-highlight\/#breadcrumb"},"inLanguage":"pt-PT","potentialAction":[{"@type":"ReadAction","target":["https:\/\/lovelycosmetics.eu\/pt-pt\/producto\/highlighter-make-me-highlight\/"]}]},{"@type":"ImageObject","inLanguage":"pt-PT","@id":"https:\/\/lovelycosmetics.eu\/pt-pt\/producto\/highlighter-make-me-highlight\/#primaryimage","url":"https:\/\/lovelycosmetics.eu\/wp-content\/uploads\/2022\/11\/CE78N1@0.jpg","contentUrl":"https:\/\/lovelycosmetics.eu\/wp-content\/uploads\/2022\/11\/CE78N1@0.jpg","width":800,"height":800},{"@type":"BreadcrumbList","@id":"https:\/\/lovelycosmetics.eu\/pt-pt\/producto\/highlighter-make-me-highlight\/#breadcrumb","itemListElement":[{"@type":"ListItem","position":1,"name":"Portada","item":"https:\/\/lovelycosmetics.eu\/pt-pt\/"},{"@type":"ListItem","position":2,"name":"P\u00e1gina de inicio","item":"https:\/\/lovelycosmetics.eu\/?page_id=16876"},{"@type":"ListItem","position":3,"name":"Iluminador L\u00edquido Make Me"}]},{"@type":"WebSite","@id":"https:\/\/lovelycosmetics.eu\/pt-pt\/#website","url":"https:\/\/lovelycosmetics.eu\/pt-pt\/","name":"Lovely","description":"Lovely","potentialAction":[{"@type":"SearchAction","target":{"@type":"EntryPoint","urlTemplate":"https:\/\/lovelycosmetics.eu\/pt-pt\/?s={search_term_string}"},"query-input":{"@type":"PropertyValueSpecification","valueRequired":true,"valueName":"search_term_string"}}],"inLanguage":"pt-PT"}]}},"_links":{"self":[{"href":"https:\/\/lovelycosmetics.eu\/pt-pt\/wp-json\/wp\/v2\/product\/26989","targetHints":{"allow":["GET"]}}],"collection":[{"href":"https:\/\/lovelycosmetics.eu\/pt-pt\/wp-json\/wp\/v2\/product"}],"about":[{"href":"https:\/\/lovelycosmetics.eu\/pt-pt\/wp-json\/wp\/v2\/types\/product"}],"replies":[{"embeddable":true,"href":"https:\/\/lovelycosmetics.eu\/pt-pt\/wp-json\/wp\/v2\/comments?post=26989"}],"wp:featuredmedia":[{"embeddable":true,"href":"https:\/\/lovelycosmetics.eu\/pt-pt\/wp-json\/wp\/v2\/media\/20881"}],"wp:attachment":[{"href":"https:\/\/lovelycosmetics.eu\/pt-pt\/wp-json\/wp\/v2\/media?parent=26989"}],"wp:term":[{"taxonomy":"product_brand","embeddable":true,"href":"https:\/\/lovelycosmetics.eu\/pt-pt\/wp-json\/wp\/v2\/product_brand?post=26989"},{"taxonomy":"product_cat","embeddable":true,"href":"https:\/\/lovelycosmetics.eu\/pt-pt\/wp-json\/wp\/v2\/product_cat?post=26989"},{"taxonomy":"product_tag","embeddable":true,"href":"https:\/\/lovelycosmetics.eu\/pt-pt\/wp-json\/wp\/v2\/product_tag?post=26989"}],"curies":[{"name":"wp","href":"https:\/\/api.w.org\/{rel}","templated":true}]}}