{"id":27001,"date":"2022-11-14T15:42:50","date_gmt":"2022-11-14T15:42:50","guid":{"rendered":"https:\/\/lovelycosmetics.eu\/producto\/lovely-liquid-camouflage\/"},"modified":"2025-04-16T13:16:40","modified_gmt":"2025-04-16T13:16:40","slug":"lovely-liquid-camouflage","status":"publish","type":"product","link":"https:\/\/lovelycosmetics.eu\/pt-pt\/producto\/lovely-liquid-camouflage\/","title":{"rendered":"Liquid Camouflage Corrector"},"content":{"rendered":"","protected":false},"excerpt":{"rendered":"<p>L\u00e1pis e eyeliner tudo-em-um, Oh La La \u00e9 uma forma de se exprimir atrav\u00e9s da maquilhagem. Este produto vers\u00e1til \u00e9 inspirado nos delicados macarons pastel das pastelarias parisienses, trazendo o seu encanto para os seus olhos.<br \/>\n O aplicador preciso do eyeliner permite-lhe criar tra\u00e7os perfeitos que duram todo o dia.<br \/>\n A textura suave e cremosa do l\u00e1pis garante uma aplica\u00e7\u00e3o confort\u00e1vel e f\u00e1cil de esbater. A f\u00f3rmula \u00e9 suficientemente suave para n\u00e3o irritar a pele sens\u00edvel das p\u00e1lpebras, mas suficientemente duradoura para permanecer intacta durante horas.<br \/>\n Este produto 2 em 1 est\u00e1 dispon\u00edvel em quatro tons pastel que complementam na perfei\u00e7\u00e3o os seus looks de primavera e ver\u00e3o. Oh La La \u00e9 o produto que lhe permite exprimir-se com um toque de cor na sua maquilhagem.<\/p>\n","protected":false},"featured_media":29112,"comment_status":"closed","ping_status":"closed","template":"","meta":[],"product_brand":[],"product_cat":[1182,1848],"product_tag":[1849,1850,1851],"class_list":{"0":"post-27001","1":"product","2":"type-product","3":"status-publish","4":"has-post-thumbnail","6":"product_cat-deliniador","7":"product_cat-moda-bonjour-beute-pt-pt","8":"product_tag-eyeliners-y-lapices-de-ojos-pt-pt","9":"product_tag-moda-bonjour-beute-pt-pt","10":"product_tag-ojos-pt-pt","12":"first","13":"instock","14":"shipping-taxable","15":"purchasable","16":"product-type-variable"},"yoast_head":"<!-- This site is optimized with the Yoast SEO plugin v24.9 - https:\/\/yoast.com\/wordpress\/plugins\/seo\/ -->\n<title>Liquid Camouflage Corrector - Lovely<\/title>\n<meta name=\"robots\" content=\"index, follow, max-snippet:-1, max-image-preview:large, max-video-preview:-1\" \/>\n<link rel=\"canonical\" href=\"https:\/\/lovelycosmetics.eu\/pt-pt\/producto\/lovely-liquid-camouflage\/\" \/>\n<meta property=\"og:locale\" content=\"pt_PT\" \/>\n<meta property=\"og:type\" content=\"article\" \/>\n<meta property=\"og:title\" content=\"Liquid Camouflage Corrector - Lovely\" \/>\n<meta property=\"og:description\" content=\"L\u00e1pis e eyeliner tudo-em-um, Oh La La \u00e9 uma forma de se exprimir atrav\u00e9s da maquilhagem. Este produto vers\u00e1til \u00e9 inspirado nos delicados macarons pastel das pastelarias parisienses, trazendo o seu encanto para os seus olhos. O aplicador preciso do eyeliner permite-lhe criar tra\u00e7os perfeitos que duram todo o dia. A textura suave e cremosa do l\u00e1pis garante uma aplica\u00e7\u00e3o confort\u00e1vel e f\u00e1cil de esbater. A f\u00f3rmula \u00e9 suficientemente suave para n\u00e3o irritar a pele sens\u00edvel das p\u00e1lpebras, mas suficientemente duradoura para permanecer intacta durante horas. Este produto 2 em 1 est\u00e1 dispon\u00edvel em quatro tons pastel que complementam na perfei\u00e7\u00e3o os seus looks de primavera e ver\u00e3o. Oh La La \u00e9 o produto que lhe permite exprimir-se com um toque de cor na sua maquilhagem.\" \/>\n<meta property=\"og:url\" content=\"https:\/\/lovelycosmetics.eu\/pt-pt\/producto\/lovely-liquid-camouflage\/\" \/>\n<meta property=\"og:site_name\" content=\"Lovely\" \/>\n<meta property=\"article:modified_time\" content=\"2025-04-16T13:16:40+00:00\" \/>\n<meta property=\"og:image\" content=\"https:\/\/lovelycosmetics.eu\/wp-content\/uploads\/2025\/04\/5905309913257_1.jpg\" \/>\n\t<meta property=\"og:image:width\" content=\"800\" \/>\n\t<meta property=\"og:image:height\" content=\"800\" \/>\n\t<meta property=\"og:image:type\" content=\"image\/jpeg\" \/>\n<meta name=\"twitter:card\" content=\"summary_large_image\" \/>\n<meta name=\"twitter:label1\" content=\"Tempo estimado de leitura\" \/>\n\t<meta name=\"twitter:data1\" content=\"1 minuto\" \/>\n<script type=\"application\/ld+json\" class=\"yoast-schema-graph\">{\"@context\":\"https:\/\/schema.org\",\"@graph\":[{\"@type\":\"WebPage\",\"@id\":\"https:\/\/lovelycosmetics.eu\/pt-pt\/producto\/lovely-liquid-camouflage\/\",\"url\":\"https:\/\/lovelycosmetics.eu\/pt-pt\/producto\/lovely-liquid-camouflage\/\",\"name\":\"Liquid Camouflage Corrector - Lovely\",\"isPartOf\":{\"@id\":\"https:\/\/lovelycosmetics.eu\/pt-pt\/#website\"},\"primaryImageOfPage\":{\"@id\":\"https:\/\/lovelycosmetics.eu\/pt-pt\/producto\/lovely-liquid-camouflage\/#primaryimage\"},\"image\":{\"@id\":\"https:\/\/lovelycosmetics.eu\/pt-pt\/producto\/lovely-liquid-camouflage\/#primaryimage\"},\"thumbnailUrl\":\"https:\/\/lovelycosmetics.eu\/wp-content\/uploads\/2025\/04\/5905309913257_1.jpg\",\"datePublished\":\"2022-11-14T15:42:50+00:00\",\"dateModified\":\"2025-04-16T13:16:40+00:00\",\"breadcrumb\":{\"@id\":\"https:\/\/lovelycosmetics.eu\/pt-pt\/producto\/lovely-liquid-camouflage\/#breadcrumb\"},\"inLanguage\":\"pt-PT\",\"potentialAction\":[{\"@type\":\"ReadAction\",\"target\":[\"https:\/\/lovelycosmetics.eu\/pt-pt\/producto\/lovely-liquid-camouflage\/\"]}]},{\"@type\":\"ImageObject\",\"inLanguage\":\"pt-PT\",\"@id\":\"https:\/\/lovelycosmetics.eu\/pt-pt\/producto\/lovely-liquid-camouflage\/#primaryimage\",\"url\":\"https:\/\/lovelycosmetics.eu\/wp-content\/uploads\/2025\/04\/5905309913257_1.jpg\",\"contentUrl\":\"https:\/\/lovelycosmetics.eu\/wp-content\/uploads\/2025\/04\/5905309913257_1.jpg\",\"width\":800,\"height\":800},{\"@type\":\"BreadcrumbList\",\"@id\":\"https:\/\/lovelycosmetics.eu\/pt-pt\/producto\/lovely-liquid-camouflage\/#breadcrumb\",\"itemListElement\":[{\"@type\":\"ListItem\",\"position\":1,\"name\":\"Portada\",\"item\":\"https:\/\/lovelycosmetics.eu\/pt-pt\/\"},{\"@type\":\"ListItem\",\"position\":2,\"name\":\"P\u00e1gina de inicio\",\"item\":\"https:\/\/lovelycosmetics.eu\/?page_id=16876\"},{\"@type\":\"ListItem\",\"position\":3,\"name\":\"Liquid Camouflage Corrector\"}]},{\"@type\":\"WebSite\",\"@id\":\"https:\/\/lovelycosmetics.eu\/pt-pt\/#website\",\"url\":\"https:\/\/lovelycosmetics.eu\/pt-pt\/\",\"name\":\"Lovely\",\"description\":\"Lovely\",\"potentialAction\":[{\"@type\":\"SearchAction\",\"target\":{\"@type\":\"EntryPoint\",\"urlTemplate\":\"https:\/\/lovelycosmetics.eu\/pt-pt\/?s={search_term_string}\"},\"query-input\":{\"@type\":\"PropertyValueSpecification\",\"valueRequired\":true,\"valueName\":\"search_term_string\"}}],\"inLanguage\":\"pt-PT\"}]}<\/script>\n<!-- \/ Yoast SEO plugin. -->","yoast_head_json":{"title":"Liquid Camouflage Corrector - Lovely","robots":{"index":"index","follow":"follow","max-snippet":"max-snippet:-1","max-image-preview":"max-image-preview:large","max-video-preview":"max-video-preview:-1"},"canonical":"https:\/\/lovelycosmetics.eu\/pt-pt\/producto\/lovely-liquid-camouflage\/","og_locale":"pt_PT","og_type":"article","og_title":"Liquid Camouflage Corrector - Lovely","og_description":"L\u00e1pis e eyeliner tudo-em-um, Oh La La \u00e9 uma forma de se exprimir atrav\u00e9s da maquilhagem. Este produto vers\u00e1til \u00e9 inspirado nos delicados macarons pastel das pastelarias parisienses, trazendo o seu encanto para os seus olhos. O aplicador preciso do eyeliner permite-lhe criar tra\u00e7os perfeitos que duram todo o dia. A textura suave e cremosa do l\u00e1pis garante uma aplica\u00e7\u00e3o confort\u00e1vel e f\u00e1cil de esbater. A f\u00f3rmula \u00e9 suficientemente suave para n\u00e3o irritar a pele sens\u00edvel das p\u00e1lpebras, mas suficientemente duradoura para permanecer intacta durante horas. Este produto 2 em 1 est\u00e1 dispon\u00edvel em quatro tons pastel que complementam na perfei\u00e7\u00e3o os seus looks de primavera e ver\u00e3o. Oh La La \u00e9 o produto que lhe permite exprimir-se com um toque de cor na sua maquilhagem.","og_url":"https:\/\/lovelycosmetics.eu\/pt-pt\/producto\/lovely-liquid-camouflage\/","og_site_name":"Lovely","article_modified_time":"2025-04-16T13:16:40+00:00","og_image":[{"width":800,"height":800,"url":"https:\/\/lovelycosmetics.eu\/wp-content\/uploads\/2025\/04\/5905309913257_1.jpg","type":"image\/jpeg"}],"twitter_card":"summary_large_image","twitter_misc":{"Tempo estimado de leitura":"1 minuto"},"schema":{"@context":"https:\/\/schema.org","@graph":[{"@type":"WebPage","@id":"https:\/\/lovelycosmetics.eu\/pt-pt\/producto\/lovely-liquid-camouflage\/","url":"https:\/\/lovelycosmetics.eu\/pt-pt\/producto\/lovely-liquid-camouflage\/","name":"Liquid Camouflage Corrector - Lovely","isPartOf":{"@id":"https:\/\/lovelycosmetics.eu\/pt-pt\/#website"},"primaryImageOfPage":{"@id":"https:\/\/lovelycosmetics.eu\/pt-pt\/producto\/lovely-liquid-camouflage\/#primaryimage"},"image":{"@id":"https:\/\/lovelycosmetics.eu\/pt-pt\/producto\/lovely-liquid-camouflage\/#primaryimage"},"thumbnailUrl":"https:\/\/lovelycosmetics.eu\/wp-content\/uploads\/2025\/04\/5905309913257_1.jpg","datePublished":"2022-11-14T15:42:50+00:00","dateModified":"2025-04-16T13:16:40+00:00","breadcrumb":{"@id":"https:\/\/lovelycosmetics.eu\/pt-pt\/producto\/lovely-liquid-camouflage\/#breadcrumb"},"inLanguage":"pt-PT","potentialAction":[{"@type":"ReadAction","target":["https:\/\/lovelycosmetics.eu\/pt-pt\/producto\/lovely-liquid-camouflage\/"]}]},{"@type":"ImageObject","inLanguage":"pt-PT","@id":"https:\/\/lovelycosmetics.eu\/pt-pt\/producto\/lovely-liquid-camouflage\/#primaryimage","url":"https:\/\/lovelycosmetics.eu\/wp-content\/uploads\/2025\/04\/5905309913257_1.jpg","contentUrl":"https:\/\/lovelycosmetics.eu\/wp-content\/uploads\/2025\/04\/5905309913257_1.jpg","width":800,"height":800},{"@type":"BreadcrumbList","@id":"https:\/\/lovelycosmetics.eu\/pt-pt\/producto\/lovely-liquid-camouflage\/#breadcrumb","itemListElement":[{"@type":"ListItem","position":1,"name":"Portada","item":"https:\/\/lovelycosmetics.eu\/pt-pt\/"},{"@type":"ListItem","position":2,"name":"P\u00e1gina de inicio","item":"https:\/\/lovelycosmetics.eu\/?page_id=16876"},{"@type":"ListItem","position":3,"name":"Liquid Camouflage Corrector"}]},{"@type":"WebSite","@id":"https:\/\/lovelycosmetics.eu\/pt-pt\/#website","url":"https:\/\/lovelycosmetics.eu\/pt-pt\/","name":"Lovely","description":"Lovely","potentialAction":[{"@type":"SearchAction","target":{"@type":"EntryPoint","urlTemplate":"https:\/\/lovelycosmetics.eu\/pt-pt\/?s={search_term_string}"},"query-input":{"@type":"PropertyValueSpecification","valueRequired":true,"valueName":"search_term_string"}}],"inLanguage":"pt-PT"}]}},"_links":{"self":[{"href":"https:\/\/lovelycosmetics.eu\/pt-pt\/wp-json\/wp\/v2\/product\/27001","targetHints":{"allow":["GET"]}}],"collection":[{"href":"https:\/\/lovelycosmetics.eu\/pt-pt\/wp-json\/wp\/v2\/product"}],"about":[{"href":"https:\/\/lovelycosmetics.eu\/pt-pt\/wp-json\/wp\/v2\/types\/product"}],"replies":[{"embeddable":true,"href":"https:\/\/lovelycosmetics.eu\/pt-pt\/wp-json\/wp\/v2\/comments?post=27001"}],"wp:featuredmedia":[{"embeddable":true,"href":"https:\/\/lovelycosmetics.eu\/pt-pt\/wp-json\/wp\/v2\/media\/29112"}],"wp:attachment":[{"href":"https:\/\/lovelycosmetics.eu\/pt-pt\/wp-json\/wp\/v2\/media?parent=27001"}],"wp:term":[{"taxonomy":"product_brand","embeddable":true,"href":"https:\/\/lovelycosmetics.eu\/pt-pt\/wp-json\/wp\/v2\/product_brand?post=27001"},{"taxonomy":"product_cat","embeddable":true,"href":"https:\/\/lovelycosmetics.eu\/pt-pt\/wp-json\/wp\/v2\/product_cat?post=27001"},{"taxonomy":"product_tag","embeddable":true,"href":"https:\/\/lovelycosmetics.eu\/pt-pt\/wp-json\/wp\/v2\/product_tag?post=27001"}],"curies":[{"name":"wp","href":"https:\/\/api.w.org\/{rel}","templated":true}]}}