{"id":27020,"date":"2022-11-14T13:03:07","date_gmt":"2022-11-14T13:03:07","guid":{"rendered":"https:\/\/lovelycosmetics.eu\/producto\/lovely-eyeliner-pump-up-cobalt-25ml\/"},"modified":"2024-01-16T12:21:20","modified_gmt":"2024-01-16T12:21:20","slug":"lovely-eyeliner-pump-up-cobalt-25ml","status":"publish","type":"product","link":"https:\/\/lovelycosmetics.eu\/pt-pt\/producto\/lovely-eyeliner-pump-up-cobalt-25ml\/","title":{"rendered":"Delineador de olhos Pump Up\n  Cobalt"},"content":{"rendered":"<h4>Modo<br \/>\n  de uso<\/h4>\n<p>Tra\u00e7ar a linha das pestanas superiores come\u00e7ando pela borda<br \/>\n  exterior e aplicar o produto um pouco de cada vez perto da raiz das pestanas<br \/>\n  superiores. Pode tamb\u00e9m utiliz\u00e1-lo na linha das pestanas inferiores ou na<br \/>\n  linha de \u00e1gua para adicionar intensidade \u00e0 maquilhagem dos seus<br \/>\n  olhos.<\/p>\n<\/p>\n<h4>Ingredientes<\/h4>\n<p>Aqua, Propanediol, Styrene\/Acrylates\/Ammonium Methacrylate<br \/>\n  Copolymer, Styrene\/Acrylates Copolymer, Phenoxyethanol, Butylene Glycol,<br \/>\n  Ethylhexylglycerin, Caprylyl Glycol, Sodium Dehydroacetate, Tetrasodium EDTA,<br \/>\n  Potassium Sorbate, CI 77891, CI 77510, CI 19140. <\/p>\n","protected":false},"excerpt":{"rendered":"<p>Delineador de cobalto com um<br \/>\n  pincel preciso. Seca rapidamente e \u00e9 f\u00e1cil de aplicar e f\u00e1cil de aplicar,<br \/>\n  gra\u00e7as \u00e0 sua dica especial.<\/p>\n","protected":false},"featured_media":25487,"comment_status":"closed","ping_status":"closed","template":"","meta":[],"product_brand":[],"product_cat":[1182],"product_tag":[],"class_list":{"0":"post-27020","1":"product","2":"type-product","3":"status-publish","4":"has-post-thumbnail","6":"product_cat-deliniador","8":"first","9":"instock","10":"shipping-taxable","11":"purchasable","12":"product-type-simple"},"yoast_head":"<!-- This site is optimized with the Yoast SEO plugin v24.9 - https:\/\/yoast.com\/wordpress\/plugins\/seo\/ -->\n<title>Delineador de olhos Pump Up  Cobalt - Lovely<\/title>\n<meta name=\"robots\" content=\"index, follow, max-snippet:-1, max-image-preview:large, max-video-preview:-1\" \/>\n<link rel=\"canonical\" href=\"https:\/\/lovelycosmetics.eu\/pt-pt\/producto\/lovely-eyeliner-pump-up-cobalt-25ml\/\" \/>\n<meta property=\"og:locale\" content=\"pt_PT\" \/>\n<meta property=\"og:type\" content=\"article\" \/>\n<meta property=\"og:title\" content=\"Delineador de olhos Pump Up  Cobalt - Lovely\" \/>\n<meta property=\"og:description\" content=\"Delineador de cobalto com um  pincel preciso. Seca rapidamente e \u00e9 f\u00e1cil de aplicar e f\u00e1cil de aplicar,  gra\u00e7as \u00e0 sua dica especial.\" \/>\n<meta property=\"og:url\" content=\"https:\/\/lovelycosmetics.eu\/pt-pt\/producto\/lovely-eyeliner-pump-up-cobalt-25ml\/\" \/>\n<meta property=\"og:site_name\" content=\"Lovely\" \/>\n<meta property=\"article:modified_time\" content=\"2024-01-16T12:21:20+00:00\" \/>\n<meta property=\"og:image\" content=\"https:\/\/lovelycosmetics.eu\/wp-content\/uploads\/2022\/11\/OC608_5901801697114-1.jpg\" \/>\n\t<meta property=\"og:image:width\" content=\"800\" \/>\n\t<meta property=\"og:image:height\" content=\"800\" \/>\n\t<meta property=\"og:image:type\" content=\"image\/jpeg\" \/>\n<meta name=\"twitter:card\" content=\"summary_large_image\" \/>\n<meta name=\"twitter:label1\" content=\"Tempo estimado de leitura\" \/>\n\t<meta name=\"twitter:data1\" content=\"1 minuto\" \/>\n<script type=\"application\/ld+json\" class=\"yoast-schema-graph\">{\"@context\":\"https:\/\/schema.org\",\"@graph\":[{\"@type\":\"WebPage\",\"@id\":\"https:\/\/lovelycosmetics.eu\/pt-pt\/producto\/lovely-eyeliner-pump-up-cobalt-25ml\/\",\"url\":\"https:\/\/lovelycosmetics.eu\/pt-pt\/producto\/lovely-eyeliner-pump-up-cobalt-25ml\/\",\"name\":\"Delineador de olhos Pump Up Cobalt - Lovely\",\"isPartOf\":{\"@id\":\"https:\/\/lovelycosmetics.eu\/pt-pt\/#website\"},\"primaryImageOfPage\":{\"@id\":\"https:\/\/lovelycosmetics.eu\/pt-pt\/producto\/lovely-eyeliner-pump-up-cobalt-25ml\/#primaryimage\"},\"image\":{\"@id\":\"https:\/\/lovelycosmetics.eu\/pt-pt\/producto\/lovely-eyeliner-pump-up-cobalt-25ml\/#primaryimage\"},\"thumbnailUrl\":\"https:\/\/lovelycosmetics.eu\/wp-content\/uploads\/2022\/11\/OC608_5901801697114-1.jpg\",\"datePublished\":\"2022-11-14T13:03:07+00:00\",\"dateModified\":\"2024-01-16T12:21:20+00:00\",\"breadcrumb\":{\"@id\":\"https:\/\/lovelycosmetics.eu\/pt-pt\/producto\/lovely-eyeliner-pump-up-cobalt-25ml\/#breadcrumb\"},\"inLanguage\":\"pt-PT\",\"potentialAction\":[{\"@type\":\"ReadAction\",\"target\":[\"https:\/\/lovelycosmetics.eu\/pt-pt\/producto\/lovely-eyeliner-pump-up-cobalt-25ml\/\"]}]},{\"@type\":\"ImageObject\",\"inLanguage\":\"pt-PT\",\"@id\":\"https:\/\/lovelycosmetics.eu\/pt-pt\/producto\/lovely-eyeliner-pump-up-cobalt-25ml\/#primaryimage\",\"url\":\"https:\/\/lovelycosmetics.eu\/wp-content\/uploads\/2022\/11\/OC608_5901801697114-1.jpg\",\"contentUrl\":\"https:\/\/lovelycosmetics.eu\/wp-content\/uploads\/2022\/11\/OC608_5901801697114-1.jpg\",\"width\":800,\"height\":800},{\"@type\":\"BreadcrumbList\",\"@id\":\"https:\/\/lovelycosmetics.eu\/pt-pt\/producto\/lovely-eyeliner-pump-up-cobalt-25ml\/#breadcrumb\",\"itemListElement\":[{\"@type\":\"ListItem\",\"position\":1,\"name\":\"Portada\",\"item\":\"https:\/\/lovelycosmetics.eu\/pt-pt\/\"},{\"@type\":\"ListItem\",\"position\":2,\"name\":\"P\u00e1gina de inicio\",\"item\":\"https:\/\/lovelycosmetics.eu\/?page_id=16876\"},{\"@type\":\"ListItem\",\"position\":3,\"name\":\"Delineador de olhos Pump Up Cobalt\"}]},{\"@type\":\"WebSite\",\"@id\":\"https:\/\/lovelycosmetics.eu\/pt-pt\/#website\",\"url\":\"https:\/\/lovelycosmetics.eu\/pt-pt\/\",\"name\":\"Lovely\",\"description\":\"Lovely\",\"potentialAction\":[{\"@type\":\"SearchAction\",\"target\":{\"@type\":\"EntryPoint\",\"urlTemplate\":\"https:\/\/lovelycosmetics.eu\/pt-pt\/?s={search_term_string}\"},\"query-input\":{\"@type\":\"PropertyValueSpecification\",\"valueRequired\":true,\"valueName\":\"search_term_string\"}}],\"inLanguage\":\"pt-PT\"}]}<\/script>\n<!-- \/ Yoast SEO plugin. -->","yoast_head_json":{"title":"Delineador de olhos Pump Up  Cobalt - Lovely","robots":{"index":"index","follow":"follow","max-snippet":"max-snippet:-1","max-image-preview":"max-image-preview:large","max-video-preview":"max-video-preview:-1"},"canonical":"https:\/\/lovelycosmetics.eu\/pt-pt\/producto\/lovely-eyeliner-pump-up-cobalt-25ml\/","og_locale":"pt_PT","og_type":"article","og_title":"Delineador de olhos Pump Up  Cobalt - Lovely","og_description":"Delineador de cobalto com um  pincel preciso. Seca rapidamente e \u00e9 f\u00e1cil de aplicar e f\u00e1cil de aplicar,  gra\u00e7as \u00e0 sua dica especial.","og_url":"https:\/\/lovelycosmetics.eu\/pt-pt\/producto\/lovely-eyeliner-pump-up-cobalt-25ml\/","og_site_name":"Lovely","article_modified_time":"2024-01-16T12:21:20+00:00","og_image":[{"width":800,"height":800,"url":"https:\/\/lovelycosmetics.eu\/wp-content\/uploads\/2022\/11\/OC608_5901801697114-1.jpg","type":"image\/jpeg"}],"twitter_card":"summary_large_image","twitter_misc":{"Tempo estimado de leitura":"1 minuto"},"schema":{"@context":"https:\/\/schema.org","@graph":[{"@type":"WebPage","@id":"https:\/\/lovelycosmetics.eu\/pt-pt\/producto\/lovely-eyeliner-pump-up-cobalt-25ml\/","url":"https:\/\/lovelycosmetics.eu\/pt-pt\/producto\/lovely-eyeliner-pump-up-cobalt-25ml\/","name":"Delineador de olhos Pump Up Cobalt - Lovely","isPartOf":{"@id":"https:\/\/lovelycosmetics.eu\/pt-pt\/#website"},"primaryImageOfPage":{"@id":"https:\/\/lovelycosmetics.eu\/pt-pt\/producto\/lovely-eyeliner-pump-up-cobalt-25ml\/#primaryimage"},"image":{"@id":"https:\/\/lovelycosmetics.eu\/pt-pt\/producto\/lovely-eyeliner-pump-up-cobalt-25ml\/#primaryimage"},"thumbnailUrl":"https:\/\/lovelycosmetics.eu\/wp-content\/uploads\/2022\/11\/OC608_5901801697114-1.jpg","datePublished":"2022-11-14T13:03:07+00:00","dateModified":"2024-01-16T12:21:20+00:00","breadcrumb":{"@id":"https:\/\/lovelycosmetics.eu\/pt-pt\/producto\/lovely-eyeliner-pump-up-cobalt-25ml\/#breadcrumb"},"inLanguage":"pt-PT","potentialAction":[{"@type":"ReadAction","target":["https:\/\/lovelycosmetics.eu\/pt-pt\/producto\/lovely-eyeliner-pump-up-cobalt-25ml\/"]}]},{"@type":"ImageObject","inLanguage":"pt-PT","@id":"https:\/\/lovelycosmetics.eu\/pt-pt\/producto\/lovely-eyeliner-pump-up-cobalt-25ml\/#primaryimage","url":"https:\/\/lovelycosmetics.eu\/wp-content\/uploads\/2022\/11\/OC608_5901801697114-1.jpg","contentUrl":"https:\/\/lovelycosmetics.eu\/wp-content\/uploads\/2022\/11\/OC608_5901801697114-1.jpg","width":800,"height":800},{"@type":"BreadcrumbList","@id":"https:\/\/lovelycosmetics.eu\/pt-pt\/producto\/lovely-eyeliner-pump-up-cobalt-25ml\/#breadcrumb","itemListElement":[{"@type":"ListItem","position":1,"name":"Portada","item":"https:\/\/lovelycosmetics.eu\/pt-pt\/"},{"@type":"ListItem","position":2,"name":"P\u00e1gina de inicio","item":"https:\/\/lovelycosmetics.eu\/?page_id=16876"},{"@type":"ListItem","position":3,"name":"Delineador de olhos Pump Up Cobalt"}]},{"@type":"WebSite","@id":"https:\/\/lovelycosmetics.eu\/pt-pt\/#website","url":"https:\/\/lovelycosmetics.eu\/pt-pt\/","name":"Lovely","description":"Lovely","potentialAction":[{"@type":"SearchAction","target":{"@type":"EntryPoint","urlTemplate":"https:\/\/lovelycosmetics.eu\/pt-pt\/?s={search_term_string}"},"query-input":{"@type":"PropertyValueSpecification","valueRequired":true,"valueName":"search_term_string"}}],"inLanguage":"pt-PT"}]}},"_links":{"self":[{"href":"https:\/\/lovelycosmetics.eu\/pt-pt\/wp-json\/wp\/v2\/product\/27020","targetHints":{"allow":["GET"]}}],"collection":[{"href":"https:\/\/lovelycosmetics.eu\/pt-pt\/wp-json\/wp\/v2\/product"}],"about":[{"href":"https:\/\/lovelycosmetics.eu\/pt-pt\/wp-json\/wp\/v2\/types\/product"}],"replies":[{"embeddable":true,"href":"https:\/\/lovelycosmetics.eu\/pt-pt\/wp-json\/wp\/v2\/comments?post=27020"}],"wp:featuredmedia":[{"embeddable":true,"href":"https:\/\/lovelycosmetics.eu\/pt-pt\/wp-json\/wp\/v2\/media\/25487"}],"wp:attachment":[{"href":"https:\/\/lovelycosmetics.eu\/pt-pt\/wp-json\/wp\/v2\/media?parent=27020"}],"wp:term":[{"taxonomy":"product_brand","embeddable":true,"href":"https:\/\/lovelycosmetics.eu\/pt-pt\/wp-json\/wp\/v2\/product_brand?post=27020"},{"taxonomy":"product_cat","embeddable":true,"href":"https:\/\/lovelycosmetics.eu\/pt-pt\/wp-json\/wp\/v2\/product_cat?post=27020"},{"taxonomy":"product_tag","embeddable":true,"href":"https:\/\/lovelycosmetics.eu\/pt-pt\/wp-json\/wp\/v2\/product_tag?post=27020"}],"curies":[{"name":"wp","href":"https:\/\/api.w.org\/{rel}","templated":true}]}}