{"id":27032,"date":"2022-11-14T13:02:59","date_gmt":"2022-11-14T13:02:59","guid":{"rendered":"https:\/\/lovelycosmetics.eu\/producto\/cupcake-eyeshadow-palette-lovely\/"},"modified":"2024-01-16T12:21:35","modified_gmt":"2024-01-16T12:21:35","slug":"cupcake-eyeshadow-palette-lovely","status":"publish","type":"product","link":"https:\/\/lovelycosmetics.eu\/pt-pt\/producto\/cupcake-eyeshadow-palette-lovely\/","title":{"rendered":"Cupcake PALETA DE SOMBRAS"},"content":{"rendered":"<h4>Modo<br \/>\n  de uso<\/h4>\n<p>Use cores \u00e0 sua vontade. Recomendamos a utiliza\u00e7\u00e3o de uma<br \/>\n  tonalidade clara em toda a p\u00e1lpebra como base. Utilizar uma cor neutra como<br \/>\n  sombra de transi\u00e7\u00e3o e uma sombra mais escura para a parte m\u00f3vel da p\u00e1lpebra.<br \/>\n  Para definir o efeito, utilizar um prim\u00e1rio antes de aplicar a sombra de<br \/>\n  p\u00e1lpebra.<\/p>\n<\/p>\n<h4>Ingredientes<\/h4>\n<p>#5 Polyethylene Terephthalate, Hydrogenated Polyisobutene, Cera<br \/>\n  Microcristallina, Polylactic Acid, Polyurethane-33, Boron Nitride,<br \/>\n  Polyethylene, Phenoxyethanol, Caprylyl Glycol, PTFE, CI 77510, CI 77000, CI<br \/>\n  15850. # 1, 12 Mica, Tridecyl Stearate, Talc, Pentaerythrityl<br \/>\n  Tetraisostearate, Magnesium Stearate, Polyethylene, PTFE, Phenoxyethanol,<br \/>\n  CaprylyI Glycol,[+\/-]: CI 77891, CI 77491. # 8, 11 Mica, Talc, Silica,<br \/>\n  Tridecyl Stearate, Magnesium Stearate, Polyethylene, Pentaerythrityl<br \/>\n  Tetraisostearate, Phenoxyethanol, Triethoxycaprylylsilane, PTFE, Caprylyl<br \/>\n  Glycol, Diethylhexyl Syringylidenemalonate, Caprylic\/Capric Triglyceride,<br \/>\n  [+\/-]: CI 77007, CI 45410, CI 77499, CI 77891. # 2 Mica, Talc, Tridecyl<br \/>\n  Stearate, Silica, Polyethylene, Pentaerythrityl Tetraisostearate, PTFE,<br \/>\n  Phenoxyethanol, Caprylyl Glycol, Triethoxycaprylylsilane, CI 77891, CI 77491,<br \/>\n  CI 77492, CI 77499. #3 Mica, Tridecyl Stearate, Talc, Pentaerythrityl<br \/>\n  Tetraisostearate, Polyethylene, Magnesium Stearate, PTFE, Phenoxyethanol,<br \/>\n  Caprylyl Glycol, CI 77891, CI 19140, CI 77491. #4 Mica, Talc, Tridecyl<br \/>\n  Stearate, Silica, Magnesium Stearate, Pentaerythrityl Tetraisostearate,<br \/>\n  Polyethylene, Phenoxyethanol, PTFE, Caprylyl Glycol, Triethoxycaprylylsilane,<br \/>\n  CI 77891, CI 77007, CI 42090, CI 77499, CI 19140. #6 Mica, Tridecyl Stearate,<br \/>\n  Talc, Pentaerythrityl Tetraisostearate, Magnesium Stearate, Polyethylene,<br \/>\n  PTFE, Phenoxyethanol, Caprylyl Glycol, Diethylhexyl Syringylidenemalonate,<br \/>\n  Caprylic\/Capric Triglyceride, CI 77891, CI 15850, CI 45410. #7 Mica, Talc,<br \/>\n  Silica, Tridecyl Stearate, Magnesium Stearate, Polyethylene, Pentaerythrityl<br \/>\n  Tetraisostearate, Phenoxyethanol, Triethoxycaprylylsilane, PTFE, Caprylyl<br \/>\n  Glycol, CI 77007, CI 77891, CI 42090. #9 Mica, Talc, Tridecyl Stearate,<br \/>\n  Magnesium Stearate, Silica, Pentaerythrityl Tetraisostearate, Polyethylene,<br \/>\n  Phenoxyethanol, PTFE, Caprylyl Glycol, Triethoxycaprylylsilane, CI 77891, CI<br \/>\n  77492, CI 77491, CI 77499. #10 Mica, Talc, Tridecyl Stearate, Silica,<br \/>\n  Magnesium Stearate, Pentaerythrityl Tetraisostearate, Polyethylene,<br \/>\n  Phenoxyethanol, Caprylyl Glycol, Triethoxycaprylylsilane, PTFE, Diethylhexyl<br \/>\n  Syringylidenemalonate, Caprylic\/Capric Triglyceride, CI 77891, CI 77007, CI<br \/>\n  15850, CI 77499. #13 Mica, Tridecyl Stearate, Talc, Pentaerythrityl<br \/>\n  Tetraisostearate, Magnesium Stearate, Polyethylene, Phenoxyethanol, PTFE,<br \/>\n  Caprylyl Glycol, Diethylhexyl Syringylidenemalonate, Caprylic\/Capric<br \/>\n  Triglyceride, CI 77891, CI 77742, CI 15850. #14 Mica, Tridecyl Stearate,<br \/>\n  Pentaerythrityl Tetraisostearate, Magnesium Stearate, Polyethylene, PTFE,<br \/>\n  Phenoxyethanol, Caprylyl Glycol, Diethylhexyl Syringylidenemalonate,<br \/>\n  Caprylic\/Capric Triglyceride, CI 77891, CI 77007, CI 15850, CI 77499. #15<br \/>\n  Mica, Tridecyl Stearate, Talc, Magnesium Stearate, Pentaerythrityl<br \/>\n  Tetraisostearate, Polyethylene, PTFE, Phenoxyethanol, Caprylyl Glycol, CI<br \/>\n  77891, CI 77491, CI 77499. #16 Polyethylene Terephthalate, Hydrogenated<br \/>\n  Polyisobutene, Cera Microcristallina, Polylactic Acid, Boron Nitride,<br \/>\n  Acrylates Copolymer, Polyethylene, Phenoxyethanol, Caprylyl Glycol, PTFE, CI<br \/>\n  45410, CI 42090, CI 77000. <\/p>\n","protected":false},"excerpt":{"rendered":"<p>Paleta de 16 tons que<br \/>\n  apresentam cores originais e um acabamento espetacular. Use para criar uma<br \/>\n  maquiagem requintada e divirta-se com sua f\u00f3rmula exclusiva durante sua<br \/>\n  sess\u00e3o de beleza.<\/p>\n","protected":false},"featured_media":20728,"comment_status":"closed","ping_status":"closed","template":"","meta":[],"product_brand":[],"product_cat":[1162],"product_tag":[],"class_list":{"0":"post-27032","1":"product","2":"type-product","3":"status-publish","4":"has-post-thumbnail","6":"product_cat-sombra-dos-olhos","8":"first","9":"instock","10":"shipping-taxable","11":"purchasable","12":"product-type-simple"},"yoast_head":"<!-- This site is optimized with the Yoast SEO plugin v24.9 - https:\/\/yoast.com\/wordpress\/plugins\/seo\/ -->\n<title>Cupcake PALETA DE SOMBRAS - Lovely<\/title>\n<meta name=\"robots\" content=\"index, follow, max-snippet:-1, max-image-preview:large, max-video-preview:-1\" \/>\n<link rel=\"canonical\" href=\"https:\/\/lovelycosmetics.eu\/pt-pt\/producto\/cupcake-eyeshadow-palette-lovely\/\" \/>\n<meta property=\"og:locale\" content=\"pt_PT\" \/>\n<meta property=\"og:type\" content=\"article\" \/>\n<meta property=\"og:title\" content=\"Cupcake PALETA DE SOMBRAS - Lovely\" \/>\n<meta property=\"og:description\" content=\"Paleta de 16 tons que  apresentam cores originais e um acabamento espetacular. Use para criar uma  maquiagem requintada e divirta-se com sua f\u00f3rmula exclusiva durante sua  sess\u00e3o de beleza.\" \/>\n<meta property=\"og:url\" content=\"https:\/\/lovelycosmetics.eu\/pt-pt\/producto\/cupcake-eyeshadow-palette-lovely\/\" \/>\n<meta property=\"og:site_name\" content=\"Lovely\" \/>\n<meta property=\"article:modified_time\" content=\"2024-01-16T12:21:35+00:00\" \/>\n<meta property=\"og:image\" content=\"https:\/\/lovelycosmetics.eu\/wp-content\/uploads\/2022\/11\/oc620@90.jpg\" \/>\n\t<meta property=\"og:image:width\" content=\"800\" \/>\n\t<meta property=\"og:image:height\" content=\"800\" \/>\n\t<meta property=\"og:image:type\" content=\"image\/jpeg\" \/>\n<meta name=\"twitter:card\" content=\"summary_large_image\" \/>\n<meta name=\"twitter:label1\" content=\"Tempo estimado de leitura\" \/>\n\t<meta name=\"twitter:data1\" content=\"2 minutos\" \/>\n<script type=\"application\/ld+json\" class=\"yoast-schema-graph\">{\"@context\":\"https:\/\/schema.org\",\"@graph\":[{\"@type\":\"WebPage\",\"@id\":\"https:\/\/lovelycosmetics.eu\/pt-pt\/producto\/cupcake-eyeshadow-palette-lovely\/\",\"url\":\"https:\/\/lovelycosmetics.eu\/pt-pt\/producto\/cupcake-eyeshadow-palette-lovely\/\",\"name\":\"Cupcake PALETA DE SOMBRAS - Lovely\",\"isPartOf\":{\"@id\":\"https:\/\/lovelycosmetics.eu\/pt-pt\/#website\"},\"primaryImageOfPage\":{\"@id\":\"https:\/\/lovelycosmetics.eu\/pt-pt\/producto\/cupcake-eyeshadow-palette-lovely\/#primaryimage\"},\"image\":{\"@id\":\"https:\/\/lovelycosmetics.eu\/pt-pt\/producto\/cupcake-eyeshadow-palette-lovely\/#primaryimage\"},\"thumbnailUrl\":\"https:\/\/lovelycosmetics.eu\/wp-content\/uploads\/2022\/11\/oc620@90.jpg\",\"datePublished\":\"2022-11-14T13:02:59+00:00\",\"dateModified\":\"2024-01-16T12:21:35+00:00\",\"breadcrumb\":{\"@id\":\"https:\/\/lovelycosmetics.eu\/pt-pt\/producto\/cupcake-eyeshadow-palette-lovely\/#breadcrumb\"},\"inLanguage\":\"pt-PT\",\"potentialAction\":[{\"@type\":\"ReadAction\",\"target\":[\"https:\/\/lovelycosmetics.eu\/pt-pt\/producto\/cupcake-eyeshadow-palette-lovely\/\"]}]},{\"@type\":\"ImageObject\",\"inLanguage\":\"pt-PT\",\"@id\":\"https:\/\/lovelycosmetics.eu\/pt-pt\/producto\/cupcake-eyeshadow-palette-lovely\/#primaryimage\",\"url\":\"https:\/\/lovelycosmetics.eu\/wp-content\/uploads\/2022\/11\/oc620@90.jpg\",\"contentUrl\":\"https:\/\/lovelycosmetics.eu\/wp-content\/uploads\/2022\/11\/oc620@90.jpg\",\"width\":800,\"height\":800},{\"@type\":\"BreadcrumbList\",\"@id\":\"https:\/\/lovelycosmetics.eu\/pt-pt\/producto\/cupcake-eyeshadow-palette-lovely\/#breadcrumb\",\"itemListElement\":[{\"@type\":\"ListItem\",\"position\":1,\"name\":\"Portada\",\"item\":\"https:\/\/lovelycosmetics.eu\/pt-pt\/\"},{\"@type\":\"ListItem\",\"position\":2,\"name\":\"P\u00e1gina de inicio\",\"item\":\"https:\/\/lovelycosmetics.eu\/?page_id=16876\"},{\"@type\":\"ListItem\",\"position\":3,\"name\":\"Cupcake PALETA DE SOMBRAS\"}]},{\"@type\":\"WebSite\",\"@id\":\"https:\/\/lovelycosmetics.eu\/pt-pt\/#website\",\"url\":\"https:\/\/lovelycosmetics.eu\/pt-pt\/\",\"name\":\"Lovely\",\"description\":\"Lovely\",\"potentialAction\":[{\"@type\":\"SearchAction\",\"target\":{\"@type\":\"EntryPoint\",\"urlTemplate\":\"https:\/\/lovelycosmetics.eu\/pt-pt\/?s={search_term_string}\"},\"query-input\":{\"@type\":\"PropertyValueSpecification\",\"valueRequired\":true,\"valueName\":\"search_term_string\"}}],\"inLanguage\":\"pt-PT\"}]}<\/script>\n<!-- \/ Yoast SEO plugin. -->","yoast_head_json":{"title":"Cupcake PALETA DE SOMBRAS - Lovely","robots":{"index":"index","follow":"follow","max-snippet":"max-snippet:-1","max-image-preview":"max-image-preview:large","max-video-preview":"max-video-preview:-1"},"canonical":"https:\/\/lovelycosmetics.eu\/pt-pt\/producto\/cupcake-eyeshadow-palette-lovely\/","og_locale":"pt_PT","og_type":"article","og_title":"Cupcake PALETA DE SOMBRAS - Lovely","og_description":"Paleta de 16 tons que  apresentam cores originais e um acabamento espetacular. Use para criar uma  maquiagem requintada e divirta-se com sua f\u00f3rmula exclusiva durante sua  sess\u00e3o de beleza.","og_url":"https:\/\/lovelycosmetics.eu\/pt-pt\/producto\/cupcake-eyeshadow-palette-lovely\/","og_site_name":"Lovely","article_modified_time":"2024-01-16T12:21:35+00:00","og_image":[{"width":800,"height":800,"url":"https:\/\/lovelycosmetics.eu\/wp-content\/uploads\/2022\/11\/oc620@90.jpg","type":"image\/jpeg"}],"twitter_card":"summary_large_image","twitter_misc":{"Tempo estimado de leitura":"2 minutos"},"schema":{"@context":"https:\/\/schema.org","@graph":[{"@type":"WebPage","@id":"https:\/\/lovelycosmetics.eu\/pt-pt\/producto\/cupcake-eyeshadow-palette-lovely\/","url":"https:\/\/lovelycosmetics.eu\/pt-pt\/producto\/cupcake-eyeshadow-palette-lovely\/","name":"Cupcake PALETA DE SOMBRAS - Lovely","isPartOf":{"@id":"https:\/\/lovelycosmetics.eu\/pt-pt\/#website"},"primaryImageOfPage":{"@id":"https:\/\/lovelycosmetics.eu\/pt-pt\/producto\/cupcake-eyeshadow-palette-lovely\/#primaryimage"},"image":{"@id":"https:\/\/lovelycosmetics.eu\/pt-pt\/producto\/cupcake-eyeshadow-palette-lovely\/#primaryimage"},"thumbnailUrl":"https:\/\/lovelycosmetics.eu\/wp-content\/uploads\/2022\/11\/oc620@90.jpg","datePublished":"2022-11-14T13:02:59+00:00","dateModified":"2024-01-16T12:21:35+00:00","breadcrumb":{"@id":"https:\/\/lovelycosmetics.eu\/pt-pt\/producto\/cupcake-eyeshadow-palette-lovely\/#breadcrumb"},"inLanguage":"pt-PT","potentialAction":[{"@type":"ReadAction","target":["https:\/\/lovelycosmetics.eu\/pt-pt\/producto\/cupcake-eyeshadow-palette-lovely\/"]}]},{"@type":"ImageObject","inLanguage":"pt-PT","@id":"https:\/\/lovelycosmetics.eu\/pt-pt\/producto\/cupcake-eyeshadow-palette-lovely\/#primaryimage","url":"https:\/\/lovelycosmetics.eu\/wp-content\/uploads\/2022\/11\/oc620@90.jpg","contentUrl":"https:\/\/lovelycosmetics.eu\/wp-content\/uploads\/2022\/11\/oc620@90.jpg","width":800,"height":800},{"@type":"BreadcrumbList","@id":"https:\/\/lovelycosmetics.eu\/pt-pt\/producto\/cupcake-eyeshadow-palette-lovely\/#breadcrumb","itemListElement":[{"@type":"ListItem","position":1,"name":"Portada","item":"https:\/\/lovelycosmetics.eu\/pt-pt\/"},{"@type":"ListItem","position":2,"name":"P\u00e1gina de inicio","item":"https:\/\/lovelycosmetics.eu\/?page_id=16876"},{"@type":"ListItem","position":3,"name":"Cupcake PALETA DE SOMBRAS"}]},{"@type":"WebSite","@id":"https:\/\/lovelycosmetics.eu\/pt-pt\/#website","url":"https:\/\/lovelycosmetics.eu\/pt-pt\/","name":"Lovely","description":"Lovely","potentialAction":[{"@type":"SearchAction","target":{"@type":"EntryPoint","urlTemplate":"https:\/\/lovelycosmetics.eu\/pt-pt\/?s={search_term_string}"},"query-input":{"@type":"PropertyValueSpecification","valueRequired":true,"valueName":"search_term_string"}}],"inLanguage":"pt-PT"}]}},"_links":{"self":[{"href":"https:\/\/lovelycosmetics.eu\/pt-pt\/wp-json\/wp\/v2\/product\/27032","targetHints":{"allow":["GET"]}}],"collection":[{"href":"https:\/\/lovelycosmetics.eu\/pt-pt\/wp-json\/wp\/v2\/product"}],"about":[{"href":"https:\/\/lovelycosmetics.eu\/pt-pt\/wp-json\/wp\/v2\/types\/product"}],"replies":[{"embeddable":true,"href":"https:\/\/lovelycosmetics.eu\/pt-pt\/wp-json\/wp\/v2\/comments?post=27032"}],"wp:featuredmedia":[{"embeddable":true,"href":"https:\/\/lovelycosmetics.eu\/pt-pt\/wp-json\/wp\/v2\/media\/20728"}],"wp:attachment":[{"href":"https:\/\/lovelycosmetics.eu\/pt-pt\/wp-json\/wp\/v2\/media?parent=27032"}],"wp:term":[{"taxonomy":"product_brand","embeddable":true,"href":"https:\/\/lovelycosmetics.eu\/pt-pt\/wp-json\/wp\/v2\/product_brand?post=27032"},{"taxonomy":"product_cat","embeddable":true,"href":"https:\/\/lovelycosmetics.eu\/pt-pt\/wp-json\/wp\/v2\/product_cat?post=27032"},{"taxonomy":"product_tag","embeddable":true,"href":"https:\/\/lovelycosmetics.eu\/pt-pt\/wp-json\/wp\/v2\/product_tag?post=27032"}],"curies":[{"name":"wp","href":"https:\/\/api.w.org\/{rel}","templated":true}]}}