{"id":27033,"date":"2022-11-14T13:02:57","date_gmt":"2022-11-14T13:02:57","guid":{"rendered":"https:\/\/lovelycosmetics.eu\/producto\/peach-bronzer-and-blusher-lovely\/"},"modified":"2024-01-16T12:21:35","modified_gmt":"2024-01-16T12:21:35","slug":"peach-bronzer-and-blusher-lovely","status":"publish","type":"product","link":"https:\/\/lovelycosmetics.eu\/pt-pt\/producto\/peach-bronzer-and-blusher-lovely\/","title":{"rendered":"Peach Bronzeador e blush"},"content":{"rendered":"<h4>Modo<br \/>\n  de uso<\/h4>\n<p>Aplique o p\u00f3 bronzeador nas zonas do seu rosto onde o sol atinge o<br \/>\n  seu rosto com mais for\u00e7a: na linha do cabelo, nas ma\u00e7\u00e3s do rosto, no nariz e<br \/>\n  no queixo. Ap\u00f3s a aplica\u00e7\u00e3o, limpe o pincel e misture bem o p\u00f3 para dar o<br \/>\n  efeito perfeito e misture-o na sua pele.<\/p>\n<\/p>\n<h4>Ingredientes<\/h4>\n<p> Mica, Magnesium Stearate, Talc, Caprylic\/Capric Triglyceride,<br \/>\n  Isononyl Isononanoate, Octyldodecanol, Polyethylene, Silica, Hydrogenated<br \/>\n  Polydecene, Ethylhexyl Palmitate, Methyl Methacrylate Crosspolymer,<br \/>\n  Triethoxycaprylylsilane, Bis-Diglyceryl Polyacyladipate-2, Caprylyl Glycol,<br \/>\n  Phenoxyethanol, Hexylene Glycol, CI 77891, CI 77491, CI 77492, CI 77499, CI<br \/>\n  19140, CI 16035, CI 15850.<\/p>\n","protected":false},"excerpt":{"rendered":"<p>Produto duo para o rosto e o<br \/>\n  contorno. Est\u00e1 composto de um bronzeador em cor universal e um blush em tom<br \/>\n  de p\u00eassego. Os produtos podem usar se junto ou separado, dependendo de como<br \/>\n  preferir.<\/p>\n","protected":false},"featured_media":20718,"comment_status":"closed","ping_status":"closed","template":"","meta":[],"product_brand":[],"product_cat":[15],"product_tag":[],"class_list":{"0":"post-27033","1":"product","2":"type-product","3":"status-publish","4":"has-post-thumbnail","6":"product_cat-sin-categorizar","8":"first","9":"instock","10":"shipping-taxable","11":"purchasable","12":"product-type-simple"},"yoast_head":"<!-- This site is optimized with the Yoast SEO plugin v24.9 - https:\/\/yoast.com\/wordpress\/plugins\/seo\/ -->\n<title>Peach Bronzeador e blush - Lovely<\/title>\n<meta name=\"robots\" content=\"index, follow, max-snippet:-1, max-image-preview:large, max-video-preview:-1\" \/>\n<link rel=\"canonical\" href=\"https:\/\/lovelycosmetics.eu\/pt-pt\/producto\/peach-bronzer-and-blusher-lovely\/\" \/>\n<meta property=\"og:locale\" content=\"pt_PT\" \/>\n<meta property=\"og:type\" content=\"article\" \/>\n<meta property=\"og:title\" content=\"Peach Bronzeador e blush - Lovely\" \/>\n<meta property=\"og:description\" content=\"Produto duo para o rosto e o  contorno. Est\u00e1 composto de um bronzeador em cor universal e um blush em tom  de p\u00eassego. Os produtos podem usar se junto ou separado, dependendo de como  preferir.\" \/>\n<meta property=\"og:url\" content=\"https:\/\/lovelycosmetics.eu\/pt-pt\/producto\/peach-bronzer-and-blusher-lovely\/\" \/>\n<meta property=\"og:site_name\" content=\"Lovely\" \/>\n<meta property=\"article:modified_time\" content=\"2024-01-16T12:21:35+00:00\" \/>\n<meta property=\"og:image\" content=\"https:\/\/lovelycosmetics.eu\/wp-content\/uploads\/2022\/11\/ce535@4.jpg\" \/>\n\t<meta property=\"og:image:width\" content=\"800\" \/>\n\t<meta property=\"og:image:height\" content=\"800\" \/>\n\t<meta property=\"og:image:type\" content=\"image\/jpeg\" \/>\n<meta name=\"twitter:card\" content=\"summary_large_image\" \/>\n<script type=\"application\/ld+json\" class=\"yoast-schema-graph\">{\"@context\":\"https:\/\/schema.org\",\"@graph\":[{\"@type\":\"WebPage\",\"@id\":\"https:\/\/lovelycosmetics.eu\/pt-pt\/producto\/peach-bronzer-and-blusher-lovely\/\",\"url\":\"https:\/\/lovelycosmetics.eu\/pt-pt\/producto\/peach-bronzer-and-blusher-lovely\/\",\"name\":\"Peach Bronzeador e blush - Lovely\",\"isPartOf\":{\"@id\":\"https:\/\/lovelycosmetics.eu\/pt-pt\/#website\"},\"primaryImageOfPage\":{\"@id\":\"https:\/\/lovelycosmetics.eu\/pt-pt\/producto\/peach-bronzer-and-blusher-lovely\/#primaryimage\"},\"image\":{\"@id\":\"https:\/\/lovelycosmetics.eu\/pt-pt\/producto\/peach-bronzer-and-blusher-lovely\/#primaryimage\"},\"thumbnailUrl\":\"https:\/\/lovelycosmetics.eu\/wp-content\/uploads\/2022\/11\/ce535@4.jpg\",\"datePublished\":\"2022-11-14T13:02:57+00:00\",\"dateModified\":\"2024-01-16T12:21:35+00:00\",\"breadcrumb\":{\"@id\":\"https:\/\/lovelycosmetics.eu\/pt-pt\/producto\/peach-bronzer-and-blusher-lovely\/#breadcrumb\"},\"inLanguage\":\"pt-PT\",\"potentialAction\":[{\"@type\":\"ReadAction\",\"target\":[\"https:\/\/lovelycosmetics.eu\/pt-pt\/producto\/peach-bronzer-and-blusher-lovely\/\"]}]},{\"@type\":\"ImageObject\",\"inLanguage\":\"pt-PT\",\"@id\":\"https:\/\/lovelycosmetics.eu\/pt-pt\/producto\/peach-bronzer-and-blusher-lovely\/#primaryimage\",\"url\":\"https:\/\/lovelycosmetics.eu\/wp-content\/uploads\/2022\/11\/ce535@4.jpg\",\"contentUrl\":\"https:\/\/lovelycosmetics.eu\/wp-content\/uploads\/2022\/11\/ce535@4.jpg\",\"width\":800,\"height\":800},{\"@type\":\"BreadcrumbList\",\"@id\":\"https:\/\/lovelycosmetics.eu\/pt-pt\/producto\/peach-bronzer-and-blusher-lovely\/#breadcrumb\",\"itemListElement\":[{\"@type\":\"ListItem\",\"position\":1,\"name\":\"Portada\",\"item\":\"https:\/\/lovelycosmetics.eu\/pt-pt\/\"},{\"@type\":\"ListItem\",\"position\":2,\"name\":\"P\u00e1gina de inicio\",\"item\":\"https:\/\/lovelycosmetics.eu\/?page_id=16876\"},{\"@type\":\"ListItem\",\"position\":3,\"name\":\"Peach Bronzeador e blush\"}]},{\"@type\":\"WebSite\",\"@id\":\"https:\/\/lovelycosmetics.eu\/pt-pt\/#website\",\"url\":\"https:\/\/lovelycosmetics.eu\/pt-pt\/\",\"name\":\"Lovely\",\"description\":\"Lovely\",\"potentialAction\":[{\"@type\":\"SearchAction\",\"target\":{\"@type\":\"EntryPoint\",\"urlTemplate\":\"https:\/\/lovelycosmetics.eu\/pt-pt\/?s={search_term_string}\"},\"query-input\":{\"@type\":\"PropertyValueSpecification\",\"valueRequired\":true,\"valueName\":\"search_term_string\"}}],\"inLanguage\":\"pt-PT\"}]}<\/script>\n<!-- \/ Yoast SEO plugin. -->","yoast_head_json":{"title":"Peach Bronzeador e blush - Lovely","robots":{"index":"index","follow":"follow","max-snippet":"max-snippet:-1","max-image-preview":"max-image-preview:large","max-video-preview":"max-video-preview:-1"},"canonical":"https:\/\/lovelycosmetics.eu\/pt-pt\/producto\/peach-bronzer-and-blusher-lovely\/","og_locale":"pt_PT","og_type":"article","og_title":"Peach Bronzeador e blush - Lovely","og_description":"Produto duo para o rosto e o  contorno. Est\u00e1 composto de um bronzeador em cor universal e um blush em tom  de p\u00eassego. Os produtos podem usar se junto ou separado, dependendo de como  preferir.","og_url":"https:\/\/lovelycosmetics.eu\/pt-pt\/producto\/peach-bronzer-and-blusher-lovely\/","og_site_name":"Lovely","article_modified_time":"2024-01-16T12:21:35+00:00","og_image":[{"width":800,"height":800,"url":"https:\/\/lovelycosmetics.eu\/wp-content\/uploads\/2022\/11\/ce535@4.jpg","type":"image\/jpeg"}],"twitter_card":"summary_large_image","schema":{"@context":"https:\/\/schema.org","@graph":[{"@type":"WebPage","@id":"https:\/\/lovelycosmetics.eu\/pt-pt\/producto\/peach-bronzer-and-blusher-lovely\/","url":"https:\/\/lovelycosmetics.eu\/pt-pt\/producto\/peach-bronzer-and-blusher-lovely\/","name":"Peach Bronzeador e blush - Lovely","isPartOf":{"@id":"https:\/\/lovelycosmetics.eu\/pt-pt\/#website"},"primaryImageOfPage":{"@id":"https:\/\/lovelycosmetics.eu\/pt-pt\/producto\/peach-bronzer-and-blusher-lovely\/#primaryimage"},"image":{"@id":"https:\/\/lovelycosmetics.eu\/pt-pt\/producto\/peach-bronzer-and-blusher-lovely\/#primaryimage"},"thumbnailUrl":"https:\/\/lovelycosmetics.eu\/wp-content\/uploads\/2022\/11\/ce535@4.jpg","datePublished":"2022-11-14T13:02:57+00:00","dateModified":"2024-01-16T12:21:35+00:00","breadcrumb":{"@id":"https:\/\/lovelycosmetics.eu\/pt-pt\/producto\/peach-bronzer-and-blusher-lovely\/#breadcrumb"},"inLanguage":"pt-PT","potentialAction":[{"@type":"ReadAction","target":["https:\/\/lovelycosmetics.eu\/pt-pt\/producto\/peach-bronzer-and-blusher-lovely\/"]}]},{"@type":"ImageObject","inLanguage":"pt-PT","@id":"https:\/\/lovelycosmetics.eu\/pt-pt\/producto\/peach-bronzer-and-blusher-lovely\/#primaryimage","url":"https:\/\/lovelycosmetics.eu\/wp-content\/uploads\/2022\/11\/ce535@4.jpg","contentUrl":"https:\/\/lovelycosmetics.eu\/wp-content\/uploads\/2022\/11\/ce535@4.jpg","width":800,"height":800},{"@type":"BreadcrumbList","@id":"https:\/\/lovelycosmetics.eu\/pt-pt\/producto\/peach-bronzer-and-blusher-lovely\/#breadcrumb","itemListElement":[{"@type":"ListItem","position":1,"name":"Portada","item":"https:\/\/lovelycosmetics.eu\/pt-pt\/"},{"@type":"ListItem","position":2,"name":"P\u00e1gina de inicio","item":"https:\/\/lovelycosmetics.eu\/?page_id=16876"},{"@type":"ListItem","position":3,"name":"Peach Bronzeador e blush"}]},{"@type":"WebSite","@id":"https:\/\/lovelycosmetics.eu\/pt-pt\/#website","url":"https:\/\/lovelycosmetics.eu\/pt-pt\/","name":"Lovely","description":"Lovely","potentialAction":[{"@type":"SearchAction","target":{"@type":"EntryPoint","urlTemplate":"https:\/\/lovelycosmetics.eu\/pt-pt\/?s={search_term_string}"},"query-input":{"@type":"PropertyValueSpecification","valueRequired":true,"valueName":"search_term_string"}}],"inLanguage":"pt-PT"}]}},"_links":{"self":[{"href":"https:\/\/lovelycosmetics.eu\/pt-pt\/wp-json\/wp\/v2\/product\/27033","targetHints":{"allow":["GET"]}}],"collection":[{"href":"https:\/\/lovelycosmetics.eu\/pt-pt\/wp-json\/wp\/v2\/product"}],"about":[{"href":"https:\/\/lovelycosmetics.eu\/pt-pt\/wp-json\/wp\/v2\/types\/product"}],"replies":[{"embeddable":true,"href":"https:\/\/lovelycosmetics.eu\/pt-pt\/wp-json\/wp\/v2\/comments?post=27033"}],"wp:featuredmedia":[{"embeddable":true,"href":"https:\/\/lovelycosmetics.eu\/pt-pt\/wp-json\/wp\/v2\/media\/20718"}],"wp:attachment":[{"href":"https:\/\/lovelycosmetics.eu\/pt-pt\/wp-json\/wp\/v2\/media?parent=27033"}],"wp:term":[{"taxonomy":"product_brand","embeddable":true,"href":"https:\/\/lovelycosmetics.eu\/pt-pt\/wp-json\/wp\/v2\/product_brand?post=27033"},{"taxonomy":"product_cat","embeddable":true,"href":"https:\/\/lovelycosmetics.eu\/pt-pt\/wp-json\/wp\/v2\/product_cat?post=27033"},{"taxonomy":"product_tag","embeddable":true,"href":"https:\/\/lovelycosmetics.eu\/pt-pt\/wp-json\/wp\/v2\/product_tag?post=27033"}],"curies":[{"name":"wp","href":"https:\/\/api.w.org\/{rel}","templated":true}]}}