{"id":27036,"date":"2022-11-14T13:02:51","date_gmt":"2022-11-14T13:02:51","guid":{"rendered":"https:\/\/lovelycosmetics.eu\/producto\/eyeshadow-peachy-and-creamy-lovely\/"},"modified":"2024-01-16T12:21:42","modified_gmt":"2024-01-16T12:21:42","slug":"eyeshadow-peachy-and-creamy-lovely","status":"publish","type":"product","link":"https:\/\/lovelycosmetics.eu\/pt-pt\/producto\/eyeshadow-peachy-and-creamy-lovely\/","title":{"rendered":"PALETA DE SOMBRAS Peaches and\n  Creamy"},"content":{"rendered":"<h4>Modo<br \/>\n  de uso<\/h4>\n<p>Use cores \u00e0 sua vontade. Recomendamos a utiliza\u00e7\u00e3o de uma<br \/>\n  tonalidade clara em toda a p\u00e1lpebra como base. Utilizar uma cor neutra como<br \/>\n  sombra de transi\u00e7\u00e3o e uma sombra mais escura para a parte m\u00f3vel da p\u00e1lpebra.<br \/>\n  Para definir o efeito, utilizar um prim\u00e1rio antes de aplicar a sombra de<br \/>\n  p\u00e1lpebra.<\/p>\n<\/p>\n<h4>Ingredientes<\/h4>\n<p>#1, 9, 13, 15, 16: Mica, Talc, Silica, Tridecyl Stearate,<br \/>\n  Magnesium Stearate, Polyethylene, Pentaerythrityl Tetraisostearate, PTFE,<br \/>\n  Phenoxyethanol, Caprylyl Glycol, Diethylhexyl Syringylidenemalonate,<br \/>\n  Caprylic\/Capric Triglyceride, Triethoxycaprylylsilane, [+\/-]: CI 77891, CI<br \/>\n  77491, CI 77492, CI 77499, CI 15850, CI 16035, CI 15985, CI 19140. #2, 4, 8,<br \/>\n  10: Mica, Talc, Silica, Tridecyl Stearate, Magnesium Stearate, Polyethylene,<br \/>\n  Pentaerythrityl Tetraisostearate, PTFE, Triethoxycaprylylsilane,<br \/>\n  Phenoxyethanol, Caprylyl Glycol, [+\/-]: CI 77891, CI 77491, CI 77492, CI<br \/>\n  77499, CI 77742, CI 42090, CI 15985, CI 19140. #3: Tridecyl Stearate, Mica,<br \/>\n  Talc, Pentaerythrityl Tetraisostearate, Magnesium Stearate, Polyethylene,<br \/>\n  PTFE, Phenoxyethanol, Caprylyl Glycol, CI 77891, CI 77491, CI 77499. #5, 7:<br \/>\n  Calcium Aluminum Borosilicate, Tridecyl Stearate, Mica, Talc, Pentaerythrityl<br \/>\n  Tetraisostearate, Magnesium Stearate, Polyethylene, PTFE, Phenoxyethanol,<br \/>\n  Caprylyl Glycol, Tin Oxide, [+\/-]: CI 77891, CI 77499, CI 42090, CI 19140.<br \/>\n  #6, 12: Calcium Aluminum Borosilicate, Tridecyl Stearate, Mica, Talc,<br \/>\n  Pentaerythrityl Tetraisostearate, Magnesium Stearate, Polyethylene, PTFE,<br \/>\n  Phenoxyethanol, Caprylyl Glycol, Diethylhexyl Syringylidenemalonate,<br \/>\n  Caprylic\/Capric Triglyceride, Tin Oxide, [+\/-]: CI 77491, CI 16035, CI 19140,<br \/>\n  CI 45410, CI 77891. #11: Mica, Calcium Aluminum Borosilicate, Talc, Tridecyl<br \/>\n  Stearate, Magnesium Stearate, Polyethylene, Pentaerythrityl Tetraisostearate,<br \/>\n  PTFE, Phenoxyethanol, Caprylyl Glycol, Diethylhexyl Syringylidenemalonate,<br \/>\n  Caprylic\/Capric Triglyceride, Tin Oxide, CI 15850, CI 16035, CI 77891, CI<br \/>\n  77491. #14: Calcium Aluminum Borosilicate, Mica, Tridecyl Stearate, Talc,<br \/>\n  Magnesium Stearate, Pentaerythrityl Tetraisostearate, Polyethylene, Silica,<br \/>\n  PTFE, Phenoxyethanol, Caprylyl Glycol, Diethylhexyl Syringylidenemalonate,<br \/>\n  Caprylic\/Capric Triglyceride, Tin Oxide, CI 77891, CI 16035, CI 77491, CI<br \/>\n  77499.<\/p>\n","protected":false},"excerpt":{"rendered":"<p>Paleta de sombras em 16 tons<br \/>\n  com cores e acabamentos originais. O produto oferece uma grande variedade de<br \/>\n  op\u00e7\u00f5es de maquiagem e, gra\u00e7as \u00e0 sua f\u00f3rmula exclusiva, a maquiagem dos olhos<br \/>\n  ser\u00e1 uma verdadeira del\u00edcia.<\/p>\n","protected":false},"featured_media":20691,"comment_status":"closed","ping_status":"closed","template":"","meta":[],"product_brand":[],"product_cat":[1162],"product_tag":[],"class_list":{"0":"post-27036","1":"product","2":"type-product","3":"status-publish","4":"has-post-thumbnail","6":"product_cat-sombra-dos-olhos","8":"first","9":"instock","10":"shipping-taxable","11":"purchasable","12":"product-type-simple"},"yoast_head":"<!-- This site is optimized with the Yoast SEO plugin v24.9 - https:\/\/yoast.com\/wordpress\/plugins\/seo\/ -->\n<title>PALETA DE SOMBRAS Peaches and  Creamy - Lovely<\/title>\n<meta name=\"robots\" content=\"index, follow, max-snippet:-1, max-image-preview:large, max-video-preview:-1\" \/>\n<link rel=\"canonical\" href=\"https:\/\/lovelycosmetics.eu\/pt-pt\/producto\/eyeshadow-peachy-and-creamy-lovely\/\" \/>\n<meta property=\"og:locale\" content=\"pt_PT\" \/>\n<meta property=\"og:type\" content=\"article\" \/>\n<meta property=\"og:title\" content=\"PALETA DE SOMBRAS Peaches and  Creamy - Lovely\" \/>\n<meta property=\"og:description\" content=\"Paleta de sombras em 16 tons  com cores e acabamentos originais. O produto oferece uma grande variedade de  op\u00e7\u00f5es de maquiagem e, gra\u00e7as \u00e0 sua f\u00f3rmula exclusiva, a maquiagem dos olhos  ser\u00e1 uma verdadeira del\u00edcia.\" \/>\n<meta property=\"og:url\" content=\"https:\/\/lovelycosmetics.eu\/pt-pt\/producto\/eyeshadow-peachy-and-creamy-lovely\/\" \/>\n<meta property=\"og:site_name\" content=\"Lovely\" \/>\n<meta property=\"article:modified_time\" content=\"2024-01-16T12:21:42+00:00\" \/>\n<meta property=\"og:image\" content=\"https:\/\/lovelycosmetics.eu\/wp-content\/uploads\/2022\/11\/oc619@63.jpg\" \/>\n\t<meta property=\"og:image:width\" content=\"800\" \/>\n\t<meta property=\"og:image:height\" content=\"800\" \/>\n\t<meta property=\"og:image:type\" content=\"image\/jpeg\" \/>\n<meta name=\"twitter:card\" content=\"summary_large_image\" \/>\n<meta name=\"twitter:label1\" content=\"Tempo estimado de leitura\" \/>\n\t<meta name=\"twitter:data1\" content=\"1 minuto\" \/>\n<script type=\"application\/ld+json\" class=\"yoast-schema-graph\">{\"@context\":\"https:\/\/schema.org\",\"@graph\":[{\"@type\":\"WebPage\",\"@id\":\"https:\/\/lovelycosmetics.eu\/pt-pt\/producto\/eyeshadow-peachy-and-creamy-lovely\/\",\"url\":\"https:\/\/lovelycosmetics.eu\/pt-pt\/producto\/eyeshadow-peachy-and-creamy-lovely\/\",\"name\":\"PALETA DE SOMBRAS Peaches and Creamy - Lovely\",\"isPartOf\":{\"@id\":\"https:\/\/lovelycosmetics.eu\/pt-pt\/#website\"},\"primaryImageOfPage\":{\"@id\":\"https:\/\/lovelycosmetics.eu\/pt-pt\/producto\/eyeshadow-peachy-and-creamy-lovely\/#primaryimage\"},\"image\":{\"@id\":\"https:\/\/lovelycosmetics.eu\/pt-pt\/producto\/eyeshadow-peachy-and-creamy-lovely\/#primaryimage\"},\"thumbnailUrl\":\"https:\/\/lovelycosmetics.eu\/wp-content\/uploads\/2022\/11\/oc619@63.jpg\",\"datePublished\":\"2022-11-14T13:02:51+00:00\",\"dateModified\":\"2024-01-16T12:21:42+00:00\",\"breadcrumb\":{\"@id\":\"https:\/\/lovelycosmetics.eu\/pt-pt\/producto\/eyeshadow-peachy-and-creamy-lovely\/#breadcrumb\"},\"inLanguage\":\"pt-PT\",\"potentialAction\":[{\"@type\":\"ReadAction\",\"target\":[\"https:\/\/lovelycosmetics.eu\/pt-pt\/producto\/eyeshadow-peachy-and-creamy-lovely\/\"]}]},{\"@type\":\"ImageObject\",\"inLanguage\":\"pt-PT\",\"@id\":\"https:\/\/lovelycosmetics.eu\/pt-pt\/producto\/eyeshadow-peachy-and-creamy-lovely\/#primaryimage\",\"url\":\"https:\/\/lovelycosmetics.eu\/wp-content\/uploads\/2022\/11\/oc619@63.jpg\",\"contentUrl\":\"https:\/\/lovelycosmetics.eu\/wp-content\/uploads\/2022\/11\/oc619@63.jpg\",\"width\":800,\"height\":800},{\"@type\":\"BreadcrumbList\",\"@id\":\"https:\/\/lovelycosmetics.eu\/pt-pt\/producto\/eyeshadow-peachy-and-creamy-lovely\/#breadcrumb\",\"itemListElement\":[{\"@type\":\"ListItem\",\"position\":1,\"name\":\"Portada\",\"item\":\"https:\/\/lovelycosmetics.eu\/pt-pt\/\"},{\"@type\":\"ListItem\",\"position\":2,\"name\":\"P\u00e1gina de inicio\",\"item\":\"https:\/\/lovelycosmetics.eu\/?page_id=16876\"},{\"@type\":\"ListItem\",\"position\":3,\"name\":\"PALETA DE SOMBRAS Peaches and Creamy\"}]},{\"@type\":\"WebSite\",\"@id\":\"https:\/\/lovelycosmetics.eu\/pt-pt\/#website\",\"url\":\"https:\/\/lovelycosmetics.eu\/pt-pt\/\",\"name\":\"Lovely\",\"description\":\"Lovely\",\"potentialAction\":[{\"@type\":\"SearchAction\",\"target\":{\"@type\":\"EntryPoint\",\"urlTemplate\":\"https:\/\/lovelycosmetics.eu\/pt-pt\/?s={search_term_string}\"},\"query-input\":{\"@type\":\"PropertyValueSpecification\",\"valueRequired\":true,\"valueName\":\"search_term_string\"}}],\"inLanguage\":\"pt-PT\"}]}<\/script>\n<!-- \/ Yoast SEO plugin. -->","yoast_head_json":{"title":"PALETA DE SOMBRAS Peaches and  Creamy - Lovely","robots":{"index":"index","follow":"follow","max-snippet":"max-snippet:-1","max-image-preview":"max-image-preview:large","max-video-preview":"max-video-preview:-1"},"canonical":"https:\/\/lovelycosmetics.eu\/pt-pt\/producto\/eyeshadow-peachy-and-creamy-lovely\/","og_locale":"pt_PT","og_type":"article","og_title":"PALETA DE SOMBRAS Peaches and  Creamy - Lovely","og_description":"Paleta de sombras em 16 tons  com cores e acabamentos originais. O produto oferece uma grande variedade de  op\u00e7\u00f5es de maquiagem e, gra\u00e7as \u00e0 sua f\u00f3rmula exclusiva, a maquiagem dos olhos  ser\u00e1 uma verdadeira del\u00edcia.","og_url":"https:\/\/lovelycosmetics.eu\/pt-pt\/producto\/eyeshadow-peachy-and-creamy-lovely\/","og_site_name":"Lovely","article_modified_time":"2024-01-16T12:21:42+00:00","og_image":[{"width":800,"height":800,"url":"https:\/\/lovelycosmetics.eu\/wp-content\/uploads\/2022\/11\/oc619@63.jpg","type":"image\/jpeg"}],"twitter_card":"summary_large_image","twitter_misc":{"Tempo estimado de leitura":"1 minuto"},"schema":{"@context":"https:\/\/schema.org","@graph":[{"@type":"WebPage","@id":"https:\/\/lovelycosmetics.eu\/pt-pt\/producto\/eyeshadow-peachy-and-creamy-lovely\/","url":"https:\/\/lovelycosmetics.eu\/pt-pt\/producto\/eyeshadow-peachy-and-creamy-lovely\/","name":"PALETA DE SOMBRAS Peaches and Creamy - Lovely","isPartOf":{"@id":"https:\/\/lovelycosmetics.eu\/pt-pt\/#website"},"primaryImageOfPage":{"@id":"https:\/\/lovelycosmetics.eu\/pt-pt\/producto\/eyeshadow-peachy-and-creamy-lovely\/#primaryimage"},"image":{"@id":"https:\/\/lovelycosmetics.eu\/pt-pt\/producto\/eyeshadow-peachy-and-creamy-lovely\/#primaryimage"},"thumbnailUrl":"https:\/\/lovelycosmetics.eu\/wp-content\/uploads\/2022\/11\/oc619@63.jpg","datePublished":"2022-11-14T13:02:51+00:00","dateModified":"2024-01-16T12:21:42+00:00","breadcrumb":{"@id":"https:\/\/lovelycosmetics.eu\/pt-pt\/producto\/eyeshadow-peachy-and-creamy-lovely\/#breadcrumb"},"inLanguage":"pt-PT","potentialAction":[{"@type":"ReadAction","target":["https:\/\/lovelycosmetics.eu\/pt-pt\/producto\/eyeshadow-peachy-and-creamy-lovely\/"]}]},{"@type":"ImageObject","inLanguage":"pt-PT","@id":"https:\/\/lovelycosmetics.eu\/pt-pt\/producto\/eyeshadow-peachy-and-creamy-lovely\/#primaryimage","url":"https:\/\/lovelycosmetics.eu\/wp-content\/uploads\/2022\/11\/oc619@63.jpg","contentUrl":"https:\/\/lovelycosmetics.eu\/wp-content\/uploads\/2022\/11\/oc619@63.jpg","width":800,"height":800},{"@type":"BreadcrumbList","@id":"https:\/\/lovelycosmetics.eu\/pt-pt\/producto\/eyeshadow-peachy-and-creamy-lovely\/#breadcrumb","itemListElement":[{"@type":"ListItem","position":1,"name":"Portada","item":"https:\/\/lovelycosmetics.eu\/pt-pt\/"},{"@type":"ListItem","position":2,"name":"P\u00e1gina de inicio","item":"https:\/\/lovelycosmetics.eu\/?page_id=16876"},{"@type":"ListItem","position":3,"name":"PALETA DE SOMBRAS Peaches and Creamy"}]},{"@type":"WebSite","@id":"https:\/\/lovelycosmetics.eu\/pt-pt\/#website","url":"https:\/\/lovelycosmetics.eu\/pt-pt\/","name":"Lovely","description":"Lovely","potentialAction":[{"@type":"SearchAction","target":{"@type":"EntryPoint","urlTemplate":"https:\/\/lovelycosmetics.eu\/pt-pt\/?s={search_term_string}"},"query-input":{"@type":"PropertyValueSpecification","valueRequired":true,"valueName":"search_term_string"}}],"inLanguage":"pt-PT"}]}},"_links":{"self":[{"href":"https:\/\/lovelycosmetics.eu\/pt-pt\/wp-json\/wp\/v2\/product\/27036","targetHints":{"allow":["GET"]}}],"collection":[{"href":"https:\/\/lovelycosmetics.eu\/pt-pt\/wp-json\/wp\/v2\/product"}],"about":[{"href":"https:\/\/lovelycosmetics.eu\/pt-pt\/wp-json\/wp\/v2\/types\/product"}],"replies":[{"embeddable":true,"href":"https:\/\/lovelycosmetics.eu\/pt-pt\/wp-json\/wp\/v2\/comments?post=27036"}],"wp:featuredmedia":[{"embeddable":true,"href":"https:\/\/lovelycosmetics.eu\/pt-pt\/wp-json\/wp\/v2\/media\/20691"}],"wp:attachment":[{"href":"https:\/\/lovelycosmetics.eu\/pt-pt\/wp-json\/wp\/v2\/media?parent=27036"}],"wp:term":[{"taxonomy":"product_brand","embeddable":true,"href":"https:\/\/lovelycosmetics.eu\/pt-pt\/wp-json\/wp\/v2\/product_brand?post=27036"},{"taxonomy":"product_cat","embeddable":true,"href":"https:\/\/lovelycosmetics.eu\/pt-pt\/wp-json\/wp\/v2\/product_cat?post=27036"},{"taxonomy":"product_tag","embeddable":true,"href":"https:\/\/lovelycosmetics.eu\/pt-pt\/wp-json\/wp\/v2\/product_tag?post=27036"}],"curies":[{"name":"wp","href":"https:\/\/api.w.org\/{rel}","templated":true}]}}