{"id":27046,"date":"2022-11-14T13:02:25","date_gmt":"2022-11-14T13:02:25","guid":{"rendered":"https:\/\/lovelycosmetics.eu\/producto\/pump-up-waterproof-mascara\/"},"modified":"2024-01-16T12:21:57","modified_gmt":"2024-01-16T12:21:57","slug":"pump-up-waterproof-mascara","status":"publish","type":"product","link":"https:\/\/lovelycosmetics.eu\/pt-pt\/producto\/pump-up-waterproof-mascara\/","title":{"rendered":"Pump Up M\u00e1scara \u00e0 prova d \u00e1gua"},"content":{"rendered":"<h4>Modo<br \/>\n  de uso<\/h4>\n<p>Colocar a escova na base das pestanas superiores e mov\u00ea-la para<br \/>\n  tr\u00e1s e para a frente, cobrindo a base das pestanas. Pentear a escova atrav\u00e9s<br \/>\n  das pestanas para evitar os tufos. Aplicar duas dem\u00e3os se se pretender um<br \/>\n  efeito mais dram\u00e1tico.<\/p>\n<\/p>\n<h4>Ingredientes<\/h4>\n<p>Isododecane, Cera Alba, Aqua, Nylon-12, Euphorbia Cerifera Cera,<br \/>\n  VP\/Hexadecene Copolymer, Trimethylsiloxysilicate, Propylene Glycol,<br \/>\n  Copernicia Cerifera Cera, Ricinus Communis Seed Oil, Phenoxyethanol,<br \/>\n  Potassium Hydroxide, Potassium Sorbate, Tocopheryl Acetate,<br \/>\n  Ethylhexylglycerin, Bisabolol, Polyester-4, Farnesol, Tocopherol, CI<br \/>\n  77499.<\/p>\n","protected":false},"excerpt":{"rendered":"<p>Vers\u00e3o \u00e0 prova de \u00e1gua da<br \/>\n  conhecida m\u00e1scara pump up, a favorita de muitas de n\u00f3s. Ressalta<br \/>\n  perfeitamente rente os c\u00edlios \u00e9 um dos objetivos da nossa maquilhagem di\u00e1ria.<br \/>\n  Gra\u00e7as a esta m\u00e1scara, podes conseguir um cautivador maquilhagem de dia sem<br \/>\n  usar um modelador de c\u00edlios. Os c\u00edlios se curvaram e aumentaram. E tem um<br \/>\n  pincel de silicone que permite conseguir o estilo preciso e pentear os c\u00edlios<br \/>\n  ao fundo.<\/p>\n","protected":false},"featured_media":20615,"comment_status":"closed","ping_status":"closed","template":"","meta":[],"product_brand":[],"product_cat":[1160],"product_tag":[],"class_list":{"0":"post-27046","1":"product","2":"type-product","3":"status-publish","4":"has-post-thumbnail","6":"product_cat-mascara-de-pestanas-pt-pt","8":"first","9":"instock","10":"shipping-taxable","11":"purchasable","12":"product-type-simple"},"yoast_head":"<!-- This site is optimized with the Yoast SEO plugin v24.9 - https:\/\/yoast.com\/wordpress\/plugins\/seo\/ -->\n<title>Pump Up M\u00e1scara \u00e0 prova d \u00e1gua - Lovely<\/title>\n<meta name=\"robots\" content=\"index, follow, max-snippet:-1, max-image-preview:large, max-video-preview:-1\" \/>\n<link rel=\"canonical\" href=\"https:\/\/lovelycosmetics.eu\/pt-pt\/producto\/pump-up-waterproof-mascara\/\" \/>\n<meta property=\"og:locale\" content=\"pt_PT\" \/>\n<meta property=\"og:type\" content=\"article\" \/>\n<meta property=\"og:title\" content=\"Pump Up M\u00e1scara \u00e0 prova d \u00e1gua - Lovely\" \/>\n<meta property=\"og:description\" content=\"Vers\u00e3o \u00e0 prova de \u00e1gua da  conhecida m\u00e1scara pump up, a favorita de muitas de n\u00f3s. Ressalta  perfeitamente rente os c\u00edlios \u00e9 um dos objetivos da nossa maquilhagem di\u00e1ria.  Gra\u00e7as a esta m\u00e1scara, podes conseguir um cautivador maquilhagem de dia sem  usar um modelador de c\u00edlios. Os c\u00edlios se curvaram e aumentaram. E tem um  pincel de silicone que permite conseguir o estilo preciso e pentear os c\u00edlios  ao fundo.\" \/>\n<meta property=\"og:url\" content=\"https:\/\/lovelycosmetics.eu\/pt-pt\/producto\/pump-up-waterproof-mascara\/\" \/>\n<meta property=\"og:site_name\" content=\"Lovely\" \/>\n<meta property=\"article:modified_time\" content=\"2024-01-16T12:21:57+00:00\" \/>\n<meta property=\"og:image\" content=\"https:\/\/lovelycosmetics.eu\/wp-content\/uploads\/2022\/11\/oc339@2.jpg\" \/>\n\t<meta property=\"og:image:width\" content=\"800\" \/>\n\t<meta property=\"og:image:height\" content=\"800\" \/>\n\t<meta property=\"og:image:type\" content=\"image\/jpeg\" \/>\n<meta name=\"twitter:card\" content=\"summary_large_image\" \/>\n<script type=\"application\/ld+json\" class=\"yoast-schema-graph\">{\"@context\":\"https:\/\/schema.org\",\"@graph\":[{\"@type\":\"WebPage\",\"@id\":\"https:\/\/lovelycosmetics.eu\/pt-pt\/producto\/pump-up-waterproof-mascara\/\",\"url\":\"https:\/\/lovelycosmetics.eu\/pt-pt\/producto\/pump-up-waterproof-mascara\/\",\"name\":\"Pump Up M\u00e1scara \u00e0 prova d \u00e1gua - Lovely\",\"isPartOf\":{\"@id\":\"https:\/\/lovelycosmetics.eu\/pt-pt\/#website\"},\"primaryImageOfPage\":{\"@id\":\"https:\/\/lovelycosmetics.eu\/pt-pt\/producto\/pump-up-waterproof-mascara\/#primaryimage\"},\"image\":{\"@id\":\"https:\/\/lovelycosmetics.eu\/pt-pt\/producto\/pump-up-waterproof-mascara\/#primaryimage\"},\"thumbnailUrl\":\"https:\/\/lovelycosmetics.eu\/wp-content\/uploads\/2022\/11\/oc339@2.jpg\",\"datePublished\":\"2022-11-14T13:02:25+00:00\",\"dateModified\":\"2024-01-16T12:21:57+00:00\",\"breadcrumb\":{\"@id\":\"https:\/\/lovelycosmetics.eu\/pt-pt\/producto\/pump-up-waterproof-mascara\/#breadcrumb\"},\"inLanguage\":\"pt-PT\",\"potentialAction\":[{\"@type\":\"ReadAction\",\"target\":[\"https:\/\/lovelycosmetics.eu\/pt-pt\/producto\/pump-up-waterproof-mascara\/\"]}]},{\"@type\":\"ImageObject\",\"inLanguage\":\"pt-PT\",\"@id\":\"https:\/\/lovelycosmetics.eu\/pt-pt\/producto\/pump-up-waterproof-mascara\/#primaryimage\",\"url\":\"https:\/\/lovelycosmetics.eu\/wp-content\/uploads\/2022\/11\/oc339@2.jpg\",\"contentUrl\":\"https:\/\/lovelycosmetics.eu\/wp-content\/uploads\/2022\/11\/oc339@2.jpg\",\"width\":800,\"height\":800},{\"@type\":\"BreadcrumbList\",\"@id\":\"https:\/\/lovelycosmetics.eu\/pt-pt\/producto\/pump-up-waterproof-mascara\/#breadcrumb\",\"itemListElement\":[{\"@type\":\"ListItem\",\"position\":1,\"name\":\"Portada\",\"item\":\"https:\/\/lovelycosmetics.eu\/pt-pt\/\"},{\"@type\":\"ListItem\",\"position\":2,\"name\":\"P\u00e1gina de inicio\",\"item\":\"https:\/\/lovelycosmetics.eu\/?page_id=16876\"},{\"@type\":\"ListItem\",\"position\":3,\"name\":\"Pump Up M\u00e1scara \u00e0 prova d \u00e1gua\"}]},{\"@type\":\"WebSite\",\"@id\":\"https:\/\/lovelycosmetics.eu\/pt-pt\/#website\",\"url\":\"https:\/\/lovelycosmetics.eu\/pt-pt\/\",\"name\":\"Lovely\",\"description\":\"Lovely\",\"potentialAction\":[{\"@type\":\"SearchAction\",\"target\":{\"@type\":\"EntryPoint\",\"urlTemplate\":\"https:\/\/lovelycosmetics.eu\/pt-pt\/?s={search_term_string}\"},\"query-input\":{\"@type\":\"PropertyValueSpecification\",\"valueRequired\":true,\"valueName\":\"search_term_string\"}}],\"inLanguage\":\"pt-PT\"}]}<\/script>\n<!-- \/ Yoast SEO plugin. -->","yoast_head_json":{"title":"Pump Up M\u00e1scara \u00e0 prova d \u00e1gua - Lovely","robots":{"index":"index","follow":"follow","max-snippet":"max-snippet:-1","max-image-preview":"max-image-preview:large","max-video-preview":"max-video-preview:-1"},"canonical":"https:\/\/lovelycosmetics.eu\/pt-pt\/producto\/pump-up-waterproof-mascara\/","og_locale":"pt_PT","og_type":"article","og_title":"Pump Up M\u00e1scara \u00e0 prova d \u00e1gua - Lovely","og_description":"Vers\u00e3o \u00e0 prova de \u00e1gua da  conhecida m\u00e1scara pump up, a favorita de muitas de n\u00f3s. Ressalta  perfeitamente rente os c\u00edlios \u00e9 um dos objetivos da nossa maquilhagem di\u00e1ria.  Gra\u00e7as a esta m\u00e1scara, podes conseguir um cautivador maquilhagem de dia sem  usar um modelador de c\u00edlios. Os c\u00edlios se curvaram e aumentaram. E tem um  pincel de silicone que permite conseguir o estilo preciso e pentear os c\u00edlios  ao fundo.","og_url":"https:\/\/lovelycosmetics.eu\/pt-pt\/producto\/pump-up-waterproof-mascara\/","og_site_name":"Lovely","article_modified_time":"2024-01-16T12:21:57+00:00","og_image":[{"width":800,"height":800,"url":"https:\/\/lovelycosmetics.eu\/wp-content\/uploads\/2022\/11\/oc339@2.jpg","type":"image\/jpeg"}],"twitter_card":"summary_large_image","schema":{"@context":"https:\/\/schema.org","@graph":[{"@type":"WebPage","@id":"https:\/\/lovelycosmetics.eu\/pt-pt\/producto\/pump-up-waterproof-mascara\/","url":"https:\/\/lovelycosmetics.eu\/pt-pt\/producto\/pump-up-waterproof-mascara\/","name":"Pump Up M\u00e1scara \u00e0 prova d \u00e1gua - Lovely","isPartOf":{"@id":"https:\/\/lovelycosmetics.eu\/pt-pt\/#website"},"primaryImageOfPage":{"@id":"https:\/\/lovelycosmetics.eu\/pt-pt\/producto\/pump-up-waterproof-mascara\/#primaryimage"},"image":{"@id":"https:\/\/lovelycosmetics.eu\/pt-pt\/producto\/pump-up-waterproof-mascara\/#primaryimage"},"thumbnailUrl":"https:\/\/lovelycosmetics.eu\/wp-content\/uploads\/2022\/11\/oc339@2.jpg","datePublished":"2022-11-14T13:02:25+00:00","dateModified":"2024-01-16T12:21:57+00:00","breadcrumb":{"@id":"https:\/\/lovelycosmetics.eu\/pt-pt\/producto\/pump-up-waterproof-mascara\/#breadcrumb"},"inLanguage":"pt-PT","potentialAction":[{"@type":"ReadAction","target":["https:\/\/lovelycosmetics.eu\/pt-pt\/producto\/pump-up-waterproof-mascara\/"]}]},{"@type":"ImageObject","inLanguage":"pt-PT","@id":"https:\/\/lovelycosmetics.eu\/pt-pt\/producto\/pump-up-waterproof-mascara\/#primaryimage","url":"https:\/\/lovelycosmetics.eu\/wp-content\/uploads\/2022\/11\/oc339@2.jpg","contentUrl":"https:\/\/lovelycosmetics.eu\/wp-content\/uploads\/2022\/11\/oc339@2.jpg","width":800,"height":800},{"@type":"BreadcrumbList","@id":"https:\/\/lovelycosmetics.eu\/pt-pt\/producto\/pump-up-waterproof-mascara\/#breadcrumb","itemListElement":[{"@type":"ListItem","position":1,"name":"Portada","item":"https:\/\/lovelycosmetics.eu\/pt-pt\/"},{"@type":"ListItem","position":2,"name":"P\u00e1gina de inicio","item":"https:\/\/lovelycosmetics.eu\/?page_id=16876"},{"@type":"ListItem","position":3,"name":"Pump Up M\u00e1scara \u00e0 prova d \u00e1gua"}]},{"@type":"WebSite","@id":"https:\/\/lovelycosmetics.eu\/pt-pt\/#website","url":"https:\/\/lovelycosmetics.eu\/pt-pt\/","name":"Lovely","description":"Lovely","potentialAction":[{"@type":"SearchAction","target":{"@type":"EntryPoint","urlTemplate":"https:\/\/lovelycosmetics.eu\/pt-pt\/?s={search_term_string}"},"query-input":{"@type":"PropertyValueSpecification","valueRequired":true,"valueName":"search_term_string"}}],"inLanguage":"pt-PT"}]}},"_links":{"self":[{"href":"https:\/\/lovelycosmetics.eu\/pt-pt\/wp-json\/wp\/v2\/product\/27046","targetHints":{"allow":["GET"]}}],"collection":[{"href":"https:\/\/lovelycosmetics.eu\/pt-pt\/wp-json\/wp\/v2\/product"}],"about":[{"href":"https:\/\/lovelycosmetics.eu\/pt-pt\/wp-json\/wp\/v2\/types\/product"}],"replies":[{"embeddable":true,"href":"https:\/\/lovelycosmetics.eu\/pt-pt\/wp-json\/wp\/v2\/comments?post=27046"}],"wp:featuredmedia":[{"embeddable":true,"href":"https:\/\/lovelycosmetics.eu\/pt-pt\/wp-json\/wp\/v2\/media\/20615"}],"wp:attachment":[{"href":"https:\/\/lovelycosmetics.eu\/pt-pt\/wp-json\/wp\/v2\/media?parent=27046"}],"wp:term":[{"taxonomy":"product_brand","embeddable":true,"href":"https:\/\/lovelycosmetics.eu\/pt-pt\/wp-json\/wp\/v2\/product_brand?post=27046"},{"taxonomy":"product_cat","embeddable":true,"href":"https:\/\/lovelycosmetics.eu\/pt-pt\/wp-json\/wp\/v2\/product_cat?post=27046"},{"taxonomy":"product_tag","embeddable":true,"href":"https:\/\/lovelycosmetics.eu\/pt-pt\/wp-json\/wp\/v2\/product_tag?post=27046"}],"curies":[{"name":"wp","href":"https:\/\/api.w.org\/{rel}","templated":true}]}}