{"id":27050,"date":"2022-11-14T13:02:22","date_gmt":"2022-11-14T13:02:22","guid":{"rendered":"https:\/\/lovelycosmetics.eu\/producto\/eyeliner-pump-up-deep-black\/"},"modified":"2024-01-16T12:22:04","modified_gmt":"2024-01-16T12:22:04","slug":"eyeliner-pump-up-deep-black","status":"publish","type":"product","link":"https:\/\/lovelycosmetics.eu\/pt-pt\/producto\/eyeliner-pump-up-deep-black\/","title":{"rendered":"Delineador\n  de olhos Pump Up Deep\n    Black"},"content":{"rendered":"<h4>Modo<br \/>\n  de uso<\/h4>\n<p>Tra\u00e7ar a linha das pestanas superiores come\u00e7ando pela borda<br \/>\n  exterior e aplicar o produto um pouco de cada vez perto da raiz das pestanas<br \/>\n  superiores. Pode tamb\u00e9m utiliz\u00e1-lo na linha das pestanas inferiores ou na<br \/>\n  linha de \u00e1gua para adicionar intensidade \u00e0 maquilhagem dos seus<br \/>\n  olhos.<\/p>\n<\/p>\n<h4>Ingredientes<\/h4>\n<p>Aqua, Acrylates Copolymer, Butylene Glycol, PPG-26-Buteth-26,<br \/>\n  PEG-40 Hydrogenated Castor Oil, Algae Extract, Caprylyl Glycol, Sorbitol,<br \/>\n  Phenoxyethanol, CI 77266[nano], CI 77007.<\/p>\n","protected":false},"excerpt":{"rendered":"<p>Delineador de olhos ultra<br \/>\n  preto com escova de alta precis\u00e3o. O A profundidade da sombra negra real\u00e7a a<br \/>\n  linha das pestanas e o contorno dos olhos. Secagem r\u00e1pida e f\u00e1cil aplica\u00e7\u00e3o<\/p>\n","protected":false},"featured_media":20596,"comment_status":"closed","ping_status":"closed","template":"","meta":[],"product_brand":[],"product_cat":[1182],"product_tag":[],"class_list":{"0":"post-27050","1":"product","2":"type-product","3":"status-publish","4":"has-post-thumbnail","6":"product_cat-deliniador","8":"first","9":"instock","10":"shipping-taxable","11":"purchasable","12":"product-type-simple"},"yoast_head":"<!-- This site is optimized with the Yoast SEO plugin v24.9 - https:\/\/yoast.com\/wordpress\/plugins\/seo\/ -->\n<title>Delineador  de olhos Pump Up Deep   Black - Lovely<\/title>\n<meta name=\"robots\" content=\"index, follow, max-snippet:-1, max-image-preview:large, max-video-preview:-1\" \/>\n<link rel=\"canonical\" href=\"https:\/\/lovelycosmetics.eu\/pt-pt\/producto\/eyeliner-pump-up-deep-black\/\" \/>\n<meta property=\"og:locale\" content=\"pt_PT\" \/>\n<meta property=\"og:type\" content=\"article\" \/>\n<meta property=\"og:title\" content=\"Delineador  de olhos Pump Up Deep   Black - Lovely\" \/>\n<meta property=\"og:description\" content=\"Delineador de olhos ultra  preto com escova de alta precis\u00e3o. O A profundidade da sombra negra real\u00e7a a  linha das pestanas e o contorno dos olhos. Secagem r\u00e1pida e f\u00e1cil aplica\u00e7\u00e3o\" \/>\n<meta property=\"og:url\" content=\"https:\/\/lovelycosmetics.eu\/pt-pt\/producto\/eyeliner-pump-up-deep-black\/\" \/>\n<meta property=\"og:site_name\" content=\"Lovely\" \/>\n<meta property=\"article:modified_time\" content=\"2024-01-16T12:22:04+00:00\" \/>\n<meta property=\"og:image\" content=\"https:\/\/lovelycosmetics.eu\/wp-content\/uploads\/2022\/11\/OC580@0.jpg\" \/>\n\t<meta property=\"og:image:width\" content=\"1000\" \/>\n\t<meta property=\"og:image:height\" content=\"1000\" \/>\n\t<meta property=\"og:image:type\" content=\"image\/jpeg\" \/>\n<meta name=\"twitter:card\" content=\"summary_large_image\" \/>\n<script type=\"application\/ld+json\" class=\"yoast-schema-graph\">{\"@context\":\"https:\/\/schema.org\",\"@graph\":[{\"@type\":\"WebPage\",\"@id\":\"https:\/\/lovelycosmetics.eu\/pt-pt\/producto\/eyeliner-pump-up-deep-black\/\",\"url\":\"https:\/\/lovelycosmetics.eu\/pt-pt\/producto\/eyeliner-pump-up-deep-black\/\",\"name\":\"Delineador de olhos Pump Up Deep Black - Lovely\",\"isPartOf\":{\"@id\":\"https:\/\/lovelycosmetics.eu\/pt-pt\/#website\"},\"primaryImageOfPage\":{\"@id\":\"https:\/\/lovelycosmetics.eu\/pt-pt\/producto\/eyeliner-pump-up-deep-black\/#primaryimage\"},\"image\":{\"@id\":\"https:\/\/lovelycosmetics.eu\/pt-pt\/producto\/eyeliner-pump-up-deep-black\/#primaryimage\"},\"thumbnailUrl\":\"https:\/\/lovelycosmetics.eu\/wp-content\/uploads\/2022\/11\/OC580@0.jpg\",\"datePublished\":\"2022-11-14T13:02:22+00:00\",\"dateModified\":\"2024-01-16T12:22:04+00:00\",\"breadcrumb\":{\"@id\":\"https:\/\/lovelycosmetics.eu\/pt-pt\/producto\/eyeliner-pump-up-deep-black\/#breadcrumb\"},\"inLanguage\":\"pt-PT\",\"potentialAction\":[{\"@type\":\"ReadAction\",\"target\":[\"https:\/\/lovelycosmetics.eu\/pt-pt\/producto\/eyeliner-pump-up-deep-black\/\"]}]},{\"@type\":\"ImageObject\",\"inLanguage\":\"pt-PT\",\"@id\":\"https:\/\/lovelycosmetics.eu\/pt-pt\/producto\/eyeliner-pump-up-deep-black\/#primaryimage\",\"url\":\"https:\/\/lovelycosmetics.eu\/wp-content\/uploads\/2022\/11\/OC580@0.jpg\",\"contentUrl\":\"https:\/\/lovelycosmetics.eu\/wp-content\/uploads\/2022\/11\/OC580@0.jpg\",\"width\":1000,\"height\":1000},{\"@type\":\"BreadcrumbList\",\"@id\":\"https:\/\/lovelycosmetics.eu\/pt-pt\/producto\/eyeliner-pump-up-deep-black\/#breadcrumb\",\"itemListElement\":[{\"@type\":\"ListItem\",\"position\":1,\"name\":\"Portada\",\"item\":\"https:\/\/lovelycosmetics.eu\/pt-pt\/\"},{\"@type\":\"ListItem\",\"position\":2,\"name\":\"P\u00e1gina de inicio\",\"item\":\"https:\/\/lovelycosmetics.eu\/?page_id=16876\"},{\"@type\":\"ListItem\",\"position\":3,\"name\":\"Delineador de olhos Pump Up Deep Black\"}]},{\"@type\":\"WebSite\",\"@id\":\"https:\/\/lovelycosmetics.eu\/pt-pt\/#website\",\"url\":\"https:\/\/lovelycosmetics.eu\/pt-pt\/\",\"name\":\"Lovely\",\"description\":\"Lovely\",\"potentialAction\":[{\"@type\":\"SearchAction\",\"target\":{\"@type\":\"EntryPoint\",\"urlTemplate\":\"https:\/\/lovelycosmetics.eu\/pt-pt\/?s={search_term_string}\"},\"query-input\":{\"@type\":\"PropertyValueSpecification\",\"valueRequired\":true,\"valueName\":\"search_term_string\"}}],\"inLanguage\":\"pt-PT\"}]}<\/script>\n<!-- \/ Yoast SEO plugin. -->","yoast_head_json":{"title":"Delineador  de olhos Pump Up Deep   Black - Lovely","robots":{"index":"index","follow":"follow","max-snippet":"max-snippet:-1","max-image-preview":"max-image-preview:large","max-video-preview":"max-video-preview:-1"},"canonical":"https:\/\/lovelycosmetics.eu\/pt-pt\/producto\/eyeliner-pump-up-deep-black\/","og_locale":"pt_PT","og_type":"article","og_title":"Delineador  de olhos Pump Up Deep   Black - Lovely","og_description":"Delineador de olhos ultra  preto com escova de alta precis\u00e3o. O A profundidade da sombra negra real\u00e7a a  linha das pestanas e o contorno dos olhos. Secagem r\u00e1pida e f\u00e1cil aplica\u00e7\u00e3o","og_url":"https:\/\/lovelycosmetics.eu\/pt-pt\/producto\/eyeliner-pump-up-deep-black\/","og_site_name":"Lovely","article_modified_time":"2024-01-16T12:22:04+00:00","og_image":[{"width":1000,"height":1000,"url":"https:\/\/lovelycosmetics.eu\/wp-content\/uploads\/2022\/11\/OC580@0.jpg","type":"image\/jpeg"}],"twitter_card":"summary_large_image","schema":{"@context":"https:\/\/schema.org","@graph":[{"@type":"WebPage","@id":"https:\/\/lovelycosmetics.eu\/pt-pt\/producto\/eyeliner-pump-up-deep-black\/","url":"https:\/\/lovelycosmetics.eu\/pt-pt\/producto\/eyeliner-pump-up-deep-black\/","name":"Delineador de olhos Pump Up Deep Black - Lovely","isPartOf":{"@id":"https:\/\/lovelycosmetics.eu\/pt-pt\/#website"},"primaryImageOfPage":{"@id":"https:\/\/lovelycosmetics.eu\/pt-pt\/producto\/eyeliner-pump-up-deep-black\/#primaryimage"},"image":{"@id":"https:\/\/lovelycosmetics.eu\/pt-pt\/producto\/eyeliner-pump-up-deep-black\/#primaryimage"},"thumbnailUrl":"https:\/\/lovelycosmetics.eu\/wp-content\/uploads\/2022\/11\/OC580@0.jpg","datePublished":"2022-11-14T13:02:22+00:00","dateModified":"2024-01-16T12:22:04+00:00","breadcrumb":{"@id":"https:\/\/lovelycosmetics.eu\/pt-pt\/producto\/eyeliner-pump-up-deep-black\/#breadcrumb"},"inLanguage":"pt-PT","potentialAction":[{"@type":"ReadAction","target":["https:\/\/lovelycosmetics.eu\/pt-pt\/producto\/eyeliner-pump-up-deep-black\/"]}]},{"@type":"ImageObject","inLanguage":"pt-PT","@id":"https:\/\/lovelycosmetics.eu\/pt-pt\/producto\/eyeliner-pump-up-deep-black\/#primaryimage","url":"https:\/\/lovelycosmetics.eu\/wp-content\/uploads\/2022\/11\/OC580@0.jpg","contentUrl":"https:\/\/lovelycosmetics.eu\/wp-content\/uploads\/2022\/11\/OC580@0.jpg","width":1000,"height":1000},{"@type":"BreadcrumbList","@id":"https:\/\/lovelycosmetics.eu\/pt-pt\/producto\/eyeliner-pump-up-deep-black\/#breadcrumb","itemListElement":[{"@type":"ListItem","position":1,"name":"Portada","item":"https:\/\/lovelycosmetics.eu\/pt-pt\/"},{"@type":"ListItem","position":2,"name":"P\u00e1gina de inicio","item":"https:\/\/lovelycosmetics.eu\/?page_id=16876"},{"@type":"ListItem","position":3,"name":"Delineador de olhos Pump Up Deep Black"}]},{"@type":"WebSite","@id":"https:\/\/lovelycosmetics.eu\/pt-pt\/#website","url":"https:\/\/lovelycosmetics.eu\/pt-pt\/","name":"Lovely","description":"Lovely","potentialAction":[{"@type":"SearchAction","target":{"@type":"EntryPoint","urlTemplate":"https:\/\/lovelycosmetics.eu\/pt-pt\/?s={search_term_string}"},"query-input":{"@type":"PropertyValueSpecification","valueRequired":true,"valueName":"search_term_string"}}],"inLanguage":"pt-PT"}]}},"_links":{"self":[{"href":"https:\/\/lovelycosmetics.eu\/pt-pt\/wp-json\/wp\/v2\/product\/27050","targetHints":{"allow":["GET"]}}],"collection":[{"href":"https:\/\/lovelycosmetics.eu\/pt-pt\/wp-json\/wp\/v2\/product"}],"about":[{"href":"https:\/\/lovelycosmetics.eu\/pt-pt\/wp-json\/wp\/v2\/types\/product"}],"replies":[{"embeddable":true,"href":"https:\/\/lovelycosmetics.eu\/pt-pt\/wp-json\/wp\/v2\/comments?post=27050"}],"wp:featuredmedia":[{"embeddable":true,"href":"https:\/\/lovelycosmetics.eu\/pt-pt\/wp-json\/wp\/v2\/media\/20596"}],"wp:attachment":[{"href":"https:\/\/lovelycosmetics.eu\/pt-pt\/wp-json\/wp\/v2\/media?parent=27050"}],"wp:term":[{"taxonomy":"product_brand","embeddable":true,"href":"https:\/\/lovelycosmetics.eu\/pt-pt\/wp-json\/wp\/v2\/product_brand?post=27050"},{"taxonomy":"product_cat","embeddable":true,"href":"https:\/\/lovelycosmetics.eu\/pt-pt\/wp-json\/wp\/v2\/product_cat?post=27050"},{"taxonomy":"product_tag","embeddable":true,"href":"https:\/\/lovelycosmetics.eu\/pt-pt\/wp-json\/wp\/v2\/product_tag?post=27050"}],"curies":[{"name":"wp","href":"https:\/\/api.w.org\/{rel}","templated":true}]}}