{"id":27051,"date":"2022-11-14T13:02:18","date_gmt":"2022-11-14T13:02:18","guid":{"rendered":"https:\/\/lovelycosmetics.eu\/producto\/mascara-bye-bye-short-lashes\/"},"modified":"2024-01-16T12:22:04","modified_gmt":"2024-01-16T12:22:04","slug":"mascara-bye-bye-short-lashes","status":"publish","type":"product","link":"https:\/\/lovelycosmetics.eu\/pt-pt\/producto\/mascara-bye-bye-short-lashes\/","title":{"rendered":"Pr\u00e9 base de sombra de olhos\n  Glitter Glue"},"content":{"rendered":"<h4>Modo<br \/>\n  de uso<\/h4>\n<p>Aplicar o produto nas sobrancelhas penteando-as e moldando-as<br \/>\n  conforme desejado.<\/p>\n<\/p>\n<h4>Ingredientes<\/h4>\n<p>Aqua, VP\/VA Copolymer, Cera Alba, Stearic Acid, Propanediol,<br \/>\n  Propylene Glycol, Acrylates Copolymer, Butylene Glycol, Octyldodecanol,<br \/>\n  Alcohol, Butyrospermum Parkii Butter, PVP, Xanthan Gum, Polyacrylamide,<br \/>\n  C13-14 Isoparaffin, PPG-2-Deceth-30, Laureth-7, Sodium Laureth Sulfate,<br \/>\n  Phenoxyethanol, Potassium Hydroxide, Sodium Dehydroacetate,<br \/>\n  Ethylhexylglycerin, Citric Acid, Tin Oxide, Synthetic Fluorphlogopite, CI<br \/>\n  77491, CI 77891.<\/p>\n","protected":false},"excerpt":{"rendered":"<p>Pr\u00e9 base de sombra de olhos de<br \/>\n  glitter. gra\u00e7as a esta base de sombras n\u00e3o v\u00e3o sair dos teus p\u00e1rpados, se<br \/>\n  intensificar a cor da sombra e incrementar a sua durabilidade. reduz a<br \/>\n  acumula\u00e7ao das sombras em plieguess do parpado conseguindo assim uma<br \/>\n  maquilhagem perfeita e duradoura.<\/p>\n","protected":false},"featured_media":20589,"comment_status":"closed","ping_status":"closed","template":"","meta":[],"product_brand":[],"product_cat":[1160],"product_tag":[],"class_list":{"0":"post-27051","1":"product","2":"type-product","3":"status-publish","4":"has-post-thumbnail","6":"product_cat-mascara-de-pestanas-pt-pt","8":"first","9":"instock","10":"shipping-taxable","11":"purchasable","12":"product-type-simple"},"yoast_head":"<!-- This site is optimized with the Yoast SEO plugin v24.9 - https:\/\/yoast.com\/wordpress\/plugins\/seo\/ -->\n<title>Pr\u00e9 base de sombra de olhos  Glitter Glue - Lovely<\/title>\n<meta name=\"robots\" content=\"index, follow, max-snippet:-1, max-image-preview:large, max-video-preview:-1\" \/>\n<link rel=\"canonical\" href=\"https:\/\/lovelycosmetics.eu\/pt-pt\/producto\/mascara-bye-bye-short-lashes\/\" \/>\n<meta property=\"og:locale\" content=\"pt_PT\" \/>\n<meta property=\"og:type\" content=\"article\" \/>\n<meta property=\"og:title\" content=\"Pr\u00e9 base de sombra de olhos  Glitter Glue - Lovely\" \/>\n<meta property=\"og:description\" content=\"Pr\u00e9 base de sombra de olhos de  glitter. gra\u00e7as a esta base de sombras n\u00e3o v\u00e3o sair dos teus p\u00e1rpados, se  intensificar a cor da sombra e incrementar a sua durabilidade. reduz a  acumula\u00e7ao das sombras em plieguess do parpado conseguindo assim uma  maquilhagem perfeita e duradoura.\" \/>\n<meta property=\"og:url\" content=\"https:\/\/lovelycosmetics.eu\/pt-pt\/producto\/mascara-bye-bye-short-lashes\/\" \/>\n<meta property=\"og:site_name\" content=\"Lovely\" \/>\n<meta property=\"article:modified_time\" content=\"2024-01-16T12:22:04+00:00\" \/>\n<meta property=\"og:image\" content=\"https:\/\/lovelycosmetics.eu\/wp-content\/uploads\/2022\/11\/OC790@0.jpg\" \/>\n\t<meta property=\"og:image:width\" content=\"1000\" \/>\n\t<meta property=\"og:image:height\" content=\"1000\" \/>\n\t<meta property=\"og:image:type\" content=\"image\/jpeg\" \/>\n<meta name=\"twitter:card\" content=\"summary_large_image\" \/>\n<script type=\"application\/ld+json\" class=\"yoast-schema-graph\">{\"@context\":\"https:\/\/schema.org\",\"@graph\":[{\"@type\":\"WebPage\",\"@id\":\"https:\/\/lovelycosmetics.eu\/pt-pt\/producto\/mascara-bye-bye-short-lashes\/\",\"url\":\"https:\/\/lovelycosmetics.eu\/pt-pt\/producto\/mascara-bye-bye-short-lashes\/\",\"name\":\"Pr\u00e9 base de sombra de olhos Glitter Glue - Lovely\",\"isPartOf\":{\"@id\":\"https:\/\/lovelycosmetics.eu\/pt-pt\/#website\"},\"primaryImageOfPage\":{\"@id\":\"https:\/\/lovelycosmetics.eu\/pt-pt\/producto\/mascara-bye-bye-short-lashes\/#primaryimage\"},\"image\":{\"@id\":\"https:\/\/lovelycosmetics.eu\/pt-pt\/producto\/mascara-bye-bye-short-lashes\/#primaryimage\"},\"thumbnailUrl\":\"https:\/\/lovelycosmetics.eu\/wp-content\/uploads\/2022\/11\/OC790@0.jpg\",\"datePublished\":\"2022-11-14T13:02:18+00:00\",\"dateModified\":\"2024-01-16T12:22:04+00:00\",\"breadcrumb\":{\"@id\":\"https:\/\/lovelycosmetics.eu\/pt-pt\/producto\/mascara-bye-bye-short-lashes\/#breadcrumb\"},\"inLanguage\":\"pt-PT\",\"potentialAction\":[{\"@type\":\"ReadAction\",\"target\":[\"https:\/\/lovelycosmetics.eu\/pt-pt\/producto\/mascara-bye-bye-short-lashes\/\"]}]},{\"@type\":\"ImageObject\",\"inLanguage\":\"pt-PT\",\"@id\":\"https:\/\/lovelycosmetics.eu\/pt-pt\/producto\/mascara-bye-bye-short-lashes\/#primaryimage\",\"url\":\"https:\/\/lovelycosmetics.eu\/wp-content\/uploads\/2022\/11\/OC790@0.jpg\",\"contentUrl\":\"https:\/\/lovelycosmetics.eu\/wp-content\/uploads\/2022\/11\/OC790@0.jpg\",\"width\":1000,\"height\":1000},{\"@type\":\"BreadcrumbList\",\"@id\":\"https:\/\/lovelycosmetics.eu\/pt-pt\/producto\/mascara-bye-bye-short-lashes\/#breadcrumb\",\"itemListElement\":[{\"@type\":\"ListItem\",\"position\":1,\"name\":\"Portada\",\"item\":\"https:\/\/lovelycosmetics.eu\/pt-pt\/\"},{\"@type\":\"ListItem\",\"position\":2,\"name\":\"P\u00e1gina de inicio\",\"item\":\"https:\/\/lovelycosmetics.eu\/?page_id=16876\"},{\"@type\":\"ListItem\",\"position\":3,\"name\":\"Pr\u00e9 base de sombra de olhos Glitter Glue\"}]},{\"@type\":\"WebSite\",\"@id\":\"https:\/\/lovelycosmetics.eu\/pt-pt\/#website\",\"url\":\"https:\/\/lovelycosmetics.eu\/pt-pt\/\",\"name\":\"Lovely\",\"description\":\"Lovely\",\"potentialAction\":[{\"@type\":\"SearchAction\",\"target\":{\"@type\":\"EntryPoint\",\"urlTemplate\":\"https:\/\/lovelycosmetics.eu\/pt-pt\/?s={search_term_string}\"},\"query-input\":{\"@type\":\"PropertyValueSpecification\",\"valueRequired\":true,\"valueName\":\"search_term_string\"}}],\"inLanguage\":\"pt-PT\"}]}<\/script>\n<!-- \/ Yoast SEO plugin. -->","yoast_head_json":{"title":"Pr\u00e9 base de sombra de olhos  Glitter Glue - Lovely","robots":{"index":"index","follow":"follow","max-snippet":"max-snippet:-1","max-image-preview":"max-image-preview:large","max-video-preview":"max-video-preview:-1"},"canonical":"https:\/\/lovelycosmetics.eu\/pt-pt\/producto\/mascara-bye-bye-short-lashes\/","og_locale":"pt_PT","og_type":"article","og_title":"Pr\u00e9 base de sombra de olhos  Glitter Glue - Lovely","og_description":"Pr\u00e9 base de sombra de olhos de  glitter. gra\u00e7as a esta base de sombras n\u00e3o v\u00e3o sair dos teus p\u00e1rpados, se  intensificar a cor da sombra e incrementar a sua durabilidade. reduz a  acumula\u00e7ao das sombras em plieguess do parpado conseguindo assim uma  maquilhagem perfeita e duradoura.","og_url":"https:\/\/lovelycosmetics.eu\/pt-pt\/producto\/mascara-bye-bye-short-lashes\/","og_site_name":"Lovely","article_modified_time":"2024-01-16T12:22:04+00:00","og_image":[{"width":1000,"height":1000,"url":"https:\/\/lovelycosmetics.eu\/wp-content\/uploads\/2022\/11\/OC790@0.jpg","type":"image\/jpeg"}],"twitter_card":"summary_large_image","schema":{"@context":"https:\/\/schema.org","@graph":[{"@type":"WebPage","@id":"https:\/\/lovelycosmetics.eu\/pt-pt\/producto\/mascara-bye-bye-short-lashes\/","url":"https:\/\/lovelycosmetics.eu\/pt-pt\/producto\/mascara-bye-bye-short-lashes\/","name":"Pr\u00e9 base de sombra de olhos Glitter Glue - Lovely","isPartOf":{"@id":"https:\/\/lovelycosmetics.eu\/pt-pt\/#website"},"primaryImageOfPage":{"@id":"https:\/\/lovelycosmetics.eu\/pt-pt\/producto\/mascara-bye-bye-short-lashes\/#primaryimage"},"image":{"@id":"https:\/\/lovelycosmetics.eu\/pt-pt\/producto\/mascara-bye-bye-short-lashes\/#primaryimage"},"thumbnailUrl":"https:\/\/lovelycosmetics.eu\/wp-content\/uploads\/2022\/11\/OC790@0.jpg","datePublished":"2022-11-14T13:02:18+00:00","dateModified":"2024-01-16T12:22:04+00:00","breadcrumb":{"@id":"https:\/\/lovelycosmetics.eu\/pt-pt\/producto\/mascara-bye-bye-short-lashes\/#breadcrumb"},"inLanguage":"pt-PT","potentialAction":[{"@type":"ReadAction","target":["https:\/\/lovelycosmetics.eu\/pt-pt\/producto\/mascara-bye-bye-short-lashes\/"]}]},{"@type":"ImageObject","inLanguage":"pt-PT","@id":"https:\/\/lovelycosmetics.eu\/pt-pt\/producto\/mascara-bye-bye-short-lashes\/#primaryimage","url":"https:\/\/lovelycosmetics.eu\/wp-content\/uploads\/2022\/11\/OC790@0.jpg","contentUrl":"https:\/\/lovelycosmetics.eu\/wp-content\/uploads\/2022\/11\/OC790@0.jpg","width":1000,"height":1000},{"@type":"BreadcrumbList","@id":"https:\/\/lovelycosmetics.eu\/pt-pt\/producto\/mascara-bye-bye-short-lashes\/#breadcrumb","itemListElement":[{"@type":"ListItem","position":1,"name":"Portada","item":"https:\/\/lovelycosmetics.eu\/pt-pt\/"},{"@type":"ListItem","position":2,"name":"P\u00e1gina de inicio","item":"https:\/\/lovelycosmetics.eu\/?page_id=16876"},{"@type":"ListItem","position":3,"name":"Pr\u00e9 base de sombra de olhos Glitter Glue"}]},{"@type":"WebSite","@id":"https:\/\/lovelycosmetics.eu\/pt-pt\/#website","url":"https:\/\/lovelycosmetics.eu\/pt-pt\/","name":"Lovely","description":"Lovely","potentialAction":[{"@type":"SearchAction","target":{"@type":"EntryPoint","urlTemplate":"https:\/\/lovelycosmetics.eu\/pt-pt\/?s={search_term_string}"},"query-input":{"@type":"PropertyValueSpecification","valueRequired":true,"valueName":"search_term_string"}}],"inLanguage":"pt-PT"}]}},"_links":{"self":[{"href":"https:\/\/lovelycosmetics.eu\/pt-pt\/wp-json\/wp\/v2\/product\/27051","targetHints":{"allow":["GET"]}}],"collection":[{"href":"https:\/\/lovelycosmetics.eu\/pt-pt\/wp-json\/wp\/v2\/product"}],"about":[{"href":"https:\/\/lovelycosmetics.eu\/pt-pt\/wp-json\/wp\/v2\/types\/product"}],"replies":[{"embeddable":true,"href":"https:\/\/lovelycosmetics.eu\/pt-pt\/wp-json\/wp\/v2\/comments?post=27051"}],"wp:featuredmedia":[{"embeddable":true,"href":"https:\/\/lovelycosmetics.eu\/pt-pt\/wp-json\/wp\/v2\/media\/20589"}],"wp:attachment":[{"href":"https:\/\/lovelycosmetics.eu\/pt-pt\/wp-json\/wp\/v2\/media?parent=27051"}],"wp:term":[{"taxonomy":"product_brand","embeddable":true,"href":"https:\/\/lovelycosmetics.eu\/pt-pt\/wp-json\/wp\/v2\/product_brand?post=27051"},{"taxonomy":"product_cat","embeddable":true,"href":"https:\/\/lovelycosmetics.eu\/pt-pt\/wp-json\/wp\/v2\/product_cat?post=27051"},{"taxonomy":"product_tag","embeddable":true,"href":"https:\/\/lovelycosmetics.eu\/pt-pt\/wp-json\/wp\/v2\/product_tag?post=27051"}],"curies":[{"name":"wp","href":"https:\/\/api.w.org\/{rel}","templated":true}]}}