{"id":27058,"date":"2022-11-14T13:02:11","date_gmt":"2022-11-14T13:02:11","guid":{"rendered":"https:\/\/lovelycosmetics.eu\/producto\/lovely-eyeliner-nude-eye-pencil\/"},"modified":"2024-01-16T12:22:11","modified_gmt":"2024-01-16T12:22:11","slug":"lovely-eyeliner-nude-eye-pencil","status":"publish","type":"product","link":"https:\/\/lovelycosmetics.eu\/pt-pt\/producto\/lovely-eyeliner-nude-eye-pencil\/","title":{"rendered":"P\u00f3 compacto Milky Chocolate"},"content":{"rendered":"<h4>Modo<br \/>\n  de uso<\/h4>\n<p>Quando tiver a sua pele maquilhada e pronta, pegue numa pincelada<br \/>\n  de marcador e aplique-a logo acima das bochechas para real\u00e7ar as ma\u00e7\u00e3s do<br \/>\n  rosto, debaixo do arco da sobrancelha para levantar a p\u00e1lpebra e no canal da<br \/>\n  l\u00e1grima do olho para abrir o olhar. Tamb\u00e9m se pode pincelar no arco do cupido<br \/>\n  para ampliar visualmente os l\u00e1bios e no septo do nariz para o<br \/>\n  afiar.<\/p>\n<\/p>\n<h4>Ingredientes<\/h4>\n<p>Talc, Mica, Polyethylene, Magnesium Stearate, Bis-Diglyceryl<br \/>\n  Polyacyladipate-1, Caprylic\/Capric Triglyceride, Ethylhexyl Stearate,<br \/>\n  Caprylyl Glycol, Phenoxyethanol, Parfum, Hexylene Glycol, Theobroma Cacao<br \/>\n  Extract, Tocopheryl Acetate, Benzyl Alcohol, Tocopherol, Anise Alcohol,<br \/>\n  Benzyl Benzoate, [+\/-]: CI 77492, CI 77499, CI 77163, CI 77491, CI<br \/>\n  77891.<\/p>\n","protected":false},"excerpt":{"rendered":"<p>O p\u00f3 bronzeador com extracto<br \/>\n  de am\u00eandoa de cacau cont\u00e9m NANOCACAO, que suaviza e hidrata. O bronzeador<br \/>\n  reduz a visibilidade dos poros e garante-lhe um toque de sol durante todo o<br \/>\n  ano. Ajusta-se facilmente a todos os tipos de pele, assegurando um bronzeado<br \/>\n  uniforme e natural.<\/p>\n","protected":false},"featured_media":20561,"comment_status":"closed","ping_status":"closed","template":"","meta":[],"product_brand":[],"product_cat":[1182],"product_tag":[],"class_list":{"0":"post-27058","1":"product","2":"type-product","3":"status-publish","4":"has-post-thumbnail","6":"product_cat-deliniador","8":"first","9":"instock","10":"shipping-taxable","11":"purchasable","12":"product-type-simple"},"yoast_head":"<!-- This site is optimized with the Yoast SEO plugin v24.9 - https:\/\/yoast.com\/wordpress\/plugins\/seo\/ -->\n<title>P\u00f3 compacto Milky Chocolate - Lovely<\/title>\n<meta name=\"robots\" content=\"index, follow, max-snippet:-1, max-image-preview:large, max-video-preview:-1\" \/>\n<link rel=\"canonical\" href=\"https:\/\/lovelycosmetics.eu\/pt-pt\/producto\/lovely-eyeliner-nude-eye-pencil\/\" \/>\n<meta property=\"og:locale\" content=\"pt_PT\" \/>\n<meta property=\"og:type\" content=\"article\" \/>\n<meta property=\"og:title\" content=\"P\u00f3 compacto Milky Chocolate - Lovely\" \/>\n<meta property=\"og:description\" content=\"O p\u00f3 bronzeador com extracto  de am\u00eandoa de cacau cont\u00e9m NANOCACAO, que suaviza e hidrata. O bronzeador  reduz a visibilidade dos poros e garante-lhe um toque de sol durante todo o  ano. Ajusta-se facilmente a todos os tipos de pele, assegurando um bronzeado  uniforme e natural.\" \/>\n<meta property=\"og:url\" content=\"https:\/\/lovelycosmetics.eu\/pt-pt\/producto\/lovely-eyeliner-nude-eye-pencil\/\" \/>\n<meta property=\"og:site_name\" content=\"Lovely\" \/>\n<meta property=\"article:modified_time\" content=\"2024-01-16T12:22:11+00:00\" \/>\n<meta property=\"og:image\" content=\"https:\/\/lovelycosmetics.eu\/wp-content\/uploads\/2022\/11\/OC171@0.jpg\" \/>\n\t<meta property=\"og:image:width\" content=\"800\" \/>\n\t<meta property=\"og:image:height\" content=\"800\" \/>\n\t<meta property=\"og:image:type\" content=\"image\/jpeg\" \/>\n<meta name=\"twitter:card\" content=\"summary_large_image\" \/>\n<meta name=\"twitter:label1\" content=\"Tempo estimado de leitura\" \/>\n\t<meta name=\"twitter:data1\" content=\"1 minuto\" \/>\n<script type=\"application\/ld+json\" class=\"yoast-schema-graph\">{\"@context\":\"https:\/\/schema.org\",\"@graph\":[{\"@type\":\"WebPage\",\"@id\":\"https:\/\/lovelycosmetics.eu\/pt-pt\/producto\/lovely-eyeliner-nude-eye-pencil\/\",\"url\":\"https:\/\/lovelycosmetics.eu\/pt-pt\/producto\/lovely-eyeliner-nude-eye-pencil\/\",\"name\":\"P\u00f3 compacto Milky Chocolate - Lovely\",\"isPartOf\":{\"@id\":\"https:\/\/lovelycosmetics.eu\/pt-pt\/#website\"},\"primaryImageOfPage\":{\"@id\":\"https:\/\/lovelycosmetics.eu\/pt-pt\/producto\/lovely-eyeliner-nude-eye-pencil\/#primaryimage\"},\"image\":{\"@id\":\"https:\/\/lovelycosmetics.eu\/pt-pt\/producto\/lovely-eyeliner-nude-eye-pencil\/#primaryimage\"},\"thumbnailUrl\":\"https:\/\/lovelycosmetics.eu\/wp-content\/uploads\/2022\/11\/OC171@0.jpg\",\"datePublished\":\"2022-11-14T13:02:11+00:00\",\"dateModified\":\"2024-01-16T12:22:11+00:00\",\"breadcrumb\":{\"@id\":\"https:\/\/lovelycosmetics.eu\/pt-pt\/producto\/lovely-eyeliner-nude-eye-pencil\/#breadcrumb\"},\"inLanguage\":\"pt-PT\",\"potentialAction\":[{\"@type\":\"ReadAction\",\"target\":[\"https:\/\/lovelycosmetics.eu\/pt-pt\/producto\/lovely-eyeliner-nude-eye-pencil\/\"]}]},{\"@type\":\"ImageObject\",\"inLanguage\":\"pt-PT\",\"@id\":\"https:\/\/lovelycosmetics.eu\/pt-pt\/producto\/lovely-eyeliner-nude-eye-pencil\/#primaryimage\",\"url\":\"https:\/\/lovelycosmetics.eu\/wp-content\/uploads\/2022\/11\/OC171@0.jpg\",\"contentUrl\":\"https:\/\/lovelycosmetics.eu\/wp-content\/uploads\/2022\/11\/OC171@0.jpg\",\"width\":800,\"height\":800},{\"@type\":\"BreadcrumbList\",\"@id\":\"https:\/\/lovelycosmetics.eu\/pt-pt\/producto\/lovely-eyeliner-nude-eye-pencil\/#breadcrumb\",\"itemListElement\":[{\"@type\":\"ListItem\",\"position\":1,\"name\":\"Portada\",\"item\":\"https:\/\/lovelycosmetics.eu\/pt-pt\/\"},{\"@type\":\"ListItem\",\"position\":2,\"name\":\"P\u00e1gina de inicio\",\"item\":\"https:\/\/lovelycosmetics.eu\/?page_id=16876\"},{\"@type\":\"ListItem\",\"position\":3,\"name\":\"P\u00f3 compacto Milky Chocolate\"}]},{\"@type\":\"WebSite\",\"@id\":\"https:\/\/lovelycosmetics.eu\/pt-pt\/#website\",\"url\":\"https:\/\/lovelycosmetics.eu\/pt-pt\/\",\"name\":\"Lovely\",\"description\":\"Lovely\",\"potentialAction\":[{\"@type\":\"SearchAction\",\"target\":{\"@type\":\"EntryPoint\",\"urlTemplate\":\"https:\/\/lovelycosmetics.eu\/pt-pt\/?s={search_term_string}\"},\"query-input\":{\"@type\":\"PropertyValueSpecification\",\"valueRequired\":true,\"valueName\":\"search_term_string\"}}],\"inLanguage\":\"pt-PT\"}]}<\/script>\n<!-- \/ Yoast SEO plugin. -->","yoast_head_json":{"title":"P\u00f3 compacto Milky Chocolate - Lovely","robots":{"index":"index","follow":"follow","max-snippet":"max-snippet:-1","max-image-preview":"max-image-preview:large","max-video-preview":"max-video-preview:-1"},"canonical":"https:\/\/lovelycosmetics.eu\/pt-pt\/producto\/lovely-eyeliner-nude-eye-pencil\/","og_locale":"pt_PT","og_type":"article","og_title":"P\u00f3 compacto Milky Chocolate - Lovely","og_description":"O p\u00f3 bronzeador com extracto  de am\u00eandoa de cacau cont\u00e9m NANOCACAO, que suaviza e hidrata. O bronzeador  reduz a visibilidade dos poros e garante-lhe um toque de sol durante todo o  ano. Ajusta-se facilmente a todos os tipos de pele, assegurando um bronzeado  uniforme e natural.","og_url":"https:\/\/lovelycosmetics.eu\/pt-pt\/producto\/lovely-eyeliner-nude-eye-pencil\/","og_site_name":"Lovely","article_modified_time":"2024-01-16T12:22:11+00:00","og_image":[{"width":800,"height":800,"url":"https:\/\/lovelycosmetics.eu\/wp-content\/uploads\/2022\/11\/OC171@0.jpg","type":"image\/jpeg"}],"twitter_card":"summary_large_image","twitter_misc":{"Tempo estimado de leitura":"1 minuto"},"schema":{"@context":"https:\/\/schema.org","@graph":[{"@type":"WebPage","@id":"https:\/\/lovelycosmetics.eu\/pt-pt\/producto\/lovely-eyeliner-nude-eye-pencil\/","url":"https:\/\/lovelycosmetics.eu\/pt-pt\/producto\/lovely-eyeliner-nude-eye-pencil\/","name":"P\u00f3 compacto Milky Chocolate - Lovely","isPartOf":{"@id":"https:\/\/lovelycosmetics.eu\/pt-pt\/#website"},"primaryImageOfPage":{"@id":"https:\/\/lovelycosmetics.eu\/pt-pt\/producto\/lovely-eyeliner-nude-eye-pencil\/#primaryimage"},"image":{"@id":"https:\/\/lovelycosmetics.eu\/pt-pt\/producto\/lovely-eyeliner-nude-eye-pencil\/#primaryimage"},"thumbnailUrl":"https:\/\/lovelycosmetics.eu\/wp-content\/uploads\/2022\/11\/OC171@0.jpg","datePublished":"2022-11-14T13:02:11+00:00","dateModified":"2024-01-16T12:22:11+00:00","breadcrumb":{"@id":"https:\/\/lovelycosmetics.eu\/pt-pt\/producto\/lovely-eyeliner-nude-eye-pencil\/#breadcrumb"},"inLanguage":"pt-PT","potentialAction":[{"@type":"ReadAction","target":["https:\/\/lovelycosmetics.eu\/pt-pt\/producto\/lovely-eyeliner-nude-eye-pencil\/"]}]},{"@type":"ImageObject","inLanguage":"pt-PT","@id":"https:\/\/lovelycosmetics.eu\/pt-pt\/producto\/lovely-eyeliner-nude-eye-pencil\/#primaryimage","url":"https:\/\/lovelycosmetics.eu\/wp-content\/uploads\/2022\/11\/OC171@0.jpg","contentUrl":"https:\/\/lovelycosmetics.eu\/wp-content\/uploads\/2022\/11\/OC171@0.jpg","width":800,"height":800},{"@type":"BreadcrumbList","@id":"https:\/\/lovelycosmetics.eu\/pt-pt\/producto\/lovely-eyeliner-nude-eye-pencil\/#breadcrumb","itemListElement":[{"@type":"ListItem","position":1,"name":"Portada","item":"https:\/\/lovelycosmetics.eu\/pt-pt\/"},{"@type":"ListItem","position":2,"name":"P\u00e1gina de inicio","item":"https:\/\/lovelycosmetics.eu\/?page_id=16876"},{"@type":"ListItem","position":3,"name":"P\u00f3 compacto Milky Chocolate"}]},{"@type":"WebSite","@id":"https:\/\/lovelycosmetics.eu\/pt-pt\/#website","url":"https:\/\/lovelycosmetics.eu\/pt-pt\/","name":"Lovely","description":"Lovely","potentialAction":[{"@type":"SearchAction","target":{"@type":"EntryPoint","urlTemplate":"https:\/\/lovelycosmetics.eu\/pt-pt\/?s={search_term_string}"},"query-input":{"@type":"PropertyValueSpecification","valueRequired":true,"valueName":"search_term_string"}}],"inLanguage":"pt-PT"}]}},"_links":{"self":[{"href":"https:\/\/lovelycosmetics.eu\/pt-pt\/wp-json\/wp\/v2\/product\/27058","targetHints":{"allow":["GET"]}}],"collection":[{"href":"https:\/\/lovelycosmetics.eu\/pt-pt\/wp-json\/wp\/v2\/product"}],"about":[{"href":"https:\/\/lovelycosmetics.eu\/pt-pt\/wp-json\/wp\/v2\/types\/product"}],"replies":[{"embeddable":true,"href":"https:\/\/lovelycosmetics.eu\/pt-pt\/wp-json\/wp\/v2\/comments?post=27058"}],"wp:featuredmedia":[{"embeddable":true,"href":"https:\/\/lovelycosmetics.eu\/pt-pt\/wp-json\/wp\/v2\/media\/20561"}],"wp:attachment":[{"href":"https:\/\/lovelycosmetics.eu\/pt-pt\/wp-json\/wp\/v2\/media?parent=27058"}],"wp:term":[{"taxonomy":"product_brand","embeddable":true,"href":"https:\/\/lovelycosmetics.eu\/pt-pt\/wp-json\/wp\/v2\/product_brand?post=27058"},{"taxonomy":"product_cat","embeddable":true,"href":"https:\/\/lovelycosmetics.eu\/pt-pt\/wp-json\/wp\/v2\/product_cat?post=27058"},{"taxonomy":"product_tag","embeddable":true,"href":"https:\/\/lovelycosmetics.eu\/pt-pt\/wp-json\/wp\/v2\/product_tag?post=27058"}],"curies":[{"name":"wp","href":"https:\/\/api.w.org\/{rel}","templated":true}]}}