{"id":27059,"date":"2022-11-14T13:02:11","date_gmt":"2022-11-14T13:02:11","guid":{"rendered":"https:\/\/lovelycosmetics.eu\/producto\/powder-dark-chocolate-bronzer\/"},"modified":"2024-01-16T12:22:19","modified_gmt":"2024-01-16T12:22:19","slug":"powder-dark-chocolate-bronzer","status":"publish","type":"product","link":"https:\/\/lovelycosmetics.eu\/pt-pt\/producto\/powder-dark-chocolate-bronzer\/","title":{"rendered":"L\u00e1pis de olhos Nude"},"content":{"rendered":"<h4>Modo<br \/>\n  de uso<\/h4>\n<p>Tra\u00e7ar a linha das pestanas superiores come\u00e7ando pela borda<br \/>\n  exterior e aplicar o produto um pouco de cada vez perto da raiz das pestanas<br \/>\n  superiores. Pode tamb\u00e9m utiliz\u00e1-lo na linha das pestanas inferiores ou na<br \/>\n  linha de \u00e1gua para adicionar intensidade \u00e0 maquilhagem dos seus<br \/>\n  olhos.<\/p>\n<\/p>\n<h4>Ingredientes<\/h4>\n<p>Ricinus Communis Seed Oil, Hydrogenated Vegetable Oil, Copernicia<br \/>\n  Cerifera Cera, Candelilla Cera, Caprylic\/Capric Triglyceride, Cera Alba,<br \/>\n  Hydrogenated Palm Kernel Glycerides, Hydrogenated Palm Glycerides, Mica,<br \/>\n  Isopropyl Myristate, Ceresin, Talc, Tocopheryl Acetate Propylparaben, BHT, CI<br \/>\n  77499, CI 77492, CI 77491, CI 77891.<\/p>\n","protected":false},"excerpt":{"rendered":"<p>L\u00e1pis de olhos nus com textura<br \/>\n  cremosa que permite uma aplica\u00e7\u00e3o confort\u00e1vel e delicada. Alta pigmenta\u00e7\u00e3o,<br \/>\n  cor dur\u00e1vel e f\u00e1cil uso.<\/p>\n","protected":false},"featured_media":20557,"comment_status":"closed","ping_status":"closed","template":"","meta":[],"product_brand":[],"product_cat":[1168,1163],"product_tag":[],"class_list":{"0":"post-27059","1":"product","2":"type-product","3":"status-publish","4":"has-post-thumbnail","6":"product_cat-blusher-iluminador-bronzeador","7":"product_cat-po","9":"first","10":"instock","11":"shipping-taxable","12":"purchasable","13":"product-type-simple"},"yoast_head":"<!-- This site is optimized with the Yoast SEO plugin v24.9 - https:\/\/yoast.com\/wordpress\/plugins\/seo\/ -->\n<title>L\u00e1pis de olhos Nude - Lovely<\/title>\n<meta name=\"robots\" content=\"index, follow, max-snippet:-1, max-image-preview:large, max-video-preview:-1\" \/>\n<link rel=\"canonical\" href=\"https:\/\/lovelycosmetics.eu\/pt-pt\/producto\/powder-dark-chocolate-bronzer\/\" \/>\n<meta property=\"og:locale\" content=\"pt_PT\" \/>\n<meta property=\"og:type\" content=\"article\" \/>\n<meta property=\"og:title\" content=\"L\u00e1pis de olhos Nude - Lovely\" \/>\n<meta property=\"og:description\" content=\"L\u00e1pis de olhos nus com textura  cremosa que permite uma aplica\u00e7\u00e3o confort\u00e1vel e delicada. Alta pigmenta\u00e7\u00e3o,  cor dur\u00e1vel e f\u00e1cil uso.\" \/>\n<meta property=\"og:url\" content=\"https:\/\/lovelycosmetics.eu\/pt-pt\/producto\/powder-dark-chocolate-bronzer\/\" \/>\n<meta property=\"og:site_name\" content=\"Lovely\" \/>\n<meta property=\"article:modified_time\" content=\"2024-01-16T12:22:19+00:00\" \/>\n<meta property=\"og:image\" content=\"https:\/\/lovelycosmetics.eu\/wp-content\/uploads\/2022\/11\/OC859@3.jpg\" \/>\n\t<meta property=\"og:image:width\" content=\"1000\" \/>\n\t<meta property=\"og:image:height\" content=\"1000\" \/>\n\t<meta property=\"og:image:type\" content=\"image\/jpeg\" \/>\n<meta name=\"twitter:card\" content=\"summary_large_image\" \/>\n<script type=\"application\/ld+json\" class=\"yoast-schema-graph\">{\"@context\":\"https:\/\/schema.org\",\"@graph\":[{\"@type\":\"WebPage\",\"@id\":\"https:\/\/lovelycosmetics.eu\/pt-pt\/producto\/powder-dark-chocolate-bronzer\/\",\"url\":\"https:\/\/lovelycosmetics.eu\/pt-pt\/producto\/powder-dark-chocolate-bronzer\/\",\"name\":\"L\u00e1pis de olhos Nude - Lovely\",\"isPartOf\":{\"@id\":\"https:\/\/lovelycosmetics.eu\/pt-pt\/#website\"},\"primaryImageOfPage\":{\"@id\":\"https:\/\/lovelycosmetics.eu\/pt-pt\/producto\/powder-dark-chocolate-bronzer\/#primaryimage\"},\"image\":{\"@id\":\"https:\/\/lovelycosmetics.eu\/pt-pt\/producto\/powder-dark-chocolate-bronzer\/#primaryimage\"},\"thumbnailUrl\":\"https:\/\/lovelycosmetics.eu\/wp-content\/uploads\/2022\/11\/OC859@3.jpg\",\"datePublished\":\"2022-11-14T13:02:11+00:00\",\"dateModified\":\"2024-01-16T12:22:19+00:00\",\"breadcrumb\":{\"@id\":\"https:\/\/lovelycosmetics.eu\/pt-pt\/producto\/powder-dark-chocolate-bronzer\/#breadcrumb\"},\"inLanguage\":\"pt-PT\",\"potentialAction\":[{\"@type\":\"ReadAction\",\"target\":[\"https:\/\/lovelycosmetics.eu\/pt-pt\/producto\/powder-dark-chocolate-bronzer\/\"]}]},{\"@type\":\"ImageObject\",\"inLanguage\":\"pt-PT\",\"@id\":\"https:\/\/lovelycosmetics.eu\/pt-pt\/producto\/powder-dark-chocolate-bronzer\/#primaryimage\",\"url\":\"https:\/\/lovelycosmetics.eu\/wp-content\/uploads\/2022\/11\/OC859@3.jpg\",\"contentUrl\":\"https:\/\/lovelycosmetics.eu\/wp-content\/uploads\/2022\/11\/OC859@3.jpg\",\"width\":1000,\"height\":1000},{\"@type\":\"BreadcrumbList\",\"@id\":\"https:\/\/lovelycosmetics.eu\/pt-pt\/producto\/powder-dark-chocolate-bronzer\/#breadcrumb\",\"itemListElement\":[{\"@type\":\"ListItem\",\"position\":1,\"name\":\"Portada\",\"item\":\"https:\/\/lovelycosmetics.eu\/pt-pt\/\"},{\"@type\":\"ListItem\",\"position\":2,\"name\":\"P\u00e1gina de inicio\",\"item\":\"https:\/\/lovelycosmetics.eu\/?page_id=16876\"},{\"@type\":\"ListItem\",\"position\":3,\"name\":\"L\u00e1pis de olhos Nude\"}]},{\"@type\":\"WebSite\",\"@id\":\"https:\/\/lovelycosmetics.eu\/pt-pt\/#website\",\"url\":\"https:\/\/lovelycosmetics.eu\/pt-pt\/\",\"name\":\"Lovely\",\"description\":\"Lovely\",\"potentialAction\":[{\"@type\":\"SearchAction\",\"target\":{\"@type\":\"EntryPoint\",\"urlTemplate\":\"https:\/\/lovelycosmetics.eu\/pt-pt\/?s={search_term_string}\"},\"query-input\":{\"@type\":\"PropertyValueSpecification\",\"valueRequired\":true,\"valueName\":\"search_term_string\"}}],\"inLanguage\":\"pt-PT\"}]}<\/script>\n<!-- \/ Yoast SEO plugin. -->","yoast_head_json":{"title":"L\u00e1pis de olhos Nude - Lovely","robots":{"index":"index","follow":"follow","max-snippet":"max-snippet:-1","max-image-preview":"max-image-preview:large","max-video-preview":"max-video-preview:-1"},"canonical":"https:\/\/lovelycosmetics.eu\/pt-pt\/producto\/powder-dark-chocolate-bronzer\/","og_locale":"pt_PT","og_type":"article","og_title":"L\u00e1pis de olhos Nude - Lovely","og_description":"L\u00e1pis de olhos nus com textura  cremosa que permite uma aplica\u00e7\u00e3o confort\u00e1vel e delicada. Alta pigmenta\u00e7\u00e3o,  cor dur\u00e1vel e f\u00e1cil uso.","og_url":"https:\/\/lovelycosmetics.eu\/pt-pt\/producto\/powder-dark-chocolate-bronzer\/","og_site_name":"Lovely","article_modified_time":"2024-01-16T12:22:19+00:00","og_image":[{"width":1000,"height":1000,"url":"https:\/\/lovelycosmetics.eu\/wp-content\/uploads\/2022\/11\/OC859@3.jpg","type":"image\/jpeg"}],"twitter_card":"summary_large_image","schema":{"@context":"https:\/\/schema.org","@graph":[{"@type":"WebPage","@id":"https:\/\/lovelycosmetics.eu\/pt-pt\/producto\/powder-dark-chocolate-bronzer\/","url":"https:\/\/lovelycosmetics.eu\/pt-pt\/producto\/powder-dark-chocolate-bronzer\/","name":"L\u00e1pis de olhos Nude - Lovely","isPartOf":{"@id":"https:\/\/lovelycosmetics.eu\/pt-pt\/#website"},"primaryImageOfPage":{"@id":"https:\/\/lovelycosmetics.eu\/pt-pt\/producto\/powder-dark-chocolate-bronzer\/#primaryimage"},"image":{"@id":"https:\/\/lovelycosmetics.eu\/pt-pt\/producto\/powder-dark-chocolate-bronzer\/#primaryimage"},"thumbnailUrl":"https:\/\/lovelycosmetics.eu\/wp-content\/uploads\/2022\/11\/OC859@3.jpg","datePublished":"2022-11-14T13:02:11+00:00","dateModified":"2024-01-16T12:22:19+00:00","breadcrumb":{"@id":"https:\/\/lovelycosmetics.eu\/pt-pt\/producto\/powder-dark-chocolate-bronzer\/#breadcrumb"},"inLanguage":"pt-PT","potentialAction":[{"@type":"ReadAction","target":["https:\/\/lovelycosmetics.eu\/pt-pt\/producto\/powder-dark-chocolate-bronzer\/"]}]},{"@type":"ImageObject","inLanguage":"pt-PT","@id":"https:\/\/lovelycosmetics.eu\/pt-pt\/producto\/powder-dark-chocolate-bronzer\/#primaryimage","url":"https:\/\/lovelycosmetics.eu\/wp-content\/uploads\/2022\/11\/OC859@3.jpg","contentUrl":"https:\/\/lovelycosmetics.eu\/wp-content\/uploads\/2022\/11\/OC859@3.jpg","width":1000,"height":1000},{"@type":"BreadcrumbList","@id":"https:\/\/lovelycosmetics.eu\/pt-pt\/producto\/powder-dark-chocolate-bronzer\/#breadcrumb","itemListElement":[{"@type":"ListItem","position":1,"name":"Portada","item":"https:\/\/lovelycosmetics.eu\/pt-pt\/"},{"@type":"ListItem","position":2,"name":"P\u00e1gina de inicio","item":"https:\/\/lovelycosmetics.eu\/?page_id=16876"},{"@type":"ListItem","position":3,"name":"L\u00e1pis de olhos Nude"}]},{"@type":"WebSite","@id":"https:\/\/lovelycosmetics.eu\/pt-pt\/#website","url":"https:\/\/lovelycosmetics.eu\/pt-pt\/","name":"Lovely","description":"Lovely","potentialAction":[{"@type":"SearchAction","target":{"@type":"EntryPoint","urlTemplate":"https:\/\/lovelycosmetics.eu\/pt-pt\/?s={search_term_string}"},"query-input":{"@type":"PropertyValueSpecification","valueRequired":true,"valueName":"search_term_string"}}],"inLanguage":"pt-PT"}]}},"_links":{"self":[{"href":"https:\/\/lovelycosmetics.eu\/pt-pt\/wp-json\/wp\/v2\/product\/27059","targetHints":{"allow":["GET"]}}],"collection":[{"href":"https:\/\/lovelycosmetics.eu\/pt-pt\/wp-json\/wp\/v2\/product"}],"about":[{"href":"https:\/\/lovelycosmetics.eu\/pt-pt\/wp-json\/wp\/v2\/types\/product"}],"replies":[{"embeddable":true,"href":"https:\/\/lovelycosmetics.eu\/pt-pt\/wp-json\/wp\/v2\/comments?post=27059"}],"wp:featuredmedia":[{"embeddable":true,"href":"https:\/\/lovelycosmetics.eu\/pt-pt\/wp-json\/wp\/v2\/media\/20557"}],"wp:attachment":[{"href":"https:\/\/lovelycosmetics.eu\/pt-pt\/wp-json\/wp\/v2\/media?parent=27059"}],"wp:term":[{"taxonomy":"product_brand","embeddable":true,"href":"https:\/\/lovelycosmetics.eu\/pt-pt\/wp-json\/wp\/v2\/product_brand?post=27059"},{"taxonomy":"product_cat","embeddable":true,"href":"https:\/\/lovelycosmetics.eu\/pt-pt\/wp-json\/wp\/v2\/product_cat?post=27059"},{"taxonomy":"product_tag","embeddable":true,"href":"https:\/\/lovelycosmetics.eu\/pt-pt\/wp-json\/wp\/v2\/product_tag?post=27059"}],"curies":[{"name":"wp","href":"https:\/\/api.w.org\/{rel}","templated":true}]}}