{"id":27067,"date":"2022-11-14T13:02:04","date_gmt":"2022-11-14T13:02:04","guid":{"rendered":"https:\/\/lovelycosmetics.eu\/producto\/lovely-glow-better-highlighter\/"},"modified":"2024-01-16T12:22:33","modified_gmt":"2024-01-16T12:22:33","slug":"lovely-glow-better-highlighter","status":"publish","type":"product","link":"https:\/\/lovelycosmetics.eu\/pt-pt\/producto\/lovely-glow-better-highlighter\/","title":{"rendered":"Gold Digger Iluminador"},"content":{"rendered":"<h4>Modo<br \/>\n  de uso<\/h4>\n<p>Quando tiver a sua pele maquilhada e pronta, pegue numa pincelada<br \/>\n  o iluminador e aplique-a logo acima das bochechas para real\u00e7ar as ma\u00e7\u00e3s do<br \/>\n  rosto, debaixo do arco da sobrancelha para levantar a p\u00e1lpebra e no canal da<br \/>\n  l\u00e1grima do olho para abrir o olhar. Tamb\u00e9m se pode pincelar no arco do cupido<br \/>\n  para ampliar visualmente os l\u00e1bios e no septo do nariz para o<br \/>\n  afiar.<\/p>\n<\/p>\n<h4>Ingredientes<\/h4>\n<p>Talc, Mica, Ethylhexyl Stearate, Bis-Diglyceryl Polyacyladipate-1,<br \/>\n  Caprylic\/Capric Triglyceride, Magnesium Stearate, Caprylyl Glycol,<br \/>\n  Phenoxyethanol, Hexylene Glycol, Tin Oxide, Tocopheryl Acetate, Hydrolyzed<br \/>\n  Collagen, Hydrolyzed Silk, Maltodextrin, CI 77891, CI 77491, CI 77163, CI<br \/>\n  77492, CI 77499.<\/p>\n","protected":false},"excerpt":{"rendered":"<p>Iluminadores faciais que<br \/>\n  garantem durabilidade e brilho excepcional. Dispon\u00edvel em diferentes<br \/>\n  tonalidades. O part\u00edculas micronizadas d\u00e3o o efeito de uma bochecha molhada.<br \/>\n  Iluminador perfeito para estrobosc\u00f3picos maquilhagem usando a t\u00e9cnica de<br \/>\n  estrobosc\u00f3pio.<\/p>\n","protected":false},"featured_media":20525,"comment_status":"closed","ping_status":"closed","template":"","meta":[],"product_brand":[],"product_cat":[1168],"product_tag":[],"class_list":{"0":"post-27067","1":"product","2":"type-product","3":"status-publish","4":"has-post-thumbnail","6":"product_cat-blusher-iluminador-bronzeador","8":"first","9":"instock","10":"shipping-taxable","11":"purchasable","12":"product-type-simple"},"yoast_head":"<!-- This site is optimized with the Yoast SEO plugin v24.9 - https:\/\/yoast.com\/wordpress\/plugins\/seo\/ -->\n<title>Gold Digger Iluminador - Lovely<\/title>\n<meta name=\"robots\" content=\"index, follow, max-snippet:-1, max-image-preview:large, max-video-preview:-1\" \/>\n<link rel=\"canonical\" href=\"https:\/\/lovelycosmetics.eu\/pt-pt\/producto\/lovely-glow-better-highlighter\/\" \/>\n<meta property=\"og:locale\" content=\"pt_PT\" \/>\n<meta property=\"og:type\" content=\"article\" \/>\n<meta property=\"og:title\" content=\"Gold Digger Iluminador - Lovely\" \/>\n<meta property=\"og:description\" content=\"Iluminadores faciais que  garantem durabilidade e brilho excepcional. Dispon\u00edvel em diferentes  tonalidades. O part\u00edculas micronizadas d\u00e3o o efeito de uma bochecha molhada.  Iluminador perfeito para estrobosc\u00f3picos maquilhagem usando a t\u00e9cnica de  estrobosc\u00f3pio.\" \/>\n<meta property=\"og:url\" content=\"https:\/\/lovelycosmetics.eu\/pt-pt\/producto\/lovely-glow-better-highlighter\/\" \/>\n<meta property=\"og:site_name\" content=\"Lovely\" \/>\n<meta property=\"article:modified_time\" content=\"2024-01-16T12:22:33+00:00\" \/>\n<meta property=\"og:image\" content=\"https:\/\/lovelycosmetics.eu\/wp-content\/uploads\/2022\/11\/CEL98@0.jpg\" \/>\n\t<meta property=\"og:image:width\" content=\"1990\" \/>\n\t<meta property=\"og:image:height\" content=\"1990\" \/>\n\t<meta property=\"og:image:type\" content=\"image\/jpeg\" \/>\n<meta name=\"twitter:card\" content=\"summary_large_image\" \/>\n<meta name=\"twitter:label1\" content=\"Tempo estimado de leitura\" \/>\n\t<meta name=\"twitter:data1\" content=\"1 minuto\" \/>\n<script type=\"application\/ld+json\" class=\"yoast-schema-graph\">{\"@context\":\"https:\/\/schema.org\",\"@graph\":[{\"@type\":\"WebPage\",\"@id\":\"https:\/\/lovelycosmetics.eu\/pt-pt\/producto\/lovely-glow-better-highlighter\/\",\"url\":\"https:\/\/lovelycosmetics.eu\/pt-pt\/producto\/lovely-glow-better-highlighter\/\",\"name\":\"Gold Digger Iluminador - Lovely\",\"isPartOf\":{\"@id\":\"https:\/\/lovelycosmetics.eu\/pt-pt\/#website\"},\"primaryImageOfPage\":{\"@id\":\"https:\/\/lovelycosmetics.eu\/pt-pt\/producto\/lovely-glow-better-highlighter\/#primaryimage\"},\"image\":{\"@id\":\"https:\/\/lovelycosmetics.eu\/pt-pt\/producto\/lovely-glow-better-highlighter\/#primaryimage\"},\"thumbnailUrl\":\"https:\/\/lovelycosmetics.eu\/wp-content\/uploads\/2022\/11\/CEL98@0.jpg\",\"datePublished\":\"2022-11-14T13:02:04+00:00\",\"dateModified\":\"2024-01-16T12:22:33+00:00\",\"breadcrumb\":{\"@id\":\"https:\/\/lovelycosmetics.eu\/pt-pt\/producto\/lovely-glow-better-highlighter\/#breadcrumb\"},\"inLanguage\":\"pt-PT\",\"potentialAction\":[{\"@type\":\"ReadAction\",\"target\":[\"https:\/\/lovelycosmetics.eu\/pt-pt\/producto\/lovely-glow-better-highlighter\/\"]}]},{\"@type\":\"ImageObject\",\"inLanguage\":\"pt-PT\",\"@id\":\"https:\/\/lovelycosmetics.eu\/pt-pt\/producto\/lovely-glow-better-highlighter\/#primaryimage\",\"url\":\"https:\/\/lovelycosmetics.eu\/wp-content\/uploads\/2022\/11\/CEL98@0.jpg\",\"contentUrl\":\"https:\/\/lovelycosmetics.eu\/wp-content\/uploads\/2022\/11\/CEL98@0.jpg\",\"width\":1990,\"height\":1990},{\"@type\":\"BreadcrumbList\",\"@id\":\"https:\/\/lovelycosmetics.eu\/pt-pt\/producto\/lovely-glow-better-highlighter\/#breadcrumb\",\"itemListElement\":[{\"@type\":\"ListItem\",\"position\":1,\"name\":\"Portada\",\"item\":\"https:\/\/lovelycosmetics.eu\/pt-pt\/\"},{\"@type\":\"ListItem\",\"position\":2,\"name\":\"P\u00e1gina de inicio\",\"item\":\"https:\/\/lovelycosmetics.eu\/?page_id=16876\"},{\"@type\":\"ListItem\",\"position\":3,\"name\":\"Gold Digger Iluminador\"}]},{\"@type\":\"WebSite\",\"@id\":\"https:\/\/lovelycosmetics.eu\/pt-pt\/#website\",\"url\":\"https:\/\/lovelycosmetics.eu\/pt-pt\/\",\"name\":\"Lovely\",\"description\":\"Lovely\",\"potentialAction\":[{\"@type\":\"SearchAction\",\"target\":{\"@type\":\"EntryPoint\",\"urlTemplate\":\"https:\/\/lovelycosmetics.eu\/pt-pt\/?s={search_term_string}\"},\"query-input\":{\"@type\":\"PropertyValueSpecification\",\"valueRequired\":true,\"valueName\":\"search_term_string\"}}],\"inLanguage\":\"pt-PT\"}]}<\/script>\n<!-- \/ Yoast SEO plugin. -->","yoast_head_json":{"title":"Gold Digger Iluminador - Lovely","robots":{"index":"index","follow":"follow","max-snippet":"max-snippet:-1","max-image-preview":"max-image-preview:large","max-video-preview":"max-video-preview:-1"},"canonical":"https:\/\/lovelycosmetics.eu\/pt-pt\/producto\/lovely-glow-better-highlighter\/","og_locale":"pt_PT","og_type":"article","og_title":"Gold Digger Iluminador - Lovely","og_description":"Iluminadores faciais que  garantem durabilidade e brilho excepcional. Dispon\u00edvel em diferentes  tonalidades. O part\u00edculas micronizadas d\u00e3o o efeito de uma bochecha molhada.  Iluminador perfeito para estrobosc\u00f3picos maquilhagem usando a t\u00e9cnica de  estrobosc\u00f3pio.","og_url":"https:\/\/lovelycosmetics.eu\/pt-pt\/producto\/lovely-glow-better-highlighter\/","og_site_name":"Lovely","article_modified_time":"2024-01-16T12:22:33+00:00","og_image":[{"width":1990,"height":1990,"url":"https:\/\/lovelycosmetics.eu\/wp-content\/uploads\/2022\/11\/CEL98@0.jpg","type":"image\/jpeg"}],"twitter_card":"summary_large_image","twitter_misc":{"Tempo estimado de leitura":"1 minuto"},"schema":{"@context":"https:\/\/schema.org","@graph":[{"@type":"WebPage","@id":"https:\/\/lovelycosmetics.eu\/pt-pt\/producto\/lovely-glow-better-highlighter\/","url":"https:\/\/lovelycosmetics.eu\/pt-pt\/producto\/lovely-glow-better-highlighter\/","name":"Gold Digger Iluminador - Lovely","isPartOf":{"@id":"https:\/\/lovelycosmetics.eu\/pt-pt\/#website"},"primaryImageOfPage":{"@id":"https:\/\/lovelycosmetics.eu\/pt-pt\/producto\/lovely-glow-better-highlighter\/#primaryimage"},"image":{"@id":"https:\/\/lovelycosmetics.eu\/pt-pt\/producto\/lovely-glow-better-highlighter\/#primaryimage"},"thumbnailUrl":"https:\/\/lovelycosmetics.eu\/wp-content\/uploads\/2022\/11\/CEL98@0.jpg","datePublished":"2022-11-14T13:02:04+00:00","dateModified":"2024-01-16T12:22:33+00:00","breadcrumb":{"@id":"https:\/\/lovelycosmetics.eu\/pt-pt\/producto\/lovely-glow-better-highlighter\/#breadcrumb"},"inLanguage":"pt-PT","potentialAction":[{"@type":"ReadAction","target":["https:\/\/lovelycosmetics.eu\/pt-pt\/producto\/lovely-glow-better-highlighter\/"]}]},{"@type":"ImageObject","inLanguage":"pt-PT","@id":"https:\/\/lovelycosmetics.eu\/pt-pt\/producto\/lovely-glow-better-highlighter\/#primaryimage","url":"https:\/\/lovelycosmetics.eu\/wp-content\/uploads\/2022\/11\/CEL98@0.jpg","contentUrl":"https:\/\/lovelycosmetics.eu\/wp-content\/uploads\/2022\/11\/CEL98@0.jpg","width":1990,"height":1990},{"@type":"BreadcrumbList","@id":"https:\/\/lovelycosmetics.eu\/pt-pt\/producto\/lovely-glow-better-highlighter\/#breadcrumb","itemListElement":[{"@type":"ListItem","position":1,"name":"Portada","item":"https:\/\/lovelycosmetics.eu\/pt-pt\/"},{"@type":"ListItem","position":2,"name":"P\u00e1gina de inicio","item":"https:\/\/lovelycosmetics.eu\/?page_id=16876"},{"@type":"ListItem","position":3,"name":"Gold Digger Iluminador"}]},{"@type":"WebSite","@id":"https:\/\/lovelycosmetics.eu\/pt-pt\/#website","url":"https:\/\/lovelycosmetics.eu\/pt-pt\/","name":"Lovely","description":"Lovely","potentialAction":[{"@type":"SearchAction","target":{"@type":"EntryPoint","urlTemplate":"https:\/\/lovelycosmetics.eu\/pt-pt\/?s={search_term_string}"},"query-input":{"@type":"PropertyValueSpecification","valueRequired":true,"valueName":"search_term_string"}}],"inLanguage":"pt-PT"}]}},"_links":{"self":[{"href":"https:\/\/lovelycosmetics.eu\/pt-pt\/wp-json\/wp\/v2\/product\/27067","targetHints":{"allow":["GET"]}}],"collection":[{"href":"https:\/\/lovelycosmetics.eu\/pt-pt\/wp-json\/wp\/v2\/product"}],"about":[{"href":"https:\/\/lovelycosmetics.eu\/pt-pt\/wp-json\/wp\/v2\/types\/product"}],"replies":[{"embeddable":true,"href":"https:\/\/lovelycosmetics.eu\/pt-pt\/wp-json\/wp\/v2\/comments?post=27067"}],"wp:featuredmedia":[{"embeddable":true,"href":"https:\/\/lovelycosmetics.eu\/pt-pt\/wp-json\/wp\/v2\/media\/20525"}],"wp:attachment":[{"href":"https:\/\/lovelycosmetics.eu\/pt-pt\/wp-json\/wp\/v2\/media?parent=27067"}],"wp:term":[{"taxonomy":"product_brand","embeddable":true,"href":"https:\/\/lovelycosmetics.eu\/pt-pt\/wp-json\/wp\/v2\/product_brand?post=27067"},{"taxonomy":"product_cat","embeddable":true,"href":"https:\/\/lovelycosmetics.eu\/pt-pt\/wp-json\/wp\/v2\/product_cat?post=27067"},{"taxonomy":"product_tag","embeddable":true,"href":"https:\/\/lovelycosmetics.eu\/pt-pt\/wp-json\/wp\/v2\/product_tag?post=27067"}],"curies":[{"name":"wp","href":"https:\/\/api.w.org\/{rel}","templated":true}]}}