{"id":27070,"date":"2022-11-14T13:01:55","date_gmt":"2022-11-14T13:01:55","guid":{"rendered":"https:\/\/lovelycosmetics.eu\/producto\/lovely-bamboo-loose-powder\/"},"modified":"2024-01-16T12:22:33","modified_gmt":"2024-01-16T12:22:33","slug":"lovely-bamboo-loose-powder","status":"publish","type":"product","link":"https:\/\/lovelycosmetics.eu\/pt-pt\/producto\/lovely-bamboo-loose-powder\/","title":{"rendered":"P\u00d3 SOLTO HD"},"content":{"rendered":"<h4>Modo<br \/>\n  de uso<\/h4>\n<p>Aplicar o produto com um puff ou pincel em p\u00f3 em todo o rosto ou<br \/>\n  nas \u00e1reas desejadas, por exemplo, a zona T. O p\u00f3 \u00e9 espalhado da parte<br \/>\n  superior do rosto para baixo para evitar levantar os p\u00ealos faciais e um<br \/>\n  efeito de pele ba\u00e7a.<\/p>\n<\/p>\n<h4>Ingredientes<\/h4>\n<p>Talc, Mica, Boron Nitride, Aroma, Lauroyl Lysine, Simmondsia<br \/>\n  Chinensis (Jojoba) Seed Oil, Sodium Saccharin, Benzyl Alcohol, Dehydroacetic<br \/>\n  Acid, Aqua, [+\/-]: CI77891, CI77491, CI77492, CI77499.<\/p>\n","protected":false},"excerpt":{"rendered":"<p>P\u00f3 solto para conservar a<br \/>\n  maquiagem inalter\u00e1vel. Leves como uma n\u00e9voa e de origem mineral, possuem<br \/>\n  extrato de \u00f3leo de jojoba. Adapta-se a todos os tipos de peles e tons,<br \/>\n  diminuindo opticamente as imperfec\u00e7\u00f5es.<\/p>\n","protected":false},"featured_media":20510,"comment_status":"closed","ping_status":"closed","template":"","meta":[],"product_brand":[],"product_cat":[1172],"product_tag":[],"class_list":{"0":"post-27070","1":"product","2":"type-product","3":"status-publish","4":"has-post-thumbnail","6":"product_cat-po-pt-pt","8":"first","9":"instock","10":"shipping-taxable","11":"purchasable","12":"product-type-simple"},"yoast_head":"<!-- This site is optimized with the Yoast SEO plugin v24.9 - https:\/\/yoast.com\/wordpress\/plugins\/seo\/ -->\n<title>P\u00d3 SOLTO HD - Lovely<\/title>\n<meta name=\"robots\" content=\"index, follow, max-snippet:-1, max-image-preview:large, max-video-preview:-1\" \/>\n<link rel=\"canonical\" href=\"https:\/\/lovelycosmetics.eu\/pt-pt\/producto\/lovely-bamboo-loose-powder\/\" \/>\n<meta property=\"og:locale\" content=\"pt_PT\" \/>\n<meta property=\"og:type\" content=\"article\" \/>\n<meta property=\"og:title\" content=\"P\u00d3 SOLTO HD - Lovely\" \/>\n<meta property=\"og:description\" content=\"P\u00f3 solto para conservar a  maquiagem inalter\u00e1vel. Leves como uma n\u00e9voa e de origem mineral, possuem  extrato de \u00f3leo de jojoba. Adapta-se a todos os tipos de peles e tons,  diminuindo opticamente as imperfec\u00e7\u00f5es.\" \/>\n<meta property=\"og:url\" content=\"https:\/\/lovelycosmetics.eu\/pt-pt\/producto\/lovely-bamboo-loose-powder\/\" \/>\n<meta property=\"og:site_name\" content=\"Lovely\" \/>\n<meta property=\"article:modified_time\" content=\"2024-01-16T12:22:33+00:00\" \/>\n<meta property=\"og:image\" content=\"https:\/\/lovelycosmetics.eu\/wp-content\/uploads\/2022\/11\/CE117@0.jpg\" \/>\n\t<meta property=\"og:image:width\" content=\"800\" \/>\n\t<meta property=\"og:image:height\" content=\"800\" \/>\n\t<meta property=\"og:image:type\" content=\"image\/jpeg\" \/>\n<meta name=\"twitter:card\" content=\"summary_large_image\" \/>\n<script type=\"application\/ld+json\" class=\"yoast-schema-graph\">{\"@context\":\"https:\/\/schema.org\",\"@graph\":[{\"@type\":\"WebPage\",\"@id\":\"https:\/\/lovelycosmetics.eu\/pt-pt\/producto\/lovely-bamboo-loose-powder\/\",\"url\":\"https:\/\/lovelycosmetics.eu\/pt-pt\/producto\/lovely-bamboo-loose-powder\/\",\"name\":\"P\u00d3 SOLTO HD - Lovely\",\"isPartOf\":{\"@id\":\"https:\/\/lovelycosmetics.eu\/pt-pt\/#website\"},\"primaryImageOfPage\":{\"@id\":\"https:\/\/lovelycosmetics.eu\/pt-pt\/producto\/lovely-bamboo-loose-powder\/#primaryimage\"},\"image\":{\"@id\":\"https:\/\/lovelycosmetics.eu\/pt-pt\/producto\/lovely-bamboo-loose-powder\/#primaryimage\"},\"thumbnailUrl\":\"https:\/\/lovelycosmetics.eu\/wp-content\/uploads\/2022\/11\/CE117@0.jpg\",\"datePublished\":\"2022-11-14T13:01:55+00:00\",\"dateModified\":\"2024-01-16T12:22:33+00:00\",\"breadcrumb\":{\"@id\":\"https:\/\/lovelycosmetics.eu\/pt-pt\/producto\/lovely-bamboo-loose-powder\/#breadcrumb\"},\"inLanguage\":\"pt-PT\",\"potentialAction\":[{\"@type\":\"ReadAction\",\"target\":[\"https:\/\/lovelycosmetics.eu\/pt-pt\/producto\/lovely-bamboo-loose-powder\/\"]}]},{\"@type\":\"ImageObject\",\"inLanguage\":\"pt-PT\",\"@id\":\"https:\/\/lovelycosmetics.eu\/pt-pt\/producto\/lovely-bamboo-loose-powder\/#primaryimage\",\"url\":\"https:\/\/lovelycosmetics.eu\/wp-content\/uploads\/2022\/11\/CE117@0.jpg\",\"contentUrl\":\"https:\/\/lovelycosmetics.eu\/wp-content\/uploads\/2022\/11\/CE117@0.jpg\",\"width\":800,\"height\":800},{\"@type\":\"BreadcrumbList\",\"@id\":\"https:\/\/lovelycosmetics.eu\/pt-pt\/producto\/lovely-bamboo-loose-powder\/#breadcrumb\",\"itemListElement\":[{\"@type\":\"ListItem\",\"position\":1,\"name\":\"Portada\",\"item\":\"https:\/\/lovelycosmetics.eu\/pt-pt\/\"},{\"@type\":\"ListItem\",\"position\":2,\"name\":\"P\u00e1gina de inicio\",\"item\":\"https:\/\/lovelycosmetics.eu\/?page_id=16876\"},{\"@type\":\"ListItem\",\"position\":3,\"name\":\"P\u00d3 SOLTO HD\"}]},{\"@type\":\"WebSite\",\"@id\":\"https:\/\/lovelycosmetics.eu\/pt-pt\/#website\",\"url\":\"https:\/\/lovelycosmetics.eu\/pt-pt\/\",\"name\":\"Lovely\",\"description\":\"Lovely\",\"potentialAction\":[{\"@type\":\"SearchAction\",\"target\":{\"@type\":\"EntryPoint\",\"urlTemplate\":\"https:\/\/lovelycosmetics.eu\/pt-pt\/?s={search_term_string}\"},\"query-input\":{\"@type\":\"PropertyValueSpecification\",\"valueRequired\":true,\"valueName\":\"search_term_string\"}}],\"inLanguage\":\"pt-PT\"}]}<\/script>\n<!-- \/ Yoast SEO plugin. -->","yoast_head_json":{"title":"P\u00d3 SOLTO HD - Lovely","robots":{"index":"index","follow":"follow","max-snippet":"max-snippet:-1","max-image-preview":"max-image-preview:large","max-video-preview":"max-video-preview:-1"},"canonical":"https:\/\/lovelycosmetics.eu\/pt-pt\/producto\/lovely-bamboo-loose-powder\/","og_locale":"pt_PT","og_type":"article","og_title":"P\u00d3 SOLTO HD - Lovely","og_description":"P\u00f3 solto para conservar a  maquiagem inalter\u00e1vel. Leves como uma n\u00e9voa e de origem mineral, possuem  extrato de \u00f3leo de jojoba. Adapta-se a todos os tipos de peles e tons,  diminuindo opticamente as imperfec\u00e7\u00f5es.","og_url":"https:\/\/lovelycosmetics.eu\/pt-pt\/producto\/lovely-bamboo-loose-powder\/","og_site_name":"Lovely","article_modified_time":"2024-01-16T12:22:33+00:00","og_image":[{"width":800,"height":800,"url":"https:\/\/lovelycosmetics.eu\/wp-content\/uploads\/2022\/11\/CE117@0.jpg","type":"image\/jpeg"}],"twitter_card":"summary_large_image","schema":{"@context":"https:\/\/schema.org","@graph":[{"@type":"WebPage","@id":"https:\/\/lovelycosmetics.eu\/pt-pt\/producto\/lovely-bamboo-loose-powder\/","url":"https:\/\/lovelycosmetics.eu\/pt-pt\/producto\/lovely-bamboo-loose-powder\/","name":"P\u00d3 SOLTO HD - Lovely","isPartOf":{"@id":"https:\/\/lovelycosmetics.eu\/pt-pt\/#website"},"primaryImageOfPage":{"@id":"https:\/\/lovelycosmetics.eu\/pt-pt\/producto\/lovely-bamboo-loose-powder\/#primaryimage"},"image":{"@id":"https:\/\/lovelycosmetics.eu\/pt-pt\/producto\/lovely-bamboo-loose-powder\/#primaryimage"},"thumbnailUrl":"https:\/\/lovelycosmetics.eu\/wp-content\/uploads\/2022\/11\/CE117@0.jpg","datePublished":"2022-11-14T13:01:55+00:00","dateModified":"2024-01-16T12:22:33+00:00","breadcrumb":{"@id":"https:\/\/lovelycosmetics.eu\/pt-pt\/producto\/lovely-bamboo-loose-powder\/#breadcrumb"},"inLanguage":"pt-PT","potentialAction":[{"@type":"ReadAction","target":["https:\/\/lovelycosmetics.eu\/pt-pt\/producto\/lovely-bamboo-loose-powder\/"]}]},{"@type":"ImageObject","inLanguage":"pt-PT","@id":"https:\/\/lovelycosmetics.eu\/pt-pt\/producto\/lovely-bamboo-loose-powder\/#primaryimage","url":"https:\/\/lovelycosmetics.eu\/wp-content\/uploads\/2022\/11\/CE117@0.jpg","contentUrl":"https:\/\/lovelycosmetics.eu\/wp-content\/uploads\/2022\/11\/CE117@0.jpg","width":800,"height":800},{"@type":"BreadcrumbList","@id":"https:\/\/lovelycosmetics.eu\/pt-pt\/producto\/lovely-bamboo-loose-powder\/#breadcrumb","itemListElement":[{"@type":"ListItem","position":1,"name":"Portada","item":"https:\/\/lovelycosmetics.eu\/pt-pt\/"},{"@type":"ListItem","position":2,"name":"P\u00e1gina de inicio","item":"https:\/\/lovelycosmetics.eu\/?page_id=16876"},{"@type":"ListItem","position":3,"name":"P\u00d3 SOLTO HD"}]},{"@type":"WebSite","@id":"https:\/\/lovelycosmetics.eu\/pt-pt\/#website","url":"https:\/\/lovelycosmetics.eu\/pt-pt\/","name":"Lovely","description":"Lovely","potentialAction":[{"@type":"SearchAction","target":{"@type":"EntryPoint","urlTemplate":"https:\/\/lovelycosmetics.eu\/pt-pt\/?s={search_term_string}"},"query-input":{"@type":"PropertyValueSpecification","valueRequired":true,"valueName":"search_term_string"}}],"inLanguage":"pt-PT"}]}},"_links":{"self":[{"href":"https:\/\/lovelycosmetics.eu\/pt-pt\/wp-json\/wp\/v2\/product\/27070","targetHints":{"allow":["GET"]}}],"collection":[{"href":"https:\/\/lovelycosmetics.eu\/pt-pt\/wp-json\/wp\/v2\/product"}],"about":[{"href":"https:\/\/lovelycosmetics.eu\/pt-pt\/wp-json\/wp\/v2\/types\/product"}],"replies":[{"embeddable":true,"href":"https:\/\/lovelycosmetics.eu\/pt-pt\/wp-json\/wp\/v2\/comments?post=27070"}],"wp:featuredmedia":[{"embeddable":true,"href":"https:\/\/lovelycosmetics.eu\/pt-pt\/wp-json\/wp\/v2\/media\/20510"}],"wp:attachment":[{"href":"https:\/\/lovelycosmetics.eu\/pt-pt\/wp-json\/wp\/v2\/media?parent=27070"}],"wp:term":[{"taxonomy":"product_brand","embeddable":true,"href":"https:\/\/lovelycosmetics.eu\/pt-pt\/wp-json\/wp\/v2\/product_brand?post=27070"},{"taxonomy":"product_cat","embeddable":true,"href":"https:\/\/lovelycosmetics.eu\/pt-pt\/wp-json\/wp\/v2\/product_cat?post=27070"},{"taxonomy":"product_tag","embeddable":true,"href":"https:\/\/lovelycosmetics.eu\/pt-pt\/wp-json\/wp\/v2\/product_tag?post=27070"}],"curies":[{"name":"wp","href":"https:\/\/api.w.org\/{rel}","templated":true}]}}