{"id":27081,"date":"2022-11-14T13:01:44","date_gmt":"2022-11-14T13:01:44","guid":{"rendered":"https:\/\/lovelycosmetics.eu\/producto\/mascara-best-ever-mascara\/"},"modified":"2024-01-16T12:22:48","modified_gmt":"2024-01-16T12:22:48","slug":"mascara-best-ever-mascara","status":"publish","type":"product","link":"https:\/\/lovelycosmetics.eu\/pt-pt\/producto\/mascara-best-ever-mascara\/","title":{"rendered":"Mascara Eye Catching"},"content":{"rendered":"<h4>Modo<br \/>\n  de uso<\/h4>\n<p>Colocar a escova na base das pestanas superiores e mov\u00ea-la para<br \/>\n  tr\u00e1s e para a frente, cobrindo a base das pestanas. Pentear a escova atrav\u00e9s<br \/>\n  das pestanas para evitar os tufos. Aplicar duas dem\u00e3os se se pretender um<br \/>\n  efeito mais dram\u00e1tico.<\/p>\n<\/p>\n<h4>Ingredientes<\/h4>\n<p>Aqua, Paraffin, Synthetic Beeswax, Glyceryl Stearate, Acacia<br \/>\n  Senegal Gum, Stearic Acid,<br \/>\n    Butylene Glycol, Palmitic Acid Polybutene, Oryza Sativa Cera, Ozokerite,<br \/>\n  Vp\/Eicosene Copolymer, Hydrogenated Vegetable Oil, Copernicia Cerifera Cera,<br \/>\n  Aminomethyl Propanol, Phenoxyethanol, Stearyl Stearate, Glycerin,<br \/>\n  Hydroxyethylcellulose, Disodium EDTA, Polyester-11, Ethylhexylglycerin, PVP,<br \/>\n  Cellulose, Trimethylpentanediol\/Adipic Acid\/Glycerin Crosspolymer, Propylene<br \/>\n  Glycol, Acacia Seyal Gum Extract, Potassium Sorbate, Acetyl Hexapeptide-1,<br \/>\n  Dextran, CI 77499, CI 77007, CI 77266(nano).<\/p>\n","protected":false},"excerpt":{"rendered":"<p>M\u00e1scara de alongamiento com um<br \/>\n  tom preto intenso. A escova de silicone tem a fun\u00e7\u00e3o de pente: penteie os<br \/>\n  cilios, evitando que fiquem presos e formando caro\u00e7os, al\u00e9m de dar-lhes uma<br \/>\n  cor profunda.<\/p>\n","protected":false},"featured_media":20454,"comment_status":"closed","ping_status":"closed","template":"","meta":[],"product_brand":[],"product_cat":[1160],"product_tag":[],"class_list":{"0":"post-27081","1":"product","2":"type-product","3":"status-publish","4":"has-post-thumbnail","6":"product_cat-mascara-de-pestanas-pt-pt","8":"first","9":"instock","10":"shipping-taxable","11":"purchasable","12":"product-type-simple"},"yoast_head":"<!-- This site is optimized with the Yoast SEO plugin v24.9 - https:\/\/yoast.com\/wordpress\/plugins\/seo\/ -->\n<title>Mascara Eye Catching - Lovely<\/title>\n<meta name=\"robots\" content=\"index, follow, max-snippet:-1, max-image-preview:large, max-video-preview:-1\" \/>\n<link rel=\"canonical\" href=\"https:\/\/lovelycosmetics.eu\/pt-pt\/producto\/mascara-best-ever-mascara\/\" \/>\n<meta property=\"og:locale\" content=\"pt_PT\" \/>\n<meta property=\"og:type\" content=\"article\" \/>\n<meta property=\"og:title\" content=\"Mascara Eye Catching - Lovely\" \/>\n<meta property=\"og:description\" content=\"M\u00e1scara de alongamiento com um  tom preto intenso. A escova de silicone tem a fun\u00e7\u00e3o de pente: penteie os  cilios, evitando que fiquem presos e formando caro\u00e7os, al\u00e9m de dar-lhes uma  cor profunda.\" \/>\n<meta property=\"og:url\" content=\"https:\/\/lovelycosmetics.eu\/pt-pt\/producto\/mascara-best-ever-mascara\/\" \/>\n<meta property=\"og:site_name\" content=\"Lovely\" \/>\n<meta property=\"article:modified_time\" content=\"2024-01-16T12:22:48+00:00\" \/>\n<meta property=\"og:image\" content=\"https:\/\/lovelycosmetics.eu\/wp-content\/uploads\/2022\/11\/OC787@0.jpg\" \/>\n\t<meta property=\"og:image:width\" content=\"800\" \/>\n\t<meta property=\"og:image:height\" content=\"800\" \/>\n\t<meta property=\"og:image:type\" content=\"image\/jpeg\" \/>\n<meta name=\"twitter:card\" content=\"summary_large_image\" \/>\n<meta name=\"twitter:label1\" content=\"Tempo estimado de leitura\" \/>\n\t<meta name=\"twitter:data1\" content=\"1 minuto\" \/>\n<script type=\"application\/ld+json\" class=\"yoast-schema-graph\">{\"@context\":\"https:\/\/schema.org\",\"@graph\":[{\"@type\":\"WebPage\",\"@id\":\"https:\/\/lovelycosmetics.eu\/pt-pt\/producto\/mascara-best-ever-mascara\/\",\"url\":\"https:\/\/lovelycosmetics.eu\/pt-pt\/producto\/mascara-best-ever-mascara\/\",\"name\":\"Mascara Eye Catching - Lovely\",\"isPartOf\":{\"@id\":\"https:\/\/lovelycosmetics.eu\/pt-pt\/#website\"},\"primaryImageOfPage\":{\"@id\":\"https:\/\/lovelycosmetics.eu\/pt-pt\/producto\/mascara-best-ever-mascara\/#primaryimage\"},\"image\":{\"@id\":\"https:\/\/lovelycosmetics.eu\/pt-pt\/producto\/mascara-best-ever-mascara\/#primaryimage\"},\"thumbnailUrl\":\"https:\/\/lovelycosmetics.eu\/wp-content\/uploads\/2022\/11\/OC787@0.jpg\",\"datePublished\":\"2022-11-14T13:01:44+00:00\",\"dateModified\":\"2024-01-16T12:22:48+00:00\",\"breadcrumb\":{\"@id\":\"https:\/\/lovelycosmetics.eu\/pt-pt\/producto\/mascara-best-ever-mascara\/#breadcrumb\"},\"inLanguage\":\"pt-PT\",\"potentialAction\":[{\"@type\":\"ReadAction\",\"target\":[\"https:\/\/lovelycosmetics.eu\/pt-pt\/producto\/mascara-best-ever-mascara\/\"]}]},{\"@type\":\"ImageObject\",\"inLanguage\":\"pt-PT\",\"@id\":\"https:\/\/lovelycosmetics.eu\/pt-pt\/producto\/mascara-best-ever-mascara\/#primaryimage\",\"url\":\"https:\/\/lovelycosmetics.eu\/wp-content\/uploads\/2022\/11\/OC787@0.jpg\",\"contentUrl\":\"https:\/\/lovelycosmetics.eu\/wp-content\/uploads\/2022\/11\/OC787@0.jpg\",\"width\":800,\"height\":800},{\"@type\":\"BreadcrumbList\",\"@id\":\"https:\/\/lovelycosmetics.eu\/pt-pt\/producto\/mascara-best-ever-mascara\/#breadcrumb\",\"itemListElement\":[{\"@type\":\"ListItem\",\"position\":1,\"name\":\"Portada\",\"item\":\"https:\/\/lovelycosmetics.eu\/pt-pt\/\"},{\"@type\":\"ListItem\",\"position\":2,\"name\":\"P\u00e1gina de inicio\",\"item\":\"https:\/\/lovelycosmetics.eu\/?page_id=16876\"},{\"@type\":\"ListItem\",\"position\":3,\"name\":\"Mascara Eye Catching\"}]},{\"@type\":\"WebSite\",\"@id\":\"https:\/\/lovelycosmetics.eu\/pt-pt\/#website\",\"url\":\"https:\/\/lovelycosmetics.eu\/pt-pt\/\",\"name\":\"Lovely\",\"description\":\"Lovely\",\"potentialAction\":[{\"@type\":\"SearchAction\",\"target\":{\"@type\":\"EntryPoint\",\"urlTemplate\":\"https:\/\/lovelycosmetics.eu\/pt-pt\/?s={search_term_string}\"},\"query-input\":{\"@type\":\"PropertyValueSpecification\",\"valueRequired\":true,\"valueName\":\"search_term_string\"}}],\"inLanguage\":\"pt-PT\"}]}<\/script>\n<!-- \/ Yoast SEO plugin. -->","yoast_head_json":{"title":"Mascara Eye Catching - Lovely","robots":{"index":"index","follow":"follow","max-snippet":"max-snippet:-1","max-image-preview":"max-image-preview:large","max-video-preview":"max-video-preview:-1"},"canonical":"https:\/\/lovelycosmetics.eu\/pt-pt\/producto\/mascara-best-ever-mascara\/","og_locale":"pt_PT","og_type":"article","og_title":"Mascara Eye Catching - Lovely","og_description":"M\u00e1scara de alongamiento com um  tom preto intenso. A escova de silicone tem a fun\u00e7\u00e3o de pente: penteie os  cilios, evitando que fiquem presos e formando caro\u00e7os, al\u00e9m de dar-lhes uma  cor profunda.","og_url":"https:\/\/lovelycosmetics.eu\/pt-pt\/producto\/mascara-best-ever-mascara\/","og_site_name":"Lovely","article_modified_time":"2024-01-16T12:22:48+00:00","og_image":[{"width":800,"height":800,"url":"https:\/\/lovelycosmetics.eu\/wp-content\/uploads\/2022\/11\/OC787@0.jpg","type":"image\/jpeg"}],"twitter_card":"summary_large_image","twitter_misc":{"Tempo estimado de leitura":"1 minuto"},"schema":{"@context":"https:\/\/schema.org","@graph":[{"@type":"WebPage","@id":"https:\/\/lovelycosmetics.eu\/pt-pt\/producto\/mascara-best-ever-mascara\/","url":"https:\/\/lovelycosmetics.eu\/pt-pt\/producto\/mascara-best-ever-mascara\/","name":"Mascara Eye Catching - Lovely","isPartOf":{"@id":"https:\/\/lovelycosmetics.eu\/pt-pt\/#website"},"primaryImageOfPage":{"@id":"https:\/\/lovelycosmetics.eu\/pt-pt\/producto\/mascara-best-ever-mascara\/#primaryimage"},"image":{"@id":"https:\/\/lovelycosmetics.eu\/pt-pt\/producto\/mascara-best-ever-mascara\/#primaryimage"},"thumbnailUrl":"https:\/\/lovelycosmetics.eu\/wp-content\/uploads\/2022\/11\/OC787@0.jpg","datePublished":"2022-11-14T13:01:44+00:00","dateModified":"2024-01-16T12:22:48+00:00","breadcrumb":{"@id":"https:\/\/lovelycosmetics.eu\/pt-pt\/producto\/mascara-best-ever-mascara\/#breadcrumb"},"inLanguage":"pt-PT","potentialAction":[{"@type":"ReadAction","target":["https:\/\/lovelycosmetics.eu\/pt-pt\/producto\/mascara-best-ever-mascara\/"]}]},{"@type":"ImageObject","inLanguage":"pt-PT","@id":"https:\/\/lovelycosmetics.eu\/pt-pt\/producto\/mascara-best-ever-mascara\/#primaryimage","url":"https:\/\/lovelycosmetics.eu\/wp-content\/uploads\/2022\/11\/OC787@0.jpg","contentUrl":"https:\/\/lovelycosmetics.eu\/wp-content\/uploads\/2022\/11\/OC787@0.jpg","width":800,"height":800},{"@type":"BreadcrumbList","@id":"https:\/\/lovelycosmetics.eu\/pt-pt\/producto\/mascara-best-ever-mascara\/#breadcrumb","itemListElement":[{"@type":"ListItem","position":1,"name":"Portada","item":"https:\/\/lovelycosmetics.eu\/pt-pt\/"},{"@type":"ListItem","position":2,"name":"P\u00e1gina de inicio","item":"https:\/\/lovelycosmetics.eu\/?page_id=16876"},{"@type":"ListItem","position":3,"name":"Mascara Eye Catching"}]},{"@type":"WebSite","@id":"https:\/\/lovelycosmetics.eu\/pt-pt\/#website","url":"https:\/\/lovelycosmetics.eu\/pt-pt\/","name":"Lovely","description":"Lovely","potentialAction":[{"@type":"SearchAction","target":{"@type":"EntryPoint","urlTemplate":"https:\/\/lovelycosmetics.eu\/pt-pt\/?s={search_term_string}"},"query-input":{"@type":"PropertyValueSpecification","valueRequired":true,"valueName":"search_term_string"}}],"inLanguage":"pt-PT"}]}},"_links":{"self":[{"href":"https:\/\/lovelycosmetics.eu\/pt-pt\/wp-json\/wp\/v2\/product\/27081","targetHints":{"allow":["GET"]}}],"collection":[{"href":"https:\/\/lovelycosmetics.eu\/pt-pt\/wp-json\/wp\/v2\/product"}],"about":[{"href":"https:\/\/lovelycosmetics.eu\/pt-pt\/wp-json\/wp\/v2\/types\/product"}],"replies":[{"embeddable":true,"href":"https:\/\/lovelycosmetics.eu\/pt-pt\/wp-json\/wp\/v2\/comments?post=27081"}],"wp:featuredmedia":[{"embeddable":true,"href":"https:\/\/lovelycosmetics.eu\/pt-pt\/wp-json\/wp\/v2\/media\/20454"}],"wp:attachment":[{"href":"https:\/\/lovelycosmetics.eu\/pt-pt\/wp-json\/wp\/v2\/media?parent=27081"}],"wp:term":[{"taxonomy":"product_brand","embeddable":true,"href":"https:\/\/lovelycosmetics.eu\/pt-pt\/wp-json\/wp\/v2\/product_brand?post=27081"},{"taxonomy":"product_cat","embeddable":true,"href":"https:\/\/lovelycosmetics.eu\/pt-pt\/wp-json\/wp\/v2\/product_cat?post=27081"},{"taxonomy":"product_tag","embeddable":true,"href":"https:\/\/lovelycosmetics.eu\/pt-pt\/wp-json\/wp\/v2\/product_tag?post=27081"}],"curies":[{"name":"wp","href":"https:\/\/api.w.org\/{rel}","templated":true}]}}