{"id":27086,"date":"2022-11-14T13:01:39","date_gmt":"2022-11-14T13:01:39","guid":{"rendered":"https:\/\/lovelycosmetics.eu\/producto\/lovely-mascara-curling-pump-up\/"},"modified":"2024-01-16T12:55:03","modified_gmt":"2024-01-16T12:55:03","slug":"lovely-mascara-curling-pump-up","status":"publish","type":"product","link":"https:\/\/lovelycosmetics.eu\/pt-pt\/producto\/lovely-mascara-curling-pump-up\/","title":{"rendered":"Mascara de pestanas Collagen\n  Wear"},"content":{"rendered":"<h4>Modo<br \/>\n  de uso<\/h4>\n<p>Colocar a escova na base das pestanas superiores e mov\u00ea-la para<br \/>\n  tr\u00e1s e para a frente, cobrindo a base das pestanas. Pentear a escova atrav\u00e9s<br \/>\n  das pestanas para evitar os tufos. Aplicar duas dem\u00e3os se se pretender um<br \/>\n  efeito mais dram\u00e1tico.<\/p>\n<\/p>\n<h4>Ingredientes<\/h4>\n<p>Aqua, Synthetic Beeswax, Glyceryl Stearate, Acacia Senegal Gum,<br \/>\n  Copernicia Cerifera Cera, Acrylates Copolymer, C18-36 Acid Triglyceride,<br \/>\n  Stearic Acid, Triethanolamine, Palmitic Acid, Butylene Glycol,<br \/>\n  Phenoxyethanol, Ozokerite, Hydrogenated Vegetable Oil, Hydroxyethylcellulose,<br \/>\n  Sodium Dehydroacetate, Glycerin, Stearyl Stearate, Propylene Glycol,<br \/>\n  Methylparaben, Propylparaben, Sodium Laureth-12 Sulfate, Alteromonas Ferment<br \/>\n  Extract, Chrysanthellum Indicum Extract, Cellulose, PVP, Potassium Sorbate,<br \/>\n  Collagen Amino Acids, EDTA, Benzyl Alcohol, Leuconostoc\/Radish Root Ferment<br \/>\n  Filtrate, CI 77499, CI 77266 [nano].<\/p>\n","protected":false},"excerpt":{"rendered":"<p>M\u00e1scara de pestanas azul que levanta e curva os c\u00edlios gra\u00e7as ao seu aplicador curvo. F\u00f3rmula cremosa e el\u00e1stica que enche, alonga e levanta os c\u00edlios, com um tom azul suave.<\/p>\n","protected":false},"featured_media":20431,"comment_status":"closed","ping_status":"closed","template":"","meta":[],"product_brand":[],"product_cat":[1160],"product_tag":[],"class_list":{"0":"post-27086","1":"product","2":"type-product","3":"status-publish","4":"has-post-thumbnail","6":"product_cat-mascara-de-pestanas-pt-pt","8":"first","9":"instock","10":"shipping-taxable","11":"purchasable","12":"product-type-simple"},"yoast_head":"<!-- This site is optimized with the Yoast SEO plugin v24.9 - https:\/\/yoast.com\/wordpress\/plugins\/seo\/ -->\n<title>Mascara de pestanas Collagen  Wear - Lovely<\/title>\n<meta name=\"robots\" content=\"index, follow, max-snippet:-1, max-image-preview:large, max-video-preview:-1\" \/>\n<link rel=\"canonical\" href=\"https:\/\/lovelycosmetics.eu\/pt-pt\/producto\/lovely-mascara-curling-pump-up\/\" \/>\n<meta property=\"og:locale\" content=\"pt_PT\" \/>\n<meta property=\"og:type\" content=\"article\" \/>\n<meta property=\"og:title\" content=\"Mascara de pestanas Collagen  Wear - Lovely\" \/>\n<meta property=\"og:description\" content=\"M\u00e1scara de pestanas azul que levanta e curva os c\u00edlios gra\u00e7as ao seu aplicador curvo. F\u00f3rmula cremosa e el\u00e1stica que enche, alonga e levanta os c\u00edlios, com um tom azul suave.\" \/>\n<meta property=\"og:url\" content=\"https:\/\/lovelycosmetics.eu\/pt-pt\/producto\/lovely-mascara-curling-pump-up\/\" \/>\n<meta property=\"og:site_name\" content=\"Lovely\" \/>\n<meta property=\"article:modified_time\" content=\"2024-01-16T12:55:03+00:00\" \/>\n<meta property=\"og:image\" content=\"https:\/\/lovelycosmetics.eu\/wp-content\/uploads\/2022\/11\/OC106@0.jpg\" \/>\n\t<meta property=\"og:image:width\" content=\"800\" \/>\n\t<meta property=\"og:image:height\" content=\"800\" \/>\n\t<meta property=\"og:image:type\" content=\"image\/jpeg\" \/>\n<meta name=\"twitter:card\" content=\"summary_large_image\" \/>\n<meta name=\"twitter:label1\" content=\"Tempo estimado de leitura\" \/>\n\t<meta name=\"twitter:data1\" content=\"1 minuto\" \/>\n<script type=\"application\/ld+json\" class=\"yoast-schema-graph\">{\"@context\":\"https:\/\/schema.org\",\"@graph\":[{\"@type\":\"WebPage\",\"@id\":\"https:\/\/lovelycosmetics.eu\/pt-pt\/producto\/lovely-mascara-curling-pump-up\/\",\"url\":\"https:\/\/lovelycosmetics.eu\/pt-pt\/producto\/lovely-mascara-curling-pump-up\/\",\"name\":\"Mascara de pestanas Collagen Wear - Lovely\",\"isPartOf\":{\"@id\":\"https:\/\/lovelycosmetics.eu\/pt-pt\/#website\"},\"primaryImageOfPage\":{\"@id\":\"https:\/\/lovelycosmetics.eu\/pt-pt\/producto\/lovely-mascara-curling-pump-up\/#primaryimage\"},\"image\":{\"@id\":\"https:\/\/lovelycosmetics.eu\/pt-pt\/producto\/lovely-mascara-curling-pump-up\/#primaryimage\"},\"thumbnailUrl\":\"https:\/\/lovelycosmetics.eu\/wp-content\/uploads\/2022\/11\/OC106@0.jpg\",\"datePublished\":\"2022-11-14T13:01:39+00:00\",\"dateModified\":\"2024-01-16T12:55:03+00:00\",\"breadcrumb\":{\"@id\":\"https:\/\/lovelycosmetics.eu\/pt-pt\/producto\/lovely-mascara-curling-pump-up\/#breadcrumb\"},\"inLanguage\":\"pt-PT\",\"potentialAction\":[{\"@type\":\"ReadAction\",\"target\":[\"https:\/\/lovelycosmetics.eu\/pt-pt\/producto\/lovely-mascara-curling-pump-up\/\"]}]},{\"@type\":\"ImageObject\",\"inLanguage\":\"pt-PT\",\"@id\":\"https:\/\/lovelycosmetics.eu\/pt-pt\/producto\/lovely-mascara-curling-pump-up\/#primaryimage\",\"url\":\"https:\/\/lovelycosmetics.eu\/wp-content\/uploads\/2022\/11\/OC106@0.jpg\",\"contentUrl\":\"https:\/\/lovelycosmetics.eu\/wp-content\/uploads\/2022\/11\/OC106@0.jpg\",\"width\":800,\"height\":800},{\"@type\":\"BreadcrumbList\",\"@id\":\"https:\/\/lovelycosmetics.eu\/pt-pt\/producto\/lovely-mascara-curling-pump-up\/#breadcrumb\",\"itemListElement\":[{\"@type\":\"ListItem\",\"position\":1,\"name\":\"Portada\",\"item\":\"https:\/\/lovelycosmetics.eu\/pt-pt\/\"},{\"@type\":\"ListItem\",\"position\":2,\"name\":\"P\u00e1gina de inicio\",\"item\":\"https:\/\/lovelycosmetics.eu\/?page_id=16876\"},{\"@type\":\"ListItem\",\"position\":3,\"name\":\"Mascara de pestanas Collagen Wear\"}]},{\"@type\":\"WebSite\",\"@id\":\"https:\/\/lovelycosmetics.eu\/pt-pt\/#website\",\"url\":\"https:\/\/lovelycosmetics.eu\/pt-pt\/\",\"name\":\"Lovely\",\"description\":\"Lovely\",\"potentialAction\":[{\"@type\":\"SearchAction\",\"target\":{\"@type\":\"EntryPoint\",\"urlTemplate\":\"https:\/\/lovelycosmetics.eu\/pt-pt\/?s={search_term_string}\"},\"query-input\":{\"@type\":\"PropertyValueSpecification\",\"valueRequired\":true,\"valueName\":\"search_term_string\"}}],\"inLanguage\":\"pt-PT\"}]}<\/script>\n<!-- \/ Yoast SEO plugin. -->","yoast_head_json":{"title":"Mascara de pestanas Collagen  Wear - Lovely","robots":{"index":"index","follow":"follow","max-snippet":"max-snippet:-1","max-image-preview":"max-image-preview:large","max-video-preview":"max-video-preview:-1"},"canonical":"https:\/\/lovelycosmetics.eu\/pt-pt\/producto\/lovely-mascara-curling-pump-up\/","og_locale":"pt_PT","og_type":"article","og_title":"Mascara de pestanas Collagen  Wear - Lovely","og_description":"M\u00e1scara de pestanas azul que levanta e curva os c\u00edlios gra\u00e7as ao seu aplicador curvo. F\u00f3rmula cremosa e el\u00e1stica que enche, alonga e levanta os c\u00edlios, com um tom azul suave.","og_url":"https:\/\/lovelycosmetics.eu\/pt-pt\/producto\/lovely-mascara-curling-pump-up\/","og_site_name":"Lovely","article_modified_time":"2024-01-16T12:55:03+00:00","og_image":[{"width":800,"height":800,"url":"https:\/\/lovelycosmetics.eu\/wp-content\/uploads\/2022\/11\/OC106@0.jpg","type":"image\/jpeg"}],"twitter_card":"summary_large_image","twitter_misc":{"Tempo estimado de leitura":"1 minuto"},"schema":{"@context":"https:\/\/schema.org","@graph":[{"@type":"WebPage","@id":"https:\/\/lovelycosmetics.eu\/pt-pt\/producto\/lovely-mascara-curling-pump-up\/","url":"https:\/\/lovelycosmetics.eu\/pt-pt\/producto\/lovely-mascara-curling-pump-up\/","name":"Mascara de pestanas Collagen Wear - Lovely","isPartOf":{"@id":"https:\/\/lovelycosmetics.eu\/pt-pt\/#website"},"primaryImageOfPage":{"@id":"https:\/\/lovelycosmetics.eu\/pt-pt\/producto\/lovely-mascara-curling-pump-up\/#primaryimage"},"image":{"@id":"https:\/\/lovelycosmetics.eu\/pt-pt\/producto\/lovely-mascara-curling-pump-up\/#primaryimage"},"thumbnailUrl":"https:\/\/lovelycosmetics.eu\/wp-content\/uploads\/2022\/11\/OC106@0.jpg","datePublished":"2022-11-14T13:01:39+00:00","dateModified":"2024-01-16T12:55:03+00:00","breadcrumb":{"@id":"https:\/\/lovelycosmetics.eu\/pt-pt\/producto\/lovely-mascara-curling-pump-up\/#breadcrumb"},"inLanguage":"pt-PT","potentialAction":[{"@type":"ReadAction","target":["https:\/\/lovelycosmetics.eu\/pt-pt\/producto\/lovely-mascara-curling-pump-up\/"]}]},{"@type":"ImageObject","inLanguage":"pt-PT","@id":"https:\/\/lovelycosmetics.eu\/pt-pt\/producto\/lovely-mascara-curling-pump-up\/#primaryimage","url":"https:\/\/lovelycosmetics.eu\/wp-content\/uploads\/2022\/11\/OC106@0.jpg","contentUrl":"https:\/\/lovelycosmetics.eu\/wp-content\/uploads\/2022\/11\/OC106@0.jpg","width":800,"height":800},{"@type":"BreadcrumbList","@id":"https:\/\/lovelycosmetics.eu\/pt-pt\/producto\/lovely-mascara-curling-pump-up\/#breadcrumb","itemListElement":[{"@type":"ListItem","position":1,"name":"Portada","item":"https:\/\/lovelycosmetics.eu\/pt-pt\/"},{"@type":"ListItem","position":2,"name":"P\u00e1gina de inicio","item":"https:\/\/lovelycosmetics.eu\/?page_id=16876"},{"@type":"ListItem","position":3,"name":"Mascara de pestanas Collagen Wear"}]},{"@type":"WebSite","@id":"https:\/\/lovelycosmetics.eu\/pt-pt\/#website","url":"https:\/\/lovelycosmetics.eu\/pt-pt\/","name":"Lovely","description":"Lovely","potentialAction":[{"@type":"SearchAction","target":{"@type":"EntryPoint","urlTemplate":"https:\/\/lovelycosmetics.eu\/pt-pt\/?s={search_term_string}"},"query-input":{"@type":"PropertyValueSpecification","valueRequired":true,"valueName":"search_term_string"}}],"inLanguage":"pt-PT"}]}},"_links":{"self":[{"href":"https:\/\/lovelycosmetics.eu\/pt-pt\/wp-json\/wp\/v2\/product\/27086","targetHints":{"allow":["GET"]}}],"collection":[{"href":"https:\/\/lovelycosmetics.eu\/pt-pt\/wp-json\/wp\/v2\/product"}],"about":[{"href":"https:\/\/lovelycosmetics.eu\/pt-pt\/wp-json\/wp\/v2\/types\/product"}],"replies":[{"embeddable":true,"href":"https:\/\/lovelycosmetics.eu\/pt-pt\/wp-json\/wp\/v2\/comments?post=27086"}],"wp:featuredmedia":[{"embeddable":true,"href":"https:\/\/lovelycosmetics.eu\/pt-pt\/wp-json\/wp\/v2\/media\/20431"}],"wp:attachment":[{"href":"https:\/\/lovelycosmetics.eu\/pt-pt\/wp-json\/wp\/v2\/media?parent=27086"}],"wp:term":[{"taxonomy":"product_brand","embeddable":true,"href":"https:\/\/lovelycosmetics.eu\/pt-pt\/wp-json\/wp\/v2\/product_brand?post=27086"},{"taxonomy":"product_cat","embeddable":true,"href":"https:\/\/lovelycosmetics.eu\/pt-pt\/wp-json\/wp\/v2\/product_cat?post=27086"},{"taxonomy":"product_tag","embeddable":true,"href":"https:\/\/lovelycosmetics.eu\/pt-pt\/wp-json\/wp\/v2\/product_tag?post=27086"}],"curies":[{"name":"wp","href":"https:\/\/api.w.org\/{rel}","templated":true}]}}