{"id":27087,"date":"2022-11-14T13:01:38","date_gmt":"2022-11-14T13:01:38","guid":{"rendered":"https:\/\/lovelycosmetics.eu\/producto\/mascara-curling-pump-up-blue\/"},"modified":"2024-01-16T12:55:03","modified_gmt":"2024-01-16T12:55:03","slug":"mascara-curling-pump-up-blue","status":"publish","type":"product","link":"https:\/\/lovelycosmetics.eu\/pt-pt\/producto\/mascara-curling-pump-up-blue\/","title":{"rendered":"PALETA DE SOMBRAS Choco Bons"},"content":{"rendered":"<h4>Modo<br \/>\n  de uso<\/h4>\n<p>Use cores \u00e0 tua vontade. Recomendamos a utiliza\u00e7\u00e3o de uma<br \/>\n  tonalidade clara em toda a p\u00e1lpebra como base. Utilizar uma cor neutra como<br \/>\n  sombra de transi\u00e7\u00e3o e uma sombra mais escura para a parte m\u00f3vel da p\u00e1lpebra.<br \/>\n  Para definir o efeito, utilizar um prim\u00e1rio antes de aplicar a sombra de<br \/>\n  p\u00e1lpebra.<\/p>\n<\/p>\n<h4>Ingredientes<\/h4>\n<p>Mica, Silica, Talc, Ethylhexyl Palmitate, Tridecyl Trimellitate,<br \/>\n  Squalane, Tocopheryl Acetate, Phenoxyethanol, O-Cymen-5-OL, Parfum, Benzyl<br \/>\n  Benzoate, [+\/-]: CI 77891, CI 77499, CI 77510, CI 77266, CI 77491, CI 16035,<br \/>\n  CI 77007, CI 75470, CI 77163, CI 77492.<\/p>\n","protected":false},"excerpt":{"rendered":"<p>Uma paleta de sombras multiusos. Cont\u00e9m 7 tonalidades, tanto mate como tonalidades de cetim, com a sua f\u00f3rmula easy to blend. Deixe-se levar pela intensa explos\u00e3o de a intensa explos\u00e3o de aroma e cor de chocolate. Gra\u00e7as ao seu tamanho conveniente, pode transportar a paleta sempre consigo.<\/p>\n","protected":false},"featured_media":20427,"comment_status":"closed","ping_status":"closed","template":"","meta":[],"product_brand":[],"product_cat":[1160],"product_tag":[],"class_list":{"0":"post-27087","1":"product","2":"type-product","3":"status-publish","4":"has-post-thumbnail","6":"product_cat-mascara-de-pestanas-pt-pt","8":"first","9":"instock","10":"shipping-taxable","11":"purchasable","12":"product-type-simple"},"yoast_head":"<!-- This site is optimized with the Yoast SEO plugin v24.9 - https:\/\/yoast.com\/wordpress\/plugins\/seo\/ -->\n<title>PALETA DE SOMBRAS Choco Bons - Lovely<\/title>\n<meta name=\"robots\" content=\"index, follow, max-snippet:-1, max-image-preview:large, max-video-preview:-1\" \/>\n<link rel=\"canonical\" href=\"https:\/\/lovelycosmetics.eu\/pt-pt\/producto\/mascara-curling-pump-up-blue\/\" \/>\n<meta property=\"og:locale\" content=\"pt_PT\" \/>\n<meta property=\"og:type\" content=\"article\" \/>\n<meta property=\"og:title\" content=\"PALETA DE SOMBRAS Choco Bons - Lovely\" \/>\n<meta property=\"og:description\" content=\"Uma paleta de sombras multiusos. Cont\u00e9m 7 tonalidades, tanto mate como tonalidades de cetim, com a sua f\u00f3rmula easy to blend. Deixe-se levar pela intensa explos\u00e3o de a intensa explos\u00e3o de aroma e cor de chocolate. Gra\u00e7as ao seu tamanho conveniente, pode transportar a paleta sempre consigo.\" \/>\n<meta property=\"og:url\" content=\"https:\/\/lovelycosmetics.eu\/pt-pt\/producto\/mascara-curling-pump-up-blue\/\" \/>\n<meta property=\"og:site_name\" content=\"Lovely\" \/>\n<meta property=\"article:modified_time\" content=\"2024-01-16T12:55:03+00:00\" \/>\n<meta property=\"og:image\" content=\"https:\/\/lovelycosmetics.eu\/wp-content\/uploads\/2022\/11\/OC785@0.jpg\" \/>\n\t<meta property=\"og:image:width\" content=\"800\" \/>\n\t<meta property=\"og:image:height\" content=\"800\" \/>\n\t<meta property=\"og:image:type\" content=\"image\/jpeg\" \/>\n<meta name=\"twitter:card\" content=\"summary_large_image\" \/>\n<script type=\"application\/ld+json\" class=\"yoast-schema-graph\">{\"@context\":\"https:\/\/schema.org\",\"@graph\":[{\"@type\":\"WebPage\",\"@id\":\"https:\/\/lovelycosmetics.eu\/pt-pt\/producto\/mascara-curling-pump-up-blue\/\",\"url\":\"https:\/\/lovelycosmetics.eu\/pt-pt\/producto\/mascara-curling-pump-up-blue\/\",\"name\":\"PALETA DE SOMBRAS Choco Bons - Lovely\",\"isPartOf\":{\"@id\":\"https:\/\/lovelycosmetics.eu\/pt-pt\/#website\"},\"primaryImageOfPage\":{\"@id\":\"https:\/\/lovelycosmetics.eu\/pt-pt\/producto\/mascara-curling-pump-up-blue\/#primaryimage\"},\"image\":{\"@id\":\"https:\/\/lovelycosmetics.eu\/pt-pt\/producto\/mascara-curling-pump-up-blue\/#primaryimage\"},\"thumbnailUrl\":\"https:\/\/lovelycosmetics.eu\/wp-content\/uploads\/2022\/11\/OC785@0.jpg\",\"datePublished\":\"2022-11-14T13:01:38+00:00\",\"dateModified\":\"2024-01-16T12:55:03+00:00\",\"breadcrumb\":{\"@id\":\"https:\/\/lovelycosmetics.eu\/pt-pt\/producto\/mascara-curling-pump-up-blue\/#breadcrumb\"},\"inLanguage\":\"pt-PT\",\"potentialAction\":[{\"@type\":\"ReadAction\",\"target\":[\"https:\/\/lovelycosmetics.eu\/pt-pt\/producto\/mascara-curling-pump-up-blue\/\"]}]},{\"@type\":\"ImageObject\",\"inLanguage\":\"pt-PT\",\"@id\":\"https:\/\/lovelycosmetics.eu\/pt-pt\/producto\/mascara-curling-pump-up-blue\/#primaryimage\",\"url\":\"https:\/\/lovelycosmetics.eu\/wp-content\/uploads\/2022\/11\/OC785@0.jpg\",\"contentUrl\":\"https:\/\/lovelycosmetics.eu\/wp-content\/uploads\/2022\/11\/OC785@0.jpg\",\"width\":800,\"height\":800},{\"@type\":\"BreadcrumbList\",\"@id\":\"https:\/\/lovelycosmetics.eu\/pt-pt\/producto\/mascara-curling-pump-up-blue\/#breadcrumb\",\"itemListElement\":[{\"@type\":\"ListItem\",\"position\":1,\"name\":\"Portada\",\"item\":\"https:\/\/lovelycosmetics.eu\/pt-pt\/\"},{\"@type\":\"ListItem\",\"position\":2,\"name\":\"P\u00e1gina de inicio\",\"item\":\"https:\/\/lovelycosmetics.eu\/?page_id=16876\"},{\"@type\":\"ListItem\",\"position\":3,\"name\":\"PALETA DE SOMBRAS Choco Bons\"}]},{\"@type\":\"WebSite\",\"@id\":\"https:\/\/lovelycosmetics.eu\/pt-pt\/#website\",\"url\":\"https:\/\/lovelycosmetics.eu\/pt-pt\/\",\"name\":\"Lovely\",\"description\":\"Lovely\",\"potentialAction\":[{\"@type\":\"SearchAction\",\"target\":{\"@type\":\"EntryPoint\",\"urlTemplate\":\"https:\/\/lovelycosmetics.eu\/pt-pt\/?s={search_term_string}\"},\"query-input\":{\"@type\":\"PropertyValueSpecification\",\"valueRequired\":true,\"valueName\":\"search_term_string\"}}],\"inLanguage\":\"pt-PT\"}]}<\/script>\n<!-- \/ Yoast SEO plugin. -->","yoast_head_json":{"title":"PALETA DE SOMBRAS Choco Bons - Lovely","robots":{"index":"index","follow":"follow","max-snippet":"max-snippet:-1","max-image-preview":"max-image-preview:large","max-video-preview":"max-video-preview:-1"},"canonical":"https:\/\/lovelycosmetics.eu\/pt-pt\/producto\/mascara-curling-pump-up-blue\/","og_locale":"pt_PT","og_type":"article","og_title":"PALETA DE SOMBRAS Choco Bons - Lovely","og_description":"Uma paleta de sombras multiusos. Cont\u00e9m 7 tonalidades, tanto mate como tonalidades de cetim, com a sua f\u00f3rmula easy to blend. Deixe-se levar pela intensa explos\u00e3o de a intensa explos\u00e3o de aroma e cor de chocolate. Gra\u00e7as ao seu tamanho conveniente, pode transportar a paleta sempre consigo.","og_url":"https:\/\/lovelycosmetics.eu\/pt-pt\/producto\/mascara-curling-pump-up-blue\/","og_site_name":"Lovely","article_modified_time":"2024-01-16T12:55:03+00:00","og_image":[{"width":800,"height":800,"url":"https:\/\/lovelycosmetics.eu\/wp-content\/uploads\/2022\/11\/OC785@0.jpg","type":"image\/jpeg"}],"twitter_card":"summary_large_image","schema":{"@context":"https:\/\/schema.org","@graph":[{"@type":"WebPage","@id":"https:\/\/lovelycosmetics.eu\/pt-pt\/producto\/mascara-curling-pump-up-blue\/","url":"https:\/\/lovelycosmetics.eu\/pt-pt\/producto\/mascara-curling-pump-up-blue\/","name":"PALETA DE SOMBRAS Choco Bons - Lovely","isPartOf":{"@id":"https:\/\/lovelycosmetics.eu\/pt-pt\/#website"},"primaryImageOfPage":{"@id":"https:\/\/lovelycosmetics.eu\/pt-pt\/producto\/mascara-curling-pump-up-blue\/#primaryimage"},"image":{"@id":"https:\/\/lovelycosmetics.eu\/pt-pt\/producto\/mascara-curling-pump-up-blue\/#primaryimage"},"thumbnailUrl":"https:\/\/lovelycosmetics.eu\/wp-content\/uploads\/2022\/11\/OC785@0.jpg","datePublished":"2022-11-14T13:01:38+00:00","dateModified":"2024-01-16T12:55:03+00:00","breadcrumb":{"@id":"https:\/\/lovelycosmetics.eu\/pt-pt\/producto\/mascara-curling-pump-up-blue\/#breadcrumb"},"inLanguage":"pt-PT","potentialAction":[{"@type":"ReadAction","target":["https:\/\/lovelycosmetics.eu\/pt-pt\/producto\/mascara-curling-pump-up-blue\/"]}]},{"@type":"ImageObject","inLanguage":"pt-PT","@id":"https:\/\/lovelycosmetics.eu\/pt-pt\/producto\/mascara-curling-pump-up-blue\/#primaryimage","url":"https:\/\/lovelycosmetics.eu\/wp-content\/uploads\/2022\/11\/OC785@0.jpg","contentUrl":"https:\/\/lovelycosmetics.eu\/wp-content\/uploads\/2022\/11\/OC785@0.jpg","width":800,"height":800},{"@type":"BreadcrumbList","@id":"https:\/\/lovelycosmetics.eu\/pt-pt\/producto\/mascara-curling-pump-up-blue\/#breadcrumb","itemListElement":[{"@type":"ListItem","position":1,"name":"Portada","item":"https:\/\/lovelycosmetics.eu\/pt-pt\/"},{"@type":"ListItem","position":2,"name":"P\u00e1gina de inicio","item":"https:\/\/lovelycosmetics.eu\/?page_id=16876"},{"@type":"ListItem","position":3,"name":"PALETA DE SOMBRAS Choco Bons"}]},{"@type":"WebSite","@id":"https:\/\/lovelycosmetics.eu\/pt-pt\/#website","url":"https:\/\/lovelycosmetics.eu\/pt-pt\/","name":"Lovely","description":"Lovely","potentialAction":[{"@type":"SearchAction","target":{"@type":"EntryPoint","urlTemplate":"https:\/\/lovelycosmetics.eu\/pt-pt\/?s={search_term_string}"},"query-input":{"@type":"PropertyValueSpecification","valueRequired":true,"valueName":"search_term_string"}}],"inLanguage":"pt-PT"}]}},"_links":{"self":[{"href":"https:\/\/lovelycosmetics.eu\/pt-pt\/wp-json\/wp\/v2\/product\/27087","targetHints":{"allow":["GET"]}}],"collection":[{"href":"https:\/\/lovelycosmetics.eu\/pt-pt\/wp-json\/wp\/v2\/product"}],"about":[{"href":"https:\/\/lovelycosmetics.eu\/pt-pt\/wp-json\/wp\/v2\/types\/product"}],"replies":[{"embeddable":true,"href":"https:\/\/lovelycosmetics.eu\/pt-pt\/wp-json\/wp\/v2\/comments?post=27087"}],"wp:featuredmedia":[{"embeddable":true,"href":"https:\/\/lovelycosmetics.eu\/pt-pt\/wp-json\/wp\/v2\/media\/20427"}],"wp:attachment":[{"href":"https:\/\/lovelycosmetics.eu\/pt-pt\/wp-json\/wp\/v2\/media?parent=27087"}],"wp:term":[{"taxonomy":"product_brand","embeddable":true,"href":"https:\/\/lovelycosmetics.eu\/pt-pt\/wp-json\/wp\/v2\/product_brand?post=27087"},{"taxonomy":"product_cat","embeddable":true,"href":"https:\/\/lovelycosmetics.eu\/pt-pt\/wp-json\/wp\/v2\/product_cat?post=27087"},{"taxonomy":"product_tag","embeddable":true,"href":"https:\/\/lovelycosmetics.eu\/pt-pt\/wp-json\/wp\/v2\/product_tag?post=27087"}],"curies":[{"name":"wp","href":"https:\/\/api.w.org\/{rel}","templated":true}]}}