{"id":27535,"date":"2023-12-21T13:03:50","date_gmt":"2023-12-21T13:03:50","guid":{"rendered":"https:\/\/lovelycosmetics.eu\/producto\/lovely-milky-brillo-de-labios\/"},"modified":"2024-01-17T08:29:11","modified_gmt":"2024-01-17T08:29:11","slug":"lovely-milky-brillo-de-labios","status":"publish","type":"product","link":"https:\/\/lovelycosmetics.eu\/pt-pt\/producto\/lovely-milky-brillo-de-labios\/","title":{"rendered":"Brilho Labial Milky Chocolate"},"content":{"rendered":"<h4>Modo<\/p>\n<p>    de uso<\/h4>\n<p>Come\u00e7ar no centro do l\u00e1bio superior e trabalhar em<br \/>\n    direc\u00e7\u00e3o aos contornos. Percorrer o batom sobre todo o l\u00e1bio inferior e<\/p>\n<p>    esperar que ele seque. Finalmente, deslizar o aplicador de batom l\u00edquido<\/p>\n<p>    sobre todo o l\u00e1bio<br \/>\n    inferior.<\/p><\/p>\n","protected":false},"excerpt":{"rendered":"<p>Brilho<br \/>\n  de l\u00e1bios<br \/>\n    arom\u00e1tico com uma f\u00f3rmula rica e semi-transparente e um irresist\u00edvel aroma<br \/>\n  a<br \/>\n    chocolate. Cont\u00e9m ingredientes que nutrem a pele delicada dos l\u00e1bios, como<br \/>\n  a<br \/>\n    manteiga de karit\u00e9, o \u00f3leo de am\u00eandoas doces e o extrato de folhas de<br \/>\n    alecrim. O brilho labial derrete agradavelmente nos l\u00e1bios, dando o efeito<br \/>\n  de<br \/>\n    l\u00e1bios de cristal sem uma sensa\u00e7\u00e3o pegajosa. Todos estes factores fazem<br \/>\n  deste<br \/>\n    brilho labial um puro prazer de utiliza\u00e7\u00e3o. Dispon\u00edvel em tr\u00eas tons de<br \/>\n  nudez.<\/p>\n","protected":false},"featured_media":27264,"comment_status":"closed","ping_status":"closed","template":"","meta":[],"product_brand":[],"product_cat":[1477,1156,1478,1490],"product_tag":[1491,1492,1493],"class_list":{"0":"post-27535","1":"product","2":"type-product","3":"status-publish","4":"has-post-thumbnail","6":"product_cat-122023-pt-pt","7":"product_cat-brilho-de-labios","8":"product_cat-new-2-pt-pt","9":"product_cat-nova-colecao","10":"product_tag-122023-pt-pt","11":"product_tag-moda-new-pt-pt","12":"product_tag-new-pt-pt","14":"first","15":"instock","16":"shipping-taxable","17":"purchasable","18":"product-type-variable"},"yoast_head":"<!-- This site is optimized with the Yoast SEO plugin v24.9 - https:\/\/yoast.com\/wordpress\/plugins\/seo\/ -->\n<title>Brilho Labial Milky Chocolate - Lovely<\/title>\n<meta name=\"robots\" content=\"index, follow, max-snippet:-1, max-image-preview:large, max-video-preview:-1\" \/>\n<link rel=\"canonical\" href=\"https:\/\/lovelycosmetics.eu\/pt-pt\/producto\/lovely-milky-brillo-de-labios\/\" \/>\n<meta property=\"og:locale\" content=\"pt_PT\" \/>\n<meta property=\"og:type\" content=\"article\" \/>\n<meta property=\"og:title\" content=\"Brilho Labial Milky Chocolate - Lovely\" \/>\n<meta property=\"og:description\" content=\"Brilho  de l\u00e1bios   arom\u00e1tico com uma f\u00f3rmula rica e semi-transparente e um irresist\u00edvel aroma  a   chocolate. Cont\u00e9m ingredientes que nutrem a pele delicada dos l\u00e1bios, como  a   manteiga de karit\u00e9, o \u00f3leo de am\u00eandoas doces e o extrato de folhas de   alecrim. O brilho labial derrete agradavelmente nos l\u00e1bios, dando o efeito  de   l\u00e1bios de cristal sem uma sensa\u00e7\u00e3o pegajosa. Todos estes factores fazem  deste   brilho labial um puro prazer de utiliza\u00e7\u00e3o. Dispon\u00edvel em tr\u00eas tons de  nudez.\" \/>\n<meta property=\"og:url\" content=\"https:\/\/lovelycosmetics.eu\/pt-pt\/producto\/lovely-milky-brillo-de-labios\/\" \/>\n<meta property=\"og:site_name\" content=\"Lovely\" \/>\n<meta property=\"article:modified_time\" content=\"2024-01-17T08:29:11+00:00\" \/>\n<meta property=\"og:image\" content=\"https:\/\/lovelycosmetics.eu\/wp-content\/uploads\/2023\/11\/US229N1_5905309902626.jpg\" \/>\n\t<meta property=\"og:image:width\" content=\"800\" \/>\n\t<meta property=\"og:image:height\" content=\"800\" \/>\n\t<meta property=\"og:image:type\" content=\"image\/jpeg\" \/>\n<meta name=\"twitter:card\" content=\"summary_large_image\" \/>\n<script type=\"application\/ld+json\" class=\"yoast-schema-graph\">{\"@context\":\"https:\/\/schema.org\",\"@graph\":[{\"@type\":\"WebPage\",\"@id\":\"https:\/\/lovelycosmetics.eu\/pt-pt\/producto\/lovely-milky-brillo-de-labios\/\",\"url\":\"https:\/\/lovelycosmetics.eu\/pt-pt\/producto\/lovely-milky-brillo-de-labios\/\",\"name\":\"Brilho Labial Milky Chocolate - Lovely\",\"isPartOf\":{\"@id\":\"https:\/\/lovelycosmetics.eu\/pt-pt\/#website\"},\"primaryImageOfPage\":{\"@id\":\"https:\/\/lovelycosmetics.eu\/pt-pt\/producto\/lovely-milky-brillo-de-labios\/#primaryimage\"},\"image\":{\"@id\":\"https:\/\/lovelycosmetics.eu\/pt-pt\/producto\/lovely-milky-brillo-de-labios\/#primaryimage\"},\"thumbnailUrl\":\"https:\/\/lovelycosmetics.eu\/wp-content\/uploads\/2023\/11\/US229N1_5905309902626.jpg\",\"datePublished\":\"2023-12-21T13:03:50+00:00\",\"dateModified\":\"2024-01-17T08:29:11+00:00\",\"breadcrumb\":{\"@id\":\"https:\/\/lovelycosmetics.eu\/pt-pt\/producto\/lovely-milky-brillo-de-labios\/#breadcrumb\"},\"inLanguage\":\"pt-PT\",\"potentialAction\":[{\"@type\":\"ReadAction\",\"target\":[\"https:\/\/lovelycosmetics.eu\/pt-pt\/producto\/lovely-milky-brillo-de-labios\/\"]}]},{\"@type\":\"ImageObject\",\"inLanguage\":\"pt-PT\",\"@id\":\"https:\/\/lovelycosmetics.eu\/pt-pt\/producto\/lovely-milky-brillo-de-labios\/#primaryimage\",\"url\":\"https:\/\/lovelycosmetics.eu\/wp-content\/uploads\/2023\/11\/US229N1_5905309902626.jpg\",\"contentUrl\":\"https:\/\/lovelycosmetics.eu\/wp-content\/uploads\/2023\/11\/US229N1_5905309902626.jpg\",\"width\":800,\"height\":800},{\"@type\":\"BreadcrumbList\",\"@id\":\"https:\/\/lovelycosmetics.eu\/pt-pt\/producto\/lovely-milky-brillo-de-labios\/#breadcrumb\",\"itemListElement\":[{\"@type\":\"ListItem\",\"position\":1,\"name\":\"Portada\",\"item\":\"https:\/\/lovelycosmetics.eu\/pt-pt\/\"},{\"@type\":\"ListItem\",\"position\":2,\"name\":\"P\u00e1gina de inicio\",\"item\":\"https:\/\/lovelycosmetics.eu\/?page_id=16876\"},{\"@type\":\"ListItem\",\"position\":3,\"name\":\"Brilho Labial Milky Chocolate\"}]},{\"@type\":\"WebSite\",\"@id\":\"https:\/\/lovelycosmetics.eu\/pt-pt\/#website\",\"url\":\"https:\/\/lovelycosmetics.eu\/pt-pt\/\",\"name\":\"Lovely\",\"description\":\"Lovely\",\"potentialAction\":[{\"@type\":\"SearchAction\",\"target\":{\"@type\":\"EntryPoint\",\"urlTemplate\":\"https:\/\/lovelycosmetics.eu\/pt-pt\/?s={search_term_string}\"},\"query-input\":{\"@type\":\"PropertyValueSpecification\",\"valueRequired\":true,\"valueName\":\"search_term_string\"}}],\"inLanguage\":\"pt-PT\"}]}<\/script>\n<!-- \/ Yoast SEO plugin. -->","yoast_head_json":{"title":"Brilho Labial Milky Chocolate - Lovely","robots":{"index":"index","follow":"follow","max-snippet":"max-snippet:-1","max-image-preview":"max-image-preview:large","max-video-preview":"max-video-preview:-1"},"canonical":"https:\/\/lovelycosmetics.eu\/pt-pt\/producto\/lovely-milky-brillo-de-labios\/","og_locale":"pt_PT","og_type":"article","og_title":"Brilho Labial Milky Chocolate - Lovely","og_description":"Brilho  de l\u00e1bios   arom\u00e1tico com uma f\u00f3rmula rica e semi-transparente e um irresist\u00edvel aroma  a   chocolate. Cont\u00e9m ingredientes que nutrem a pele delicada dos l\u00e1bios, como  a   manteiga de karit\u00e9, o \u00f3leo de am\u00eandoas doces e o extrato de folhas de   alecrim. O brilho labial derrete agradavelmente nos l\u00e1bios, dando o efeito  de   l\u00e1bios de cristal sem uma sensa\u00e7\u00e3o pegajosa. Todos estes factores fazem  deste   brilho labial um puro prazer de utiliza\u00e7\u00e3o. Dispon\u00edvel em tr\u00eas tons de  nudez.","og_url":"https:\/\/lovelycosmetics.eu\/pt-pt\/producto\/lovely-milky-brillo-de-labios\/","og_site_name":"Lovely","article_modified_time":"2024-01-17T08:29:11+00:00","og_image":[{"width":800,"height":800,"url":"https:\/\/lovelycosmetics.eu\/wp-content\/uploads\/2023\/11\/US229N1_5905309902626.jpg","type":"image\/jpeg"}],"twitter_card":"summary_large_image","schema":{"@context":"https:\/\/schema.org","@graph":[{"@type":"WebPage","@id":"https:\/\/lovelycosmetics.eu\/pt-pt\/producto\/lovely-milky-brillo-de-labios\/","url":"https:\/\/lovelycosmetics.eu\/pt-pt\/producto\/lovely-milky-brillo-de-labios\/","name":"Brilho Labial Milky Chocolate - Lovely","isPartOf":{"@id":"https:\/\/lovelycosmetics.eu\/pt-pt\/#website"},"primaryImageOfPage":{"@id":"https:\/\/lovelycosmetics.eu\/pt-pt\/producto\/lovely-milky-brillo-de-labios\/#primaryimage"},"image":{"@id":"https:\/\/lovelycosmetics.eu\/pt-pt\/producto\/lovely-milky-brillo-de-labios\/#primaryimage"},"thumbnailUrl":"https:\/\/lovelycosmetics.eu\/wp-content\/uploads\/2023\/11\/US229N1_5905309902626.jpg","datePublished":"2023-12-21T13:03:50+00:00","dateModified":"2024-01-17T08:29:11+00:00","breadcrumb":{"@id":"https:\/\/lovelycosmetics.eu\/pt-pt\/producto\/lovely-milky-brillo-de-labios\/#breadcrumb"},"inLanguage":"pt-PT","potentialAction":[{"@type":"ReadAction","target":["https:\/\/lovelycosmetics.eu\/pt-pt\/producto\/lovely-milky-brillo-de-labios\/"]}]},{"@type":"ImageObject","inLanguage":"pt-PT","@id":"https:\/\/lovelycosmetics.eu\/pt-pt\/producto\/lovely-milky-brillo-de-labios\/#primaryimage","url":"https:\/\/lovelycosmetics.eu\/wp-content\/uploads\/2023\/11\/US229N1_5905309902626.jpg","contentUrl":"https:\/\/lovelycosmetics.eu\/wp-content\/uploads\/2023\/11\/US229N1_5905309902626.jpg","width":800,"height":800},{"@type":"BreadcrumbList","@id":"https:\/\/lovelycosmetics.eu\/pt-pt\/producto\/lovely-milky-brillo-de-labios\/#breadcrumb","itemListElement":[{"@type":"ListItem","position":1,"name":"Portada","item":"https:\/\/lovelycosmetics.eu\/pt-pt\/"},{"@type":"ListItem","position":2,"name":"P\u00e1gina de inicio","item":"https:\/\/lovelycosmetics.eu\/?page_id=16876"},{"@type":"ListItem","position":3,"name":"Brilho Labial Milky Chocolate"}]},{"@type":"WebSite","@id":"https:\/\/lovelycosmetics.eu\/pt-pt\/#website","url":"https:\/\/lovelycosmetics.eu\/pt-pt\/","name":"Lovely","description":"Lovely","potentialAction":[{"@type":"SearchAction","target":{"@type":"EntryPoint","urlTemplate":"https:\/\/lovelycosmetics.eu\/pt-pt\/?s={search_term_string}"},"query-input":{"@type":"PropertyValueSpecification","valueRequired":true,"valueName":"search_term_string"}}],"inLanguage":"pt-PT"}]}},"_links":{"self":[{"href":"https:\/\/lovelycosmetics.eu\/pt-pt\/wp-json\/wp\/v2\/product\/27535","targetHints":{"allow":["GET"]}}],"collection":[{"href":"https:\/\/lovelycosmetics.eu\/pt-pt\/wp-json\/wp\/v2\/product"}],"about":[{"href":"https:\/\/lovelycosmetics.eu\/pt-pt\/wp-json\/wp\/v2\/types\/product"}],"replies":[{"embeddable":true,"href":"https:\/\/lovelycosmetics.eu\/pt-pt\/wp-json\/wp\/v2\/comments?post=27535"}],"wp:featuredmedia":[{"embeddable":true,"href":"https:\/\/lovelycosmetics.eu\/pt-pt\/wp-json\/wp\/v2\/media\/27264"}],"wp:attachment":[{"href":"https:\/\/lovelycosmetics.eu\/pt-pt\/wp-json\/wp\/v2\/media?parent=27535"}],"wp:term":[{"taxonomy":"product_brand","embeddable":true,"href":"https:\/\/lovelycosmetics.eu\/pt-pt\/wp-json\/wp\/v2\/product_brand?post=27535"},{"taxonomy":"product_cat","embeddable":true,"href":"https:\/\/lovelycosmetics.eu\/pt-pt\/wp-json\/wp\/v2\/product_cat?post=27535"},{"taxonomy":"product_tag","embeddable":true,"href":"https:\/\/lovelycosmetics.eu\/pt-pt\/wp-json\/wp\/v2\/product_tag?post=27535"}],"curies":[{"name":"wp","href":"https:\/\/api.w.org\/{rel}","templated":true}]}}