{"id":27542,"date":"2023-12-12T10:02:19","date_gmt":"2023-12-12T10:02:19","guid":{"rendered":"https:\/\/lovelycosmetics.eu\/producto\/dreamy-sombra-de-ojos-liquida-n1\/"},"modified":"2024-01-17T08:22:13","modified_gmt":"2024-01-17T08:22:13","slug":"dreamy-sombra-de-ojos-liquida-n1","status":"publish","type":"product","link":"https:\/\/lovelycosmetics.eu\/pt-pt\/producto\/dreamy-sombra-de-ojos-liquida-n1\/","title":{"rendered":"Sombra L\u00edquida Dreamy"},"content":{"rendered":"<h4>Modo de uso<\/h4>\n<p>Use cores \u00e0 sua vontade. Recomendamos a utiliza\u00e7\u00e3o de uma tonalidade clara em toda a p\u00e1lpebra como base. Utilizar uma cor neutra como sombra de transi\u00e7\u00e3o e uma sombra mais escura para a parte m\u00f3vel da p\u00e1lpebra. Para definir o efeito, utilizar um prim\u00e1rio antes de aplicar a sombra de p\u00e1lpebra.<\/p>\n","protected":false},"excerpt":{"rendered":"<p>Sombras<br \/>\n  cintilantes e brilhantes. A<br \/>\n    f\u00f3rmula l\u00edquida especial, leve como uma pena e n\u00e3o pegajosa, permite<br \/>\n  uma<br \/>\n    aplica\u00e7\u00e3o r\u00e1pida e uniforme sem o indesej\u00e1vel efeito de crosta, mesmo<br \/>\n  quando<br \/>\n    aplicada com o dedo. O produto est\u00e1 dispon\u00edvel em duas tonalidades com<br \/>\n  brilho<br \/>\n    prateado e cor-de-rosa.<\/p>\n","protected":false},"featured_media":27165,"comment_status":"closed","ping_status":"closed","template":"","meta":[],"product_brand":[],"product_cat":[1477,1478,1162],"product_tag":[1491,1493],"class_list":{"0":"post-27542","1":"product","2":"type-product","3":"status-publish","4":"has-post-thumbnail","6":"product_cat-122023-pt-pt","7":"product_cat-new-2-pt-pt","8":"product_cat-sombra-dos-olhos","9":"product_tag-122023-pt-pt","10":"product_tag-new-pt-pt","12":"first","13":"instock","14":"shipping-taxable","15":"purchasable","16":"product-type-variable"},"yoast_head":"<!-- This site is optimized with the Yoast SEO plugin v24.9 - https:\/\/yoast.com\/wordpress\/plugins\/seo\/ -->\n<title>Sombra L\u00edquida Dreamy - Lovely<\/title>\n<meta name=\"robots\" content=\"index, follow, max-snippet:-1, max-image-preview:large, max-video-preview:-1\" \/>\n<link rel=\"canonical\" href=\"https:\/\/lovelycosmetics.eu\/pt-pt\/producto\/dreamy-sombra-de-ojos-liquida-n1\/\" \/>\n<meta property=\"og:locale\" content=\"pt_PT\" \/>\n<meta property=\"og:type\" content=\"article\" \/>\n<meta property=\"og:title\" content=\"Sombra L\u00edquida Dreamy - Lovely\" \/>\n<meta property=\"og:description\" content=\"Sombras  cintilantes e brilhantes. A   f\u00f3rmula l\u00edquida especial, leve como uma pena e n\u00e3o pegajosa, permite  uma   aplica\u00e7\u00e3o r\u00e1pida e uniforme sem o indesej\u00e1vel efeito de crosta, mesmo  quando   aplicada com o dedo. O produto est\u00e1 dispon\u00edvel em duas tonalidades com  brilho   prateado e cor-de-rosa.\" \/>\n<meta property=\"og:url\" content=\"https:\/\/lovelycosmetics.eu\/pt-pt\/producto\/dreamy-sombra-de-ojos-liquida-n1\/\" \/>\n<meta property=\"og:site_name\" content=\"Lovely\" \/>\n<meta property=\"article:modified_time\" content=\"2024-01-17T08:22:13+00:00\" \/>\n<meta property=\"og:image\" content=\"https:\/\/lovelycosmetics.eu\/wp-content\/uploads\/2023\/11\/OC714N1_5905309903647.jpg\" \/>\n\t<meta property=\"og:image:width\" content=\"800\" \/>\n\t<meta property=\"og:image:height\" content=\"800\" \/>\n\t<meta property=\"og:image:type\" content=\"image\/jpeg\" \/>\n<meta name=\"twitter:card\" content=\"summary_large_image\" \/>\n<script type=\"application\/ld+json\" class=\"yoast-schema-graph\">{\"@context\":\"https:\/\/schema.org\",\"@graph\":[{\"@type\":\"WebPage\",\"@id\":\"https:\/\/lovelycosmetics.eu\/pt-pt\/producto\/dreamy-sombra-de-ojos-liquida-n1\/\",\"url\":\"https:\/\/lovelycosmetics.eu\/pt-pt\/producto\/dreamy-sombra-de-ojos-liquida-n1\/\",\"name\":\"Sombra L\u00edquida Dreamy - Lovely\",\"isPartOf\":{\"@id\":\"https:\/\/lovelycosmetics.eu\/pt-pt\/#website\"},\"primaryImageOfPage\":{\"@id\":\"https:\/\/lovelycosmetics.eu\/pt-pt\/producto\/dreamy-sombra-de-ojos-liquida-n1\/#primaryimage\"},\"image\":{\"@id\":\"https:\/\/lovelycosmetics.eu\/pt-pt\/producto\/dreamy-sombra-de-ojos-liquida-n1\/#primaryimage\"},\"thumbnailUrl\":\"https:\/\/lovelycosmetics.eu\/wp-content\/uploads\/2023\/11\/OC714N1_5905309903647.jpg\",\"datePublished\":\"2023-12-12T10:02:19+00:00\",\"dateModified\":\"2024-01-17T08:22:13+00:00\",\"breadcrumb\":{\"@id\":\"https:\/\/lovelycosmetics.eu\/pt-pt\/producto\/dreamy-sombra-de-ojos-liquida-n1\/#breadcrumb\"},\"inLanguage\":\"pt-PT\",\"potentialAction\":[{\"@type\":\"ReadAction\",\"target\":[\"https:\/\/lovelycosmetics.eu\/pt-pt\/producto\/dreamy-sombra-de-ojos-liquida-n1\/\"]}]},{\"@type\":\"ImageObject\",\"inLanguage\":\"pt-PT\",\"@id\":\"https:\/\/lovelycosmetics.eu\/pt-pt\/producto\/dreamy-sombra-de-ojos-liquida-n1\/#primaryimage\",\"url\":\"https:\/\/lovelycosmetics.eu\/wp-content\/uploads\/2023\/11\/OC714N1_5905309903647.jpg\",\"contentUrl\":\"https:\/\/lovelycosmetics.eu\/wp-content\/uploads\/2023\/11\/OC714N1_5905309903647.jpg\",\"width\":800,\"height\":800},{\"@type\":\"BreadcrumbList\",\"@id\":\"https:\/\/lovelycosmetics.eu\/pt-pt\/producto\/dreamy-sombra-de-ojos-liquida-n1\/#breadcrumb\",\"itemListElement\":[{\"@type\":\"ListItem\",\"position\":1,\"name\":\"Portada\",\"item\":\"https:\/\/lovelycosmetics.eu\/pt-pt\/\"},{\"@type\":\"ListItem\",\"position\":2,\"name\":\"P\u00e1gina de inicio\",\"item\":\"https:\/\/lovelycosmetics.eu\/?page_id=16876\"},{\"@type\":\"ListItem\",\"position\":3,\"name\":\"Sombra L\u00edquida Dreamy\"}]},{\"@type\":\"WebSite\",\"@id\":\"https:\/\/lovelycosmetics.eu\/pt-pt\/#website\",\"url\":\"https:\/\/lovelycosmetics.eu\/pt-pt\/\",\"name\":\"Lovely\",\"description\":\"Lovely\",\"potentialAction\":[{\"@type\":\"SearchAction\",\"target\":{\"@type\":\"EntryPoint\",\"urlTemplate\":\"https:\/\/lovelycosmetics.eu\/pt-pt\/?s={search_term_string}\"},\"query-input\":{\"@type\":\"PropertyValueSpecification\",\"valueRequired\":true,\"valueName\":\"search_term_string\"}}],\"inLanguage\":\"pt-PT\"}]}<\/script>\n<!-- \/ Yoast SEO plugin. -->","yoast_head_json":{"title":"Sombra L\u00edquida Dreamy - Lovely","robots":{"index":"index","follow":"follow","max-snippet":"max-snippet:-1","max-image-preview":"max-image-preview:large","max-video-preview":"max-video-preview:-1"},"canonical":"https:\/\/lovelycosmetics.eu\/pt-pt\/producto\/dreamy-sombra-de-ojos-liquida-n1\/","og_locale":"pt_PT","og_type":"article","og_title":"Sombra L\u00edquida Dreamy - Lovely","og_description":"Sombras  cintilantes e brilhantes. A   f\u00f3rmula l\u00edquida especial, leve como uma pena e n\u00e3o pegajosa, permite  uma   aplica\u00e7\u00e3o r\u00e1pida e uniforme sem o indesej\u00e1vel efeito de crosta, mesmo  quando   aplicada com o dedo. O produto est\u00e1 dispon\u00edvel em duas tonalidades com  brilho   prateado e cor-de-rosa.","og_url":"https:\/\/lovelycosmetics.eu\/pt-pt\/producto\/dreamy-sombra-de-ojos-liquida-n1\/","og_site_name":"Lovely","article_modified_time":"2024-01-17T08:22:13+00:00","og_image":[{"width":800,"height":800,"url":"https:\/\/lovelycosmetics.eu\/wp-content\/uploads\/2023\/11\/OC714N1_5905309903647.jpg","type":"image\/jpeg"}],"twitter_card":"summary_large_image","schema":{"@context":"https:\/\/schema.org","@graph":[{"@type":"WebPage","@id":"https:\/\/lovelycosmetics.eu\/pt-pt\/producto\/dreamy-sombra-de-ojos-liquida-n1\/","url":"https:\/\/lovelycosmetics.eu\/pt-pt\/producto\/dreamy-sombra-de-ojos-liquida-n1\/","name":"Sombra L\u00edquida Dreamy - Lovely","isPartOf":{"@id":"https:\/\/lovelycosmetics.eu\/pt-pt\/#website"},"primaryImageOfPage":{"@id":"https:\/\/lovelycosmetics.eu\/pt-pt\/producto\/dreamy-sombra-de-ojos-liquida-n1\/#primaryimage"},"image":{"@id":"https:\/\/lovelycosmetics.eu\/pt-pt\/producto\/dreamy-sombra-de-ojos-liquida-n1\/#primaryimage"},"thumbnailUrl":"https:\/\/lovelycosmetics.eu\/wp-content\/uploads\/2023\/11\/OC714N1_5905309903647.jpg","datePublished":"2023-12-12T10:02:19+00:00","dateModified":"2024-01-17T08:22:13+00:00","breadcrumb":{"@id":"https:\/\/lovelycosmetics.eu\/pt-pt\/producto\/dreamy-sombra-de-ojos-liquida-n1\/#breadcrumb"},"inLanguage":"pt-PT","potentialAction":[{"@type":"ReadAction","target":["https:\/\/lovelycosmetics.eu\/pt-pt\/producto\/dreamy-sombra-de-ojos-liquida-n1\/"]}]},{"@type":"ImageObject","inLanguage":"pt-PT","@id":"https:\/\/lovelycosmetics.eu\/pt-pt\/producto\/dreamy-sombra-de-ojos-liquida-n1\/#primaryimage","url":"https:\/\/lovelycosmetics.eu\/wp-content\/uploads\/2023\/11\/OC714N1_5905309903647.jpg","contentUrl":"https:\/\/lovelycosmetics.eu\/wp-content\/uploads\/2023\/11\/OC714N1_5905309903647.jpg","width":800,"height":800},{"@type":"BreadcrumbList","@id":"https:\/\/lovelycosmetics.eu\/pt-pt\/producto\/dreamy-sombra-de-ojos-liquida-n1\/#breadcrumb","itemListElement":[{"@type":"ListItem","position":1,"name":"Portada","item":"https:\/\/lovelycosmetics.eu\/pt-pt\/"},{"@type":"ListItem","position":2,"name":"P\u00e1gina de inicio","item":"https:\/\/lovelycosmetics.eu\/?page_id=16876"},{"@type":"ListItem","position":3,"name":"Sombra L\u00edquida Dreamy"}]},{"@type":"WebSite","@id":"https:\/\/lovelycosmetics.eu\/pt-pt\/#website","url":"https:\/\/lovelycosmetics.eu\/pt-pt\/","name":"Lovely","description":"Lovely","potentialAction":[{"@type":"SearchAction","target":{"@type":"EntryPoint","urlTemplate":"https:\/\/lovelycosmetics.eu\/pt-pt\/?s={search_term_string}"},"query-input":{"@type":"PropertyValueSpecification","valueRequired":true,"valueName":"search_term_string"}}],"inLanguage":"pt-PT"}]}},"_links":{"self":[{"href":"https:\/\/lovelycosmetics.eu\/pt-pt\/wp-json\/wp\/v2\/product\/27542","targetHints":{"allow":["GET"]}}],"collection":[{"href":"https:\/\/lovelycosmetics.eu\/pt-pt\/wp-json\/wp\/v2\/product"}],"about":[{"href":"https:\/\/lovelycosmetics.eu\/pt-pt\/wp-json\/wp\/v2\/types\/product"}],"replies":[{"embeddable":true,"href":"https:\/\/lovelycosmetics.eu\/pt-pt\/wp-json\/wp\/v2\/comments?post=27542"}],"wp:featuredmedia":[{"embeddable":true,"href":"https:\/\/lovelycosmetics.eu\/pt-pt\/wp-json\/wp\/v2\/media\/27165"}],"wp:attachment":[{"href":"https:\/\/lovelycosmetics.eu\/pt-pt\/wp-json\/wp\/v2\/media?parent=27542"}],"wp:term":[{"taxonomy":"product_brand","embeddable":true,"href":"https:\/\/lovelycosmetics.eu\/pt-pt\/wp-json\/wp\/v2\/product_brand?post=27542"},{"taxonomy":"product_cat","embeddable":true,"href":"https:\/\/lovelycosmetics.eu\/pt-pt\/wp-json\/wp\/v2\/product_cat?post=27542"},{"taxonomy":"product_tag","embeddable":true,"href":"https:\/\/lovelycosmetics.eu\/pt-pt\/wp-json\/wp\/v2\/product_tag?post=27542"}],"curies":[{"name":"wp","href":"https:\/\/api.w.org\/{rel}","templated":true}]}}