{"id":27604,"date":"2023-12-12T10:01:40","date_gmt":"2023-12-12T10:01:40","guid":{"rendered":"https:\/\/lovelycosmetics.eu\/producto\/glossy-new-eyeliner\/"},"modified":"2024-01-16T12:55:40","modified_gmt":"2024-01-16T12:55:40","slug":"glossy-new-eyeliner","status":"publish","type":"product","link":"https:\/\/lovelycosmetics.eu\/pt-pt\/producto\/glossy-new-eyeliner\/","title":{"rendered":"Eyeliner Glossy New"},"content":{"rendered":"<h4>Modo<br \/>\n  de<br \/>\n    uso<\/h4>\n<p>Tra\u00e7ar a linha das pestanas superiores come\u00e7ando pela<br \/>\n    borda exterior e aplicar o produto um pouco de cada vez perto da raiz das<\/p>\n<p>    pestanas superiores. Pode tamb\u00e9m utiliz\u00e1-lo na linha das pestanas<br \/>\n  inferiores<br \/>\n    ou na linha de \u00e1gua para adicionar intensidade \u00e0 maquilhagem dos seus<\/p>\n<p>    olhos.<\/p>\n<\/p>\n<h4>Ingredientes<\/h4>\n<p>\n    Aqua, Styrene\/Acrylates Copolymer, Glycerin, Acrylamide\/Sodium<br \/>\n    Acryloyldimethyltaurate Copolymer, PVP, Isohexadecane, Phenoxyethanol,<\/p>\n<p>    Polysorbate 80, Allantoin, Sorbitan Oleate, Ethylhexylglycerin, Tocopherol,<\/p>\n<p>    CI 77499.<\/p>\n","protected":false},"excerpt":{"rendered":"<p>O<br \/>\n  eyeliner brilhante proporciona um<br \/>\n    acabamento brilhante \u00e0 maquilhagem dos olhos. Pincel para uma aplica\u00e7\u00e3o<br \/>\n  f\u00e1cil<br \/>\n    e precisa do eyeliner. A cor preta profunda e brilhante, combinada com<br \/>\n  o<br \/>\n    efeito de \u00e1gua, confere \u00e0 p\u00e1lpebra um aspeto extravagante.<\/p>\n","protected":false},"featured_media":27174,"comment_status":"closed","ping_status":"closed","template":"","meta":[],"product_brand":[],"product_cat":[1477,1182,1478],"product_tag":[1491,1493],"class_list":{"0":"post-27604","1":"product","2":"type-product","3":"status-publish","4":"has-post-thumbnail","6":"product_cat-122023-pt-pt","7":"product_cat-deliniador","8":"product_cat-new-2-pt-pt","9":"product_tag-122023-pt-pt","10":"product_tag-new-pt-pt","12":"first","13":"instock","14":"shipping-taxable","15":"purchasable","16":"product-type-simple"},"yoast_head":"<!-- This site is optimized with the Yoast SEO plugin v24.9 - https:\/\/yoast.com\/wordpress\/plugins\/seo\/ -->\n<title>Eyeliner Glossy New - Lovely<\/title>\n<meta name=\"robots\" content=\"index, follow, max-snippet:-1, max-image-preview:large, max-video-preview:-1\" \/>\n<link rel=\"canonical\" href=\"https:\/\/lovelycosmetics.eu\/pt-pt\/producto\/glossy-new-eyeliner\/\" \/>\n<meta property=\"og:locale\" content=\"pt_PT\" \/>\n<meta property=\"og:type\" content=\"article\" \/>\n<meta property=\"og:title\" content=\"Eyeliner Glossy New - Lovely\" \/>\n<meta property=\"og:description\" content=\"O  eyeliner brilhante proporciona um   acabamento brilhante \u00e0 maquilhagem dos olhos. Pincel para uma aplica\u00e7\u00e3o  f\u00e1cil   e precisa do eyeliner. A cor preta profunda e brilhante, combinada com  o   efeito de \u00e1gua, confere \u00e0 p\u00e1lpebra um aspeto extravagante.\" \/>\n<meta property=\"og:url\" content=\"https:\/\/lovelycosmetics.eu\/pt-pt\/producto\/glossy-new-eyeliner\/\" \/>\n<meta property=\"og:site_name\" content=\"Lovely\" \/>\n<meta property=\"article:modified_time\" content=\"2024-01-16T12:55:40+00:00\" \/>\n<meta property=\"og:image\" content=\"https:\/\/lovelycosmetics.eu\/wp-content\/uploads\/2023\/11\/OC737_5905309903951.jpg\" \/>\n\t<meta property=\"og:image:width\" content=\"800\" \/>\n\t<meta property=\"og:image:height\" content=\"800\" \/>\n\t<meta property=\"og:image:type\" content=\"image\/jpeg\" \/>\n<meta name=\"twitter:card\" content=\"summary_large_image\" \/>\n<script type=\"application\/ld+json\" class=\"yoast-schema-graph\">{\"@context\":\"https:\/\/schema.org\",\"@graph\":[{\"@type\":\"WebPage\",\"@id\":\"https:\/\/lovelycosmetics.eu\/pt-pt\/producto\/glossy-new-eyeliner\/\",\"url\":\"https:\/\/lovelycosmetics.eu\/pt-pt\/producto\/glossy-new-eyeliner\/\",\"name\":\"Eyeliner Glossy New - Lovely\",\"isPartOf\":{\"@id\":\"https:\/\/lovelycosmetics.eu\/pt-pt\/#website\"},\"primaryImageOfPage\":{\"@id\":\"https:\/\/lovelycosmetics.eu\/pt-pt\/producto\/glossy-new-eyeliner\/#primaryimage\"},\"image\":{\"@id\":\"https:\/\/lovelycosmetics.eu\/pt-pt\/producto\/glossy-new-eyeliner\/#primaryimage\"},\"thumbnailUrl\":\"https:\/\/lovelycosmetics.eu\/wp-content\/uploads\/2023\/11\/OC737_5905309903951.jpg\",\"datePublished\":\"2023-12-12T10:01:40+00:00\",\"dateModified\":\"2024-01-16T12:55:40+00:00\",\"breadcrumb\":{\"@id\":\"https:\/\/lovelycosmetics.eu\/pt-pt\/producto\/glossy-new-eyeliner\/#breadcrumb\"},\"inLanguage\":\"pt-PT\",\"potentialAction\":[{\"@type\":\"ReadAction\",\"target\":[\"https:\/\/lovelycosmetics.eu\/pt-pt\/producto\/glossy-new-eyeliner\/\"]}]},{\"@type\":\"ImageObject\",\"inLanguage\":\"pt-PT\",\"@id\":\"https:\/\/lovelycosmetics.eu\/pt-pt\/producto\/glossy-new-eyeliner\/#primaryimage\",\"url\":\"https:\/\/lovelycosmetics.eu\/wp-content\/uploads\/2023\/11\/OC737_5905309903951.jpg\",\"contentUrl\":\"https:\/\/lovelycosmetics.eu\/wp-content\/uploads\/2023\/11\/OC737_5905309903951.jpg\",\"width\":800,\"height\":800},{\"@type\":\"BreadcrumbList\",\"@id\":\"https:\/\/lovelycosmetics.eu\/pt-pt\/producto\/glossy-new-eyeliner\/#breadcrumb\",\"itemListElement\":[{\"@type\":\"ListItem\",\"position\":1,\"name\":\"Portada\",\"item\":\"https:\/\/lovelycosmetics.eu\/pt-pt\/\"},{\"@type\":\"ListItem\",\"position\":2,\"name\":\"P\u00e1gina de inicio\",\"item\":\"https:\/\/lovelycosmetics.eu\/?page_id=16876\"},{\"@type\":\"ListItem\",\"position\":3,\"name\":\"Eyeliner Glossy New\"}]},{\"@type\":\"WebSite\",\"@id\":\"https:\/\/lovelycosmetics.eu\/pt-pt\/#website\",\"url\":\"https:\/\/lovelycosmetics.eu\/pt-pt\/\",\"name\":\"Lovely\",\"description\":\"Lovely\",\"potentialAction\":[{\"@type\":\"SearchAction\",\"target\":{\"@type\":\"EntryPoint\",\"urlTemplate\":\"https:\/\/lovelycosmetics.eu\/pt-pt\/?s={search_term_string}\"},\"query-input\":{\"@type\":\"PropertyValueSpecification\",\"valueRequired\":true,\"valueName\":\"search_term_string\"}}],\"inLanguage\":\"pt-PT\"}]}<\/script>\n<!-- \/ Yoast SEO plugin. -->","yoast_head_json":{"title":"Eyeliner Glossy New - Lovely","robots":{"index":"index","follow":"follow","max-snippet":"max-snippet:-1","max-image-preview":"max-image-preview:large","max-video-preview":"max-video-preview:-1"},"canonical":"https:\/\/lovelycosmetics.eu\/pt-pt\/producto\/glossy-new-eyeliner\/","og_locale":"pt_PT","og_type":"article","og_title":"Eyeliner Glossy New - Lovely","og_description":"O  eyeliner brilhante proporciona um   acabamento brilhante \u00e0 maquilhagem dos olhos. Pincel para uma aplica\u00e7\u00e3o  f\u00e1cil   e precisa do eyeliner. A cor preta profunda e brilhante, combinada com  o   efeito de \u00e1gua, confere \u00e0 p\u00e1lpebra um aspeto extravagante.","og_url":"https:\/\/lovelycosmetics.eu\/pt-pt\/producto\/glossy-new-eyeliner\/","og_site_name":"Lovely","article_modified_time":"2024-01-16T12:55:40+00:00","og_image":[{"width":800,"height":800,"url":"https:\/\/lovelycosmetics.eu\/wp-content\/uploads\/2023\/11\/OC737_5905309903951.jpg","type":"image\/jpeg"}],"twitter_card":"summary_large_image","schema":{"@context":"https:\/\/schema.org","@graph":[{"@type":"WebPage","@id":"https:\/\/lovelycosmetics.eu\/pt-pt\/producto\/glossy-new-eyeliner\/","url":"https:\/\/lovelycosmetics.eu\/pt-pt\/producto\/glossy-new-eyeliner\/","name":"Eyeliner Glossy New - Lovely","isPartOf":{"@id":"https:\/\/lovelycosmetics.eu\/pt-pt\/#website"},"primaryImageOfPage":{"@id":"https:\/\/lovelycosmetics.eu\/pt-pt\/producto\/glossy-new-eyeliner\/#primaryimage"},"image":{"@id":"https:\/\/lovelycosmetics.eu\/pt-pt\/producto\/glossy-new-eyeliner\/#primaryimage"},"thumbnailUrl":"https:\/\/lovelycosmetics.eu\/wp-content\/uploads\/2023\/11\/OC737_5905309903951.jpg","datePublished":"2023-12-12T10:01:40+00:00","dateModified":"2024-01-16T12:55:40+00:00","breadcrumb":{"@id":"https:\/\/lovelycosmetics.eu\/pt-pt\/producto\/glossy-new-eyeliner\/#breadcrumb"},"inLanguage":"pt-PT","potentialAction":[{"@type":"ReadAction","target":["https:\/\/lovelycosmetics.eu\/pt-pt\/producto\/glossy-new-eyeliner\/"]}]},{"@type":"ImageObject","inLanguage":"pt-PT","@id":"https:\/\/lovelycosmetics.eu\/pt-pt\/producto\/glossy-new-eyeliner\/#primaryimage","url":"https:\/\/lovelycosmetics.eu\/wp-content\/uploads\/2023\/11\/OC737_5905309903951.jpg","contentUrl":"https:\/\/lovelycosmetics.eu\/wp-content\/uploads\/2023\/11\/OC737_5905309903951.jpg","width":800,"height":800},{"@type":"BreadcrumbList","@id":"https:\/\/lovelycosmetics.eu\/pt-pt\/producto\/glossy-new-eyeliner\/#breadcrumb","itemListElement":[{"@type":"ListItem","position":1,"name":"Portada","item":"https:\/\/lovelycosmetics.eu\/pt-pt\/"},{"@type":"ListItem","position":2,"name":"P\u00e1gina de inicio","item":"https:\/\/lovelycosmetics.eu\/?page_id=16876"},{"@type":"ListItem","position":3,"name":"Eyeliner Glossy New"}]},{"@type":"WebSite","@id":"https:\/\/lovelycosmetics.eu\/pt-pt\/#website","url":"https:\/\/lovelycosmetics.eu\/pt-pt\/","name":"Lovely","description":"Lovely","potentialAction":[{"@type":"SearchAction","target":{"@type":"EntryPoint","urlTemplate":"https:\/\/lovelycosmetics.eu\/pt-pt\/?s={search_term_string}"},"query-input":{"@type":"PropertyValueSpecification","valueRequired":true,"valueName":"search_term_string"}}],"inLanguage":"pt-PT"}]}},"_links":{"self":[{"href":"https:\/\/lovelycosmetics.eu\/pt-pt\/wp-json\/wp\/v2\/product\/27604","targetHints":{"allow":["GET"]}}],"collection":[{"href":"https:\/\/lovelycosmetics.eu\/pt-pt\/wp-json\/wp\/v2\/product"}],"about":[{"href":"https:\/\/lovelycosmetics.eu\/pt-pt\/wp-json\/wp\/v2\/types\/product"}],"replies":[{"embeddable":true,"href":"https:\/\/lovelycosmetics.eu\/pt-pt\/wp-json\/wp\/v2\/comments?post=27604"}],"wp:featuredmedia":[{"embeddable":true,"href":"https:\/\/lovelycosmetics.eu\/pt-pt\/wp-json\/wp\/v2\/media\/27174"}],"wp:attachment":[{"href":"https:\/\/lovelycosmetics.eu\/pt-pt\/wp-json\/wp\/v2\/media?parent=27604"}],"wp:term":[{"taxonomy":"product_brand","embeddable":true,"href":"https:\/\/lovelycosmetics.eu\/pt-pt\/wp-json\/wp\/v2\/product_brand?post=27604"},{"taxonomy":"product_cat","embeddable":true,"href":"https:\/\/lovelycosmetics.eu\/pt-pt\/wp-json\/wp\/v2\/product_cat?post=27604"},{"taxonomy":"product_tag","embeddable":true,"href":"https:\/\/lovelycosmetics.eu\/pt-pt\/wp-json\/wp\/v2\/product_tag?post=27604"}],"curies":[{"name":"wp","href":"https:\/\/api.w.org\/{rel}","templated":true}]}}