{"id":27606,"date":"2023-12-12T10:01:40","date_gmt":"2023-12-12T10:01:40","guid":{"rendered":"https:\/\/lovelycosmetics.eu\/producto\/fast-dry-new-eyeliner\/"},"modified":"2024-01-16T12:55:40","modified_gmt":"2024-01-16T12:55:40","slug":"fast-dry-new-eyeliner","status":"publish","type":"product","link":"https:\/\/lovelycosmetics.eu\/pt-pt\/producto\/fast-dry-new-eyeliner\/","title":{"rendered":"Eyeliner Fast Dry New"},"content":{"rendered":"<h4>Modo<br \/>\n  de<br \/>\n    uso<\/h4>\n<p>Tra\u00e7ar a linha das pestanas superiores come\u00e7ando pela<br \/>\n    borda exterior e aplicar o produto um pouco de cada vez perto da raiz das<\/p>\n<p>    pestanas superiores. Pode tamb\u00e9m utiliz\u00e1-lo na linha das pestanas<br \/>\n  inferiores<br \/>\n    ou na linha de \u00e1gua para adicionar intensidade \u00e0 maquilhagem dos seus<\/p>\n<p>    olhos.<\/p>\n<\/p>\n<h4>Ingredientes<\/h4>\n<p>\n    Aqua, CI 77499, Propylene Glycol, Styrene\/Acrylates Copolymer, CI 77266<\/p>\n<p>    [nano], Magnesium Aluminum Silicate, Phenoxyethanol, Sodium Dehydroacetate,<\/p>\n<p>    Xanthan Gum, Potassium Sorbate, Allantoin, Microcrystalline Cellulose,<\/p>\n<p>    PPG-26-Buteth-26, C12-14 Sec-Pareth-5, PEG-40 Hydrogenated Castor Oil,<\/p>\n<p>    Ethylhexylglycerin, Cellulose Gum, Cellulose, Quartz, Tocopherol.<\/p>\n","protected":false},"excerpt":{"rendered":"<p>Delineador<br \/>\n  negro de secado r\u00e1pido. Ideal<br \/>\n    para principiantes que comienzan su aventura con el maquillaje de ojos.<br \/>\n  El<br \/>\n    aplicador tradicional se desliza f\u00e1cilmente a lo largo del p\u00e1rpado,<br \/>\n  creando<br \/>\n    una l\u00ednea perfecta. La f\u00f3rmula de secado r\u00e1pido evita que el eyeliner<br \/>\n  se<br \/>\n    difumine, por lo que el maquillaje permanece inalterable. Delineador<br \/>\n  l\u00edquido<br \/>\n    negro intenso, con excelente durabilidad y facilidad de aplicaci\u00f3n.<\/p>\n","protected":false},"featured_media":27171,"comment_status":"closed","ping_status":"closed","template":"","meta":[],"product_brand":[],"product_cat":[1477,1182,1478],"product_tag":[1491,1493],"class_list":{"0":"post-27606","1":"product","2":"type-product","3":"status-publish","4":"has-post-thumbnail","6":"product_cat-122023-pt-pt","7":"product_cat-deliniador","8":"product_cat-new-2-pt-pt","9":"product_tag-122023-pt-pt","10":"product_tag-new-pt-pt","12":"first","13":"instock","14":"shipping-taxable","15":"purchasable","16":"product-type-simple"},"yoast_head":"<!-- This site is optimized with the Yoast SEO plugin v24.9 - https:\/\/yoast.com\/wordpress\/plugins\/seo\/ -->\n<title>Eyeliner Fast Dry New - Lovely<\/title>\n<meta name=\"robots\" content=\"index, follow, max-snippet:-1, max-image-preview:large, max-video-preview:-1\" \/>\n<link rel=\"canonical\" href=\"https:\/\/lovelycosmetics.eu\/pt-pt\/producto\/fast-dry-new-eyeliner\/\" \/>\n<meta property=\"og:locale\" content=\"pt_PT\" \/>\n<meta property=\"og:type\" content=\"article\" \/>\n<meta property=\"og:title\" content=\"Eyeliner Fast Dry New - Lovely\" \/>\n<meta property=\"og:description\" content=\"Delineador  negro de secado r\u00e1pido. Ideal   para principiantes que comienzan su aventura con el maquillaje de ojos.  El   aplicador tradicional se desliza f\u00e1cilmente a lo largo del p\u00e1rpado,  creando   una l\u00ednea perfecta. La f\u00f3rmula de secado r\u00e1pido evita que el eyeliner  se   difumine, por lo que el maquillaje permanece inalterable. Delineador  l\u00edquido   negro intenso, con excelente durabilidad y facilidad de aplicaci\u00f3n.\" \/>\n<meta property=\"og:url\" content=\"https:\/\/lovelycosmetics.eu\/pt-pt\/producto\/fast-dry-new-eyeliner\/\" \/>\n<meta property=\"og:site_name\" content=\"Lovely\" \/>\n<meta property=\"article:modified_time\" content=\"2024-01-16T12:55:40+00:00\" \/>\n<meta property=\"og:image\" content=\"https:\/\/lovelycosmetics.eu\/wp-content\/uploads\/2023\/11\/OC736_5905309903944.jpg\" \/>\n\t<meta property=\"og:image:width\" content=\"800\" \/>\n\t<meta property=\"og:image:height\" content=\"800\" \/>\n\t<meta property=\"og:image:type\" content=\"image\/jpeg\" \/>\n<meta name=\"twitter:card\" content=\"summary_large_image\" \/>\n<script type=\"application\/ld+json\" class=\"yoast-schema-graph\">{\"@context\":\"https:\/\/schema.org\",\"@graph\":[{\"@type\":\"WebPage\",\"@id\":\"https:\/\/lovelycosmetics.eu\/pt-pt\/producto\/fast-dry-new-eyeliner\/\",\"url\":\"https:\/\/lovelycosmetics.eu\/pt-pt\/producto\/fast-dry-new-eyeliner\/\",\"name\":\"Eyeliner Fast Dry New - Lovely\",\"isPartOf\":{\"@id\":\"https:\/\/lovelycosmetics.eu\/pt-pt\/#website\"},\"primaryImageOfPage\":{\"@id\":\"https:\/\/lovelycosmetics.eu\/pt-pt\/producto\/fast-dry-new-eyeliner\/#primaryimage\"},\"image\":{\"@id\":\"https:\/\/lovelycosmetics.eu\/pt-pt\/producto\/fast-dry-new-eyeliner\/#primaryimage\"},\"thumbnailUrl\":\"https:\/\/lovelycosmetics.eu\/wp-content\/uploads\/2023\/11\/OC736_5905309903944.jpg\",\"datePublished\":\"2023-12-12T10:01:40+00:00\",\"dateModified\":\"2024-01-16T12:55:40+00:00\",\"breadcrumb\":{\"@id\":\"https:\/\/lovelycosmetics.eu\/pt-pt\/producto\/fast-dry-new-eyeliner\/#breadcrumb\"},\"inLanguage\":\"pt-PT\",\"potentialAction\":[{\"@type\":\"ReadAction\",\"target\":[\"https:\/\/lovelycosmetics.eu\/pt-pt\/producto\/fast-dry-new-eyeliner\/\"]}]},{\"@type\":\"ImageObject\",\"inLanguage\":\"pt-PT\",\"@id\":\"https:\/\/lovelycosmetics.eu\/pt-pt\/producto\/fast-dry-new-eyeliner\/#primaryimage\",\"url\":\"https:\/\/lovelycosmetics.eu\/wp-content\/uploads\/2023\/11\/OC736_5905309903944.jpg\",\"contentUrl\":\"https:\/\/lovelycosmetics.eu\/wp-content\/uploads\/2023\/11\/OC736_5905309903944.jpg\",\"width\":800,\"height\":800},{\"@type\":\"BreadcrumbList\",\"@id\":\"https:\/\/lovelycosmetics.eu\/pt-pt\/producto\/fast-dry-new-eyeliner\/#breadcrumb\",\"itemListElement\":[{\"@type\":\"ListItem\",\"position\":1,\"name\":\"Portada\",\"item\":\"https:\/\/lovelycosmetics.eu\/pt-pt\/\"},{\"@type\":\"ListItem\",\"position\":2,\"name\":\"P\u00e1gina de inicio\",\"item\":\"https:\/\/lovelycosmetics.eu\/?page_id=16876\"},{\"@type\":\"ListItem\",\"position\":3,\"name\":\"Eyeliner Fast Dry New\"}]},{\"@type\":\"WebSite\",\"@id\":\"https:\/\/lovelycosmetics.eu\/pt-pt\/#website\",\"url\":\"https:\/\/lovelycosmetics.eu\/pt-pt\/\",\"name\":\"Lovely\",\"description\":\"Lovely\",\"potentialAction\":[{\"@type\":\"SearchAction\",\"target\":{\"@type\":\"EntryPoint\",\"urlTemplate\":\"https:\/\/lovelycosmetics.eu\/pt-pt\/?s={search_term_string}\"},\"query-input\":{\"@type\":\"PropertyValueSpecification\",\"valueRequired\":true,\"valueName\":\"search_term_string\"}}],\"inLanguage\":\"pt-PT\"}]}<\/script>\n<!-- \/ Yoast SEO plugin. -->","yoast_head_json":{"title":"Eyeliner Fast Dry New - Lovely","robots":{"index":"index","follow":"follow","max-snippet":"max-snippet:-1","max-image-preview":"max-image-preview:large","max-video-preview":"max-video-preview:-1"},"canonical":"https:\/\/lovelycosmetics.eu\/pt-pt\/producto\/fast-dry-new-eyeliner\/","og_locale":"pt_PT","og_type":"article","og_title":"Eyeliner Fast Dry New - Lovely","og_description":"Delineador  negro de secado r\u00e1pido. Ideal   para principiantes que comienzan su aventura con el maquillaje de ojos.  El   aplicador tradicional se desliza f\u00e1cilmente a lo largo del p\u00e1rpado,  creando   una l\u00ednea perfecta. La f\u00f3rmula de secado r\u00e1pido evita que el eyeliner  se   difumine, por lo que el maquillaje permanece inalterable. Delineador  l\u00edquido   negro intenso, con excelente durabilidad y facilidad de aplicaci\u00f3n.","og_url":"https:\/\/lovelycosmetics.eu\/pt-pt\/producto\/fast-dry-new-eyeliner\/","og_site_name":"Lovely","article_modified_time":"2024-01-16T12:55:40+00:00","og_image":[{"width":800,"height":800,"url":"https:\/\/lovelycosmetics.eu\/wp-content\/uploads\/2023\/11\/OC736_5905309903944.jpg","type":"image\/jpeg"}],"twitter_card":"summary_large_image","schema":{"@context":"https:\/\/schema.org","@graph":[{"@type":"WebPage","@id":"https:\/\/lovelycosmetics.eu\/pt-pt\/producto\/fast-dry-new-eyeliner\/","url":"https:\/\/lovelycosmetics.eu\/pt-pt\/producto\/fast-dry-new-eyeliner\/","name":"Eyeliner Fast Dry New - Lovely","isPartOf":{"@id":"https:\/\/lovelycosmetics.eu\/pt-pt\/#website"},"primaryImageOfPage":{"@id":"https:\/\/lovelycosmetics.eu\/pt-pt\/producto\/fast-dry-new-eyeliner\/#primaryimage"},"image":{"@id":"https:\/\/lovelycosmetics.eu\/pt-pt\/producto\/fast-dry-new-eyeliner\/#primaryimage"},"thumbnailUrl":"https:\/\/lovelycosmetics.eu\/wp-content\/uploads\/2023\/11\/OC736_5905309903944.jpg","datePublished":"2023-12-12T10:01:40+00:00","dateModified":"2024-01-16T12:55:40+00:00","breadcrumb":{"@id":"https:\/\/lovelycosmetics.eu\/pt-pt\/producto\/fast-dry-new-eyeliner\/#breadcrumb"},"inLanguage":"pt-PT","potentialAction":[{"@type":"ReadAction","target":["https:\/\/lovelycosmetics.eu\/pt-pt\/producto\/fast-dry-new-eyeliner\/"]}]},{"@type":"ImageObject","inLanguage":"pt-PT","@id":"https:\/\/lovelycosmetics.eu\/pt-pt\/producto\/fast-dry-new-eyeliner\/#primaryimage","url":"https:\/\/lovelycosmetics.eu\/wp-content\/uploads\/2023\/11\/OC736_5905309903944.jpg","contentUrl":"https:\/\/lovelycosmetics.eu\/wp-content\/uploads\/2023\/11\/OC736_5905309903944.jpg","width":800,"height":800},{"@type":"BreadcrumbList","@id":"https:\/\/lovelycosmetics.eu\/pt-pt\/producto\/fast-dry-new-eyeliner\/#breadcrumb","itemListElement":[{"@type":"ListItem","position":1,"name":"Portada","item":"https:\/\/lovelycosmetics.eu\/pt-pt\/"},{"@type":"ListItem","position":2,"name":"P\u00e1gina de inicio","item":"https:\/\/lovelycosmetics.eu\/?page_id=16876"},{"@type":"ListItem","position":3,"name":"Eyeliner Fast Dry New"}]},{"@type":"WebSite","@id":"https:\/\/lovelycosmetics.eu\/pt-pt\/#website","url":"https:\/\/lovelycosmetics.eu\/pt-pt\/","name":"Lovely","description":"Lovely","potentialAction":[{"@type":"SearchAction","target":{"@type":"EntryPoint","urlTemplate":"https:\/\/lovelycosmetics.eu\/pt-pt\/?s={search_term_string}"},"query-input":{"@type":"PropertyValueSpecification","valueRequired":true,"valueName":"search_term_string"}}],"inLanguage":"pt-PT"}]}},"_links":{"self":[{"href":"https:\/\/lovelycosmetics.eu\/pt-pt\/wp-json\/wp\/v2\/product\/27606","targetHints":{"allow":["GET"]}}],"collection":[{"href":"https:\/\/lovelycosmetics.eu\/pt-pt\/wp-json\/wp\/v2\/product"}],"about":[{"href":"https:\/\/lovelycosmetics.eu\/pt-pt\/wp-json\/wp\/v2\/types\/product"}],"replies":[{"embeddable":true,"href":"https:\/\/lovelycosmetics.eu\/pt-pt\/wp-json\/wp\/v2\/comments?post=27606"}],"wp:featuredmedia":[{"embeddable":true,"href":"https:\/\/lovelycosmetics.eu\/pt-pt\/wp-json\/wp\/v2\/media\/27171"}],"wp:attachment":[{"href":"https:\/\/lovelycosmetics.eu\/pt-pt\/wp-json\/wp\/v2\/media?parent=27606"}],"wp:term":[{"taxonomy":"product_brand","embeddable":true,"href":"https:\/\/lovelycosmetics.eu\/pt-pt\/wp-json\/wp\/v2\/product_brand?post=27606"},{"taxonomy":"product_cat","embeddable":true,"href":"https:\/\/lovelycosmetics.eu\/pt-pt\/wp-json\/wp\/v2\/product_cat?post=27606"},{"taxonomy":"product_tag","embeddable":true,"href":"https:\/\/lovelycosmetics.eu\/pt-pt\/wp-json\/wp\/v2\/product_tag?post=27606"}],"curies":[{"name":"wp","href":"https:\/\/api.w.org\/{rel}","templated":true}]}}