{"id":27610,"date":"2023-12-12T10:01:40","date_gmt":"2023-12-12T10:01:40","guid":{"rendered":"https:\/\/lovelycosmetics.eu\/producto\/pout-brillo-de-labios-n2\/"},"modified":"2024-01-16T12:24:43","modified_gmt":"2024-01-16T12:24:43","slug":"pout-brillo-de-labios-n2","status":"publish","type":"product","link":"https:\/\/lovelycosmetics.eu\/pt-pt\/producto\/pout-brillo-de-labios-n2\/","title":{"rendered":"Pout Brillo de Labios N2"},"content":{"rendered":"<h4>Modo<br \/>\n  de<br \/>\n    uso<\/h4>\n<p>Come\u00e7ar no centro do l\u00e1bio superior e trabalhar em<br \/>\n    direc\u00e7\u00e3o aos contornos. Percorrer o batom sobre todo o l\u00e1bio inferior e<\/p>\n<p>    esperar que ele seque. Finalmente, deslizar o aplicador de batom l\u00edquido<\/p>\n<p>    sobre todo o l\u00e1bio<br \/>\n    inferior.<\/p>\n<\/p>\n<h4>Ingredientes<\/h4>\n<p>Polybutene,<br \/>\n    Paraffinum Liquidum, Ethylhexyl Stearate, Octyldodecanol, Silica Dimethyl<br \/>\n    Silylate, Paraffin, Cera Microcristallina, Synthetic Fluorphlogopite,<br \/>\n  Parfum,<br \/>\n    Tocopheryl Acetate, Mica, Lauryl PEG\/PPG-18\/18 Methicone, Silica, Tin<br \/>\n  Oxide,<br \/>\n    Capsicum Frutescens Fruit Extract, Alpha-Isomethyl Ionone, CI 77891, CI<br \/>\n    75470, CI 77163, CI 77491, CI 77492, CI 77499. <\/p>\n","protected":false},"excerpt":{"rendered":"<p>Um top<br \/>\n  coat que preenche os l\u00e1bios.<br \/>\n    Aplicar sozinho ou sobre um batom mate. D\u00e1 aos seus l\u00e1bios um aspeto suave<br \/>\n  e<br \/>\n    firme NOTA: O produto pode provocar uma sensa\u00e7\u00e3o de ardor.<\/p>\n","protected":false},"featured_media":27228,"comment_status":"closed","ping_status":"closed","template":"","meta":[],"product_brand":[],"product_cat":[1477,1156,1478],"product_tag":[1491,1493],"class_list":{"0":"post-27610","1":"product","2":"type-product","3":"status-publish","4":"has-post-thumbnail","6":"product_cat-122023-pt-pt","7":"product_cat-brilho-de-labios","8":"product_cat-new-2-pt-pt","9":"product_tag-122023-pt-pt","10":"product_tag-new-pt-pt","12":"first","13":"instock","14":"shipping-taxable","15":"purchasable","16":"product-type-simple"},"yoast_head":"<!-- This site is optimized with the Yoast SEO plugin v24.9 - https:\/\/yoast.com\/wordpress\/plugins\/seo\/ -->\n<title>Pout Brillo de Labios N2 - Lovely<\/title>\n<meta name=\"robots\" content=\"index, follow, max-snippet:-1, max-image-preview:large, max-video-preview:-1\" \/>\n<link rel=\"canonical\" href=\"https:\/\/lovelycosmetics.eu\/pt-pt\/producto\/pout-brillo-de-labios-n2\/\" \/>\n<meta property=\"og:locale\" content=\"pt_PT\" \/>\n<meta property=\"og:type\" content=\"article\" \/>\n<meta property=\"og:title\" content=\"Pout Brillo de Labios N2 - Lovely\" \/>\n<meta property=\"og:description\" content=\"Um top  coat que preenche os l\u00e1bios.   Aplicar sozinho ou sobre um batom mate. D\u00e1 aos seus l\u00e1bios um aspeto suave  e   firme NOTA: O produto pode provocar uma sensa\u00e7\u00e3o de ardor.\" \/>\n<meta property=\"og:url\" content=\"https:\/\/lovelycosmetics.eu\/pt-pt\/producto\/pout-brillo-de-labios-n2\/\" \/>\n<meta property=\"og:site_name\" content=\"Lovely\" \/>\n<meta property=\"article:modified_time\" content=\"2024-01-16T12:24:43+00:00\" \/>\n<meta property=\"og:image\" content=\"https:\/\/lovelycosmetics.eu\/wp-content\/uploads\/2023\/11\/US114N2_5905309903661.jpg\" \/>\n\t<meta property=\"og:image:width\" content=\"800\" \/>\n\t<meta property=\"og:image:height\" content=\"800\" \/>\n\t<meta property=\"og:image:type\" content=\"image\/jpeg\" \/>\n<meta name=\"twitter:card\" content=\"summary_large_image\" \/>\n<script type=\"application\/ld+json\" class=\"yoast-schema-graph\">{\"@context\":\"https:\/\/schema.org\",\"@graph\":[{\"@type\":\"WebPage\",\"@id\":\"https:\/\/lovelycosmetics.eu\/pt-pt\/producto\/pout-brillo-de-labios-n2\/\",\"url\":\"https:\/\/lovelycosmetics.eu\/pt-pt\/producto\/pout-brillo-de-labios-n2\/\",\"name\":\"Pout Brillo de Labios N2 - Lovely\",\"isPartOf\":{\"@id\":\"https:\/\/lovelycosmetics.eu\/pt-pt\/#website\"},\"primaryImageOfPage\":{\"@id\":\"https:\/\/lovelycosmetics.eu\/pt-pt\/producto\/pout-brillo-de-labios-n2\/#primaryimage\"},\"image\":{\"@id\":\"https:\/\/lovelycosmetics.eu\/pt-pt\/producto\/pout-brillo-de-labios-n2\/#primaryimage\"},\"thumbnailUrl\":\"https:\/\/lovelycosmetics.eu\/wp-content\/uploads\/2023\/11\/US114N2_5905309903661.jpg\",\"datePublished\":\"2023-12-12T10:01:40+00:00\",\"dateModified\":\"2024-01-16T12:24:43+00:00\",\"breadcrumb\":{\"@id\":\"https:\/\/lovelycosmetics.eu\/pt-pt\/producto\/pout-brillo-de-labios-n2\/#breadcrumb\"},\"inLanguage\":\"pt-PT\",\"potentialAction\":[{\"@type\":\"ReadAction\",\"target\":[\"https:\/\/lovelycosmetics.eu\/pt-pt\/producto\/pout-brillo-de-labios-n2\/\"]}]},{\"@type\":\"ImageObject\",\"inLanguage\":\"pt-PT\",\"@id\":\"https:\/\/lovelycosmetics.eu\/pt-pt\/producto\/pout-brillo-de-labios-n2\/#primaryimage\",\"url\":\"https:\/\/lovelycosmetics.eu\/wp-content\/uploads\/2023\/11\/US114N2_5905309903661.jpg\",\"contentUrl\":\"https:\/\/lovelycosmetics.eu\/wp-content\/uploads\/2023\/11\/US114N2_5905309903661.jpg\",\"width\":800,\"height\":800},{\"@type\":\"BreadcrumbList\",\"@id\":\"https:\/\/lovelycosmetics.eu\/pt-pt\/producto\/pout-brillo-de-labios-n2\/#breadcrumb\",\"itemListElement\":[{\"@type\":\"ListItem\",\"position\":1,\"name\":\"Portada\",\"item\":\"https:\/\/lovelycosmetics.eu\/pt-pt\/\"},{\"@type\":\"ListItem\",\"position\":2,\"name\":\"P\u00e1gina de inicio\",\"item\":\"https:\/\/lovelycosmetics.eu\/?page_id=16876\"},{\"@type\":\"ListItem\",\"position\":3,\"name\":\"Pout Brillo de Labios N2\"}]},{\"@type\":\"WebSite\",\"@id\":\"https:\/\/lovelycosmetics.eu\/pt-pt\/#website\",\"url\":\"https:\/\/lovelycosmetics.eu\/pt-pt\/\",\"name\":\"Lovely\",\"description\":\"Lovely\",\"potentialAction\":[{\"@type\":\"SearchAction\",\"target\":{\"@type\":\"EntryPoint\",\"urlTemplate\":\"https:\/\/lovelycosmetics.eu\/pt-pt\/?s={search_term_string}\"},\"query-input\":{\"@type\":\"PropertyValueSpecification\",\"valueRequired\":true,\"valueName\":\"search_term_string\"}}],\"inLanguage\":\"pt-PT\"}]}<\/script>\n<!-- \/ Yoast SEO plugin. -->","yoast_head_json":{"title":"Pout Brillo de Labios N2 - Lovely","robots":{"index":"index","follow":"follow","max-snippet":"max-snippet:-1","max-image-preview":"max-image-preview:large","max-video-preview":"max-video-preview:-1"},"canonical":"https:\/\/lovelycosmetics.eu\/pt-pt\/producto\/pout-brillo-de-labios-n2\/","og_locale":"pt_PT","og_type":"article","og_title":"Pout Brillo de Labios N2 - Lovely","og_description":"Um top  coat que preenche os l\u00e1bios.   Aplicar sozinho ou sobre um batom mate. D\u00e1 aos seus l\u00e1bios um aspeto suave  e   firme NOTA: O produto pode provocar uma sensa\u00e7\u00e3o de ardor.","og_url":"https:\/\/lovelycosmetics.eu\/pt-pt\/producto\/pout-brillo-de-labios-n2\/","og_site_name":"Lovely","article_modified_time":"2024-01-16T12:24:43+00:00","og_image":[{"width":800,"height":800,"url":"https:\/\/lovelycosmetics.eu\/wp-content\/uploads\/2023\/11\/US114N2_5905309903661.jpg","type":"image\/jpeg"}],"twitter_card":"summary_large_image","schema":{"@context":"https:\/\/schema.org","@graph":[{"@type":"WebPage","@id":"https:\/\/lovelycosmetics.eu\/pt-pt\/producto\/pout-brillo-de-labios-n2\/","url":"https:\/\/lovelycosmetics.eu\/pt-pt\/producto\/pout-brillo-de-labios-n2\/","name":"Pout Brillo de Labios N2 - Lovely","isPartOf":{"@id":"https:\/\/lovelycosmetics.eu\/pt-pt\/#website"},"primaryImageOfPage":{"@id":"https:\/\/lovelycosmetics.eu\/pt-pt\/producto\/pout-brillo-de-labios-n2\/#primaryimage"},"image":{"@id":"https:\/\/lovelycosmetics.eu\/pt-pt\/producto\/pout-brillo-de-labios-n2\/#primaryimage"},"thumbnailUrl":"https:\/\/lovelycosmetics.eu\/wp-content\/uploads\/2023\/11\/US114N2_5905309903661.jpg","datePublished":"2023-12-12T10:01:40+00:00","dateModified":"2024-01-16T12:24:43+00:00","breadcrumb":{"@id":"https:\/\/lovelycosmetics.eu\/pt-pt\/producto\/pout-brillo-de-labios-n2\/#breadcrumb"},"inLanguage":"pt-PT","potentialAction":[{"@type":"ReadAction","target":["https:\/\/lovelycosmetics.eu\/pt-pt\/producto\/pout-brillo-de-labios-n2\/"]}]},{"@type":"ImageObject","inLanguage":"pt-PT","@id":"https:\/\/lovelycosmetics.eu\/pt-pt\/producto\/pout-brillo-de-labios-n2\/#primaryimage","url":"https:\/\/lovelycosmetics.eu\/wp-content\/uploads\/2023\/11\/US114N2_5905309903661.jpg","contentUrl":"https:\/\/lovelycosmetics.eu\/wp-content\/uploads\/2023\/11\/US114N2_5905309903661.jpg","width":800,"height":800},{"@type":"BreadcrumbList","@id":"https:\/\/lovelycosmetics.eu\/pt-pt\/producto\/pout-brillo-de-labios-n2\/#breadcrumb","itemListElement":[{"@type":"ListItem","position":1,"name":"Portada","item":"https:\/\/lovelycosmetics.eu\/pt-pt\/"},{"@type":"ListItem","position":2,"name":"P\u00e1gina de inicio","item":"https:\/\/lovelycosmetics.eu\/?page_id=16876"},{"@type":"ListItem","position":3,"name":"Pout Brillo de Labios N2"}]},{"@type":"WebSite","@id":"https:\/\/lovelycosmetics.eu\/pt-pt\/#website","url":"https:\/\/lovelycosmetics.eu\/pt-pt\/","name":"Lovely","description":"Lovely","potentialAction":[{"@type":"SearchAction","target":{"@type":"EntryPoint","urlTemplate":"https:\/\/lovelycosmetics.eu\/pt-pt\/?s={search_term_string}"},"query-input":{"@type":"PropertyValueSpecification","valueRequired":true,"valueName":"search_term_string"}}],"inLanguage":"pt-PT"}]}},"_links":{"self":[{"href":"https:\/\/lovelycosmetics.eu\/pt-pt\/wp-json\/wp\/v2\/product\/27610","targetHints":{"allow":["GET"]}}],"collection":[{"href":"https:\/\/lovelycosmetics.eu\/pt-pt\/wp-json\/wp\/v2\/product"}],"about":[{"href":"https:\/\/lovelycosmetics.eu\/pt-pt\/wp-json\/wp\/v2\/types\/product"}],"replies":[{"embeddable":true,"href":"https:\/\/lovelycosmetics.eu\/pt-pt\/wp-json\/wp\/v2\/comments?post=27610"}],"wp:featuredmedia":[{"embeddable":true,"href":"https:\/\/lovelycosmetics.eu\/pt-pt\/wp-json\/wp\/v2\/media\/27228"}],"wp:attachment":[{"href":"https:\/\/lovelycosmetics.eu\/pt-pt\/wp-json\/wp\/v2\/media?parent=27610"}],"wp:term":[{"taxonomy":"product_brand","embeddable":true,"href":"https:\/\/lovelycosmetics.eu\/pt-pt\/wp-json\/wp\/v2\/product_brand?post=27610"},{"taxonomy":"product_cat","embeddable":true,"href":"https:\/\/lovelycosmetics.eu\/pt-pt\/wp-json\/wp\/v2\/product_cat?post=27610"},{"taxonomy":"product_tag","embeddable":true,"href":"https:\/\/lovelycosmetics.eu\/pt-pt\/wp-json\/wp\/v2\/product_tag?post=27610"}],"curies":[{"name":"wp","href":"https:\/\/api.w.org\/{rel}","templated":true}]}}