{"id":27616,"date":"2023-12-12T09:40:46","date_gmt":"2023-12-12T09:40:46","guid":{"rendered":"https:\/\/lovelycosmetics.eu\/producto\/chai-latte-eyeliner\/"},"modified":"2024-01-16T12:24:51","modified_gmt":"2024-01-16T12:24:51","slug":"chai-latte-eyeliner","status":"publish","type":"product","link":"https:\/\/lovelycosmetics.eu\/pt-pt\/producto\/chai-latte-eyeliner\/","title":{"rendered":"Chai Latte Eyeliner"},"content":{"rendered":"<h4>Modo<br \/>\n  de<br \/>\n    uso<\/h4>\n<p>Tra\u00e7ar a linha das pestanas superiores come\u00e7ando pela<br \/>\n    borda exterior e aplicar o produto um pouco de cada vez perto da raiz das<\/p>\n<p>    pestanas superiores. Pode tamb\u00e9m utiliz\u00e1-lo na linha das pestanas<br \/>\n  inferiores<br \/>\n    ou na linha de \u00e1gua para adicionar intensidade \u00e0 maquilhagem dos seus<\/p>\n<p>    olhos.<\/p>\n<\/p>\n<h4>Ingredientes<\/h4>\n<p>\n    Aqua, Mica, Glycerin, Calcium Sodium Borosilicate, VP\/VA Copolymer,<br \/>\n    Phenoxyethanol, Ammonium Polyacryloyldimethyl Taurate, Ethylhexylglycerin,<\/p>\n<p>    Tin Oxide, T-Butyl Alcohol, CI 77499, CI 77491, CI 77891.<\/p>\n","protected":false},"excerpt":{"rendered":"<p>Eyeliner<br \/>\n  dispon\u00edvel em marrom e branco<br \/>\n    com acabamento met\u00e1lico. A elevada pigmenta\u00e7\u00e3o do produto permite-lhe<br \/>\n  criar<br \/>\n    eyeliners especiais. Os tons intensos e o acabamento met\u00e1lico real\u00e7am<br \/>\n  a<br \/>\n    profundidade do olhar e destacam a linha das pestanas e o contorno dos<br \/>\n  olhos.<\/p>\n","protected":false},"featured_media":27249,"comment_status":"closed","ping_status":"closed","template":"","meta":[],"product_brand":[],"product_cat":[1477,1182,1478,1490],"product_tag":[1491,1492,1493],"class_list":{"0":"post-27616","1":"product","2":"type-product","3":"status-publish","4":"has-post-thumbnail","6":"product_cat-122023-pt-pt","7":"product_cat-deliniador","8":"product_cat-new-2-pt-pt","9":"product_cat-nova-colecao","10":"product_tag-122023-pt-pt","11":"product_tag-moda-new-pt-pt","12":"product_tag-new-pt-pt","14":"first","15":"instock","16":"shipping-taxable","17":"purchasable","18":"product-type-simple"},"yoast_head":"<!-- This site is optimized with the Yoast SEO plugin v24.9 - https:\/\/yoast.com\/wordpress\/plugins\/seo\/ -->\n<title>Chai Latte Eyeliner - Lovely<\/title>\n<meta name=\"robots\" content=\"index, follow, max-snippet:-1, max-image-preview:large, max-video-preview:-1\" \/>\n<link rel=\"canonical\" href=\"https:\/\/lovelycosmetics.eu\/pt-pt\/producto\/chai-latte-eyeliner\/\" \/>\n<meta property=\"og:locale\" content=\"pt_PT\" \/>\n<meta property=\"og:type\" content=\"article\" \/>\n<meta property=\"og:title\" content=\"Chai Latte Eyeliner - Lovely\" \/>\n<meta property=\"og:description\" content=\"Eyeliner  dispon\u00edvel em marrom e branco   com acabamento met\u00e1lico. A elevada pigmenta\u00e7\u00e3o do produto permite-lhe  criar   eyeliners especiais. Os tons intensos e o acabamento met\u00e1lico real\u00e7am  a   profundidade do olhar e destacam a linha das pestanas e o contorno dos  olhos.\" \/>\n<meta property=\"og:url\" content=\"https:\/\/lovelycosmetics.eu\/pt-pt\/producto\/chai-latte-eyeliner\/\" \/>\n<meta property=\"og:site_name\" content=\"Lovely\" \/>\n<meta property=\"article:modified_time\" content=\"2024-01-16T12:24:51+00:00\" \/>\n<meta property=\"og:image\" content=\"https:\/\/lovelycosmetics.eu\/wp-content\/uploads\/2023\/11\/OC631_5905309901940.jpg\" \/>\n\t<meta property=\"og:image:width\" content=\"800\" \/>\n\t<meta property=\"og:image:height\" content=\"800\" \/>\n\t<meta property=\"og:image:type\" content=\"image\/jpeg\" \/>\n<meta name=\"twitter:card\" content=\"summary_large_image\" \/>\n<script type=\"application\/ld+json\" class=\"yoast-schema-graph\">{\"@context\":\"https:\/\/schema.org\",\"@graph\":[{\"@type\":\"WebPage\",\"@id\":\"https:\/\/lovelycosmetics.eu\/pt-pt\/producto\/chai-latte-eyeliner\/\",\"url\":\"https:\/\/lovelycosmetics.eu\/pt-pt\/producto\/chai-latte-eyeliner\/\",\"name\":\"Chai Latte Eyeliner - Lovely\",\"isPartOf\":{\"@id\":\"https:\/\/lovelycosmetics.eu\/pt-pt\/#website\"},\"primaryImageOfPage\":{\"@id\":\"https:\/\/lovelycosmetics.eu\/pt-pt\/producto\/chai-latte-eyeliner\/#primaryimage\"},\"image\":{\"@id\":\"https:\/\/lovelycosmetics.eu\/pt-pt\/producto\/chai-latte-eyeliner\/#primaryimage\"},\"thumbnailUrl\":\"https:\/\/lovelycosmetics.eu\/wp-content\/uploads\/2023\/11\/OC631_5905309901940.jpg\",\"datePublished\":\"2023-12-12T09:40:46+00:00\",\"dateModified\":\"2024-01-16T12:24:51+00:00\",\"breadcrumb\":{\"@id\":\"https:\/\/lovelycosmetics.eu\/pt-pt\/producto\/chai-latte-eyeliner\/#breadcrumb\"},\"inLanguage\":\"pt-PT\",\"potentialAction\":[{\"@type\":\"ReadAction\",\"target\":[\"https:\/\/lovelycosmetics.eu\/pt-pt\/producto\/chai-latte-eyeliner\/\"]}]},{\"@type\":\"ImageObject\",\"inLanguage\":\"pt-PT\",\"@id\":\"https:\/\/lovelycosmetics.eu\/pt-pt\/producto\/chai-latte-eyeliner\/#primaryimage\",\"url\":\"https:\/\/lovelycosmetics.eu\/wp-content\/uploads\/2023\/11\/OC631_5905309901940.jpg\",\"contentUrl\":\"https:\/\/lovelycosmetics.eu\/wp-content\/uploads\/2023\/11\/OC631_5905309901940.jpg\",\"width\":800,\"height\":800},{\"@type\":\"BreadcrumbList\",\"@id\":\"https:\/\/lovelycosmetics.eu\/pt-pt\/producto\/chai-latte-eyeliner\/#breadcrumb\",\"itemListElement\":[{\"@type\":\"ListItem\",\"position\":1,\"name\":\"Portada\",\"item\":\"https:\/\/lovelycosmetics.eu\/pt-pt\/\"},{\"@type\":\"ListItem\",\"position\":2,\"name\":\"P\u00e1gina de inicio\",\"item\":\"https:\/\/lovelycosmetics.eu\/?page_id=16876\"},{\"@type\":\"ListItem\",\"position\":3,\"name\":\"Chai Latte Eyeliner\"}]},{\"@type\":\"WebSite\",\"@id\":\"https:\/\/lovelycosmetics.eu\/pt-pt\/#website\",\"url\":\"https:\/\/lovelycosmetics.eu\/pt-pt\/\",\"name\":\"Lovely\",\"description\":\"Lovely\",\"potentialAction\":[{\"@type\":\"SearchAction\",\"target\":{\"@type\":\"EntryPoint\",\"urlTemplate\":\"https:\/\/lovelycosmetics.eu\/pt-pt\/?s={search_term_string}\"},\"query-input\":{\"@type\":\"PropertyValueSpecification\",\"valueRequired\":true,\"valueName\":\"search_term_string\"}}],\"inLanguage\":\"pt-PT\"}]}<\/script>\n<!-- \/ Yoast SEO plugin. -->","yoast_head_json":{"title":"Chai Latte Eyeliner - Lovely","robots":{"index":"index","follow":"follow","max-snippet":"max-snippet:-1","max-image-preview":"max-image-preview:large","max-video-preview":"max-video-preview:-1"},"canonical":"https:\/\/lovelycosmetics.eu\/pt-pt\/producto\/chai-latte-eyeliner\/","og_locale":"pt_PT","og_type":"article","og_title":"Chai Latte Eyeliner - Lovely","og_description":"Eyeliner  dispon\u00edvel em marrom e branco   com acabamento met\u00e1lico. A elevada pigmenta\u00e7\u00e3o do produto permite-lhe  criar   eyeliners especiais. Os tons intensos e o acabamento met\u00e1lico real\u00e7am  a   profundidade do olhar e destacam a linha das pestanas e o contorno dos  olhos.","og_url":"https:\/\/lovelycosmetics.eu\/pt-pt\/producto\/chai-latte-eyeliner\/","og_site_name":"Lovely","article_modified_time":"2024-01-16T12:24:51+00:00","og_image":[{"width":800,"height":800,"url":"https:\/\/lovelycosmetics.eu\/wp-content\/uploads\/2023\/11\/OC631_5905309901940.jpg","type":"image\/jpeg"}],"twitter_card":"summary_large_image","schema":{"@context":"https:\/\/schema.org","@graph":[{"@type":"WebPage","@id":"https:\/\/lovelycosmetics.eu\/pt-pt\/producto\/chai-latte-eyeliner\/","url":"https:\/\/lovelycosmetics.eu\/pt-pt\/producto\/chai-latte-eyeliner\/","name":"Chai Latte Eyeliner - Lovely","isPartOf":{"@id":"https:\/\/lovelycosmetics.eu\/pt-pt\/#website"},"primaryImageOfPage":{"@id":"https:\/\/lovelycosmetics.eu\/pt-pt\/producto\/chai-latte-eyeliner\/#primaryimage"},"image":{"@id":"https:\/\/lovelycosmetics.eu\/pt-pt\/producto\/chai-latte-eyeliner\/#primaryimage"},"thumbnailUrl":"https:\/\/lovelycosmetics.eu\/wp-content\/uploads\/2023\/11\/OC631_5905309901940.jpg","datePublished":"2023-12-12T09:40:46+00:00","dateModified":"2024-01-16T12:24:51+00:00","breadcrumb":{"@id":"https:\/\/lovelycosmetics.eu\/pt-pt\/producto\/chai-latte-eyeliner\/#breadcrumb"},"inLanguage":"pt-PT","potentialAction":[{"@type":"ReadAction","target":["https:\/\/lovelycosmetics.eu\/pt-pt\/producto\/chai-latte-eyeliner\/"]}]},{"@type":"ImageObject","inLanguage":"pt-PT","@id":"https:\/\/lovelycosmetics.eu\/pt-pt\/producto\/chai-latte-eyeliner\/#primaryimage","url":"https:\/\/lovelycosmetics.eu\/wp-content\/uploads\/2023\/11\/OC631_5905309901940.jpg","contentUrl":"https:\/\/lovelycosmetics.eu\/wp-content\/uploads\/2023\/11\/OC631_5905309901940.jpg","width":800,"height":800},{"@type":"BreadcrumbList","@id":"https:\/\/lovelycosmetics.eu\/pt-pt\/producto\/chai-latte-eyeliner\/#breadcrumb","itemListElement":[{"@type":"ListItem","position":1,"name":"Portada","item":"https:\/\/lovelycosmetics.eu\/pt-pt\/"},{"@type":"ListItem","position":2,"name":"P\u00e1gina de inicio","item":"https:\/\/lovelycosmetics.eu\/?page_id=16876"},{"@type":"ListItem","position":3,"name":"Chai Latte Eyeliner"}]},{"@type":"WebSite","@id":"https:\/\/lovelycosmetics.eu\/pt-pt\/#website","url":"https:\/\/lovelycosmetics.eu\/pt-pt\/","name":"Lovely","description":"Lovely","potentialAction":[{"@type":"SearchAction","target":{"@type":"EntryPoint","urlTemplate":"https:\/\/lovelycosmetics.eu\/pt-pt\/?s={search_term_string}"},"query-input":{"@type":"PropertyValueSpecification","valueRequired":true,"valueName":"search_term_string"}}],"inLanguage":"pt-PT"}]}},"_links":{"self":[{"href":"https:\/\/lovelycosmetics.eu\/pt-pt\/wp-json\/wp\/v2\/product\/27616","targetHints":{"allow":["GET"]}}],"collection":[{"href":"https:\/\/lovelycosmetics.eu\/pt-pt\/wp-json\/wp\/v2\/product"}],"about":[{"href":"https:\/\/lovelycosmetics.eu\/pt-pt\/wp-json\/wp\/v2\/types\/product"}],"replies":[{"embeddable":true,"href":"https:\/\/lovelycosmetics.eu\/pt-pt\/wp-json\/wp\/v2\/comments?post=27616"}],"wp:featuredmedia":[{"embeddable":true,"href":"https:\/\/lovelycosmetics.eu\/pt-pt\/wp-json\/wp\/v2\/media\/27249"}],"wp:attachment":[{"href":"https:\/\/lovelycosmetics.eu\/pt-pt\/wp-json\/wp\/v2\/media?parent=27616"}],"wp:term":[{"taxonomy":"product_brand","embeddable":true,"href":"https:\/\/lovelycosmetics.eu\/pt-pt\/wp-json\/wp\/v2\/product_brand?post=27616"},{"taxonomy":"product_cat","embeddable":true,"href":"https:\/\/lovelycosmetics.eu\/pt-pt\/wp-json\/wp\/v2\/product_cat?post=27616"},{"taxonomy":"product_tag","embeddable":true,"href":"https:\/\/lovelycosmetics.eu\/pt-pt\/wp-json\/wp\/v2\/product_tag?post=27616"}],"curies":[{"name":"wp","href":"https:\/\/api.w.org\/{rel}","templated":true}]}}