{"id":27620,"date":"2023-12-12T09:21:58","date_gmt":"2023-12-12T09:21:58","guid":{"rendered":"https:\/\/lovelycosmetics.eu\/producto\/cat-eye-plantilla-para-delineado\/"},"modified":"2024-01-16T12:55:47","modified_gmt":"2024-01-16T12:55:47","slug":"cat-eye-plantilla-para-delineado","status":"publish","type":"product","link":"https:\/\/lovelycosmetics.eu\/pt-pt\/producto\/cat-eye-plantilla-para-delineado\/","title":{"rendered":"Est\u00eancil para eyeliner Cat eye"},"content":{"rendered":"<h4>Modo<br \/>\n  de<br \/>\n    uso<\/h4>\n<p>O stencil facilita a aplica\u00e7\u00e3o da sombra na p\u00e1lpebra<br \/>\n    superior e permite-lhe criar diferentes tipos de eyeliners. A embalagem<\/p>\n<p>    cont\u00e9m duas<br \/>\n    pe\u00e7as.<\/p>\n<\/p>\n<h4>Ingredientes<\/h4>\n<p>x<\/p>\n","protected":false},"excerpt":{"rendered":"<p>Modelo<br \/>\n  ideal para come\u00e7ar a criar os seus<br \/>\n    eyeliners com um acabamento perfeito. Um modelo com 5 possibilidades.<br \/>\n  O<br \/>\n    produto \u00e9 feito de pl\u00e1stico flex\u00edvel para se adaptar melhor \u00e0 p\u00e1lpebra.<br \/>\n  O<br \/>\n    stencil facilita a aplica\u00e7\u00e3o da sombra na p\u00e1lpebra superior e<br \/>\n  permite-lhe<br \/>\n    criar diferentes tipos de eyeliners. A embalagem cont\u00e9m duas pe\u00e7as.<\/p>\n","protected":false},"featured_media":27246,"comment_status":"closed","ping_status":"closed","template":"","meta":[],"product_brand":[],"product_cat":[1477,1478,1490,1548],"product_tag":[1491,1492,1493],"class_list":{"0":"post-27620","1":"product","2":"type-product","3":"status-publish","4":"has-post-thumbnail","6":"product_cat-122023-pt-pt","7":"product_cat-new-2-pt-pt","8":"product_cat-nova-colecao","9":"product_cat-otros-pt-pt","10":"product_tag-122023-pt-pt","11":"product_tag-moda-new-pt-pt","12":"product_tag-new-pt-pt","14":"first","15":"instock","16":"shipping-taxable","17":"purchasable","18":"product-type-simple"},"yoast_head":"<!-- This site is optimized with the Yoast SEO plugin v24.9 - https:\/\/yoast.com\/wordpress\/plugins\/seo\/ -->\n<title>Est\u00eancil para eyeliner Cat eye - Lovely<\/title>\n<meta name=\"robots\" content=\"index, follow, max-snippet:-1, max-image-preview:large, max-video-preview:-1\" \/>\n<link rel=\"canonical\" href=\"https:\/\/lovelycosmetics.eu\/pt-pt\/producto\/cat-eye-plantilla-para-delineado\/\" \/>\n<meta property=\"og:locale\" content=\"pt_PT\" \/>\n<meta property=\"og:type\" content=\"article\" \/>\n<meta property=\"og:title\" content=\"Est\u00eancil para eyeliner Cat eye - Lovely\" \/>\n<meta property=\"og:description\" content=\"Modelo  ideal para come\u00e7ar a criar os seus   eyeliners com um acabamento perfeito. Um modelo com 5 possibilidades.  O   produto \u00e9 feito de pl\u00e1stico flex\u00edvel para se adaptar melhor \u00e0 p\u00e1lpebra.  O   stencil facilita a aplica\u00e7\u00e3o da sombra na p\u00e1lpebra superior e  permite-lhe   criar diferentes tipos de eyeliners. A embalagem cont\u00e9m duas pe\u00e7as.\" \/>\n<meta property=\"og:url\" content=\"https:\/\/lovelycosmetics.eu\/pt-pt\/producto\/cat-eye-plantilla-para-delineado\/\" \/>\n<meta property=\"og:site_name\" content=\"Lovely\" \/>\n<meta property=\"article:modified_time\" content=\"2024-01-16T12:55:47+00:00\" \/>\n<meta property=\"og:image\" content=\"https:\/\/lovelycosmetics.eu\/wp-content\/uploads\/2023\/11\/OC629_5905309901896.jpg\" \/>\n\t<meta property=\"og:image:width\" content=\"800\" \/>\n\t<meta property=\"og:image:height\" content=\"800\" \/>\n\t<meta property=\"og:image:type\" content=\"image\/jpeg\" \/>\n<meta name=\"twitter:card\" content=\"summary_large_image\" \/>\n<script type=\"application\/ld+json\" class=\"yoast-schema-graph\">{\"@context\":\"https:\/\/schema.org\",\"@graph\":[{\"@type\":\"WebPage\",\"@id\":\"https:\/\/lovelycosmetics.eu\/pt-pt\/producto\/cat-eye-plantilla-para-delineado\/\",\"url\":\"https:\/\/lovelycosmetics.eu\/pt-pt\/producto\/cat-eye-plantilla-para-delineado\/\",\"name\":\"Est\u00eancil para eyeliner Cat eye - Lovely\",\"isPartOf\":{\"@id\":\"https:\/\/lovelycosmetics.eu\/pt-pt\/#website\"},\"primaryImageOfPage\":{\"@id\":\"https:\/\/lovelycosmetics.eu\/pt-pt\/producto\/cat-eye-plantilla-para-delineado\/#primaryimage\"},\"image\":{\"@id\":\"https:\/\/lovelycosmetics.eu\/pt-pt\/producto\/cat-eye-plantilla-para-delineado\/#primaryimage\"},\"thumbnailUrl\":\"https:\/\/lovelycosmetics.eu\/wp-content\/uploads\/2023\/11\/OC629_5905309901896.jpg\",\"datePublished\":\"2023-12-12T09:21:58+00:00\",\"dateModified\":\"2024-01-16T12:55:47+00:00\",\"breadcrumb\":{\"@id\":\"https:\/\/lovelycosmetics.eu\/pt-pt\/producto\/cat-eye-plantilla-para-delineado\/#breadcrumb\"},\"inLanguage\":\"pt-PT\",\"potentialAction\":[{\"@type\":\"ReadAction\",\"target\":[\"https:\/\/lovelycosmetics.eu\/pt-pt\/producto\/cat-eye-plantilla-para-delineado\/\"]}]},{\"@type\":\"ImageObject\",\"inLanguage\":\"pt-PT\",\"@id\":\"https:\/\/lovelycosmetics.eu\/pt-pt\/producto\/cat-eye-plantilla-para-delineado\/#primaryimage\",\"url\":\"https:\/\/lovelycosmetics.eu\/wp-content\/uploads\/2023\/11\/OC629_5905309901896.jpg\",\"contentUrl\":\"https:\/\/lovelycosmetics.eu\/wp-content\/uploads\/2023\/11\/OC629_5905309901896.jpg\",\"width\":800,\"height\":800},{\"@type\":\"BreadcrumbList\",\"@id\":\"https:\/\/lovelycosmetics.eu\/pt-pt\/producto\/cat-eye-plantilla-para-delineado\/#breadcrumb\",\"itemListElement\":[{\"@type\":\"ListItem\",\"position\":1,\"name\":\"Portada\",\"item\":\"https:\/\/lovelycosmetics.eu\/pt-pt\/\"},{\"@type\":\"ListItem\",\"position\":2,\"name\":\"P\u00e1gina de inicio\",\"item\":\"https:\/\/lovelycosmetics.eu\/?page_id=16876\"},{\"@type\":\"ListItem\",\"position\":3,\"name\":\"Est\u00eancil para eyeliner Cat eye\"}]},{\"@type\":\"WebSite\",\"@id\":\"https:\/\/lovelycosmetics.eu\/pt-pt\/#website\",\"url\":\"https:\/\/lovelycosmetics.eu\/pt-pt\/\",\"name\":\"Lovely\",\"description\":\"Lovely\",\"potentialAction\":[{\"@type\":\"SearchAction\",\"target\":{\"@type\":\"EntryPoint\",\"urlTemplate\":\"https:\/\/lovelycosmetics.eu\/pt-pt\/?s={search_term_string}\"},\"query-input\":{\"@type\":\"PropertyValueSpecification\",\"valueRequired\":true,\"valueName\":\"search_term_string\"}}],\"inLanguage\":\"pt-PT\"}]}<\/script>\n<!-- \/ Yoast SEO plugin. -->","yoast_head_json":{"title":"Est\u00eancil para eyeliner Cat eye - Lovely","robots":{"index":"index","follow":"follow","max-snippet":"max-snippet:-1","max-image-preview":"max-image-preview:large","max-video-preview":"max-video-preview:-1"},"canonical":"https:\/\/lovelycosmetics.eu\/pt-pt\/producto\/cat-eye-plantilla-para-delineado\/","og_locale":"pt_PT","og_type":"article","og_title":"Est\u00eancil para eyeliner Cat eye - Lovely","og_description":"Modelo  ideal para come\u00e7ar a criar os seus   eyeliners com um acabamento perfeito. Um modelo com 5 possibilidades.  O   produto \u00e9 feito de pl\u00e1stico flex\u00edvel para se adaptar melhor \u00e0 p\u00e1lpebra.  O   stencil facilita a aplica\u00e7\u00e3o da sombra na p\u00e1lpebra superior e  permite-lhe   criar diferentes tipos de eyeliners. A embalagem cont\u00e9m duas pe\u00e7as.","og_url":"https:\/\/lovelycosmetics.eu\/pt-pt\/producto\/cat-eye-plantilla-para-delineado\/","og_site_name":"Lovely","article_modified_time":"2024-01-16T12:55:47+00:00","og_image":[{"width":800,"height":800,"url":"https:\/\/lovelycosmetics.eu\/wp-content\/uploads\/2023\/11\/OC629_5905309901896.jpg","type":"image\/jpeg"}],"twitter_card":"summary_large_image","schema":{"@context":"https:\/\/schema.org","@graph":[{"@type":"WebPage","@id":"https:\/\/lovelycosmetics.eu\/pt-pt\/producto\/cat-eye-plantilla-para-delineado\/","url":"https:\/\/lovelycosmetics.eu\/pt-pt\/producto\/cat-eye-plantilla-para-delineado\/","name":"Est\u00eancil para eyeliner Cat eye - Lovely","isPartOf":{"@id":"https:\/\/lovelycosmetics.eu\/pt-pt\/#website"},"primaryImageOfPage":{"@id":"https:\/\/lovelycosmetics.eu\/pt-pt\/producto\/cat-eye-plantilla-para-delineado\/#primaryimage"},"image":{"@id":"https:\/\/lovelycosmetics.eu\/pt-pt\/producto\/cat-eye-plantilla-para-delineado\/#primaryimage"},"thumbnailUrl":"https:\/\/lovelycosmetics.eu\/wp-content\/uploads\/2023\/11\/OC629_5905309901896.jpg","datePublished":"2023-12-12T09:21:58+00:00","dateModified":"2024-01-16T12:55:47+00:00","breadcrumb":{"@id":"https:\/\/lovelycosmetics.eu\/pt-pt\/producto\/cat-eye-plantilla-para-delineado\/#breadcrumb"},"inLanguage":"pt-PT","potentialAction":[{"@type":"ReadAction","target":["https:\/\/lovelycosmetics.eu\/pt-pt\/producto\/cat-eye-plantilla-para-delineado\/"]}]},{"@type":"ImageObject","inLanguage":"pt-PT","@id":"https:\/\/lovelycosmetics.eu\/pt-pt\/producto\/cat-eye-plantilla-para-delineado\/#primaryimage","url":"https:\/\/lovelycosmetics.eu\/wp-content\/uploads\/2023\/11\/OC629_5905309901896.jpg","contentUrl":"https:\/\/lovelycosmetics.eu\/wp-content\/uploads\/2023\/11\/OC629_5905309901896.jpg","width":800,"height":800},{"@type":"BreadcrumbList","@id":"https:\/\/lovelycosmetics.eu\/pt-pt\/producto\/cat-eye-plantilla-para-delineado\/#breadcrumb","itemListElement":[{"@type":"ListItem","position":1,"name":"Portada","item":"https:\/\/lovelycosmetics.eu\/pt-pt\/"},{"@type":"ListItem","position":2,"name":"P\u00e1gina de inicio","item":"https:\/\/lovelycosmetics.eu\/?page_id=16876"},{"@type":"ListItem","position":3,"name":"Est\u00eancil para eyeliner Cat eye"}]},{"@type":"WebSite","@id":"https:\/\/lovelycosmetics.eu\/pt-pt\/#website","url":"https:\/\/lovelycosmetics.eu\/pt-pt\/","name":"Lovely","description":"Lovely","potentialAction":[{"@type":"SearchAction","target":{"@type":"EntryPoint","urlTemplate":"https:\/\/lovelycosmetics.eu\/pt-pt\/?s={search_term_string}"},"query-input":{"@type":"PropertyValueSpecification","valueRequired":true,"valueName":"search_term_string"}}],"inLanguage":"pt-PT"}]}},"_links":{"self":[{"href":"https:\/\/lovelycosmetics.eu\/pt-pt\/wp-json\/wp\/v2\/product\/27620","targetHints":{"allow":["GET"]}}],"collection":[{"href":"https:\/\/lovelycosmetics.eu\/pt-pt\/wp-json\/wp\/v2\/product"}],"about":[{"href":"https:\/\/lovelycosmetics.eu\/pt-pt\/wp-json\/wp\/v2\/types\/product"}],"replies":[{"embeddable":true,"href":"https:\/\/lovelycosmetics.eu\/pt-pt\/wp-json\/wp\/v2\/comments?post=27620"}],"wp:featuredmedia":[{"embeddable":true,"href":"https:\/\/lovelycosmetics.eu\/pt-pt\/wp-json\/wp\/v2\/media\/27246"}],"wp:attachment":[{"href":"https:\/\/lovelycosmetics.eu\/pt-pt\/wp-json\/wp\/v2\/media?parent=27620"}],"wp:term":[{"taxonomy":"product_brand","embeddable":true,"href":"https:\/\/lovelycosmetics.eu\/pt-pt\/wp-json\/wp\/v2\/product_brand?post=27620"},{"taxonomy":"product_cat","embeddable":true,"href":"https:\/\/lovelycosmetics.eu\/pt-pt\/wp-json\/wp\/v2\/product_cat?post=27620"},{"taxonomy":"product_tag","embeddable":true,"href":"https:\/\/lovelycosmetics.eu\/pt-pt\/wp-json\/wp\/v2\/product_tag?post=27620"}],"curies":[{"name":"wp","href":"https:\/\/api.w.org\/{rel}","templated":true}]}}