{"id":28687,"date":"2024-06-27T11:32:04","date_gmt":"2024-06-27T11:32:04","guid":{"rendered":"https:\/\/lovelycosmetics.eu\/producto\/maquillaje-y-polvo-2-en-1-authentic-fit-n1\/"},"modified":"2024-07-01T12:55:21","modified_gmt":"2024-07-01T12:55:21","slug":"maquillaje-y-polvo-2-en-1-authentic-fit-n1","status":"publish","type":"product","link":"https:\/\/lovelycosmetics.eu\/pt-pt\/producto\/maquillaje-y-polvo-2-en-1-authentic-fit-n1\/","title":{"rendered":"Base em p\u00f3 2 en 1 Authentic\n  Fit"},"content":{"rendered":"<h4>Modo<br \/>\n  de uso<\/h4>\n<p>Para obtener el efecto de piel mate que proporciona<br \/>\n  el polvo cl\u00e1sico, apl\u00edquelo con una brocha para polvos, y para obtener el<br \/>\n  efecto de base de maquillaje mate, apl\u00edquelo con la esponja incluida en el<br \/>\n  envase.<\/p>\n<p><\/p>\n<h4>Ingredientes<\/h4><\/p>\n","protected":false},"excerpt":{"rendered":"<p>Base em p\u00f3 modul\u00e1vel para<br \/>\n  aumentar a cobertura desejada. Matifica a pele sem deixar uma sensa\u00e7\u00e3o de<br \/>\n  secura, alisa e n\u00e3o obstrui os poros. Para um efeito de pele mate. Dispon\u00edvel<br \/>\n  em quatro tonalidades de bege.<\/p>\n","protected":false},"featured_media":27999,"comment_status":"closed","ping_status":"closed","template":"","meta":[],"product_brand":[],"product_cat":[1674,1165,1478],"product_tag":[1675,1493],"class_list":{"0":"post-28687","1":"product","2":"type-product","3":"status-publish","4":"has-post-thumbnail","6":"product_cat-624-pt-pt","7":"product_cat-base","8":"product_cat-new-2-pt-pt","9":"product_tag-624-pt-pt","10":"product_tag-new-pt-pt","12":"first","13":"outofstock","14":"shipping-taxable","15":"purchasable","16":"product-type-variable"},"yoast_head":"<!-- This site is optimized with the Yoast SEO plugin v24.9 - https:\/\/yoast.com\/wordpress\/plugins\/seo\/ -->\n<title>Base em p\u00f3 2 en 1 Authentic  Fit - Lovely<\/title>\n<meta name=\"robots\" content=\"index, follow, max-snippet:-1, max-image-preview:large, max-video-preview:-1\" \/>\n<link rel=\"canonical\" href=\"https:\/\/lovelycosmetics.eu\/pt-pt\/producto\/maquillaje-y-polvo-2-en-1-authentic-fit-n1\/\" \/>\n<meta property=\"og:locale\" content=\"pt_PT\" \/>\n<meta property=\"og:type\" content=\"article\" \/>\n<meta property=\"og:title\" content=\"Base em p\u00f3 2 en 1 Authentic  Fit - Lovely\" \/>\n<meta property=\"og:description\" content=\"Base em p\u00f3 modul\u00e1vel para  aumentar a cobertura desejada. Matifica a pele sem deixar uma sensa\u00e7\u00e3o de  secura, alisa e n\u00e3o obstrui os poros. Para um efeito de pele mate. Dispon\u00edvel  em quatro tonalidades de bege.\" \/>\n<meta property=\"og:url\" content=\"https:\/\/lovelycosmetics.eu\/pt-pt\/producto\/maquillaje-y-polvo-2-en-1-authentic-fit-n1\/\" \/>\n<meta property=\"og:site_name\" content=\"Lovely\" \/>\n<meta property=\"article:modified_time\" content=\"2024-07-01T12:55:21+00:00\" \/>\n<meta property=\"og:image\" content=\"https:\/\/lovelycosmetics.eu\/wp-content\/uploads\/2024\/06\/5905309907393_1.jpg\" \/>\n\t<meta property=\"og:image:width\" content=\"800\" \/>\n\t<meta property=\"og:image:height\" content=\"800\" \/>\n\t<meta property=\"og:image:type\" content=\"image\/jpeg\" \/>\n<meta name=\"twitter:card\" content=\"summary_large_image\" \/>\n<script type=\"application\/ld+json\" class=\"yoast-schema-graph\">{\"@context\":\"https:\/\/schema.org\",\"@graph\":[{\"@type\":\"WebPage\",\"@id\":\"https:\/\/lovelycosmetics.eu\/pt-pt\/producto\/maquillaje-y-polvo-2-en-1-authentic-fit-n1\/\",\"url\":\"https:\/\/lovelycosmetics.eu\/pt-pt\/producto\/maquillaje-y-polvo-2-en-1-authentic-fit-n1\/\",\"name\":\"Base em p\u00f3 2 en 1 Authentic Fit - Lovely\",\"isPartOf\":{\"@id\":\"https:\/\/lovelycosmetics.eu\/pt-pt\/#website\"},\"primaryImageOfPage\":{\"@id\":\"https:\/\/lovelycosmetics.eu\/pt-pt\/producto\/maquillaje-y-polvo-2-en-1-authentic-fit-n1\/#primaryimage\"},\"image\":{\"@id\":\"https:\/\/lovelycosmetics.eu\/pt-pt\/producto\/maquillaje-y-polvo-2-en-1-authentic-fit-n1\/#primaryimage\"},\"thumbnailUrl\":\"https:\/\/lovelycosmetics.eu\/wp-content\/uploads\/2024\/06\/5905309907393_1.jpg\",\"datePublished\":\"2024-06-27T11:32:04+00:00\",\"dateModified\":\"2024-07-01T12:55:21+00:00\",\"breadcrumb\":{\"@id\":\"https:\/\/lovelycosmetics.eu\/pt-pt\/producto\/maquillaje-y-polvo-2-en-1-authentic-fit-n1\/#breadcrumb\"},\"inLanguage\":\"pt-PT\",\"potentialAction\":[{\"@type\":\"ReadAction\",\"target\":[\"https:\/\/lovelycosmetics.eu\/pt-pt\/producto\/maquillaje-y-polvo-2-en-1-authentic-fit-n1\/\"]}]},{\"@type\":\"ImageObject\",\"inLanguage\":\"pt-PT\",\"@id\":\"https:\/\/lovelycosmetics.eu\/pt-pt\/producto\/maquillaje-y-polvo-2-en-1-authentic-fit-n1\/#primaryimage\",\"url\":\"https:\/\/lovelycosmetics.eu\/wp-content\/uploads\/2024\/06\/5905309907393_1.jpg\",\"contentUrl\":\"https:\/\/lovelycosmetics.eu\/wp-content\/uploads\/2024\/06\/5905309907393_1.jpg\",\"width\":800,\"height\":800},{\"@type\":\"BreadcrumbList\",\"@id\":\"https:\/\/lovelycosmetics.eu\/pt-pt\/producto\/maquillaje-y-polvo-2-en-1-authentic-fit-n1\/#breadcrumb\",\"itemListElement\":[{\"@type\":\"ListItem\",\"position\":1,\"name\":\"Portada\",\"item\":\"https:\/\/lovelycosmetics.eu\/pt-pt\/\"},{\"@type\":\"ListItem\",\"position\":2,\"name\":\"P\u00e1gina de inicio\",\"item\":\"https:\/\/lovelycosmetics.eu\/?page_id=16876\"},{\"@type\":\"ListItem\",\"position\":3,\"name\":\"Base em p\u00f3 2 en 1 Authentic Fit\"}]},{\"@type\":\"WebSite\",\"@id\":\"https:\/\/lovelycosmetics.eu\/pt-pt\/#website\",\"url\":\"https:\/\/lovelycosmetics.eu\/pt-pt\/\",\"name\":\"Lovely\",\"description\":\"Lovely\",\"potentialAction\":[{\"@type\":\"SearchAction\",\"target\":{\"@type\":\"EntryPoint\",\"urlTemplate\":\"https:\/\/lovelycosmetics.eu\/pt-pt\/?s={search_term_string}\"},\"query-input\":{\"@type\":\"PropertyValueSpecification\",\"valueRequired\":true,\"valueName\":\"search_term_string\"}}],\"inLanguage\":\"pt-PT\"}]}<\/script>\n<!-- \/ Yoast SEO plugin. -->","yoast_head_json":{"title":"Base em p\u00f3 2 en 1 Authentic  Fit - Lovely","robots":{"index":"index","follow":"follow","max-snippet":"max-snippet:-1","max-image-preview":"max-image-preview:large","max-video-preview":"max-video-preview:-1"},"canonical":"https:\/\/lovelycosmetics.eu\/pt-pt\/producto\/maquillaje-y-polvo-2-en-1-authentic-fit-n1\/","og_locale":"pt_PT","og_type":"article","og_title":"Base em p\u00f3 2 en 1 Authentic  Fit - Lovely","og_description":"Base em p\u00f3 modul\u00e1vel para  aumentar a cobertura desejada. Matifica a pele sem deixar uma sensa\u00e7\u00e3o de  secura, alisa e n\u00e3o obstrui os poros. Para um efeito de pele mate. Dispon\u00edvel  em quatro tonalidades de bege.","og_url":"https:\/\/lovelycosmetics.eu\/pt-pt\/producto\/maquillaje-y-polvo-2-en-1-authentic-fit-n1\/","og_site_name":"Lovely","article_modified_time":"2024-07-01T12:55:21+00:00","og_image":[{"width":800,"height":800,"url":"https:\/\/lovelycosmetics.eu\/wp-content\/uploads\/2024\/06\/5905309907393_1.jpg","type":"image\/jpeg"}],"twitter_card":"summary_large_image","schema":{"@context":"https:\/\/schema.org","@graph":[{"@type":"WebPage","@id":"https:\/\/lovelycosmetics.eu\/pt-pt\/producto\/maquillaje-y-polvo-2-en-1-authentic-fit-n1\/","url":"https:\/\/lovelycosmetics.eu\/pt-pt\/producto\/maquillaje-y-polvo-2-en-1-authentic-fit-n1\/","name":"Base em p\u00f3 2 en 1 Authentic Fit - Lovely","isPartOf":{"@id":"https:\/\/lovelycosmetics.eu\/pt-pt\/#website"},"primaryImageOfPage":{"@id":"https:\/\/lovelycosmetics.eu\/pt-pt\/producto\/maquillaje-y-polvo-2-en-1-authentic-fit-n1\/#primaryimage"},"image":{"@id":"https:\/\/lovelycosmetics.eu\/pt-pt\/producto\/maquillaje-y-polvo-2-en-1-authentic-fit-n1\/#primaryimage"},"thumbnailUrl":"https:\/\/lovelycosmetics.eu\/wp-content\/uploads\/2024\/06\/5905309907393_1.jpg","datePublished":"2024-06-27T11:32:04+00:00","dateModified":"2024-07-01T12:55:21+00:00","breadcrumb":{"@id":"https:\/\/lovelycosmetics.eu\/pt-pt\/producto\/maquillaje-y-polvo-2-en-1-authentic-fit-n1\/#breadcrumb"},"inLanguage":"pt-PT","potentialAction":[{"@type":"ReadAction","target":["https:\/\/lovelycosmetics.eu\/pt-pt\/producto\/maquillaje-y-polvo-2-en-1-authentic-fit-n1\/"]}]},{"@type":"ImageObject","inLanguage":"pt-PT","@id":"https:\/\/lovelycosmetics.eu\/pt-pt\/producto\/maquillaje-y-polvo-2-en-1-authentic-fit-n1\/#primaryimage","url":"https:\/\/lovelycosmetics.eu\/wp-content\/uploads\/2024\/06\/5905309907393_1.jpg","contentUrl":"https:\/\/lovelycosmetics.eu\/wp-content\/uploads\/2024\/06\/5905309907393_1.jpg","width":800,"height":800},{"@type":"BreadcrumbList","@id":"https:\/\/lovelycosmetics.eu\/pt-pt\/producto\/maquillaje-y-polvo-2-en-1-authentic-fit-n1\/#breadcrumb","itemListElement":[{"@type":"ListItem","position":1,"name":"Portada","item":"https:\/\/lovelycosmetics.eu\/pt-pt\/"},{"@type":"ListItem","position":2,"name":"P\u00e1gina de inicio","item":"https:\/\/lovelycosmetics.eu\/?page_id=16876"},{"@type":"ListItem","position":3,"name":"Base em p\u00f3 2 en 1 Authentic Fit"}]},{"@type":"WebSite","@id":"https:\/\/lovelycosmetics.eu\/pt-pt\/#website","url":"https:\/\/lovelycosmetics.eu\/pt-pt\/","name":"Lovely","description":"Lovely","potentialAction":[{"@type":"SearchAction","target":{"@type":"EntryPoint","urlTemplate":"https:\/\/lovelycosmetics.eu\/pt-pt\/?s={search_term_string}"},"query-input":{"@type":"PropertyValueSpecification","valueRequired":true,"valueName":"search_term_string"}}],"inLanguage":"pt-PT"}]}},"_links":{"self":[{"href":"https:\/\/lovelycosmetics.eu\/pt-pt\/wp-json\/wp\/v2\/product\/28687","targetHints":{"allow":["GET"]}}],"collection":[{"href":"https:\/\/lovelycosmetics.eu\/pt-pt\/wp-json\/wp\/v2\/product"}],"about":[{"href":"https:\/\/lovelycosmetics.eu\/pt-pt\/wp-json\/wp\/v2\/types\/product"}],"replies":[{"embeddable":true,"href":"https:\/\/lovelycosmetics.eu\/pt-pt\/wp-json\/wp\/v2\/comments?post=28687"}],"wp:featuredmedia":[{"embeddable":true,"href":"https:\/\/lovelycosmetics.eu\/pt-pt\/wp-json\/wp\/v2\/media\/27999"}],"wp:attachment":[{"href":"https:\/\/lovelycosmetics.eu\/pt-pt\/wp-json\/wp\/v2\/media?parent=28687"}],"wp:term":[{"taxonomy":"product_brand","embeddable":true,"href":"https:\/\/lovelycosmetics.eu\/pt-pt\/wp-json\/wp\/v2\/product_brand?post=28687"},{"taxonomy":"product_cat","embeddable":true,"href":"https:\/\/lovelycosmetics.eu\/pt-pt\/wp-json\/wp\/v2\/product_cat?post=28687"},{"taxonomy":"product_tag","embeddable":true,"href":"https:\/\/lovelycosmetics.eu\/pt-pt\/wp-json\/wp\/v2\/product_tag?post=28687"}],"curies":[{"name":"wp","href":"https:\/\/api.w.org\/{rel}","templated":true}]}}