{"id":28707,"date":"2024-06-27T11:07:39","date_gmt":"2024-06-27T11:07:39","guid":{"rendered":"https:\/\/lovelycosmetics.eu\/producto\/iluminador-de-polvos-cocido-luminous-cutie\/"},"modified":"2024-07-02T09:05:05","modified_gmt":"2024-07-02T09:05:05","slug":"iluminador-de-polvos-cocido-luminous-cutie","status":"publish","type":"product","link":"https:\/\/lovelycosmetics.eu\/pt-pt\/producto\/iluminador-de-polvos-cocido-luminous-cutie\/","title":{"rendered":"P\u00f3\n  iluminador\u00a0 Luminous Cutie"},"content":{"rendered":"<h4>Modo<br \/>\n  de uso<\/h4>\n<p>Quando tiver a sua pele maquilhada e pronta, pegue<br \/>\n  numa pincelada do iluminador e aplique-a logo acima das bochechas para<br \/>\n  real\u00e7ar as ma\u00e7\u00e3s do rosto, debaixo do arco da sobrancelha para levantar a<br \/>\n  p\u00e1lpebra e no canal da l\u00e1grima do olho para abrir o olhar. Tamb\u00e9m se pode<br \/>\n  pincelar no arco do cupido para ampliar visualmente os l\u00e1bios e no septo do<br \/>\n  nariz para o<br \/>\n  afiar.<\/p>\n<p><\/p>\n<h4>Ingredientes<\/h4>\n<p>Mica,<br \/>\n  Silica, Aqua, Ethylhexyl Palmitate, Polymethylsilsesquioxane, Bis-Diglyceryl<br \/>\n  Polyacyladipate-2, Hydrogenated Polyisobutene, Isononyl Isononanoate,<br \/>\n  Polysorbate 60, Polyisobutene, Phenoxyethanol, CI 77491, CI 77891, CI<br \/>\n  77492.<\/p>\n","protected":false},"excerpt":{"rendered":"<p>P\u00f3<br \/>\n  iluminador e transparente que confere \u00e0 pele um brilho radiante. Gra\u00e7as \u00e0 sua<br \/>\n  f\u00f3rmula em p\u00f3, o produto n\u00e3o descama e garante uma utiliza\u00e7\u00e3o de longa<br \/>\n  dura\u00e7\u00e3o.<\/p>\n","protected":false},"featured_media":28323,"comment_status":"closed","ping_status":"closed","template":"","meta":[],"product_brand":[],"product_cat":[1674,1168,1478],"product_tag":[1675,1493],"class_list":{"0":"post-28707","1":"product","2":"type-product","3":"status-publish","4":"has-post-thumbnail","6":"product_cat-624-pt-pt","7":"product_cat-blusher-iluminador-bronzeador","8":"product_cat-new-2-pt-pt","9":"product_tag-624-pt-pt","10":"product_tag-new-pt-pt","12":"first","13":"instock","14":"shipping-taxable","15":"purchasable","16":"product-type-simple"},"yoast_head":"<!-- This site is optimized with the Yoast SEO plugin v24.9 - https:\/\/yoast.com\/wordpress\/plugins\/seo\/ -->\n<title>P\u00f3  iluminador\u00a0 Luminous Cutie - Lovely<\/title>\n<meta name=\"robots\" content=\"index, follow, max-snippet:-1, max-image-preview:large, max-video-preview:-1\" \/>\n<link rel=\"canonical\" href=\"https:\/\/lovelycosmetics.eu\/pt-pt\/producto\/iluminador-de-polvos-cocido-luminous-cutie\/\" \/>\n<meta property=\"og:locale\" content=\"pt_PT\" \/>\n<meta property=\"og:type\" content=\"article\" \/>\n<meta property=\"og:title\" content=\"P\u00f3  iluminador\u00a0 Luminous Cutie - Lovely\" \/>\n<meta property=\"og:description\" content=\"P\u00f3  iluminador e transparente que confere \u00e0 pele um brilho radiante. Gra\u00e7as \u00e0 sua  f\u00f3rmula em p\u00f3, o produto n\u00e3o descama e garante uma utiliza\u00e7\u00e3o de longa  dura\u00e7\u00e3o.\" \/>\n<meta property=\"og:url\" content=\"https:\/\/lovelycosmetics.eu\/pt-pt\/producto\/iluminador-de-polvos-cocido-luminous-cutie\/\" \/>\n<meta property=\"og:site_name\" content=\"Lovely\" \/>\n<meta property=\"article:modified_time\" content=\"2024-07-02T09:05:05+00:00\" \/>\n<meta property=\"og:image\" content=\"https:\/\/lovelycosmetics.eu\/wp-content\/uploads\/2024\/06\/5905309907270_1.jpg\" \/>\n\t<meta property=\"og:image:width\" content=\"800\" \/>\n\t<meta property=\"og:image:height\" content=\"800\" \/>\n\t<meta property=\"og:image:type\" content=\"image\/jpeg\" \/>\n<meta name=\"twitter:card\" content=\"summary_large_image\" \/>\n<script type=\"application\/ld+json\" class=\"yoast-schema-graph\">{\"@context\":\"https:\/\/schema.org\",\"@graph\":[{\"@type\":\"WebPage\",\"@id\":\"https:\/\/lovelycosmetics.eu\/pt-pt\/producto\/iluminador-de-polvos-cocido-luminous-cutie\/\",\"url\":\"https:\/\/lovelycosmetics.eu\/pt-pt\/producto\/iluminador-de-polvos-cocido-luminous-cutie\/\",\"name\":\"P\u00f3 iluminador\u00a0 Luminous Cutie - Lovely\",\"isPartOf\":{\"@id\":\"https:\/\/lovelycosmetics.eu\/pt-pt\/#website\"},\"primaryImageOfPage\":{\"@id\":\"https:\/\/lovelycosmetics.eu\/pt-pt\/producto\/iluminador-de-polvos-cocido-luminous-cutie\/#primaryimage\"},\"image\":{\"@id\":\"https:\/\/lovelycosmetics.eu\/pt-pt\/producto\/iluminador-de-polvos-cocido-luminous-cutie\/#primaryimage\"},\"thumbnailUrl\":\"https:\/\/lovelycosmetics.eu\/wp-content\/uploads\/2024\/06\/5905309907270_1.jpg\",\"datePublished\":\"2024-06-27T11:07:39+00:00\",\"dateModified\":\"2024-07-02T09:05:05+00:00\",\"breadcrumb\":{\"@id\":\"https:\/\/lovelycosmetics.eu\/pt-pt\/producto\/iluminador-de-polvos-cocido-luminous-cutie\/#breadcrumb\"},\"inLanguage\":\"pt-PT\",\"potentialAction\":[{\"@type\":\"ReadAction\",\"target\":[\"https:\/\/lovelycosmetics.eu\/pt-pt\/producto\/iluminador-de-polvos-cocido-luminous-cutie\/\"]}]},{\"@type\":\"ImageObject\",\"inLanguage\":\"pt-PT\",\"@id\":\"https:\/\/lovelycosmetics.eu\/pt-pt\/producto\/iluminador-de-polvos-cocido-luminous-cutie\/#primaryimage\",\"url\":\"https:\/\/lovelycosmetics.eu\/wp-content\/uploads\/2024\/06\/5905309907270_1.jpg\",\"contentUrl\":\"https:\/\/lovelycosmetics.eu\/wp-content\/uploads\/2024\/06\/5905309907270_1.jpg\",\"width\":800,\"height\":800},{\"@type\":\"BreadcrumbList\",\"@id\":\"https:\/\/lovelycosmetics.eu\/pt-pt\/producto\/iluminador-de-polvos-cocido-luminous-cutie\/#breadcrumb\",\"itemListElement\":[{\"@type\":\"ListItem\",\"position\":1,\"name\":\"Portada\",\"item\":\"https:\/\/lovelycosmetics.eu\/pt-pt\/\"},{\"@type\":\"ListItem\",\"position\":2,\"name\":\"P\u00e1gina de inicio\",\"item\":\"https:\/\/lovelycosmetics.eu\/?page_id=16876\"},{\"@type\":\"ListItem\",\"position\":3,\"name\":\"P\u00f3 iluminador\u00a0 Luminous Cutie\"}]},{\"@type\":\"WebSite\",\"@id\":\"https:\/\/lovelycosmetics.eu\/pt-pt\/#website\",\"url\":\"https:\/\/lovelycosmetics.eu\/pt-pt\/\",\"name\":\"Lovely\",\"description\":\"Lovely\",\"potentialAction\":[{\"@type\":\"SearchAction\",\"target\":{\"@type\":\"EntryPoint\",\"urlTemplate\":\"https:\/\/lovelycosmetics.eu\/pt-pt\/?s={search_term_string}\"},\"query-input\":{\"@type\":\"PropertyValueSpecification\",\"valueRequired\":true,\"valueName\":\"search_term_string\"}}],\"inLanguage\":\"pt-PT\"}]}<\/script>\n<!-- \/ Yoast SEO plugin. -->","yoast_head_json":{"title":"P\u00f3  iluminador\u00a0 Luminous Cutie - Lovely","robots":{"index":"index","follow":"follow","max-snippet":"max-snippet:-1","max-image-preview":"max-image-preview:large","max-video-preview":"max-video-preview:-1"},"canonical":"https:\/\/lovelycosmetics.eu\/pt-pt\/producto\/iluminador-de-polvos-cocido-luminous-cutie\/","og_locale":"pt_PT","og_type":"article","og_title":"P\u00f3  iluminador\u00a0 Luminous Cutie - Lovely","og_description":"P\u00f3  iluminador e transparente que confere \u00e0 pele um brilho radiante. Gra\u00e7as \u00e0 sua  f\u00f3rmula em p\u00f3, o produto n\u00e3o descama e garante uma utiliza\u00e7\u00e3o de longa  dura\u00e7\u00e3o.","og_url":"https:\/\/lovelycosmetics.eu\/pt-pt\/producto\/iluminador-de-polvos-cocido-luminous-cutie\/","og_site_name":"Lovely","article_modified_time":"2024-07-02T09:05:05+00:00","og_image":[{"width":800,"height":800,"url":"https:\/\/lovelycosmetics.eu\/wp-content\/uploads\/2024\/06\/5905309907270_1.jpg","type":"image\/jpeg"}],"twitter_card":"summary_large_image","schema":{"@context":"https:\/\/schema.org","@graph":[{"@type":"WebPage","@id":"https:\/\/lovelycosmetics.eu\/pt-pt\/producto\/iluminador-de-polvos-cocido-luminous-cutie\/","url":"https:\/\/lovelycosmetics.eu\/pt-pt\/producto\/iluminador-de-polvos-cocido-luminous-cutie\/","name":"P\u00f3 iluminador\u00a0 Luminous Cutie - Lovely","isPartOf":{"@id":"https:\/\/lovelycosmetics.eu\/pt-pt\/#website"},"primaryImageOfPage":{"@id":"https:\/\/lovelycosmetics.eu\/pt-pt\/producto\/iluminador-de-polvos-cocido-luminous-cutie\/#primaryimage"},"image":{"@id":"https:\/\/lovelycosmetics.eu\/pt-pt\/producto\/iluminador-de-polvos-cocido-luminous-cutie\/#primaryimage"},"thumbnailUrl":"https:\/\/lovelycosmetics.eu\/wp-content\/uploads\/2024\/06\/5905309907270_1.jpg","datePublished":"2024-06-27T11:07:39+00:00","dateModified":"2024-07-02T09:05:05+00:00","breadcrumb":{"@id":"https:\/\/lovelycosmetics.eu\/pt-pt\/producto\/iluminador-de-polvos-cocido-luminous-cutie\/#breadcrumb"},"inLanguage":"pt-PT","potentialAction":[{"@type":"ReadAction","target":["https:\/\/lovelycosmetics.eu\/pt-pt\/producto\/iluminador-de-polvos-cocido-luminous-cutie\/"]}]},{"@type":"ImageObject","inLanguage":"pt-PT","@id":"https:\/\/lovelycosmetics.eu\/pt-pt\/producto\/iluminador-de-polvos-cocido-luminous-cutie\/#primaryimage","url":"https:\/\/lovelycosmetics.eu\/wp-content\/uploads\/2024\/06\/5905309907270_1.jpg","contentUrl":"https:\/\/lovelycosmetics.eu\/wp-content\/uploads\/2024\/06\/5905309907270_1.jpg","width":800,"height":800},{"@type":"BreadcrumbList","@id":"https:\/\/lovelycosmetics.eu\/pt-pt\/producto\/iluminador-de-polvos-cocido-luminous-cutie\/#breadcrumb","itemListElement":[{"@type":"ListItem","position":1,"name":"Portada","item":"https:\/\/lovelycosmetics.eu\/pt-pt\/"},{"@type":"ListItem","position":2,"name":"P\u00e1gina de inicio","item":"https:\/\/lovelycosmetics.eu\/?page_id=16876"},{"@type":"ListItem","position":3,"name":"P\u00f3 iluminador\u00a0 Luminous Cutie"}]},{"@type":"WebSite","@id":"https:\/\/lovelycosmetics.eu\/pt-pt\/#website","url":"https:\/\/lovelycosmetics.eu\/pt-pt\/","name":"Lovely","description":"Lovely","potentialAction":[{"@type":"SearchAction","target":{"@type":"EntryPoint","urlTemplate":"https:\/\/lovelycosmetics.eu\/pt-pt\/?s={search_term_string}"},"query-input":{"@type":"PropertyValueSpecification","valueRequired":true,"valueName":"search_term_string"}}],"inLanguage":"pt-PT"}]}},"_links":{"self":[{"href":"https:\/\/lovelycosmetics.eu\/pt-pt\/wp-json\/wp\/v2\/product\/28707","targetHints":{"allow":["GET"]}}],"collection":[{"href":"https:\/\/lovelycosmetics.eu\/pt-pt\/wp-json\/wp\/v2\/product"}],"about":[{"href":"https:\/\/lovelycosmetics.eu\/pt-pt\/wp-json\/wp\/v2\/types\/product"}],"replies":[{"embeddable":true,"href":"https:\/\/lovelycosmetics.eu\/pt-pt\/wp-json\/wp\/v2\/comments?post=28707"}],"wp:featuredmedia":[{"embeddable":true,"href":"https:\/\/lovelycosmetics.eu\/pt-pt\/wp-json\/wp\/v2\/media\/28323"}],"wp:attachment":[{"href":"https:\/\/lovelycosmetics.eu\/pt-pt\/wp-json\/wp\/v2\/media?parent=28707"}],"wp:term":[{"taxonomy":"product_brand","embeddable":true,"href":"https:\/\/lovelycosmetics.eu\/pt-pt\/wp-json\/wp\/v2\/product_brand?post=28707"},{"taxonomy":"product_cat","embeddable":true,"href":"https:\/\/lovelycosmetics.eu\/pt-pt\/wp-json\/wp\/v2\/product_cat?post=28707"},{"taxonomy":"product_tag","embeddable":true,"href":"https:\/\/lovelycosmetics.eu\/pt-pt\/wp-json\/wp\/v2\/product_tag?post=28707"}],"curies":[{"name":"wp","href":"https:\/\/api.w.org\/{rel}","templated":true}]}}