{"id":28717,"date":"2024-06-27T11:07:35","date_gmt":"2024-06-27T11:07:35","guid":{"rendered":"https:\/\/lovelycosmetics.eu\/producto\/iluminador-palm-springs-glow\/"},"modified":"2024-07-02T09:05:12","modified_gmt":"2024-07-02T09:05:12","slug":"iluminador-palm-springs-glow","status":"publish","type":"product","link":"https:\/\/lovelycosmetics.eu\/pt-pt\/producto\/iluminador-palm-springs-glow\/","title":{"rendered":"Iluminador Palm Springs Glow"},"content":{"rendered":"<h4>Modo<br \/>\n  de uso<\/h4>\n<p>Quando tiver a sua pele maquilhada e pronta, pegue<br \/>\n  numa pincelada do iluminador e aplique-a logo acima das bochechas para<br \/>\n  real\u00e7ar as ma\u00e7\u00e3s do rosto, debaixo do arco da sobrancelha para levantar a<br \/>\n  p\u00e1lpebra e no canal da l\u00e1grima do olho para abrir o olhar. Tamb\u00e9m se pode<br \/>\n  pincelar no arco do cupido para ampliar visualmente os l\u00e1bios e no septo do<br \/>\n  nariz para o<br \/>\n  afiar.<\/p>\n<p><\/p>\n<h4>Ingredientes<\/h4>\n<p>Dimethicone,<br \/>\n  Calcium Aluminum Borosilicate, Silica, Caprylic\/Capric Triglyceride,<br \/>\n  Dimethicone\/Vinyl Dimethicone Crosspolymer, Talc, Hydrogenated Polyisobutene,<br \/>\n  Methyl Methacrylate Crosspolymer, Mica, Ethylhexyl Palmitate, Hydrogenated<br \/>\n  Styrene\/Isoprene Copolymer, Caprylyl Glycol, Phenoxyethanol, Parfum, Tin<br \/>\n  Oxide, Hexylene Glycol, CI 77891, CI 77491.<\/p>\n","protected":false},"excerpt":{"rendered":"<p>Iluminador<br \/>\n  e topper multifuncional para o rosto e corpo com f\u00f3rmula de efeito<br \/>\n  saltitante. Cobre a pele com part\u00edculas de brilho intenso.<\/p>\n","protected":false},"featured_media":27921,"comment_status":"closed","ping_status":"closed","template":"","meta":[],"product_brand":[],"product_cat":[1674,1168,1686,1478],"product_tag":[1675,1687,1493],"class_list":{"0":"post-28717","1":"product","2":"type-product","3":"status-publish","4":"has-post-thumbnail","6":"product_cat-624-pt-pt","7":"product_cat-blusher-iluminador-bronzeador","8":"product_cat-moda-west-sides-pt-pt","9":"product_cat-new-2-pt-pt","10":"product_tag-624-pt-pt","11":"product_tag-moda-west-sides-pt-pt","12":"product_tag-new-pt-pt","14":"first","15":"instock","16":"shipping-taxable","17":"purchasable","18":"product-type-simple"},"yoast_head":"<!-- This site is optimized with the Yoast SEO plugin v24.9 - https:\/\/yoast.com\/wordpress\/plugins\/seo\/ -->\n<title>Iluminador Palm Springs Glow - Lovely<\/title>\n<meta name=\"robots\" content=\"index, follow, max-snippet:-1, max-image-preview:large, max-video-preview:-1\" \/>\n<link rel=\"canonical\" href=\"https:\/\/lovelycosmetics.eu\/pt-pt\/producto\/iluminador-palm-springs-glow\/\" \/>\n<meta property=\"og:locale\" content=\"pt_PT\" \/>\n<meta property=\"og:type\" content=\"article\" \/>\n<meta property=\"og:title\" content=\"Iluminador Palm Springs Glow - Lovely\" \/>\n<meta property=\"og:description\" content=\"Iluminador  e topper multifuncional para o rosto e corpo com f\u00f3rmula de efeito  saltitante. Cobre a pele com part\u00edculas de brilho intenso.\" \/>\n<meta property=\"og:url\" content=\"https:\/\/lovelycosmetics.eu\/pt-pt\/producto\/iluminador-palm-springs-glow\/\" \/>\n<meta property=\"og:site_name\" content=\"Lovely\" \/>\n<meta property=\"article:modified_time\" content=\"2024-07-02T09:05:12+00:00\" \/>\n<meta property=\"og:image\" content=\"https:\/\/lovelycosmetics.eu\/wp-content\/uploads\/2024\/06\/5905309905788_1.jpg\" \/>\n\t<meta property=\"og:image:width\" content=\"800\" \/>\n\t<meta property=\"og:image:height\" content=\"800\" \/>\n\t<meta property=\"og:image:type\" content=\"image\/jpeg\" \/>\n<meta name=\"twitter:card\" content=\"summary_large_image\" \/>\n<meta name=\"twitter:label1\" content=\"Tempo estimado de leitura\" \/>\n\t<meta name=\"twitter:data1\" content=\"1 minuto\" \/>\n<script type=\"application\/ld+json\" class=\"yoast-schema-graph\">{\"@context\":\"https:\/\/schema.org\",\"@graph\":[{\"@type\":\"WebPage\",\"@id\":\"https:\/\/lovelycosmetics.eu\/pt-pt\/producto\/iluminador-palm-springs-glow\/\",\"url\":\"https:\/\/lovelycosmetics.eu\/pt-pt\/producto\/iluminador-palm-springs-glow\/\",\"name\":\"Iluminador Palm Springs Glow - Lovely\",\"isPartOf\":{\"@id\":\"https:\/\/lovelycosmetics.eu\/pt-pt\/#website\"},\"primaryImageOfPage\":{\"@id\":\"https:\/\/lovelycosmetics.eu\/pt-pt\/producto\/iluminador-palm-springs-glow\/#primaryimage\"},\"image\":{\"@id\":\"https:\/\/lovelycosmetics.eu\/pt-pt\/producto\/iluminador-palm-springs-glow\/#primaryimage\"},\"thumbnailUrl\":\"https:\/\/lovelycosmetics.eu\/wp-content\/uploads\/2024\/06\/5905309905788_1.jpg\",\"datePublished\":\"2024-06-27T11:07:35+00:00\",\"dateModified\":\"2024-07-02T09:05:12+00:00\",\"breadcrumb\":{\"@id\":\"https:\/\/lovelycosmetics.eu\/pt-pt\/producto\/iluminador-palm-springs-glow\/#breadcrumb\"},\"inLanguage\":\"pt-PT\",\"potentialAction\":[{\"@type\":\"ReadAction\",\"target\":[\"https:\/\/lovelycosmetics.eu\/pt-pt\/producto\/iluminador-palm-springs-glow\/\"]}]},{\"@type\":\"ImageObject\",\"inLanguage\":\"pt-PT\",\"@id\":\"https:\/\/lovelycosmetics.eu\/pt-pt\/producto\/iluminador-palm-springs-glow\/#primaryimage\",\"url\":\"https:\/\/lovelycosmetics.eu\/wp-content\/uploads\/2024\/06\/5905309905788_1.jpg\",\"contentUrl\":\"https:\/\/lovelycosmetics.eu\/wp-content\/uploads\/2024\/06\/5905309905788_1.jpg\",\"width\":800,\"height\":800},{\"@type\":\"BreadcrumbList\",\"@id\":\"https:\/\/lovelycosmetics.eu\/pt-pt\/producto\/iluminador-palm-springs-glow\/#breadcrumb\",\"itemListElement\":[{\"@type\":\"ListItem\",\"position\":1,\"name\":\"Portada\",\"item\":\"https:\/\/lovelycosmetics.eu\/pt-pt\/\"},{\"@type\":\"ListItem\",\"position\":2,\"name\":\"P\u00e1gina de inicio\",\"item\":\"https:\/\/lovelycosmetics.eu\/?page_id=16876\"},{\"@type\":\"ListItem\",\"position\":3,\"name\":\"Iluminador Palm Springs Glow\"}]},{\"@type\":\"WebSite\",\"@id\":\"https:\/\/lovelycosmetics.eu\/pt-pt\/#website\",\"url\":\"https:\/\/lovelycosmetics.eu\/pt-pt\/\",\"name\":\"Lovely\",\"description\":\"Lovely\",\"potentialAction\":[{\"@type\":\"SearchAction\",\"target\":{\"@type\":\"EntryPoint\",\"urlTemplate\":\"https:\/\/lovelycosmetics.eu\/pt-pt\/?s={search_term_string}\"},\"query-input\":{\"@type\":\"PropertyValueSpecification\",\"valueRequired\":true,\"valueName\":\"search_term_string\"}}],\"inLanguage\":\"pt-PT\"}]}<\/script>\n<!-- \/ Yoast SEO plugin. -->","yoast_head_json":{"title":"Iluminador Palm Springs Glow - Lovely","robots":{"index":"index","follow":"follow","max-snippet":"max-snippet:-1","max-image-preview":"max-image-preview:large","max-video-preview":"max-video-preview:-1"},"canonical":"https:\/\/lovelycosmetics.eu\/pt-pt\/producto\/iluminador-palm-springs-glow\/","og_locale":"pt_PT","og_type":"article","og_title":"Iluminador Palm Springs Glow - Lovely","og_description":"Iluminador  e topper multifuncional para o rosto e corpo com f\u00f3rmula de efeito  saltitante. Cobre a pele com part\u00edculas de brilho intenso.","og_url":"https:\/\/lovelycosmetics.eu\/pt-pt\/producto\/iluminador-palm-springs-glow\/","og_site_name":"Lovely","article_modified_time":"2024-07-02T09:05:12+00:00","og_image":[{"width":800,"height":800,"url":"https:\/\/lovelycosmetics.eu\/wp-content\/uploads\/2024\/06\/5905309905788_1.jpg","type":"image\/jpeg"}],"twitter_card":"summary_large_image","twitter_misc":{"Tempo estimado de leitura":"1 minuto"},"schema":{"@context":"https:\/\/schema.org","@graph":[{"@type":"WebPage","@id":"https:\/\/lovelycosmetics.eu\/pt-pt\/producto\/iluminador-palm-springs-glow\/","url":"https:\/\/lovelycosmetics.eu\/pt-pt\/producto\/iluminador-palm-springs-glow\/","name":"Iluminador Palm Springs Glow - Lovely","isPartOf":{"@id":"https:\/\/lovelycosmetics.eu\/pt-pt\/#website"},"primaryImageOfPage":{"@id":"https:\/\/lovelycosmetics.eu\/pt-pt\/producto\/iluminador-palm-springs-glow\/#primaryimage"},"image":{"@id":"https:\/\/lovelycosmetics.eu\/pt-pt\/producto\/iluminador-palm-springs-glow\/#primaryimage"},"thumbnailUrl":"https:\/\/lovelycosmetics.eu\/wp-content\/uploads\/2024\/06\/5905309905788_1.jpg","datePublished":"2024-06-27T11:07:35+00:00","dateModified":"2024-07-02T09:05:12+00:00","breadcrumb":{"@id":"https:\/\/lovelycosmetics.eu\/pt-pt\/producto\/iluminador-palm-springs-glow\/#breadcrumb"},"inLanguage":"pt-PT","potentialAction":[{"@type":"ReadAction","target":["https:\/\/lovelycosmetics.eu\/pt-pt\/producto\/iluminador-palm-springs-glow\/"]}]},{"@type":"ImageObject","inLanguage":"pt-PT","@id":"https:\/\/lovelycosmetics.eu\/pt-pt\/producto\/iluminador-palm-springs-glow\/#primaryimage","url":"https:\/\/lovelycosmetics.eu\/wp-content\/uploads\/2024\/06\/5905309905788_1.jpg","contentUrl":"https:\/\/lovelycosmetics.eu\/wp-content\/uploads\/2024\/06\/5905309905788_1.jpg","width":800,"height":800},{"@type":"BreadcrumbList","@id":"https:\/\/lovelycosmetics.eu\/pt-pt\/producto\/iluminador-palm-springs-glow\/#breadcrumb","itemListElement":[{"@type":"ListItem","position":1,"name":"Portada","item":"https:\/\/lovelycosmetics.eu\/pt-pt\/"},{"@type":"ListItem","position":2,"name":"P\u00e1gina de inicio","item":"https:\/\/lovelycosmetics.eu\/?page_id=16876"},{"@type":"ListItem","position":3,"name":"Iluminador Palm Springs Glow"}]},{"@type":"WebSite","@id":"https:\/\/lovelycosmetics.eu\/pt-pt\/#website","url":"https:\/\/lovelycosmetics.eu\/pt-pt\/","name":"Lovely","description":"Lovely","potentialAction":[{"@type":"SearchAction","target":{"@type":"EntryPoint","urlTemplate":"https:\/\/lovelycosmetics.eu\/pt-pt\/?s={search_term_string}"},"query-input":{"@type":"PropertyValueSpecification","valueRequired":true,"valueName":"search_term_string"}}],"inLanguage":"pt-PT"}]}},"_links":{"self":[{"href":"https:\/\/lovelycosmetics.eu\/pt-pt\/wp-json\/wp\/v2\/product\/28717","targetHints":{"allow":["GET"]}}],"collection":[{"href":"https:\/\/lovelycosmetics.eu\/pt-pt\/wp-json\/wp\/v2\/product"}],"about":[{"href":"https:\/\/lovelycosmetics.eu\/pt-pt\/wp-json\/wp\/v2\/types\/product"}],"replies":[{"embeddable":true,"href":"https:\/\/lovelycosmetics.eu\/pt-pt\/wp-json\/wp\/v2\/comments?post=28717"}],"wp:featuredmedia":[{"embeddable":true,"href":"https:\/\/lovelycosmetics.eu\/pt-pt\/wp-json\/wp\/v2\/media\/27921"}],"wp:attachment":[{"href":"https:\/\/lovelycosmetics.eu\/pt-pt\/wp-json\/wp\/v2\/media?parent=28717"}],"wp:term":[{"taxonomy":"product_brand","embeddable":true,"href":"https:\/\/lovelycosmetics.eu\/pt-pt\/wp-json\/wp\/v2\/product_brand?post=28717"},{"taxonomy":"product_cat","embeddable":true,"href":"https:\/\/lovelycosmetics.eu\/pt-pt\/wp-json\/wp\/v2\/product_cat?post=28717"},{"taxonomy":"product_tag","embeddable":true,"href":"https:\/\/lovelycosmetics.eu\/pt-pt\/wp-json\/wp\/v2\/product_tag?post=28717"}],"curies":[{"name":"wp","href":"https:\/\/api.w.org\/{rel}","templated":true}]}}