{"id":31357,"date":"2025-04-15T06:51:18","date_gmt":"2025-04-15T06:51:18","guid":{"rendered":"https:\/\/lovelycosmetics.eu\/producto\/lovely-bonjour-beaute-iluminador-en-polvo\/"},"modified":"2025-04-16T11:41:24","modified_gmt":"2025-04-16T11:41:24","slug":"lovely-bonjour-beaute-iluminador-en-polvo","status":"publish","type":"product","link":"https:\/\/lovelycosmetics.eu\/pt-pt\/producto\/lovely-bonjour-beaute-iluminador-en-polvo\/","title":{"rendered":"Bonjour Beaut\u00e9 Illuminator powder"},"content":{"rendered":"<h4>Modo de utiliza\u00e7\u00e3o<\/h4>\n<p>Depois de ter a pele maquilhada e preparada, pegue num pouco de iluminador com um pincel e aplique-o mesmo por cima das ma\u00e7\u00e3s do rosto para real\u00e7ar as ma\u00e7\u00e3s do rosto, por baixo do arco da sobrancelha para levantar a p\u00e1lpebra e na zona lacrimal do olho para abrir o olhar. Pode tamb\u00e9m aplic\u00e1-lo no arco do cupido para aumentar visualmente os l\u00e1bios e no septo do nariz para o afinar.<\/p>\n<h4>Ingredientes<\/h4>\n<p>Synthetic Fluorphlogopite, Mica, Silica, Parfum, Calcium Aluminum Borosilicate, Tin Oxide, Sodium Stearate, Cetearyl Alcohol, Ceteareth-20, Calcium Chloride, Vanillin, Benzyl Alcohol, CI 77891, CI 77491, CI 77163, CI 77492, CI 77499.<\/p>\n","protected":false},"excerpt":{"rendered":"<p>Descubra a beleza ao estilo parisiense! Bonjour Beaut\u00e9 \u00e9 um iluminador que faz a sua pele brilhar como a Torre Eiffel \u00e0 noite: subtil mas espetacular. Concebido para o rosto, o corpo e os cabelos, cria um efeito tridimensional e vistoso que d\u00e1 um toque de magia.<br \/>\nA sua f\u00f3rmula leve envolve a pele com um brilho luminoso, deixando-a com um aspeto saud\u00e1vel e radiante. A sua embalagem elegante, inspirada nos perfumes franceses, \u00e9 um verdadeiro tesouro para qualquer n\u00e9cessaire, enquanto a sua fragr\u00e2ncia de chocolate torna a aplica\u00e7\u00e3o um puro prazer.<br \/>\nDispon\u00edvel num tom universal de ouro champanhe, d\u00e1 um toque de estilo parisiense \u00e0 sua rotina de beleza &#8211; deixe a sua pele brilhar como as mais belas luzes da cidade do amor!<\/p>\n","protected":false},"featured_media":29013,"comment_status":"closed","ping_status":"closed","template":"","meta":[],"product_brand":[],"product_cat":[1798,1848],"product_tag":[1933,1850,1934],"class_list":{"0":"post-31357","1":"product","2":"type-product","3":"status-publish","4":"has-post-thumbnail","6":"product_cat-coloretes-iluminadores-bronceadores-rostro-pt-pt","7":"product_cat-moda-bonjour-beute-pt-pt","8":"product_tag-coloretes-iluminadores-bronceadores-pt-pt","9":"product_tag-moda-bonjour-beute-pt-pt","10":"product_tag-rostro-pt-pt","12":"first","13":"instock","14":"shipping-taxable","15":"purchasable","16":"product-type-simple"},"yoast_head":"<!-- This site is optimized with the Yoast SEO plugin v24.9 - https:\/\/yoast.com\/wordpress\/plugins\/seo\/ -->\n<title>Bonjour Beaut\u00e9 Illuminator powder - Lovely<\/title>\n<meta name=\"robots\" content=\"index, follow, max-snippet:-1, max-image-preview:large, max-video-preview:-1\" \/>\n<link rel=\"canonical\" href=\"https:\/\/lovelycosmetics.eu\/pt-pt\/producto\/lovely-bonjour-beaute-iluminador-en-polvo\/\" \/>\n<meta property=\"og:locale\" content=\"pt_PT\" \/>\n<meta property=\"og:type\" content=\"article\" \/>\n<meta property=\"og:title\" content=\"Bonjour Beaut\u00e9 Illuminator powder - Lovely\" \/>\n<meta property=\"og:description\" content=\"Descubra a beleza ao estilo parisiense! Bonjour Beaut\u00e9 \u00e9 um iluminador que faz a sua pele brilhar como a Torre Eiffel \u00e0 noite: subtil mas espetacular. Concebido para o rosto, o corpo e os cabelos, cria um efeito tridimensional e vistoso que d\u00e1 um toque de magia. A sua f\u00f3rmula leve envolve a pele com um brilho luminoso, deixando-a com um aspeto saud\u00e1vel e radiante. A sua embalagem elegante, inspirada nos perfumes franceses, \u00e9 um verdadeiro tesouro para qualquer n\u00e9cessaire, enquanto a sua fragr\u00e2ncia de chocolate torna a aplica\u00e7\u00e3o um puro prazer. Dispon\u00edvel num tom universal de ouro champanhe, d\u00e1 um toque de estilo parisiense \u00e0 sua rotina de beleza - deixe a sua pele brilhar como as mais belas luzes da cidade do amor!\" \/>\n<meta property=\"og:url\" content=\"https:\/\/lovelycosmetics.eu\/pt-pt\/producto\/lovely-bonjour-beaute-iluminador-en-polvo\/\" \/>\n<meta property=\"og:site_name\" content=\"Lovely\" \/>\n<meta property=\"article:modified_time\" content=\"2025-04-16T11:41:24+00:00\" \/>\n<meta property=\"og:image\" content=\"https:\/\/lovelycosmetics.eu\/wp-content\/uploads\/2025\/04\/5905309912991_1.jpg\" \/>\n\t<meta property=\"og:image:width\" content=\"800\" \/>\n\t<meta property=\"og:image:height\" content=\"800\" \/>\n\t<meta property=\"og:image:type\" content=\"image\/jpeg\" \/>\n<meta name=\"twitter:card\" content=\"summary_large_image\" \/>\n<meta name=\"twitter:label1\" content=\"Tempo estimado de leitura\" \/>\n\t<meta name=\"twitter:data1\" content=\"1 minuto\" \/>\n<script type=\"application\/ld+json\" class=\"yoast-schema-graph\">{\"@context\":\"https:\/\/schema.org\",\"@graph\":[{\"@type\":\"WebPage\",\"@id\":\"https:\/\/lovelycosmetics.eu\/pt-pt\/producto\/lovely-bonjour-beaute-iluminador-en-polvo\/\",\"url\":\"https:\/\/lovelycosmetics.eu\/pt-pt\/producto\/lovely-bonjour-beaute-iluminador-en-polvo\/\",\"name\":\"Bonjour Beaut\u00e9 Illuminator powder - Lovely\",\"isPartOf\":{\"@id\":\"https:\/\/lovelycosmetics.eu\/pt-pt\/#website\"},\"primaryImageOfPage\":{\"@id\":\"https:\/\/lovelycosmetics.eu\/pt-pt\/producto\/lovely-bonjour-beaute-iluminador-en-polvo\/#primaryimage\"},\"image\":{\"@id\":\"https:\/\/lovelycosmetics.eu\/pt-pt\/producto\/lovely-bonjour-beaute-iluminador-en-polvo\/#primaryimage\"},\"thumbnailUrl\":\"https:\/\/lovelycosmetics.eu\/wp-content\/uploads\/2025\/04\/5905309912991_1.jpg\",\"datePublished\":\"2025-04-15T06:51:18+00:00\",\"dateModified\":\"2025-04-16T11:41:24+00:00\",\"breadcrumb\":{\"@id\":\"https:\/\/lovelycosmetics.eu\/pt-pt\/producto\/lovely-bonjour-beaute-iluminador-en-polvo\/#breadcrumb\"},\"inLanguage\":\"pt-PT\",\"potentialAction\":[{\"@type\":\"ReadAction\",\"target\":[\"https:\/\/lovelycosmetics.eu\/pt-pt\/producto\/lovely-bonjour-beaute-iluminador-en-polvo\/\"]}]},{\"@type\":\"ImageObject\",\"inLanguage\":\"pt-PT\",\"@id\":\"https:\/\/lovelycosmetics.eu\/pt-pt\/producto\/lovely-bonjour-beaute-iluminador-en-polvo\/#primaryimage\",\"url\":\"https:\/\/lovelycosmetics.eu\/wp-content\/uploads\/2025\/04\/5905309912991_1.jpg\",\"contentUrl\":\"https:\/\/lovelycosmetics.eu\/wp-content\/uploads\/2025\/04\/5905309912991_1.jpg\",\"width\":800,\"height\":800},{\"@type\":\"BreadcrumbList\",\"@id\":\"https:\/\/lovelycosmetics.eu\/pt-pt\/producto\/lovely-bonjour-beaute-iluminador-en-polvo\/#breadcrumb\",\"itemListElement\":[{\"@type\":\"ListItem\",\"position\":1,\"name\":\"Portada\",\"item\":\"https:\/\/lovelycosmetics.eu\/pt-pt\/\"},{\"@type\":\"ListItem\",\"position\":2,\"name\":\"P\u00e1gina de inicio\",\"item\":\"https:\/\/lovelycosmetics.eu\/?page_id=16876\"},{\"@type\":\"ListItem\",\"position\":3,\"name\":\"Bonjour Beaut\u00e9 Illuminator powder\"}]},{\"@type\":\"WebSite\",\"@id\":\"https:\/\/lovelycosmetics.eu\/pt-pt\/#website\",\"url\":\"https:\/\/lovelycosmetics.eu\/pt-pt\/\",\"name\":\"Lovely\",\"description\":\"Lovely\",\"potentialAction\":[{\"@type\":\"SearchAction\",\"target\":{\"@type\":\"EntryPoint\",\"urlTemplate\":\"https:\/\/lovelycosmetics.eu\/pt-pt\/?s={search_term_string}\"},\"query-input\":{\"@type\":\"PropertyValueSpecification\",\"valueRequired\":true,\"valueName\":\"search_term_string\"}}],\"inLanguage\":\"pt-PT\"}]}<\/script>\n<!-- \/ Yoast SEO plugin. -->","yoast_head_json":{"title":"Bonjour Beaut\u00e9 Illuminator powder - Lovely","robots":{"index":"index","follow":"follow","max-snippet":"max-snippet:-1","max-image-preview":"max-image-preview:large","max-video-preview":"max-video-preview:-1"},"canonical":"https:\/\/lovelycosmetics.eu\/pt-pt\/producto\/lovely-bonjour-beaute-iluminador-en-polvo\/","og_locale":"pt_PT","og_type":"article","og_title":"Bonjour Beaut\u00e9 Illuminator powder - Lovely","og_description":"Descubra a beleza ao estilo parisiense! Bonjour Beaut\u00e9 \u00e9 um iluminador que faz a sua pele brilhar como a Torre Eiffel \u00e0 noite: subtil mas espetacular. Concebido para o rosto, o corpo e os cabelos, cria um efeito tridimensional e vistoso que d\u00e1 um toque de magia. A sua f\u00f3rmula leve envolve a pele com um brilho luminoso, deixando-a com um aspeto saud\u00e1vel e radiante. A sua embalagem elegante, inspirada nos perfumes franceses, \u00e9 um verdadeiro tesouro para qualquer n\u00e9cessaire, enquanto a sua fragr\u00e2ncia de chocolate torna a aplica\u00e7\u00e3o um puro prazer. Dispon\u00edvel num tom universal de ouro champanhe, d\u00e1 um toque de estilo parisiense \u00e0 sua rotina de beleza - deixe a sua pele brilhar como as mais belas luzes da cidade do amor!","og_url":"https:\/\/lovelycosmetics.eu\/pt-pt\/producto\/lovely-bonjour-beaute-iluminador-en-polvo\/","og_site_name":"Lovely","article_modified_time":"2025-04-16T11:41:24+00:00","og_image":[{"width":800,"height":800,"url":"https:\/\/lovelycosmetics.eu\/wp-content\/uploads\/2025\/04\/5905309912991_1.jpg","type":"image\/jpeg"}],"twitter_card":"summary_large_image","twitter_misc":{"Tempo estimado de leitura":"1 minuto"},"schema":{"@context":"https:\/\/schema.org","@graph":[{"@type":"WebPage","@id":"https:\/\/lovelycosmetics.eu\/pt-pt\/producto\/lovely-bonjour-beaute-iluminador-en-polvo\/","url":"https:\/\/lovelycosmetics.eu\/pt-pt\/producto\/lovely-bonjour-beaute-iluminador-en-polvo\/","name":"Bonjour Beaut\u00e9 Illuminator powder - Lovely","isPartOf":{"@id":"https:\/\/lovelycosmetics.eu\/pt-pt\/#website"},"primaryImageOfPage":{"@id":"https:\/\/lovelycosmetics.eu\/pt-pt\/producto\/lovely-bonjour-beaute-iluminador-en-polvo\/#primaryimage"},"image":{"@id":"https:\/\/lovelycosmetics.eu\/pt-pt\/producto\/lovely-bonjour-beaute-iluminador-en-polvo\/#primaryimage"},"thumbnailUrl":"https:\/\/lovelycosmetics.eu\/wp-content\/uploads\/2025\/04\/5905309912991_1.jpg","datePublished":"2025-04-15T06:51:18+00:00","dateModified":"2025-04-16T11:41:24+00:00","breadcrumb":{"@id":"https:\/\/lovelycosmetics.eu\/pt-pt\/producto\/lovely-bonjour-beaute-iluminador-en-polvo\/#breadcrumb"},"inLanguage":"pt-PT","potentialAction":[{"@type":"ReadAction","target":["https:\/\/lovelycosmetics.eu\/pt-pt\/producto\/lovely-bonjour-beaute-iluminador-en-polvo\/"]}]},{"@type":"ImageObject","inLanguage":"pt-PT","@id":"https:\/\/lovelycosmetics.eu\/pt-pt\/producto\/lovely-bonjour-beaute-iluminador-en-polvo\/#primaryimage","url":"https:\/\/lovelycosmetics.eu\/wp-content\/uploads\/2025\/04\/5905309912991_1.jpg","contentUrl":"https:\/\/lovelycosmetics.eu\/wp-content\/uploads\/2025\/04\/5905309912991_1.jpg","width":800,"height":800},{"@type":"BreadcrumbList","@id":"https:\/\/lovelycosmetics.eu\/pt-pt\/producto\/lovely-bonjour-beaute-iluminador-en-polvo\/#breadcrumb","itemListElement":[{"@type":"ListItem","position":1,"name":"Portada","item":"https:\/\/lovelycosmetics.eu\/pt-pt\/"},{"@type":"ListItem","position":2,"name":"P\u00e1gina de inicio","item":"https:\/\/lovelycosmetics.eu\/?page_id=16876"},{"@type":"ListItem","position":3,"name":"Bonjour Beaut\u00e9 Illuminator powder"}]},{"@type":"WebSite","@id":"https:\/\/lovelycosmetics.eu\/pt-pt\/#website","url":"https:\/\/lovelycosmetics.eu\/pt-pt\/","name":"Lovely","description":"Lovely","potentialAction":[{"@type":"SearchAction","target":{"@type":"EntryPoint","urlTemplate":"https:\/\/lovelycosmetics.eu\/pt-pt\/?s={search_term_string}"},"query-input":{"@type":"PropertyValueSpecification","valueRequired":true,"valueName":"search_term_string"}}],"inLanguage":"pt-PT"}]}},"_links":{"self":[{"href":"https:\/\/lovelycosmetics.eu\/pt-pt\/wp-json\/wp\/v2\/product\/31357","targetHints":{"allow":["GET"]}}],"collection":[{"href":"https:\/\/lovelycosmetics.eu\/pt-pt\/wp-json\/wp\/v2\/product"}],"about":[{"href":"https:\/\/lovelycosmetics.eu\/pt-pt\/wp-json\/wp\/v2\/types\/product"}],"replies":[{"embeddable":true,"href":"https:\/\/lovelycosmetics.eu\/pt-pt\/wp-json\/wp\/v2\/comments?post=31357"}],"wp:featuredmedia":[{"embeddable":true,"href":"https:\/\/lovelycosmetics.eu\/pt-pt\/wp-json\/wp\/v2\/media\/29013"}],"wp:attachment":[{"href":"https:\/\/lovelycosmetics.eu\/pt-pt\/wp-json\/wp\/v2\/media?parent=31357"}],"wp:term":[{"taxonomy":"product_brand","embeddable":true,"href":"https:\/\/lovelycosmetics.eu\/pt-pt\/wp-json\/wp\/v2\/product_brand?post=31357"},{"taxonomy":"product_cat","embeddable":true,"href":"https:\/\/lovelycosmetics.eu\/pt-pt\/wp-json\/wp\/v2\/product_cat?post=31357"},{"taxonomy":"product_tag","embeddable":true,"href":"https:\/\/lovelycosmetics.eu\/pt-pt\/wp-json\/wp\/v2\/product_tag?post=31357"}],"curies":[{"name":"wp","href":"https:\/\/api.w.org\/{rel}","templated":true}]}}