{"id":31359,"date":"2025-04-15T06:43:18","date_gmt":"2025-04-15T06:43:18","guid":{"rendered":"https:\/\/lovelycosmetics.eu\/producto\/lovely-mademoiselle-bronceador-iluminador\/"},"modified":"2025-04-16T11:35:50","modified_gmt":"2025-04-16T11:35:50","slug":"lovely-mademoiselle-bronceador-iluminador","status":"publish","type":"product","link":"https:\/\/lovelycosmetics.eu\/pt-pt\/producto\/lovely-mademoiselle-bronceador-iluminador\/","title":{"rendered":"Mademoiselle Bronceador iluminador"},"content":{"rendered":"<h4>Modo de utiliza\u00e7\u00e3o<\/h4>\n<p>Aplicar o p\u00f3 bronzeador nas zonas do rosto onde o sol incide mais: na linha do cabelo, nas ma\u00e7\u00e3s do rosto, no nariz e no queixo. Ap\u00f3s a aplica\u00e7\u00e3o, limpar o pincel e esbater bem o p\u00f3 para obter um efeito perfeito e para o esbater na pele.<\/p>\n<p>&nbsp;<\/p>\n<h4>Ingredientes<\/h4>\n<p>Dimethicone, Polymethylsilsesquioxane, Vinyl Dimethicone\/Methicone Silsesquioxane Crosspolymer, Synthetic Fluorphlogopite, Mica, Calcium Aluminum Borosilicate, Parfum, Dimethicone Crosspolymer, Caprylyl Glycol, Phenoxyethanol, Hexylene Glycol, Tin Oxide, Eugenol, Isoeugenol, CI 77891, CI 77491, CI 77492, CI 77499, CI 45410.<\/p>\n","protected":false},"excerpt":{"rendered":"<p>As mulheres parisienses adoram solu\u00e7\u00f5es multifuncionais que combinam simplicidade, efic\u00e1cia e eleg\u00e2ncia. Mademoiselle \u00e9 um iluminador 3 em 1 que responde a todas estas expectativas. Este produto \u00fanico funciona como bronzer, blush e iluminador de olhos, dando-lhe tudo o que precisa para real\u00e7ar a sua luminosidade natural.<br \/>\nA sua f\u00f3rmula aveludada com part\u00edculas de prata cintilantes esculpe o rosto, d\u00e1 um rubor saud\u00e1vel \u00e0s ma\u00e7\u00e3s do rosto e proporciona um brilho elegante \u00e0s p\u00e1lpebras.<br \/>\n\u00c9 o produto ideal para as mulheres que valorizam uma funcionalidade sem compromissos. Para um efeito ainda mais duradouro, finalizar a maquilhagem com um spray fixador.<\/p>\n","protected":false},"featured_media":31296,"comment_status":"closed","ping_status":"closed","template":"","meta":[],"product_brand":[],"product_cat":[1798,1848],"product_tag":[1933,1850,1934],"class_list":{"0":"post-31359","1":"product","2":"type-product","3":"status-publish","4":"has-post-thumbnail","6":"product_cat-coloretes-iluminadores-bronceadores-rostro-pt-pt","7":"product_cat-moda-bonjour-beute-pt-pt","8":"product_tag-coloretes-iluminadores-bronceadores-pt-pt","9":"product_tag-moda-bonjour-beute-pt-pt","10":"product_tag-rostro-pt-pt","12":"first","13":"instock","14":"shipping-taxable","15":"purchasable","16":"product-type-simple"},"yoast_head":"<!-- This site is optimized with the Yoast SEO plugin v24.9 - https:\/\/yoast.com\/wordpress\/plugins\/seo\/ -->\n<title>Mademoiselle Bronceador iluminador - Lovely<\/title>\n<meta name=\"robots\" content=\"index, follow, max-snippet:-1, max-image-preview:large, max-video-preview:-1\" \/>\n<link rel=\"canonical\" href=\"https:\/\/lovelycosmetics.eu\/pt-pt\/producto\/lovely-mademoiselle-bronceador-iluminador\/\" \/>\n<meta property=\"og:locale\" content=\"pt_PT\" \/>\n<meta property=\"og:type\" content=\"article\" \/>\n<meta property=\"og:title\" content=\"Mademoiselle Bronceador iluminador - Lovely\" \/>\n<meta property=\"og:description\" content=\"As mulheres parisienses adoram solu\u00e7\u00f5es multifuncionais que combinam simplicidade, efic\u00e1cia e eleg\u00e2ncia. Mademoiselle \u00e9 um iluminador 3 em 1 que responde a todas estas expectativas. Este produto \u00fanico funciona como bronzer, blush e iluminador de olhos, dando-lhe tudo o que precisa para real\u00e7ar a sua luminosidade natural. A sua f\u00f3rmula aveludada com part\u00edculas de prata cintilantes esculpe o rosto, d\u00e1 um rubor saud\u00e1vel \u00e0s ma\u00e7\u00e3s do rosto e proporciona um brilho elegante \u00e0s p\u00e1lpebras. \u00c9 o produto ideal para as mulheres que valorizam uma funcionalidade sem compromissos. Para um efeito ainda mais duradouro, finalizar a maquilhagem com um spray fixador.\" \/>\n<meta property=\"og:url\" content=\"https:\/\/lovelycosmetics.eu\/pt-pt\/producto\/lovely-mademoiselle-bronceador-iluminador\/\" \/>\n<meta property=\"og:site_name\" content=\"Lovely\" \/>\n<meta property=\"article:modified_time\" content=\"2025-04-16T11:35:50+00:00\" \/>\n<meta property=\"og:image\" content=\"https:\/\/lovelycosmetics.eu\/wp-content\/uploads\/2025\/04\/5905309913042_1-1.jpg\" \/>\n\t<meta property=\"og:image:width\" content=\"800\" \/>\n\t<meta property=\"og:image:height\" content=\"800\" \/>\n\t<meta property=\"og:image:type\" content=\"image\/jpeg\" \/>\n<meta name=\"twitter:card\" content=\"summary_large_image\" \/>\n<script type=\"application\/ld+json\" class=\"yoast-schema-graph\">{\"@context\":\"https:\/\/schema.org\",\"@graph\":[{\"@type\":\"WebPage\",\"@id\":\"https:\/\/lovelycosmetics.eu\/pt-pt\/producto\/lovely-mademoiselle-bronceador-iluminador\/\",\"url\":\"https:\/\/lovelycosmetics.eu\/pt-pt\/producto\/lovely-mademoiselle-bronceador-iluminador\/\",\"name\":\"Mademoiselle Bronceador iluminador - Lovely\",\"isPartOf\":{\"@id\":\"https:\/\/lovelycosmetics.eu\/pt-pt\/#website\"},\"primaryImageOfPage\":{\"@id\":\"https:\/\/lovelycosmetics.eu\/pt-pt\/producto\/lovely-mademoiselle-bronceador-iluminador\/#primaryimage\"},\"image\":{\"@id\":\"https:\/\/lovelycosmetics.eu\/pt-pt\/producto\/lovely-mademoiselle-bronceador-iluminador\/#primaryimage\"},\"thumbnailUrl\":\"https:\/\/lovelycosmetics.eu\/wp-content\/uploads\/2025\/04\/5905309913042_1-1.jpg\",\"datePublished\":\"2025-04-15T06:43:18+00:00\",\"dateModified\":\"2025-04-16T11:35:50+00:00\",\"breadcrumb\":{\"@id\":\"https:\/\/lovelycosmetics.eu\/pt-pt\/producto\/lovely-mademoiselle-bronceador-iluminador\/#breadcrumb\"},\"inLanguage\":\"pt-PT\",\"potentialAction\":[{\"@type\":\"ReadAction\",\"target\":[\"https:\/\/lovelycosmetics.eu\/pt-pt\/producto\/lovely-mademoiselle-bronceador-iluminador\/\"]}]},{\"@type\":\"ImageObject\",\"inLanguage\":\"pt-PT\",\"@id\":\"https:\/\/lovelycosmetics.eu\/pt-pt\/producto\/lovely-mademoiselle-bronceador-iluminador\/#primaryimage\",\"url\":\"https:\/\/lovelycosmetics.eu\/wp-content\/uploads\/2025\/04\/5905309913042_1-1.jpg\",\"contentUrl\":\"https:\/\/lovelycosmetics.eu\/wp-content\/uploads\/2025\/04\/5905309913042_1-1.jpg\",\"width\":800,\"height\":800,\"caption\":\"mademoilesse 3 in 1\"},{\"@type\":\"BreadcrumbList\",\"@id\":\"https:\/\/lovelycosmetics.eu\/pt-pt\/producto\/lovely-mademoiselle-bronceador-iluminador\/#breadcrumb\",\"itemListElement\":[{\"@type\":\"ListItem\",\"position\":1,\"name\":\"Portada\",\"item\":\"https:\/\/lovelycosmetics.eu\/pt-pt\/\"},{\"@type\":\"ListItem\",\"position\":2,\"name\":\"P\u00e1gina de inicio\",\"item\":\"https:\/\/lovelycosmetics.eu\/?page_id=16876\"},{\"@type\":\"ListItem\",\"position\":3,\"name\":\"Mademoiselle Bronceador iluminador\"}]},{\"@type\":\"WebSite\",\"@id\":\"https:\/\/lovelycosmetics.eu\/pt-pt\/#website\",\"url\":\"https:\/\/lovelycosmetics.eu\/pt-pt\/\",\"name\":\"Lovely\",\"description\":\"Lovely\",\"potentialAction\":[{\"@type\":\"SearchAction\",\"target\":{\"@type\":\"EntryPoint\",\"urlTemplate\":\"https:\/\/lovelycosmetics.eu\/pt-pt\/?s={search_term_string}\"},\"query-input\":{\"@type\":\"PropertyValueSpecification\",\"valueRequired\":true,\"valueName\":\"search_term_string\"}}],\"inLanguage\":\"pt-PT\"}]}<\/script>\n<!-- \/ Yoast SEO plugin. -->","yoast_head_json":{"title":"Mademoiselle Bronceador iluminador - Lovely","robots":{"index":"index","follow":"follow","max-snippet":"max-snippet:-1","max-image-preview":"max-image-preview:large","max-video-preview":"max-video-preview:-1"},"canonical":"https:\/\/lovelycosmetics.eu\/pt-pt\/producto\/lovely-mademoiselle-bronceador-iluminador\/","og_locale":"pt_PT","og_type":"article","og_title":"Mademoiselle Bronceador iluminador - Lovely","og_description":"As mulheres parisienses adoram solu\u00e7\u00f5es multifuncionais que combinam simplicidade, efic\u00e1cia e eleg\u00e2ncia. Mademoiselle \u00e9 um iluminador 3 em 1 que responde a todas estas expectativas. Este produto \u00fanico funciona como bronzer, blush e iluminador de olhos, dando-lhe tudo o que precisa para real\u00e7ar a sua luminosidade natural. A sua f\u00f3rmula aveludada com part\u00edculas de prata cintilantes esculpe o rosto, d\u00e1 um rubor saud\u00e1vel \u00e0s ma\u00e7\u00e3s do rosto e proporciona um brilho elegante \u00e0s p\u00e1lpebras. \u00c9 o produto ideal para as mulheres que valorizam uma funcionalidade sem compromissos. Para um efeito ainda mais duradouro, finalizar a maquilhagem com um spray fixador.","og_url":"https:\/\/lovelycosmetics.eu\/pt-pt\/producto\/lovely-mademoiselle-bronceador-iluminador\/","og_site_name":"Lovely","article_modified_time":"2025-04-16T11:35:50+00:00","og_image":[{"width":800,"height":800,"url":"https:\/\/lovelycosmetics.eu\/wp-content\/uploads\/2025\/04\/5905309913042_1-1.jpg","type":"image\/jpeg"}],"twitter_card":"summary_large_image","schema":{"@context":"https:\/\/schema.org","@graph":[{"@type":"WebPage","@id":"https:\/\/lovelycosmetics.eu\/pt-pt\/producto\/lovely-mademoiselle-bronceador-iluminador\/","url":"https:\/\/lovelycosmetics.eu\/pt-pt\/producto\/lovely-mademoiselle-bronceador-iluminador\/","name":"Mademoiselle Bronceador iluminador - Lovely","isPartOf":{"@id":"https:\/\/lovelycosmetics.eu\/pt-pt\/#website"},"primaryImageOfPage":{"@id":"https:\/\/lovelycosmetics.eu\/pt-pt\/producto\/lovely-mademoiselle-bronceador-iluminador\/#primaryimage"},"image":{"@id":"https:\/\/lovelycosmetics.eu\/pt-pt\/producto\/lovely-mademoiselle-bronceador-iluminador\/#primaryimage"},"thumbnailUrl":"https:\/\/lovelycosmetics.eu\/wp-content\/uploads\/2025\/04\/5905309913042_1-1.jpg","datePublished":"2025-04-15T06:43:18+00:00","dateModified":"2025-04-16T11:35:50+00:00","breadcrumb":{"@id":"https:\/\/lovelycosmetics.eu\/pt-pt\/producto\/lovely-mademoiselle-bronceador-iluminador\/#breadcrumb"},"inLanguage":"pt-PT","potentialAction":[{"@type":"ReadAction","target":["https:\/\/lovelycosmetics.eu\/pt-pt\/producto\/lovely-mademoiselle-bronceador-iluminador\/"]}]},{"@type":"ImageObject","inLanguage":"pt-PT","@id":"https:\/\/lovelycosmetics.eu\/pt-pt\/producto\/lovely-mademoiselle-bronceador-iluminador\/#primaryimage","url":"https:\/\/lovelycosmetics.eu\/wp-content\/uploads\/2025\/04\/5905309913042_1-1.jpg","contentUrl":"https:\/\/lovelycosmetics.eu\/wp-content\/uploads\/2025\/04\/5905309913042_1-1.jpg","width":800,"height":800,"caption":"mademoilesse 3 in 1"},{"@type":"BreadcrumbList","@id":"https:\/\/lovelycosmetics.eu\/pt-pt\/producto\/lovely-mademoiselle-bronceador-iluminador\/#breadcrumb","itemListElement":[{"@type":"ListItem","position":1,"name":"Portada","item":"https:\/\/lovelycosmetics.eu\/pt-pt\/"},{"@type":"ListItem","position":2,"name":"P\u00e1gina de inicio","item":"https:\/\/lovelycosmetics.eu\/?page_id=16876"},{"@type":"ListItem","position":3,"name":"Mademoiselle Bronceador iluminador"}]},{"@type":"WebSite","@id":"https:\/\/lovelycosmetics.eu\/pt-pt\/#website","url":"https:\/\/lovelycosmetics.eu\/pt-pt\/","name":"Lovely","description":"Lovely","potentialAction":[{"@type":"SearchAction","target":{"@type":"EntryPoint","urlTemplate":"https:\/\/lovelycosmetics.eu\/pt-pt\/?s={search_term_string}"},"query-input":{"@type":"PropertyValueSpecification","valueRequired":true,"valueName":"search_term_string"}}],"inLanguage":"pt-PT"}]}},"_links":{"self":[{"href":"https:\/\/lovelycosmetics.eu\/pt-pt\/wp-json\/wp\/v2\/product\/31359","targetHints":{"allow":["GET"]}}],"collection":[{"href":"https:\/\/lovelycosmetics.eu\/pt-pt\/wp-json\/wp\/v2\/product"}],"about":[{"href":"https:\/\/lovelycosmetics.eu\/pt-pt\/wp-json\/wp\/v2\/types\/product"}],"replies":[{"embeddable":true,"href":"https:\/\/lovelycosmetics.eu\/pt-pt\/wp-json\/wp\/v2\/comments?post=31359"}],"wp:featuredmedia":[{"embeddable":true,"href":"https:\/\/lovelycosmetics.eu\/pt-pt\/wp-json\/wp\/v2\/media\/31296"}],"wp:attachment":[{"href":"https:\/\/lovelycosmetics.eu\/pt-pt\/wp-json\/wp\/v2\/media?parent=31359"}],"wp:term":[{"taxonomy":"product_brand","embeddable":true,"href":"https:\/\/lovelycosmetics.eu\/pt-pt\/wp-json\/wp\/v2\/product_brand?post=31359"},{"taxonomy":"product_cat","embeddable":true,"href":"https:\/\/lovelycosmetics.eu\/pt-pt\/wp-json\/wp\/v2\/product_cat?post=31359"},{"taxonomy":"product_tag","embeddable":true,"href":"https:\/\/lovelycosmetics.eu\/pt-pt\/wp-json\/wp\/v2\/product_tag?post=31359"}],"curies":[{"name":"wp","href":"https:\/\/api.w.org\/{rel}","templated":true}]}}