{"id":31361,"date":"2025-04-14T13:47:42","date_gmt":"2025-04-14T13:47:42","guid":{"rendered":"https:\/\/lovelycosmetics.eu\/producto\/lovely-papillon-eyeliner-con-sello\/"},"modified":"2025-04-16T11:41:33","modified_gmt":"2025-04-16T11:41:33","slug":"lovely-papillon-eyeliner-con-sello","status":"publish","type":"product","link":"https:\/\/lovelycosmetics.eu\/pt-pt\/producto\/lovely-papillon-eyeliner-con-sello\/","title":{"rendered":"Papillon Eyeliner with stamp"},"content":{"rendered":"<h4>Modo de utiliza\u00e7\u00e3o<\/h4>\n<p>Primeiro, marcar o canto do olho com o carimbo em forma de asa, depois delinear o olho com a ponta fina e unir o canto do olho com o eyeliner.<\/p>\n<h4>Ingredientes<\/h4>\n<p>Aqua, Acrylates Copolymer, Propylene Glycol, Phenoxyethanol, Styrene\/ Acrylates Copolymer, Ethylhexylglycerin, Caprylyl Glycol, CI 77266 (nano).<\/p>\n","protected":false},"excerpt":{"rendered":"<p>Desenhar um olho de gato nunca foi t\u00e3o f\u00e1cil! Papillon \u00e9 um eyeliner de dupla extremidade concebido para aqueles que adoram linhas n\u00edtidas mas t\u00eam dificuldade em aperfei\u00e7o\u00e1-las. O seu aplicador cl\u00e1ssico e f\u00e1cil de utilizar torna a maquilhagem simples e agrad\u00e1vel, mesmo para as principiantes. O carimbo em forma de asa, por outro lado, permite-lhe criar um tra\u00e7o perfeito em segundos, sem retoques nem stress. A sua f\u00f3rmula de longa dura\u00e7\u00e3o e a sua cor preta profunda mant\u00eam-se intactas durante todo o dia. Papillon \u00e9 o seu aliado para um olhar r\u00e1pido e dram\u00e1tico que \u00e9 sempre um vencedor.<\/p>\n","protected":false},"featured_media":29058,"comment_status":"closed","ping_status":"closed","template":"","meta":[],"product_brand":[],"product_cat":[1182,1848],"product_tag":[1849,1850,1851],"class_list":{"0":"post-31361","1":"product","2":"type-product","3":"status-publish","4":"has-post-thumbnail","6":"product_cat-deliniador","7":"product_cat-moda-bonjour-beute-pt-pt","8":"product_tag-eyeliners-y-lapices-de-ojos-pt-pt","9":"product_tag-moda-bonjour-beute-pt-pt","10":"product_tag-ojos-pt-pt","12":"first","13":"instock","14":"shipping-taxable","15":"purchasable","16":"product-type-simple"},"yoast_head":"<!-- This site is optimized with the Yoast SEO plugin v24.9 - https:\/\/yoast.com\/wordpress\/plugins\/seo\/ -->\n<title>Papillon Eyeliner with stamp - Lovely<\/title>\n<meta name=\"robots\" content=\"index, follow, max-snippet:-1, max-image-preview:large, max-video-preview:-1\" \/>\n<link rel=\"canonical\" href=\"https:\/\/lovelycosmetics.eu\/pt-pt\/producto\/lovely-papillon-eyeliner-con-sello\/\" \/>\n<meta property=\"og:locale\" content=\"pt_PT\" \/>\n<meta property=\"og:type\" content=\"article\" \/>\n<meta property=\"og:title\" content=\"Papillon Eyeliner with stamp - Lovely\" \/>\n<meta property=\"og:description\" content=\"Desenhar um olho de gato nunca foi t\u00e3o f\u00e1cil! Papillon \u00e9 um eyeliner de dupla extremidade concebido para aqueles que adoram linhas n\u00edtidas mas t\u00eam dificuldade em aperfei\u00e7o\u00e1-las. O seu aplicador cl\u00e1ssico e f\u00e1cil de utilizar torna a maquilhagem simples e agrad\u00e1vel, mesmo para as principiantes. O carimbo em forma de asa, por outro lado, permite-lhe criar um tra\u00e7o perfeito em segundos, sem retoques nem stress. A sua f\u00f3rmula de longa dura\u00e7\u00e3o e a sua cor preta profunda mant\u00eam-se intactas durante todo o dia. Papillon \u00e9 o seu aliado para um olhar r\u00e1pido e dram\u00e1tico que \u00e9 sempre um vencedor.\" \/>\n<meta property=\"og:url\" content=\"https:\/\/lovelycosmetics.eu\/pt-pt\/producto\/lovely-papillon-eyeliner-con-sello\/\" \/>\n<meta property=\"og:site_name\" content=\"Lovely\" \/>\n<meta property=\"article:modified_time\" content=\"2025-04-16T11:41:33+00:00\" \/>\n<meta property=\"og:image\" content=\"https:\/\/lovelycosmetics.eu\/wp-content\/uploads\/2025\/04\/5905309913066_1.jpg\" \/>\n\t<meta property=\"og:image:width\" content=\"800\" \/>\n\t<meta property=\"og:image:height\" content=\"800\" \/>\n\t<meta property=\"og:image:type\" content=\"image\/jpeg\" \/>\n<meta name=\"twitter:card\" content=\"summary_large_image\" \/>\n<script type=\"application\/ld+json\" class=\"yoast-schema-graph\">{\"@context\":\"https:\/\/schema.org\",\"@graph\":[{\"@type\":\"WebPage\",\"@id\":\"https:\/\/lovelycosmetics.eu\/pt-pt\/producto\/lovely-papillon-eyeliner-con-sello\/\",\"url\":\"https:\/\/lovelycosmetics.eu\/pt-pt\/producto\/lovely-papillon-eyeliner-con-sello\/\",\"name\":\"Papillon Eyeliner with stamp - Lovely\",\"isPartOf\":{\"@id\":\"https:\/\/lovelycosmetics.eu\/pt-pt\/#website\"},\"primaryImageOfPage\":{\"@id\":\"https:\/\/lovelycosmetics.eu\/pt-pt\/producto\/lovely-papillon-eyeliner-con-sello\/#primaryimage\"},\"image\":{\"@id\":\"https:\/\/lovelycosmetics.eu\/pt-pt\/producto\/lovely-papillon-eyeliner-con-sello\/#primaryimage\"},\"thumbnailUrl\":\"https:\/\/lovelycosmetics.eu\/wp-content\/uploads\/2025\/04\/5905309913066_1.jpg\",\"datePublished\":\"2025-04-14T13:47:42+00:00\",\"dateModified\":\"2025-04-16T11:41:33+00:00\",\"breadcrumb\":{\"@id\":\"https:\/\/lovelycosmetics.eu\/pt-pt\/producto\/lovely-papillon-eyeliner-con-sello\/#breadcrumb\"},\"inLanguage\":\"pt-PT\",\"potentialAction\":[{\"@type\":\"ReadAction\",\"target\":[\"https:\/\/lovelycosmetics.eu\/pt-pt\/producto\/lovely-papillon-eyeliner-con-sello\/\"]}]},{\"@type\":\"ImageObject\",\"inLanguage\":\"pt-PT\",\"@id\":\"https:\/\/lovelycosmetics.eu\/pt-pt\/producto\/lovely-papillon-eyeliner-con-sello\/#primaryimage\",\"url\":\"https:\/\/lovelycosmetics.eu\/wp-content\/uploads\/2025\/04\/5905309913066_1.jpg\",\"contentUrl\":\"https:\/\/lovelycosmetics.eu\/wp-content\/uploads\/2025\/04\/5905309913066_1.jpg\",\"width\":800,\"height\":800},{\"@type\":\"BreadcrumbList\",\"@id\":\"https:\/\/lovelycosmetics.eu\/pt-pt\/producto\/lovely-papillon-eyeliner-con-sello\/#breadcrumb\",\"itemListElement\":[{\"@type\":\"ListItem\",\"position\":1,\"name\":\"Portada\",\"item\":\"https:\/\/lovelycosmetics.eu\/pt-pt\/\"},{\"@type\":\"ListItem\",\"position\":2,\"name\":\"P\u00e1gina de inicio\",\"item\":\"https:\/\/lovelycosmetics.eu\/?page_id=16876\"},{\"@type\":\"ListItem\",\"position\":3,\"name\":\"Papillon Eyeliner with stamp\"}]},{\"@type\":\"WebSite\",\"@id\":\"https:\/\/lovelycosmetics.eu\/pt-pt\/#website\",\"url\":\"https:\/\/lovelycosmetics.eu\/pt-pt\/\",\"name\":\"Lovely\",\"description\":\"Lovely\",\"potentialAction\":[{\"@type\":\"SearchAction\",\"target\":{\"@type\":\"EntryPoint\",\"urlTemplate\":\"https:\/\/lovelycosmetics.eu\/pt-pt\/?s={search_term_string}\"},\"query-input\":{\"@type\":\"PropertyValueSpecification\",\"valueRequired\":true,\"valueName\":\"search_term_string\"}}],\"inLanguage\":\"pt-PT\"}]}<\/script>\n<!-- \/ Yoast SEO plugin. -->","yoast_head_json":{"title":"Papillon Eyeliner with stamp - Lovely","robots":{"index":"index","follow":"follow","max-snippet":"max-snippet:-1","max-image-preview":"max-image-preview:large","max-video-preview":"max-video-preview:-1"},"canonical":"https:\/\/lovelycosmetics.eu\/pt-pt\/producto\/lovely-papillon-eyeliner-con-sello\/","og_locale":"pt_PT","og_type":"article","og_title":"Papillon Eyeliner with stamp - Lovely","og_description":"Desenhar um olho de gato nunca foi t\u00e3o f\u00e1cil! Papillon \u00e9 um eyeliner de dupla extremidade concebido para aqueles que adoram linhas n\u00edtidas mas t\u00eam dificuldade em aperfei\u00e7o\u00e1-las. O seu aplicador cl\u00e1ssico e f\u00e1cil de utilizar torna a maquilhagem simples e agrad\u00e1vel, mesmo para as principiantes. O carimbo em forma de asa, por outro lado, permite-lhe criar um tra\u00e7o perfeito em segundos, sem retoques nem stress. A sua f\u00f3rmula de longa dura\u00e7\u00e3o e a sua cor preta profunda mant\u00eam-se intactas durante todo o dia. Papillon \u00e9 o seu aliado para um olhar r\u00e1pido e dram\u00e1tico que \u00e9 sempre um vencedor.","og_url":"https:\/\/lovelycosmetics.eu\/pt-pt\/producto\/lovely-papillon-eyeliner-con-sello\/","og_site_name":"Lovely","article_modified_time":"2025-04-16T11:41:33+00:00","og_image":[{"width":800,"height":800,"url":"https:\/\/lovelycosmetics.eu\/wp-content\/uploads\/2025\/04\/5905309913066_1.jpg","type":"image\/jpeg"}],"twitter_card":"summary_large_image","schema":{"@context":"https:\/\/schema.org","@graph":[{"@type":"WebPage","@id":"https:\/\/lovelycosmetics.eu\/pt-pt\/producto\/lovely-papillon-eyeliner-con-sello\/","url":"https:\/\/lovelycosmetics.eu\/pt-pt\/producto\/lovely-papillon-eyeliner-con-sello\/","name":"Papillon Eyeliner with stamp - Lovely","isPartOf":{"@id":"https:\/\/lovelycosmetics.eu\/pt-pt\/#website"},"primaryImageOfPage":{"@id":"https:\/\/lovelycosmetics.eu\/pt-pt\/producto\/lovely-papillon-eyeliner-con-sello\/#primaryimage"},"image":{"@id":"https:\/\/lovelycosmetics.eu\/pt-pt\/producto\/lovely-papillon-eyeliner-con-sello\/#primaryimage"},"thumbnailUrl":"https:\/\/lovelycosmetics.eu\/wp-content\/uploads\/2025\/04\/5905309913066_1.jpg","datePublished":"2025-04-14T13:47:42+00:00","dateModified":"2025-04-16T11:41:33+00:00","breadcrumb":{"@id":"https:\/\/lovelycosmetics.eu\/pt-pt\/producto\/lovely-papillon-eyeliner-con-sello\/#breadcrumb"},"inLanguage":"pt-PT","potentialAction":[{"@type":"ReadAction","target":["https:\/\/lovelycosmetics.eu\/pt-pt\/producto\/lovely-papillon-eyeliner-con-sello\/"]}]},{"@type":"ImageObject","inLanguage":"pt-PT","@id":"https:\/\/lovelycosmetics.eu\/pt-pt\/producto\/lovely-papillon-eyeliner-con-sello\/#primaryimage","url":"https:\/\/lovelycosmetics.eu\/wp-content\/uploads\/2025\/04\/5905309913066_1.jpg","contentUrl":"https:\/\/lovelycosmetics.eu\/wp-content\/uploads\/2025\/04\/5905309913066_1.jpg","width":800,"height":800},{"@type":"BreadcrumbList","@id":"https:\/\/lovelycosmetics.eu\/pt-pt\/producto\/lovely-papillon-eyeliner-con-sello\/#breadcrumb","itemListElement":[{"@type":"ListItem","position":1,"name":"Portada","item":"https:\/\/lovelycosmetics.eu\/pt-pt\/"},{"@type":"ListItem","position":2,"name":"P\u00e1gina de inicio","item":"https:\/\/lovelycosmetics.eu\/?page_id=16876"},{"@type":"ListItem","position":3,"name":"Papillon Eyeliner with stamp"}]},{"@type":"WebSite","@id":"https:\/\/lovelycosmetics.eu\/pt-pt\/#website","url":"https:\/\/lovelycosmetics.eu\/pt-pt\/","name":"Lovely","description":"Lovely","potentialAction":[{"@type":"SearchAction","target":{"@type":"EntryPoint","urlTemplate":"https:\/\/lovelycosmetics.eu\/pt-pt\/?s={search_term_string}"},"query-input":{"@type":"PropertyValueSpecification","valueRequired":true,"valueName":"search_term_string"}}],"inLanguage":"pt-PT"}]}},"_links":{"self":[{"href":"https:\/\/lovelycosmetics.eu\/pt-pt\/wp-json\/wp\/v2\/product\/31361","targetHints":{"allow":["GET"]}}],"collection":[{"href":"https:\/\/lovelycosmetics.eu\/pt-pt\/wp-json\/wp\/v2\/product"}],"about":[{"href":"https:\/\/lovelycosmetics.eu\/pt-pt\/wp-json\/wp\/v2\/types\/product"}],"replies":[{"embeddable":true,"href":"https:\/\/lovelycosmetics.eu\/pt-pt\/wp-json\/wp\/v2\/comments?post=31361"}],"wp:featuredmedia":[{"embeddable":true,"href":"https:\/\/lovelycosmetics.eu\/pt-pt\/wp-json\/wp\/v2\/media\/29058"}],"wp:attachment":[{"href":"https:\/\/lovelycosmetics.eu\/pt-pt\/wp-json\/wp\/v2\/media?parent=31361"}],"wp:term":[{"taxonomy":"product_brand","embeddable":true,"href":"https:\/\/lovelycosmetics.eu\/pt-pt\/wp-json\/wp\/v2\/product_brand?post=31361"},{"taxonomy":"product_cat","embeddable":true,"href":"https:\/\/lovelycosmetics.eu\/pt-pt\/wp-json\/wp\/v2\/product_cat?post=31361"},{"taxonomy":"product_tag","embeddable":true,"href":"https:\/\/lovelycosmetics.eu\/pt-pt\/wp-json\/wp\/v2\/product_tag?post=31361"}],"curies":[{"name":"wp","href":"https:\/\/api.w.org\/{rel}","templated":true}]}}